{"id":985,"date":"2017-04-06T17:13:15","date_gmt":"2017-04-06T15:13:15","guid":{"rendered":"http:\/\/gal.larindev.com\/?page_id=985"},"modified":"2017-04-26T15:38:04","modified_gmt":"2017-04-26T13:38:04","slug":"innovazione-qualita-lo-sviluppo-locale-ruolo-dei-progetti-chiave","status":"publish","type":"page","link":"https:\/\/www.galprealpidolomiti.it\/old\/innovazione-qualita-lo-sviluppo-locale-ruolo-dei-progetti-chiave\/","title":{"rendered":"Innovazione e qualit\u00e0 per lo sviluppo locale: il ruolo dei progetti chiave"},"content":{"rendered":"\t\t<div data-elementor-type=\"wp-post\" data-elementor-id=\"985\" class=\"elementor elementor-985 elementor-bc-flex-widget\" data-elementor-post-type=\"page\">\n\t\t\t\t\t\t<section class=\"elementor-section elementor-top-section elementor-element elementor-element-fazzodc elementor-section-boxed elementor-section-height-default elementor-section-height-default\" data-id=\"fazzodc\" data-element_type=\"section\" data-settings=\"{&quot;jet_parallax_layout_list&quot;:[]}\">\n\t\t\t\t\t\t<div class=\"elementor-container elementor-column-gap-default\">\n\t\t\t\t\t<div class=\"elementor-column elementor-col-100 elementor-top-column elementor-element elementor-element-omtkjyj\" data-id=\"omtkjyj\" data-element_type=\"column\">\n\t\t\t<div class=\"elementor-widget-wrap elementor-element-populated\">\n\t\t\t\t\t\t<div class=\"elementor-element elementor-element-rpqkadx elementor-widget elementor-widget-text-editor\" data-id=\"rpqkadx\" data-element_type=\"widget\" data-widget_type=\"text-editor.default\">\n\t\t\t\t<div class=\"elementor-widget-container\">\n\t\t\t\t\t\t\t<p>La <strong>qualit\u00e0 progettuale<\/strong> \u00e8 un fattore fondamentale per il raggiungimento del successo dei Progetti Chiave. Tali strumenti che costituiscono una vera novit\u00e0 per lo sviluppo locale, concentrano numerose innovazioni di processo e di prodotto. Il <strong>primo modulo<\/strong> di formazione proposto dal GAL Prealpi Dolomiti ha cercato di spiegare le potenzialit\u00e0 dello strumento mettendolo in relazione con la strategia multifondo riassunto nel Piano di Sviluppo Locale.<img fetchpriority=\"high\" decoding=\"async\" class=\"aligncenter size-full wp-image-811\" src=\"https:\/\/galprealpidolomiti.it\/wp-content\/uploads\/2017\/03\/mappa-montagne.png\" alt=\"\" width=\"619\" height=\"438\" srcset=\"https:\/\/www.galprealpidolomiti.it\/old\/wp-content\/uploads\/2017\/03\/mappa-montagne.png 619w, https:\/\/www.galprealpidolomiti.it\/old\/wp-content\/uploads\/2017\/03\/mappa-montagne-300x212.png 300w\" sizes=\"(max-width: 619px) 100vw, 619px\" \/>Considerata la grande attenzione riscontrata nel territorio il corso si \u00e8 svolto in 2 edizioni, tra luglio ed ottobre del 2016, coinvolgendo <strong>60 operatori, <\/strong>in particolar modo del settore turistico.<\/p><p>I quattro appuntamenti del primo modulo, alternando lezioni, laboratori, momenti di confronto fra operatori ed una visita didattica in Valsugana, hanno perseguito i seguenti <strong>obiettivi<\/strong>:<\/p><ul><li>spiegare le novit\u00e0 introdotte dai progetti chiave;<\/li><li>presentare il quadro completo di principi, piani e azioni che sostengono la strategia di sviluppo locale per il territorio del GAL;<\/li><li>approfondire il tema dell\u2019innovazione, anche sociale, per lo sviluppo locale;<\/li><li>legare il tema del turismo sostenibile a quello dello sviluppo locale;<\/li><li>dare concretezza al tema del turismo ponendo le basi dei concetti di: organizzazione turistica (governance della destinazione), progettazione e gestione del prodotto turistico (destination management), comunicazione, promozione e commercializzazione del prodotto turistico (destination marketing);<\/li><li>curare gli aspetti qualitativi del ciclo di vita di un progetto chiave.<\/li><\/ul>\t\t\t\t\t\t<\/div>\n\t\t\t\t<\/div>\n\t\t\t\t\t<\/div>\n\t\t<\/div>\n\t\t\t\t\t<\/div>\n\t\t<\/section>\n\t\t\t\t<section class=\"elementor-section elementor-top-section elementor-element elementor-element-w6mfn1p elementor-section-boxed elementor-section-height-default elementor-section-height-default\" data-id=\"w6mfn1p\" data-element_type=\"section\" data-settings=\"{&quot;jet_parallax_layout_list&quot;:[]}\">\n\t\t\t\t\t\t<div class=\"elementor-container elementor-column-gap-default\">\n\t\t\t\t\t<div class=\"elementor-column elementor-col-100 elementor-top-column elementor-element elementor-element-p5dm408\" data-id=\"p5dm408\" data-element_type=\"column\">\n\t\t\t<div class=\"elementor-widget-wrap elementor-element-populated\">\n\t\t\t\t\t\t<div class=\"elementor-element elementor-element-8gaa80a elementor-widget elementor-widget-image-gallery\" data-id=\"8gaa80a\" data-element_type=\"widget\" data-widget_type=\"image-gallery.default\">\n\t\t\t\t<div class=\"elementor-widget-container\">\n\t\t\t\t\t<div class=\"elementor-image-gallery\">\n\t\t\t<div id=\"6a0080eca875c\" class=\"gg_gallery_wrap gg_true_gallery gg_standard_gallery gid_985 gg_hidden_ol gg_ol_bottom_mode gg_main_ol_show_on_h \" data-gg_ol=\"\"  data-ggom_fx=\"\" data-ggom_timing=\"300\" rel=\"985\" data-nores-txt=\"Nessuna immagine trovata\">      <div class=\"gg_loader\">  <div class=\"ggl_1\"><\/div>  <div class=\"ggl_2\"><\/div>  <div class=\"ggl_3\"><\/div>  <div class=\"ggl_4\"><\/div><\/div>  <div class=\"gg_container\"><div class=\"gg_img \" data-gg-url=\"https:\/\/www.galprealpidolomiti.it\/old\/wp-content\/uploads\/2017\/04\/3.jpg\" data-gg-title=\"3\" data-gg-author=\"\" data-gg-descr=\"\" data-img-id=\"0\" rel=\"985\">  <div class=\"gg_img_inner\"><div class=\"gg_main_img_wrap\"><img decoding=\"async\" src=\"\" data-gg-lazy-src=\"\/\/www.galprealpidolomiti.it\/old\/wp-content\/uploads\/ewpt_cache\/275x210_100_1_c_FFFFFF_a3cc7cb5d0f64bacd358e905e602b8c8.jpg\" alt=\"3\" class=\"gg_photo gg_main_thumb\" \/><noscript><img decoding=\"async\" src=\"https:\/\/www.galprealpidolomiti.it\/old\/wp-content\/uploads\/2017\/04\/3.jpg\" alt=\"3\" \/><\/noscript><\/div><div class=\"gg_overlays\"><\/div><\/div><\/div><div class=\"gg_img \" data-gg-url=\"https:\/\/www.galprealpidolomiti.it\/old\/wp-content\/uploads\/2017\/04\/1-1.jpg\" data-gg-title=\"1\" data-gg-author=\"\" data-gg-descr=\"\" data-img-id=\"1\" rel=\"985\">  <div class=\"gg_img_inner\"><div class=\"gg_main_img_wrap\"><img decoding=\"async\" src=\"\" data-gg-lazy-src=\"\/\/www.galprealpidolomiti.it\/old\/wp-content\/uploads\/ewpt_cache\/275x210_100_1_c_FFFFFF_4cdba79474b675c58160ad5b77c1f863.jpg\" alt=\"1\" class=\"gg_photo gg_main_thumb\" \/><noscript><img decoding=\"async\" src=\"https:\/\/www.galprealpidolomiti.it\/old\/wp-content\/uploads\/2017\/04\/1-1.jpg\" alt=\"1\" \/><\/noscript><\/div><div class=\"gg_overlays\"><\/div><\/div><\/div><div class=\"gg_img \" data-gg-url=\"https:\/\/www.galprealpidolomiti.it\/old\/wp-content\/uploads\/2017\/04\/9.jpg\" data-gg-title=\"9\" data-gg-author=\"\" data-gg-descr=\"\" data-img-id=\"2\" rel=\"985\">  <div class=\"gg_img_inner\"><div class=\"gg_main_img_wrap\"><img decoding=\"async\" src=\"\" data-gg-lazy-src=\"\/\/www.galprealpidolomiti.it\/old\/wp-content\/uploads\/ewpt_cache\/275x210_100_1_c_FFFFFF_8ed3da2fdc4744446acca7be6b4b2ba9.jpg\" alt=\"9\" class=\"gg_photo gg_main_thumb\" \/><noscript><img decoding=\"async\" src=\"https:\/\/www.galprealpidolomiti.it\/old\/wp-content\/uploads\/2017\/04\/9.jpg\" alt=\"9\" \/><\/noscript><\/div><div class=\"gg_overlays\"><\/div><\/div><\/div><div class=\"gg_img \" data-gg-url=\"https:\/\/www.galprealpidolomiti.it\/old\/wp-content\/uploads\/2017\/04\/7.jpg\" data-gg-title=\"7\" data-gg-author=\"\" data-gg-descr=\"\" data-img-id=\"3\" rel=\"985\">  <div class=\"gg_img_inner\"><div class=\"gg_main_img_wrap\"><img decoding=\"async\" src=\"\" data-gg-lazy-src=\"\/\/www.galprealpidolomiti.it\/old\/wp-content\/uploads\/ewpt_cache\/275x210_100_1_c_FFFFFF_bbe6958e6dbec85200176092a7d23b9a.jpg\" alt=\"7\" class=\"gg_photo gg_main_thumb\" \/><noscript><img decoding=\"async\" src=\"https:\/\/www.galprealpidolomiti.it\/old\/wp-content\/uploads\/2017\/04\/7.jpg\" alt=\"7\" \/><\/noscript><\/div><div class=\"gg_overlays\"><\/div><\/div><\/div><div class=\"gg_img \" data-gg-url=\"https:\/\/www.galprealpidolomiti.it\/old\/wp-content\/uploads\/2017\/04\/5.jpg\" data-gg-title=\"5\" data-gg-author=\"\" data-gg-descr=\"\" data-img-id=\"4\" rel=\"985\">  <div class=\"gg_img_inner\"><div class=\"gg_main_img_wrap\"><img decoding=\"async\" src=\"\" data-gg-lazy-src=\"\/\/www.galprealpidolomiti.it\/old\/wp-content\/uploads\/ewpt_cache\/275x210_100_1_c_FFFFFF_e82bb166716a94b8bae2c5de41c3df86.jpg\" alt=\"5\" class=\"gg_photo gg_main_thumb\" \/><noscript><img decoding=\"async\" src=\"https:\/\/www.galprealpidolomiti.it\/old\/wp-content\/uploads\/2017\/04\/5.jpg\" alt=\"5\" \/><\/noscript><\/div><div class=\"gg_overlays\"><\/div><\/div><\/div><div class=\"gg_img \" data-gg-url=\"https:\/\/www.galprealpidolomiti.it\/old\/wp-content\/uploads\/2017\/04\/8.jpg\" data-gg-title=\"8\" data-gg-author=\"\" data-gg-descr=\"\" data-img-id=\"5\" rel=\"985\">  <div class=\"gg_img_inner\"><div class=\"gg_main_img_wrap\"><img decoding=\"async\" src=\"\" data-gg-lazy-src=\"\/\/www.galprealpidolomiti.it\/old\/wp-content\/uploads\/ewpt_cache\/275x210_100_1_c_FFFFFF_d7a5c060a105c39e2df782395cfcc766.jpg\" alt=\"8\" class=\"gg_photo gg_main_thumb\" \/><noscript><img decoding=\"async\" src=\"https:\/\/www.galprealpidolomiti.it\/old\/wp-content\/uploads\/2017\/04\/8.jpg\" alt=\"8\" \/><\/noscript><\/div><div class=\"gg_overlays\"><\/div><\/div><\/div><div class=\"gg_img \" data-gg-url=\"https:\/\/www.galprealpidolomiti.it\/old\/wp-content\/uploads\/2017\/04\/4.jpg\" data-gg-title=\"4\" data-gg-author=\"\" data-gg-descr=\"\" data-img-id=\"6\" rel=\"985\">  <div class=\"gg_img_inner\"><div class=\"gg_main_img_wrap\"><img decoding=\"async\" src=\"\" data-gg-lazy-src=\"\/\/www.galprealpidolomiti.it\/old\/wp-content\/uploads\/ewpt_cache\/275x210_100_1_c_FFFFFF_13dd3edabd03d773d3e175401cc427eb.jpg\" alt=\"4\" class=\"gg_photo gg_main_thumb\" \/><noscript><img decoding=\"async\" src=\"https:\/\/www.galprealpidolomiti.it\/old\/wp-content\/uploads\/2017\/04\/4.jpg\" alt=\"4\" \/><\/noscript><\/div><div class=\"gg_overlays\"><\/div><\/div><\/div><div class=\"gg_img \" data-gg-url=\"https:\/\/www.galprealpidolomiti.it\/old\/wp-content\/uploads\/2017\/04\/1.jpg\" data-gg-title=\"1\" data-gg-author=\"\" data-gg-descr=\"\" data-img-id=\"7\" rel=\"985\">  <div class=\"gg_img_inner\"><div class=\"gg_main_img_wrap\"><img decoding=\"async\" src=\"\" data-gg-lazy-src=\"\/\/www.galprealpidolomiti.it\/old\/wp-content\/uploads\/ewpt_cache\/275x210_100_1_c_FFFFFF_70e37ab58e03437002735475af063793.jpg\" alt=\"1\" class=\"gg_photo gg_main_thumb\" \/><noscript><img decoding=\"async\" src=\"https:\/\/www.galprealpidolomiti.it\/old\/wp-content\/uploads\/2017\/04\/1.jpg\" alt=\"1\" \/><\/noscript><\/div><div class=\"gg_overlays\"><\/div><\/div><\/div><\/div><div style=\"clear: both;\"><\/div><\/div><script type=\"text\/javascript\"> jQuery(document).ready(function($) { if(typeof(gg_galleries_init) == \"function\") {gg_galleries_init(\"6a0080eca875c\"); }});<\/script>\t\t<\/div>\n\t\t\t\t<\/div>\n\t\t\t\t<\/div>\n\t\t\t\t\t<\/div>\n\t\t<\/div>\n\t\t\t\t\t<\/div>\n\t\t<\/section>\n\t\t\t\t<\/div>\n\t\t","protected":false},"excerpt":{"rendered":"<p>La qualit\u00e0 progettuale \u00e8 un fattore fondamentale per il raggiungimento del successo dei Progetti Chiave. Tali strumenti che costituiscono una vera novit\u00e0 per lo sviluppo locale, concentrano numerose innovazioni di processo e di prodotto. Il primo modulo di formazione proposto dal GAL Prealpi Dolomiti ha cercato di spiegare le potenzialit\u00e0 dello strumento mettendolo in relazione[&#8230;..]<\/p>\n","protected":false},"author":1,"featured_media":0,"parent":0,"menu_order":11,"comment_status":"closed","ping_status":"closed","template":"","meta":{"footnotes":""},"categories":[],"tags":[],"class_list":["post-985","page","type-page","status-publish","hentry"],"yoast_head":"<!-- This site is optimized with the Yoast SEO plugin v25.7 - https:\/\/yoast.com\/wordpress\/plugins\/seo\/ -->\n<title>Innovazione e qualit\u00e0 per lo sviluppo locale: il ruolo dei progetti chiave - GAL Prealpi e Dolomiti<\/title>\n<meta name=\"robots\" content=\"index, follow, max-snippet:-1, max-image-preview:large, max-video-preview:-1\" \/>\n<link rel=\"canonical\" href=\"https:\/\/galprealpidolomiti.it\/innovazione-qualita-lo-sviluppo-locale-ruolo-dei-progetti-chiave\/\" \/>\n<meta property=\"og:locale\" content=\"it_IT\" \/>\n<meta property=\"og:type\" content=\"article\" \/>\n<meta property=\"og:title\" content=\"Innovazione e qualit\u00e0 per lo sviluppo locale: il ruolo dei progetti chiave - GAL Prealpi e Dolomiti\" \/>\n<meta property=\"og:description\" content=\"La qualit\u00e0 progettuale \u00e8 un fattore fondamentale per il raggiungimento del successo dei Progetti Chiave. Tali strumenti che costituiscono una vera novit\u00e0 per lo sviluppo locale, concentrano numerose innovazioni di processo e di prodotto. Il primo modulo di formazione proposto dal GAL Prealpi Dolomiti ha cercato di spiegare le potenzialit\u00e0 dello strumento mettendolo in relazione[.....]\" \/>\n<meta property=\"og:url\" content=\"https:\/\/galprealpidolomiti.it\/innovazione-qualita-lo-sviluppo-locale-ruolo-dei-progetti-chiave\/\" \/>\n<meta property=\"og:site_name\" content=\"GAL Prealpi e Dolomiti\" \/>\n<meta property=\"article:modified_time\" content=\"2017-04-26T13:38:04+00:00\" \/>\n<meta property=\"og:image\" content=\"https:\/\/galprealpidolomiti.it\/wp-content\/uploads\/2017\/03\/mappa-montagne.png\" \/>\n<meta name=\"twitter:card\" content=\"summary_large_image\" \/>\n<meta name=\"twitter:label1\" content=\"Tempo di lettura stimato\" \/>\n\t<meta name=\"twitter:data1\" content=\"1 minuto\" \/>\n<script type=\"application\/ld+json\" class=\"yoast-schema-graph\">{\"@context\":\"https:\/\/schema.org\",\"@graph\":[{\"@type\":\"WebPage\",\"@id\":\"https:\/\/galprealpidolomiti.it\/innovazione-qualita-lo-sviluppo-locale-ruolo-dei-progetti-chiave\/\",\"url\":\"https:\/\/galprealpidolomiti.it\/innovazione-qualita-lo-sviluppo-locale-ruolo-dei-progetti-chiave\/\",\"name\":\"Innovazione e qualit\u00e0 per lo sviluppo locale: il ruolo dei progetti chiave - GAL Prealpi e Dolomiti\",\"isPartOf\":{\"@id\":\"https:\/\/galprealpidolomiti.it\/#website\"},\"primaryImageOfPage\":{\"@id\":\"https:\/\/galprealpidolomiti.it\/innovazione-qualita-lo-sviluppo-locale-ruolo-dei-progetti-chiave\/#primaryimage\"},\"image\":{\"@id\":\"https:\/\/galprealpidolomiti.it\/innovazione-qualita-lo-sviluppo-locale-ruolo-dei-progetti-chiave\/#primaryimage\"},\"thumbnailUrl\":\"https:\/\/galprealpidolomiti.it\/wp-content\/uploads\/2017\/03\/mappa-montagne.png\",\"datePublished\":\"2017-04-06T15:13:15+00:00\",\"dateModified\":\"2017-04-26T13:38:04+00:00\",\"breadcrumb\":{\"@id\":\"https:\/\/galprealpidolomiti.it\/innovazione-qualita-lo-sviluppo-locale-ruolo-dei-progetti-chiave\/#breadcrumb\"},\"inLanguage\":\"it-IT\",\"potentialAction\":[{\"@type\":\"ReadAction\",\"target\":[\"https:\/\/galprealpidolomiti.it\/innovazione-qualita-lo-sviluppo-locale-ruolo-dei-progetti-chiave\/\"]}]},{\"@type\":\"ImageObject\",\"inLanguage\":\"it-IT\",\"@id\":\"https:\/\/galprealpidolomiti.it\/innovazione-qualita-lo-sviluppo-locale-ruolo-dei-progetti-chiave\/#primaryimage\",\"url\":\"https:\/\/galprealpidolomiti.it\/wp-content\/uploads\/2017\/03\/mappa-montagne.png\",\"contentUrl\":\"https:\/\/galprealpidolomiti.it\/wp-content\/uploads\/2017\/03\/mappa-montagne.png\"},{\"@type\":\"BreadcrumbList\",\"@id\":\"https:\/\/galprealpidolomiti.it\/innovazione-qualita-lo-sviluppo-locale-ruolo-dei-progetti-chiave\/#breadcrumb\",\"itemListElement\":[{\"@type\":\"ListItem\",\"position\":1,\"name\":\"Home\",\"item\":\"https:\/\/galprealpidolomiti.it\/\"},{\"@type\":\"ListItem\",\"position\":2,\"name\":\"Innovazione e qualit\u00e0 per lo sviluppo locale: il ruolo dei progetti chiave\"}]},{\"@type\":\"WebSite\",\"@id\":\"https:\/\/galprealpidolomiti.it\/#website\",\"url\":\"https:\/\/galprealpidolomiti.it\/\",\"name\":\"GAL Prealpi e Dolomiti\",\"description\":\"Gruppo di Azione Locale\",\"publisher\":{\"@id\":\"https:\/\/galprealpidolomiti.it\/#organization\"},\"potentialAction\":[{\"@type\":\"SearchAction\",\"target\":{\"@type\":\"EntryPoint\",\"urlTemplate\":\"https:\/\/galprealpidolomiti.it\/?s={search_term_string}\"},\"query-input\":{\"@type\":\"PropertyValueSpecification\",\"valueRequired\":true,\"valueName\":\"search_term_string\"}}],\"inLanguage\":\"it-IT\"},{\"@type\":\"Organization\",\"@id\":\"https:\/\/galprealpidolomiti.it\/#organization\",\"name\":\"GAL Prealpi e Dolomiti\",\"url\":\"https:\/\/galprealpidolomiti.it\/\",\"logo\":{\"@type\":\"ImageObject\",\"inLanguage\":\"it-IT\",\"@id\":\"https:\/\/galprealpidolomiti.it\/#\/schema\/logo\/image\/\",\"url\":\"https:\/\/www.galprealpidolomiti.it\/old\/wp-content\/uploads\/2020\/03\/striscia-5-loghi.png\",\"contentUrl\":\"https:\/\/www.galprealpidolomiti.it\/old\/wp-content\/uploads\/2020\/03\/striscia-5-loghi.png\",\"width\":1177,\"height\":228,\"caption\":\"GAL Prealpi e Dolomiti\"},\"image\":{\"@id\":\"https:\/\/galprealpidolomiti.it\/#\/schema\/logo\/image\/\"}}]}<\/script>\n<!-- \/ Yoast SEO plugin. -->","yoast_head_json":{"title":"Innovazione e qualit\u00e0 per lo sviluppo locale: il ruolo dei progetti chiave - GAL Prealpi e Dolomiti","robots":{"index":"index","follow":"follow","max-snippet":"max-snippet:-1","max-image-preview":"max-image-preview:large","max-video-preview":"max-video-preview:-1"},"canonical":"https:\/\/galprealpidolomiti.it\/innovazione-qualita-lo-sviluppo-locale-ruolo-dei-progetti-chiave\/","og_locale":"it_IT","og_type":"article","og_title":"Innovazione e qualit\u00e0 per lo sviluppo locale: il ruolo dei progetti chiave - GAL Prealpi e Dolomiti","og_description":"La qualit\u00e0 progettuale \u00e8 un fattore fondamentale per il raggiungimento del successo dei Progetti Chiave. Tali strumenti che costituiscono una vera novit\u00e0 per lo sviluppo locale, concentrano numerose innovazioni di processo e di prodotto. Il primo modulo di formazione proposto dal GAL Prealpi Dolomiti ha cercato di spiegare le potenzialit\u00e0 dello strumento mettendolo in relazione[.....]","og_url":"https:\/\/galprealpidolomiti.it\/innovazione-qualita-lo-sviluppo-locale-ruolo-dei-progetti-chiave\/","og_site_name":"GAL Prealpi e Dolomiti","article_modified_time":"2017-04-26T13:38:04+00:00","og_image":[{"url":"https:\/\/galprealpidolomiti.it\/wp-content\/uploads\/2017\/03\/mappa-montagne.png","type":"","width":"","height":""}],"twitter_card":"summary_large_image","twitter_misc":{"Tempo di lettura stimato":"1 minuto"},"schema":{"@context":"https:\/\/schema.org","@graph":[{"@type":"WebPage","@id":"https:\/\/galprealpidolomiti.it\/innovazione-qualita-lo-sviluppo-locale-ruolo-dei-progetti-chiave\/","url":"https:\/\/galprealpidolomiti.it\/innovazione-qualita-lo-sviluppo-locale-ruolo-dei-progetti-chiave\/","name":"Innovazione e qualit\u00e0 per lo sviluppo locale: il ruolo dei progetti chiave - GAL Prealpi e Dolomiti","isPartOf":{"@id":"https:\/\/galprealpidolomiti.it\/#website"},"primaryImageOfPage":{"@id":"https:\/\/galprealpidolomiti.it\/innovazione-qualita-lo-sviluppo-locale-ruolo-dei-progetti-chiave\/#primaryimage"},"image":{"@id":"https:\/\/galprealpidolomiti.it\/innovazione-qualita-lo-sviluppo-locale-ruolo-dei-progetti-chiave\/#primaryimage"},"thumbnailUrl":"https:\/\/galprealpidolomiti.it\/wp-content\/uploads\/2017\/03\/mappa-montagne.png","datePublished":"2017-04-06T15:13:15+00:00","dateModified":"2017-04-26T13:38:04+00:00","breadcrumb":{"@id":"https:\/\/galprealpidolomiti.it\/innovazione-qualita-lo-sviluppo-locale-ruolo-dei-progetti-chiave\/#breadcrumb"},"inLanguage":"it-IT","potentialAction":[{"@type":"ReadAction","target":["https:\/\/galprealpidolomiti.it\/innovazione-qualita-lo-sviluppo-locale-ruolo-dei-progetti-chiave\/"]}]},{"@type":"ImageObject","inLanguage":"it-IT","@id":"https:\/\/galprealpidolomiti.it\/innovazione-qualita-lo-sviluppo-locale-ruolo-dei-progetti-chiave\/#primaryimage","url":"https:\/\/galprealpidolomiti.it\/wp-content\/uploads\/2017\/03\/mappa-montagne.png","contentUrl":"https:\/\/galprealpidolomiti.it\/wp-content\/uploads\/2017\/03\/mappa-montagne.png"},{"@type":"BreadcrumbList","@id":"https:\/\/galprealpidolomiti.it\/innovazione-qualita-lo-sviluppo-locale-ruolo-dei-progetti-chiave\/#breadcrumb","itemListElement":[{"@type":"ListItem","position":1,"name":"Home","item":"https:\/\/galprealpidolomiti.it\/"},{"@type":"ListItem","position":2,"name":"Innovazione e qualit\u00e0 per lo sviluppo locale: il ruolo dei progetti chiave"}]},{"@type":"WebSite","@id":"https:\/\/galprealpidolomiti.it\/#website","url":"https:\/\/galprealpidolomiti.it\/","name":"GAL Prealpi e Dolomiti","description":"Gruppo di Azione Locale","publisher":{"@id":"https:\/\/galprealpidolomiti.it\/#organization"},"potentialAction":[{"@type":"SearchAction","target":{"@type":"EntryPoint","urlTemplate":"https:\/\/galprealpidolomiti.it\/?s={search_term_string}"},"query-input":{"@type":"PropertyValueSpecification","valueRequired":true,"valueName":"search_term_string"}}],"inLanguage":"it-IT"},{"@type":"Organization","@id":"https:\/\/galprealpidolomiti.it\/#organization","name":"GAL Prealpi e Dolomiti","url":"https:\/\/galprealpidolomiti.it\/","logo":{"@type":"ImageObject","inLanguage":"it-IT","@id":"https:\/\/galprealpidolomiti.it\/#\/schema\/logo\/image\/","url":"https:\/\/www.galprealpidolomiti.it\/old\/wp-content\/uploads\/2020\/03\/striscia-5-loghi.png","contentUrl":"https:\/\/www.galprealpidolomiti.it\/old\/wp-content\/uploads\/2020\/03\/striscia-5-loghi.png","width":1177,"height":228,"caption":"GAL Prealpi e Dolomiti"},"image":{"@id":"https:\/\/galprealpidolomiti.it\/#\/schema\/logo\/image\/"}}]}},"_links":{"self":[{"href":"https:\/\/www.galprealpidolomiti.it\/old\/wp-json\/wp\/v2\/pages\/985","targetHints":{"allow":["GET"]}}],"collection":[{"href":"https:\/\/www.galprealpidolomiti.it\/old\/wp-json\/wp\/v2\/pages"}],"about":[{"href":"https:\/\/www.galprealpidolomiti.it\/old\/wp-json\/wp\/v2\/types\/page"}],"author":[{"embeddable":true,"href":"https:\/\/www.galprealpidolomiti.it\/old\/wp-json\/wp\/v2\/users\/1"}],"replies":[{"embeddable":true,"href":"https:\/\/www.galprealpidolomiti.it\/old\/wp-json\/wp\/v2\/comments?post=985"}],"version-history":[{"count":0,"href":"https:\/\/www.galprealpidolomiti.it\/old\/wp-json\/wp\/v2\/pages\/985\/revisions"}],"wp:attachment":[{"href":"https:\/\/www.galprealpidolomiti.it\/old\/wp-json\/wp\/v2\/media?parent=985"}],"wp:term":[{"taxonomy":"category","embeddable":true,"href":"https:\/\/www.galprealpidolomiti.it\/old\/wp-json\/wp\/v2\/categories?post=985"},{"taxonomy":"post_tag","embeddable":true,"href":"https:\/\/www.galprealpidolomiti.it\/old\/wp-json\/wp\/v2\/tags?post=985"}],"curies":[{"name":"wp","href":"https:\/\/api.w.org\/{rel}","templated":true}]}}