{"id":9645,"date":"2019-03-01T15:21:01","date_gmt":"2019-03-01T14:21:01","guid":{"rendered":"https:\/\/galprealpidolomiti.it\/?page_id=9645"},"modified":"2019-03-01T15:25:04","modified_gmt":"2019-03-01T14:25:04","slug":"i-gruppi-operativi-della-misura-16","status":"publish","type":"page","link":"https:\/\/www.galprealpidolomiti.it\/old\/i-gruppi-operativi-della-misura-16\/","title":{"rendered":"I Gruppi Operativi della Misura 16"},"content":{"rendered":"<p>Una delle novit\u00e0 pi\u00f9 rilevanti del Programma di Sviluppo Rurale 2014-2020 del Veneto \u00e8 la misura 16 relativa alla\u00a0<strong>costituzione e attivit\u00e0 dei Gruppi Operativi del PEI<\/strong>\u00a0(Partenariato Europeo per l\u2019Innovazione) in materia di produttivit\u00e0 e di sostenibilit\u00e0 dell\u2019agricoltura. Tale misura sostiene e finanzia la costituzione di Gruppi operativi (tra due o pi\u00f9 soggetti) finalizzati alla redazione e attuazione di\u00a0<strong>progetti collaborativi di innovazione\u00a0<\/strong>(innovazione di prodotto, servizio, processo produttivo, ecc.) nel mondo agricolo, forestale e delle aree rurali.<br \/>\nQuesto intervento rappresenta una originalit\u00e0 significativa anche per il PSL del GAL Prealpi e Dolomiti, con il quale si intendono sviluppare, in chiave innovativa, le filiere e i sistemi produttivi locali.<\/p>\n<p>Le domande finanziate dal GAL, riguardanti l&#8217;<strong>innovazione in campo agricolo,<\/strong>\u00a0sono 4<strong>,\u00a0<\/strong>per un contributo totale pari a poco meno di\u00a0<strong>1 milione di Euro<\/strong>.<\/p>\n<p>I progetti affronteranno diverse problematiche legate al territorio: il miglioramento della\u00a0<strong>competitivit\u00e0 delle razze ovine autoctone<\/strong>\u00a0(Alpagota e Lamon &#8211; Acronimo progetto <strong>SHEEP AL.L. CHAIN<\/strong>); la realizzazione di un modello innovativo nella\u00a0<strong>gestione alimentare dei bovini da latte\u00a0<\/strong>(<strong>FEED<\/strong>); la ricerca di resistenze indotte per\u00a0<strong>contrastare le virosi del fagiolo di Lamon IGP<\/strong>\u00a0(<strong>FALARES<\/strong>) e la produzione di\u00a0<strong>vini innovativi da quattro variet\u00e0 di ibridi<\/strong>\u00a0resistenti (<strong>VINIRES<\/strong>).<\/p>\n<h4><\/h4>\n<p>&nbsp;<\/p>\n<h4><strong>Incontro con i GO di venerd\u00ec 01 marzo &#8217;19:<\/strong><\/h4>\n<p>\u2013 \u201c<strong><a href=\"https:\/\/galprealpidolomiti.it\/wp-content\/uploads\/2019\/03\/Misura-16-01_03_19-GAL.pdf\" target=\"_blank\" rel=\"noopener\">Obiettivi e finalit\u00e0 dell&#8217;incontro<\/a><\/strong>\u201d |\u00a0Matteo Aguanno \u2013 GAL Prealpi e Dolomiti<br \/>\n\u2013 \u201c<strong><a href=\"https:\/\/galprealpidolomiti.it\/wp-content\/uploads\/2019\/03\/TRENTIN.pdf\" target=\"_blank\" rel=\"noopener\">Richiamo agli impegni previsti dalle disposizioni regionali<\/a><\/strong>\u201d | Giorgio Trentin \u2013 Direzione Agroalimentare Regione Veneto<br \/>\n\u2013 \u201c<strong><a href=\"https:\/\/galprealpidolomiti.it\/wp-content\/uploads\/2019\/03\/Vianello_GAL.pdf\" target=\"_blank\" rel=\"noopener\">Il common format del PEI-AGRI<\/a><\/strong>\u201d | Monica Vianello \u2013 Direzione Agroalimentare Regione Veneto<br \/>\n\u2013 \u201c<strong><a href=\"https:\/\/galprealpidolomiti.it\/wp-content\/uploads\/2019\/03\/Presentazione-Template-GOPEI-Bonfiglio-Sedico-BL.pdf\" target=\"_blank\" rel=\"noopener\">Presentazione Template GOPEI-RRN<\/a><\/strong>\u201d | Andrea Bonfiglio \u2013 Centro Politiche e Bioeconomia CREA | (<a href=\"https:\/\/galprealpidolomiti.it\/wp-content\/uploads\/2019\/03\/Template_RRN_GOPEI.xlsx\" target=\"_blank\" rel=\"noopener\">Template_RRN_GOPEI<\/a>)<\/p>\n<div id=\"6a0070486329c\" class=\"gg_gallery_wrap gg_true_gallery gg_standard_gallery gid_9650 gg_hidden_ol gg_ol_bottom_mode gg_main_ol_show_on_h \" data-gg_ol=\"default\"  data-ggom_fx=\"\" data-ggom_timing=\"300\" rel=\"9650\" data-nores-txt=\"Nessuna immagine trovata\">      <div class=\"gg_loader\">  <div class=\"ggl_1\"><\/div>  <div class=\"ggl_2\"><\/div>  <div class=\"ggl_3\"><\/div>  <div class=\"ggl_4\"><\/div><\/div>  <div class=\"gg_container\"><div class=\"gg_img \" data-gg-url=\"https:\/\/www.galprealpidolomiti.it\/old\/wp-content\/uploads\/2019\/03\/WhatsApp-Image-2019-03-01-at-10.37.23.jpeg\" data-gg-title=\"WhatsApp Image 2019-03-01 at 10.37.23\" data-gg-author=\"\" data-gg-descr=\"\" data-img-id=\"0\" rel=\"9650\">  <div class=\"gg_img_inner\"><div class=\"gg_main_img_wrap\"><img decoding=\"async\" src=\"\" data-gg-lazy-src=\"\/\/www.galprealpidolomiti.it\/old\/wp-content\/uploads\/ewpt_cache\/275x210_100_1_c_FFFFFF_daf9ea7332b5cf43492815b37e1a3298.jpg\" alt=\"WhatsApp Image 2019-03-01 at 10.37.23\" class=\"gg_photo gg_main_thumb\" \/><noscript><img decoding=\"async\" src=\"https:\/\/www.galprealpidolomiti.it\/old\/wp-content\/uploads\/2019\/03\/WhatsApp-Image-2019-03-01-at-10.37.23.jpeg\" alt=\"WhatsApp Image 2019-03-01 at 10.37.23\" \/><\/noscript><\/div><div class=\"gg_overlays\"><\/div><\/div><\/div><div class=\"gg_img \" data-gg-url=\"https:\/\/www.galprealpidolomiti.it\/old\/wp-content\/uploads\/2019\/03\/WhatsApp-Image-2019-03-01-at-10.29.03.jpeg\" data-gg-title=\"WhatsApp Image 2019-03-01 at 10.29.03\" data-gg-author=\"\" data-gg-descr=\"\" data-img-id=\"1\" rel=\"9650\">  <div class=\"gg_img_inner\"><div class=\"gg_main_img_wrap\"><img decoding=\"async\" src=\"\" data-gg-lazy-src=\"\/\/www.galprealpidolomiti.it\/old\/wp-content\/uploads\/ewpt_cache\/275x210_100_1_c_FFFFFF_08fe6de315ed7a8b7010f049fbadb1b5.jpg\" alt=\"WhatsApp Image 2019-03-01 at 10.29.03\" class=\"gg_photo gg_main_thumb\" \/><noscript><img decoding=\"async\" src=\"https:\/\/www.galprealpidolomiti.it\/old\/wp-content\/uploads\/2019\/03\/WhatsApp-Image-2019-03-01-at-10.29.03.jpeg\" alt=\"WhatsApp Image 2019-03-01 at 10.29.03\" \/><\/noscript><\/div><div class=\"gg_overlays\"><\/div><\/div><\/div><div class=\"gg_img \" data-gg-url=\"https:\/\/www.galprealpidolomiti.it\/old\/wp-content\/uploads\/2019\/03\/WhatsApp-Image-2019-03-01-at-10.29.01.jpeg\" data-gg-title=\"WhatsApp Image 2019-03-01 at 10.29.01\" data-gg-author=\"\" data-gg-descr=\"\" data-img-id=\"2\" rel=\"9650\">  <div class=\"gg_img_inner\"><div class=\"gg_main_img_wrap\"><img decoding=\"async\" src=\"\" data-gg-lazy-src=\"\/\/www.galprealpidolomiti.it\/old\/wp-content\/uploads\/ewpt_cache\/275x210_100_1_c_FFFFFF_4f8c9cef54c18a1c4508b85114061204.jpg\" alt=\"WhatsApp Image 2019-03-01 at 10.29.01\" class=\"gg_photo gg_main_thumb\" \/><noscript><img decoding=\"async\" src=\"https:\/\/www.galprealpidolomiti.it\/old\/wp-content\/uploads\/2019\/03\/WhatsApp-Image-2019-03-01-at-10.29.01.jpeg\" alt=\"WhatsApp Image 2019-03-01 at 10.29.01\" \/><\/noscript><\/div><div class=\"gg_overlays\"><\/div><\/div><\/div><div class=\"gg_img \" data-gg-url=\"https:\/\/www.galprealpidolomiti.it\/old\/wp-content\/uploads\/2019\/03\/WhatsApp-Image-2019-03-01-at-10.29.011.jpeg\" data-gg-title=\"WhatsApp Image 2019-03-01 at 10.29.01(1)\" data-gg-author=\"\" data-gg-descr=\"\" data-img-id=\"3\" rel=\"9650\">  <div class=\"gg_img_inner\"><div class=\"gg_main_img_wrap\"><img decoding=\"async\" src=\"\" data-gg-lazy-src=\"\/\/www.galprealpidolomiti.it\/old\/wp-content\/uploads\/ewpt_cache\/275x210_100_1_c_FFFFFF_bb9d7eb7e578dba88ea144c6a14beba3.jpg\" alt=\"WhatsApp Image 2019-03-01 at 10.29.01(1)\" class=\"gg_photo gg_main_thumb\" \/><noscript><img decoding=\"async\" src=\"https:\/\/www.galprealpidolomiti.it\/old\/wp-content\/uploads\/2019\/03\/WhatsApp-Image-2019-03-01-at-10.29.011.jpeg\" alt=\"WhatsApp Image 2019-03-01 at 10.29.01(1)\" \/><\/noscript><\/div><div class=\"gg_overlays\"><\/div><\/div><\/div><\/div><div style=\"clear: both;\"><\/div><\/div><script type=\"text\/javascript\"> jQuery(document).ready(function($) { if(typeof(gg_galleries_init) == \"function\") {gg_galleries_init(\"6a0070486329c\"); }});<\/script>\n<p>&nbsp;<\/p>\n","protected":false},"excerpt":{"rendered":"<p>Una delle novit\u00e0 pi\u00f9 rilevanti del Programma di Sviluppo Rurale 2014-2020 del Veneto \u00e8 la misura 16 relativa alla\u00a0costituzione e attivit\u00e0 dei Gruppi Operativi del PEI\u00a0(Partenariato Europeo per l\u2019Innovazione) in materia di produttivit\u00e0 e di sostenibilit\u00e0 dell\u2019agricoltura. Tale misura sostiene e finanzia la costituzione di Gruppi operativi (tra due o pi\u00f9 soggetti) finalizzati alla redazione[&#8230;..]<\/p>\n","protected":false},"author":3,"featured_media":0,"parent":0,"menu_order":0,"comment_status":"closed","ping_status":"closed","template":"","meta":{"footnotes":""},"categories":[],"tags":[],"class_list":["post-9645","page","type-page","status-publish","hentry"],"yoast_head":"<!-- This site is optimized with the Yoast SEO plugin v25.7 - https:\/\/yoast.com\/wordpress\/plugins\/seo\/ -->\n<title>I Gruppi Operativi della Misura 16 - GAL Prealpi e Dolomiti<\/title>\n<meta name=\"robots\" content=\"index, follow, max-snippet:-1, max-image-preview:large, max-video-preview:-1\" \/>\n<link rel=\"canonical\" href=\"https:\/\/galprealpidolomiti.it\/i-gruppi-operativi-della-misura-16\/\" \/>\n<meta property=\"og:locale\" content=\"it_IT\" \/>\n<meta property=\"og:type\" content=\"article\" \/>\n<meta property=\"og:title\" content=\"I Gruppi Operativi della Misura 16 - GAL Prealpi e Dolomiti\" \/>\n<meta property=\"og:description\" content=\"Una delle novit\u00e0 pi\u00f9 rilevanti del Programma di Sviluppo Rurale 2014-2020 del Veneto \u00e8 la misura 16 relativa alla\u00a0costituzione e attivit\u00e0 dei Gruppi Operativi del PEI\u00a0(Partenariato Europeo per l\u2019Innovazione) in materia di produttivit\u00e0 e di sostenibilit\u00e0 dell\u2019agricoltura. Tale misura sostiene e finanzia la costituzione di Gruppi operativi (tra due o pi\u00f9 soggetti) finalizzati alla redazione[.....]\" \/>\n<meta property=\"og:url\" content=\"https:\/\/galprealpidolomiti.it\/i-gruppi-operativi-della-misura-16\/\" \/>\n<meta property=\"og:site_name\" content=\"GAL Prealpi e Dolomiti\" \/>\n<meta property=\"article:modified_time\" content=\"2019-03-01T14:25:04+00:00\" \/>\n<meta name=\"twitter:card\" content=\"summary_large_image\" \/>\n<meta name=\"twitter:label1\" content=\"Tempo di lettura stimato\" \/>\n\t<meta name=\"twitter:data1\" content=\"1 minuto\" \/>\n<script type=\"application\/ld+json\" class=\"yoast-schema-graph\">{\"@context\":\"https:\/\/schema.org\",\"@graph\":[{\"@type\":\"WebPage\",\"@id\":\"https:\/\/galprealpidolomiti.it\/i-gruppi-operativi-della-misura-16\/\",\"url\":\"https:\/\/galprealpidolomiti.it\/i-gruppi-operativi-della-misura-16\/\",\"name\":\"I Gruppi Operativi della Misura 16 - GAL Prealpi e Dolomiti\",\"isPartOf\":{\"@id\":\"https:\/\/galprealpidolomiti.it\/#website\"},\"datePublished\":\"2019-03-01T14:21:01+00:00\",\"dateModified\":\"2019-03-01T14:25:04+00:00\",\"breadcrumb\":{\"@id\":\"https:\/\/galprealpidolomiti.it\/i-gruppi-operativi-della-misura-16\/#breadcrumb\"},\"inLanguage\":\"it-IT\",\"potentialAction\":[{\"@type\":\"ReadAction\",\"target\":[\"https:\/\/galprealpidolomiti.it\/i-gruppi-operativi-della-misura-16\/\"]}]},{\"@type\":\"BreadcrumbList\",\"@id\":\"https:\/\/galprealpidolomiti.it\/i-gruppi-operativi-della-misura-16\/#breadcrumb\",\"itemListElement\":[{\"@type\":\"ListItem\",\"position\":1,\"name\":\"Home\",\"item\":\"https:\/\/galprealpidolomiti.it\/\"},{\"@type\":\"ListItem\",\"position\":2,\"name\":\"I Gruppi Operativi della Misura 16\"}]},{\"@type\":\"WebSite\",\"@id\":\"https:\/\/galprealpidolomiti.it\/#website\",\"url\":\"https:\/\/galprealpidolomiti.it\/\",\"name\":\"GAL Prealpi e Dolomiti\",\"description\":\"Gruppo di Azione Locale\",\"publisher\":{\"@id\":\"https:\/\/galprealpidolomiti.it\/#organization\"},\"potentialAction\":[{\"@type\":\"SearchAction\",\"target\":{\"@type\":\"EntryPoint\",\"urlTemplate\":\"https:\/\/galprealpidolomiti.it\/?s={search_term_string}\"},\"query-input\":{\"@type\":\"PropertyValueSpecification\",\"valueRequired\":true,\"valueName\":\"search_term_string\"}}],\"inLanguage\":\"it-IT\"},{\"@type\":\"Organization\",\"@id\":\"https:\/\/galprealpidolomiti.it\/#organization\",\"name\":\"GAL Prealpi e Dolomiti\",\"url\":\"https:\/\/galprealpidolomiti.it\/\",\"logo\":{\"@type\":\"ImageObject\",\"inLanguage\":\"it-IT\",\"@id\":\"https:\/\/galprealpidolomiti.it\/#\/schema\/logo\/image\/\",\"url\":\"https:\/\/www.galprealpidolomiti.it\/old\/wp-content\/uploads\/2020\/03\/striscia-5-loghi.png\",\"contentUrl\":\"https:\/\/www.galprealpidolomiti.it\/old\/wp-content\/uploads\/2020\/03\/striscia-5-loghi.png\",\"width\":1177,\"height\":228,\"caption\":\"GAL Prealpi e Dolomiti\"},\"image\":{\"@id\":\"https:\/\/galprealpidolomiti.it\/#\/schema\/logo\/image\/\"}}]}<\/script>\n<!-- \/ Yoast SEO plugin. -->","yoast_head_json":{"title":"I Gruppi Operativi della Misura 16 - GAL Prealpi e Dolomiti","robots":{"index":"index","follow":"follow","max-snippet":"max-snippet:-1","max-image-preview":"max-image-preview:large","max-video-preview":"max-video-preview:-1"},"canonical":"https:\/\/galprealpidolomiti.it\/i-gruppi-operativi-della-misura-16\/","og_locale":"it_IT","og_type":"article","og_title":"I Gruppi Operativi della Misura 16 - GAL Prealpi e Dolomiti","og_description":"Una delle novit\u00e0 pi\u00f9 rilevanti del Programma di Sviluppo Rurale 2014-2020 del Veneto \u00e8 la misura 16 relativa alla\u00a0costituzione e attivit\u00e0 dei Gruppi Operativi del PEI\u00a0(Partenariato Europeo per l\u2019Innovazione) in materia di produttivit\u00e0 e di sostenibilit\u00e0 dell\u2019agricoltura. Tale misura sostiene e finanzia la costituzione di Gruppi operativi (tra due o pi\u00f9 soggetti) finalizzati alla redazione[.....]","og_url":"https:\/\/galprealpidolomiti.it\/i-gruppi-operativi-della-misura-16\/","og_site_name":"GAL Prealpi e Dolomiti","article_modified_time":"2019-03-01T14:25:04+00:00","twitter_card":"summary_large_image","twitter_misc":{"Tempo di lettura stimato":"1 minuto"},"schema":{"@context":"https:\/\/schema.org","@graph":[{"@type":"WebPage","@id":"https:\/\/galprealpidolomiti.it\/i-gruppi-operativi-della-misura-16\/","url":"https:\/\/galprealpidolomiti.it\/i-gruppi-operativi-della-misura-16\/","name":"I Gruppi Operativi della Misura 16 - GAL Prealpi e Dolomiti","isPartOf":{"@id":"https:\/\/galprealpidolomiti.it\/#website"},"datePublished":"2019-03-01T14:21:01+00:00","dateModified":"2019-03-01T14:25:04+00:00","breadcrumb":{"@id":"https:\/\/galprealpidolomiti.it\/i-gruppi-operativi-della-misura-16\/#breadcrumb"},"inLanguage":"it-IT","potentialAction":[{"@type":"ReadAction","target":["https:\/\/galprealpidolomiti.it\/i-gruppi-operativi-della-misura-16\/"]}]},{"@type":"BreadcrumbList","@id":"https:\/\/galprealpidolomiti.it\/i-gruppi-operativi-della-misura-16\/#breadcrumb","itemListElement":[{"@type":"ListItem","position":1,"name":"Home","item":"https:\/\/galprealpidolomiti.it\/"},{"@type":"ListItem","position":2,"name":"I Gruppi Operativi della Misura 16"}]},{"@type":"WebSite","@id":"https:\/\/galprealpidolomiti.it\/#website","url":"https:\/\/galprealpidolomiti.it\/","name":"GAL Prealpi e Dolomiti","description":"Gruppo di Azione Locale","publisher":{"@id":"https:\/\/galprealpidolomiti.it\/#organization"},"potentialAction":[{"@type":"SearchAction","target":{"@type":"EntryPoint","urlTemplate":"https:\/\/galprealpidolomiti.it\/?s={search_term_string}"},"query-input":{"@type":"PropertyValueSpecification","valueRequired":true,"valueName":"search_term_string"}}],"inLanguage":"it-IT"},{"@type":"Organization","@id":"https:\/\/galprealpidolomiti.it\/#organization","name":"GAL Prealpi e Dolomiti","url":"https:\/\/galprealpidolomiti.it\/","logo":{"@type":"ImageObject","inLanguage":"it-IT","@id":"https:\/\/galprealpidolomiti.it\/#\/schema\/logo\/image\/","url":"https:\/\/www.galprealpidolomiti.it\/old\/wp-content\/uploads\/2020\/03\/striscia-5-loghi.png","contentUrl":"https:\/\/www.galprealpidolomiti.it\/old\/wp-content\/uploads\/2020\/03\/striscia-5-loghi.png","width":1177,"height":228,"caption":"GAL Prealpi e Dolomiti"},"image":{"@id":"https:\/\/galprealpidolomiti.it\/#\/schema\/logo\/image\/"}}]}},"_links":{"self":[{"href":"https:\/\/www.galprealpidolomiti.it\/old\/wp-json\/wp\/v2\/pages\/9645","targetHints":{"allow":["GET"]}}],"collection":[{"href":"https:\/\/www.galprealpidolomiti.it\/old\/wp-json\/wp\/v2\/pages"}],"about":[{"href":"https:\/\/www.galprealpidolomiti.it\/old\/wp-json\/wp\/v2\/types\/page"}],"author":[{"embeddable":true,"href":"https:\/\/www.galprealpidolomiti.it\/old\/wp-json\/wp\/v2\/users\/3"}],"replies":[{"embeddable":true,"href":"https:\/\/www.galprealpidolomiti.it\/old\/wp-json\/wp\/v2\/comments?post=9645"}],"version-history":[{"count":0,"href":"https:\/\/www.galprealpidolomiti.it\/old\/wp-json\/wp\/v2\/pages\/9645\/revisions"}],"wp:attachment":[{"href":"https:\/\/www.galprealpidolomiti.it\/old\/wp-json\/wp\/v2\/media?parent=9645"}],"wp:term":[{"taxonomy":"category","embeddable":true,"href":"https:\/\/www.galprealpidolomiti.it\/old\/wp-json\/wp\/v2\/categories?post=9645"},{"taxonomy":"post_tag","embeddable":true,"href":"https:\/\/www.galprealpidolomiti.it\/old\/wp-json\/wp\/v2\/tags?post=9645"}],"curies":[{"name":"wp","href":"https:\/\/api.w.org\/{rel}","templated":true}]}}