{"id":9353,"date":"2019-02-07T08:56:54","date_gmt":"2019-02-07T07:56:54","guid":{"rendered":"https:\/\/galprealpidolomiti.it\/?page_id=9353"},"modified":"2019-02-07T09:11:59","modified_gmt":"2019-02-07T08:11:59","slug":"corso-di-formazione-imprese-intelligenti-e-competitive","status":"publish","type":"page","link":"https:\/\/www.galprealpidolomiti.it\/old\/corso-di-formazione-imprese-intelligenti-e-competitive\/","title":{"rendered":"CORSO DI FORMAZIONE IMPRESE INTELLIGENTI E COMPETITIVE"},"content":{"rendered":"<h3 style=\"text-align: center;\"><strong>LE OPPORTUNIT\u00c0 OFFERTE DALLA\u00a0MISURA 16 \u201cCOOPERAZIONE\u201d\u00a0DEL PSR DELLA REGIONE DEL VENETO E DEL PROGRAMMA DI SVILUPPO LOCALE DEL GAL PREALPI E DOLOMITI<\/strong><\/h3>\n<p>&nbsp;<\/p>\n<p><img fetchpriority=\"high\" decoding=\"async\" class=\"alignleft wp-image-9358 size-full\" src=\"https:\/\/galprealpidolomiti.it\/wp-content\/uploads\/2019\/02\/GO3.png\" alt=\"\" width=\"475\" height=\"289\" srcset=\"https:\/\/www.galprealpidolomiti.it\/old\/wp-content\/uploads\/2019\/02\/GO3.png 475w, https:\/\/www.galprealpidolomiti.it\/old\/wp-content\/uploads\/2019\/02\/GO3-300x183.png 300w\" sizes=\"(max-width: 475px) 100vw, 475px\" \/><\/p>\n<p>Una delle novit\u00e0 pi\u00f9 rilevanti del Programma di Sviluppo Rurale 2014-2020 del Veneto \u00e8 la misura 16 relativa alla <strong>costituzione e attivit\u00e0 dei Gruppi Operativi del PEI<\/strong> (Partenariato Europeo per l\u2019Innovazione) in materia di produttivit\u00e0 e di sostenibilit\u00e0 dell\u2019agricoltura. Tale misura sostiene e finanzia la costituzione di Gruppi operativi (tra due o pi\u00f9 soggetti) finalizzati alla redazione e attuazione di <strong>progetti collaborativi di innovazione<\/strong> (innovazione di prodotto, servizio, processo produttivo, ecc.) nel mondo agricolo, forestale e delle aree rurali.<br \/>\nQuesto intervento rappresenta una originalit\u00e0 significativa anche per il PSL del GAL \u201cPrealpi e Dolomiti\u201d, con il quale si intendono sviluppare, in chiave innovativa, le filiere e i sistemi produttivi locali.<\/p>\n<p>&nbsp;<\/p>\n<p>&nbsp;<\/p>\n<p><strong>mercoled\u00ec 5 ottobre &#8217;16<\/strong><br \/>\n&#8211; <a href=\"https:\/\/drive.google.com\/open?id=0BwleRWxxkrBMczZhaC1sb0FQcmc\">Innovare lo sviluppo locale: indirizzi e opportunit\u00e0 del Programma di Sviluppo Locale del GAL Prealpi e Dolomiti<\/a>\u00a0 Matteo Aguanno &#8211; GAL Prealpi e Dolomiti<br \/>\n&#8211; <a href=\"https:\/\/drive.google.com\/open?id=0BwleRWxxkrBMX0FnNDItN1ZxWkU\">Politiche e programmi dell\u2019Unione europea per promuovere l&#8217;innovazione nel settore agricolo e forestale e nelle zone rurali<\/a>\u00a0 Mauro Varotto &#8211; Euris<\/p>\n<p><strong>venerd\u00ec 7 ottobre &#8217;16<\/strong><br \/>\n&#8211; <a href=\"https:\/\/drive.google.com\/open?id=0BwleRWxxkrBMT3B3Yi1WY1BUNXM\">Intervento 16.1.1. \u201cInnovation brokering\u201d Analisi del bando e degli aspetti procedurali<\/a> &#8211; Monica Vianello &#8211; Regione Veneto<br \/>\n&#8211; <a href=\"https:\/\/drive.google.com\/file\/d\/0BwleRWxxkrBMdXlWdEhDMEFmNkk\/view?usp=sharing\">Tematiche emergenti e metodologie progettuali: cosa ci insegna l\u2019esperienza maturata nella<br \/>\nvalutazione delle domande al Bando 16.1.1 in Regione Emilia Romagna<\/a>\u00a0 Stefano Nannetti &#8211; Regione Emilia Romagna<\/p>\n<p><strong>marted\u00ec 11 ottobre &#8217;16 <\/strong><br \/>\n&#8211; <a href=\"https:\/\/drive.google.com\/open?id=0BwleRWxxkrBMOXh4anpoSlNDRE0\">Dall\u2019idea al progetto: Laboratori di progettazione. Casi studio e simulazione partecipata per la elaborazione del formulario riguardante la costituzione di un Gruppo Operativo (progetto propedeutico al GO \u2013 Pro.GO)<\/a>\u00a0 Maurizio Dal Ferro, Sergio Cal\u00f2 &#8211; professionisti esperti in progettazione europea<\/p>\n","protected":false},"excerpt":{"rendered":"<p>LE OPPORTUNIT\u00c0 OFFERTE DALLA\u00a0MISURA 16 \u201cCOOPERAZIONE\u201d\u00a0DEL PSR DELLA REGIONE DEL VENETO E DEL PROGRAMMA DI SVILUPPO LOCALE DEL GAL PREALPI E DOLOMITI &nbsp; Una delle novit\u00e0 pi\u00f9 rilevanti del Programma di Sviluppo Rurale 2014-2020 del Veneto \u00e8 la misura 16 relativa alla costituzione e attivit\u00e0 dei Gruppi Operativi del PEI (Partenariato Europeo per l\u2019Innovazione) in[&#8230;..]<\/p>\n","protected":false},"author":3,"featured_media":0,"parent":0,"menu_order":0,"comment_status":"closed","ping_status":"closed","template":"","meta":{"footnotes":""},"categories":[],"tags":[],"class_list":["post-9353","page","type-page","status-publish","hentry"],"yoast_head":"<!-- This site is optimized with the Yoast SEO plugin v25.7 - https:\/\/yoast.com\/wordpress\/plugins\/seo\/ -->\n<title>CORSO DI FORMAZIONE IMPRESE INTELLIGENTI E COMPETITIVE - GAL Prealpi e Dolomiti<\/title>\n<meta name=\"robots\" content=\"index, follow, max-snippet:-1, max-image-preview:large, max-video-preview:-1\" \/>\n<link rel=\"canonical\" href=\"https:\/\/galprealpidolomiti.it\/corso-di-formazione-imprese-intelligenti-e-competitive\/\" \/>\n<meta property=\"og:locale\" content=\"it_IT\" \/>\n<meta property=\"og:type\" content=\"article\" \/>\n<meta property=\"og:title\" content=\"CORSO DI FORMAZIONE IMPRESE INTELLIGENTI E COMPETITIVE - GAL Prealpi e Dolomiti\" \/>\n<meta property=\"og:description\" content=\"LE OPPORTUNIT\u00c0 OFFERTE DALLA\u00a0MISURA 16 \u201cCOOPERAZIONE\u201d\u00a0DEL PSR DELLA REGIONE DEL VENETO E DEL PROGRAMMA DI SVILUPPO LOCALE DEL GAL PREALPI E DOLOMITI &nbsp; Una delle novit\u00e0 pi\u00f9 rilevanti del Programma di Sviluppo Rurale 2014-2020 del Veneto \u00e8 la misura 16 relativa alla costituzione e attivit\u00e0 dei Gruppi Operativi del PEI (Partenariato Europeo per l\u2019Innovazione) in[.....]\" \/>\n<meta property=\"og:url\" content=\"https:\/\/galprealpidolomiti.it\/corso-di-formazione-imprese-intelligenti-e-competitive\/\" \/>\n<meta property=\"og:site_name\" content=\"GAL Prealpi e Dolomiti\" \/>\n<meta property=\"article:modified_time\" content=\"2019-02-07T08:11:59+00:00\" \/>\n<meta property=\"og:image\" content=\"https:\/\/galprealpidolomiti.it\/wp-content\/uploads\/2019\/02\/GO3.png\" \/>\n<meta name=\"twitter:card\" content=\"summary_large_image\" \/>\n<meta name=\"twitter:label1\" content=\"Tempo di lettura stimato\" \/>\n\t<meta name=\"twitter:data1\" content=\"1 minuto\" \/>\n<script type=\"application\/ld+json\" class=\"yoast-schema-graph\">{\"@context\":\"https:\/\/schema.org\",\"@graph\":[{\"@type\":\"WebPage\",\"@id\":\"https:\/\/galprealpidolomiti.it\/corso-di-formazione-imprese-intelligenti-e-competitive\/\",\"url\":\"https:\/\/galprealpidolomiti.it\/corso-di-formazione-imprese-intelligenti-e-competitive\/\",\"name\":\"CORSO DI FORMAZIONE IMPRESE INTELLIGENTI E COMPETITIVE - GAL Prealpi e Dolomiti\",\"isPartOf\":{\"@id\":\"https:\/\/galprealpidolomiti.it\/#website\"},\"primaryImageOfPage\":{\"@id\":\"https:\/\/galprealpidolomiti.it\/corso-di-formazione-imprese-intelligenti-e-competitive\/#primaryimage\"},\"image\":{\"@id\":\"https:\/\/galprealpidolomiti.it\/corso-di-formazione-imprese-intelligenti-e-competitive\/#primaryimage\"},\"thumbnailUrl\":\"https:\/\/galprealpidolomiti.it\/wp-content\/uploads\/2019\/02\/GO3.png\",\"datePublished\":\"2019-02-07T07:56:54+00:00\",\"dateModified\":\"2019-02-07T08:11:59+00:00\",\"breadcrumb\":{\"@id\":\"https:\/\/galprealpidolomiti.it\/corso-di-formazione-imprese-intelligenti-e-competitive\/#breadcrumb\"},\"inLanguage\":\"it-IT\",\"potentialAction\":[{\"@type\":\"ReadAction\",\"target\":[\"https:\/\/galprealpidolomiti.it\/corso-di-formazione-imprese-intelligenti-e-competitive\/\"]}]},{\"@type\":\"ImageObject\",\"inLanguage\":\"it-IT\",\"@id\":\"https:\/\/galprealpidolomiti.it\/corso-di-formazione-imprese-intelligenti-e-competitive\/#primaryimage\",\"url\":\"https:\/\/galprealpidolomiti.it\/wp-content\/uploads\/2019\/02\/GO3.png\",\"contentUrl\":\"https:\/\/galprealpidolomiti.it\/wp-content\/uploads\/2019\/02\/GO3.png\"},{\"@type\":\"BreadcrumbList\",\"@id\":\"https:\/\/galprealpidolomiti.it\/corso-di-formazione-imprese-intelligenti-e-competitive\/#breadcrumb\",\"itemListElement\":[{\"@type\":\"ListItem\",\"position\":1,\"name\":\"Home\",\"item\":\"https:\/\/galprealpidolomiti.it\/\"},{\"@type\":\"ListItem\",\"position\":2,\"name\":\"CORSO DI FORMAZIONE IMPRESE INTELLIGENTI E COMPETITIVE\"}]},{\"@type\":\"WebSite\",\"@id\":\"https:\/\/galprealpidolomiti.it\/#website\",\"url\":\"https:\/\/galprealpidolomiti.it\/\",\"name\":\"GAL Prealpi e Dolomiti\",\"description\":\"Gruppo di Azione Locale\",\"publisher\":{\"@id\":\"https:\/\/galprealpidolomiti.it\/#organization\"},\"potentialAction\":[{\"@type\":\"SearchAction\",\"target\":{\"@type\":\"EntryPoint\",\"urlTemplate\":\"https:\/\/galprealpidolomiti.it\/?s={search_term_string}\"},\"query-input\":{\"@type\":\"PropertyValueSpecification\",\"valueRequired\":true,\"valueName\":\"search_term_string\"}}],\"inLanguage\":\"it-IT\"},{\"@type\":\"Organization\",\"@id\":\"https:\/\/galprealpidolomiti.it\/#organization\",\"name\":\"GAL Prealpi e Dolomiti\",\"url\":\"https:\/\/galprealpidolomiti.it\/\",\"logo\":{\"@type\":\"ImageObject\",\"inLanguage\":\"it-IT\",\"@id\":\"https:\/\/galprealpidolomiti.it\/#\/schema\/logo\/image\/\",\"url\":\"https:\/\/www.galprealpidolomiti.it\/old\/wp-content\/uploads\/2020\/03\/striscia-5-loghi.png\",\"contentUrl\":\"https:\/\/www.galprealpidolomiti.it\/old\/wp-content\/uploads\/2020\/03\/striscia-5-loghi.png\",\"width\":1177,\"height\":228,\"caption\":\"GAL Prealpi e Dolomiti\"},\"image\":{\"@id\":\"https:\/\/galprealpidolomiti.it\/#\/schema\/logo\/image\/\"}}]}<\/script>\n<!-- \/ Yoast SEO plugin. -->","yoast_head_json":{"title":"CORSO DI FORMAZIONE IMPRESE INTELLIGENTI E COMPETITIVE - GAL Prealpi e Dolomiti","robots":{"index":"index","follow":"follow","max-snippet":"max-snippet:-1","max-image-preview":"max-image-preview:large","max-video-preview":"max-video-preview:-1"},"canonical":"https:\/\/galprealpidolomiti.it\/corso-di-formazione-imprese-intelligenti-e-competitive\/","og_locale":"it_IT","og_type":"article","og_title":"CORSO DI FORMAZIONE IMPRESE INTELLIGENTI E COMPETITIVE - GAL Prealpi e Dolomiti","og_description":"LE OPPORTUNIT\u00c0 OFFERTE DALLA\u00a0MISURA 16 \u201cCOOPERAZIONE\u201d\u00a0DEL PSR DELLA REGIONE DEL VENETO E DEL PROGRAMMA DI SVILUPPO LOCALE DEL GAL PREALPI E DOLOMITI &nbsp; Una delle novit\u00e0 pi\u00f9 rilevanti del Programma di Sviluppo Rurale 2014-2020 del Veneto \u00e8 la misura 16 relativa alla costituzione e attivit\u00e0 dei Gruppi Operativi del PEI (Partenariato Europeo per l\u2019Innovazione) in[.....]","og_url":"https:\/\/galprealpidolomiti.it\/corso-di-formazione-imprese-intelligenti-e-competitive\/","og_site_name":"GAL Prealpi e Dolomiti","article_modified_time":"2019-02-07T08:11:59+00:00","og_image":[{"url":"https:\/\/galprealpidolomiti.it\/wp-content\/uploads\/2019\/02\/GO3.png","type":"","width":"","height":""}],"twitter_card":"summary_large_image","twitter_misc":{"Tempo di lettura stimato":"1 minuto"},"schema":{"@context":"https:\/\/schema.org","@graph":[{"@type":"WebPage","@id":"https:\/\/galprealpidolomiti.it\/corso-di-formazione-imprese-intelligenti-e-competitive\/","url":"https:\/\/galprealpidolomiti.it\/corso-di-formazione-imprese-intelligenti-e-competitive\/","name":"CORSO DI FORMAZIONE IMPRESE INTELLIGENTI E COMPETITIVE - GAL Prealpi e Dolomiti","isPartOf":{"@id":"https:\/\/galprealpidolomiti.it\/#website"},"primaryImageOfPage":{"@id":"https:\/\/galprealpidolomiti.it\/corso-di-formazione-imprese-intelligenti-e-competitive\/#primaryimage"},"image":{"@id":"https:\/\/galprealpidolomiti.it\/corso-di-formazione-imprese-intelligenti-e-competitive\/#primaryimage"},"thumbnailUrl":"https:\/\/galprealpidolomiti.it\/wp-content\/uploads\/2019\/02\/GO3.png","datePublished":"2019-02-07T07:56:54+00:00","dateModified":"2019-02-07T08:11:59+00:00","breadcrumb":{"@id":"https:\/\/galprealpidolomiti.it\/corso-di-formazione-imprese-intelligenti-e-competitive\/#breadcrumb"},"inLanguage":"it-IT","potentialAction":[{"@type":"ReadAction","target":["https:\/\/galprealpidolomiti.it\/corso-di-formazione-imprese-intelligenti-e-competitive\/"]}]},{"@type":"ImageObject","inLanguage":"it-IT","@id":"https:\/\/galprealpidolomiti.it\/corso-di-formazione-imprese-intelligenti-e-competitive\/#primaryimage","url":"https:\/\/galprealpidolomiti.it\/wp-content\/uploads\/2019\/02\/GO3.png","contentUrl":"https:\/\/galprealpidolomiti.it\/wp-content\/uploads\/2019\/02\/GO3.png"},{"@type":"BreadcrumbList","@id":"https:\/\/galprealpidolomiti.it\/corso-di-formazione-imprese-intelligenti-e-competitive\/#breadcrumb","itemListElement":[{"@type":"ListItem","position":1,"name":"Home","item":"https:\/\/galprealpidolomiti.it\/"},{"@type":"ListItem","position":2,"name":"CORSO DI FORMAZIONE IMPRESE INTELLIGENTI E COMPETITIVE"}]},{"@type":"WebSite","@id":"https:\/\/galprealpidolomiti.it\/#website","url":"https:\/\/galprealpidolomiti.it\/","name":"GAL Prealpi e Dolomiti","description":"Gruppo di Azione Locale","publisher":{"@id":"https:\/\/galprealpidolomiti.it\/#organization"},"potentialAction":[{"@type":"SearchAction","target":{"@type":"EntryPoint","urlTemplate":"https:\/\/galprealpidolomiti.it\/?s={search_term_string}"},"query-input":{"@type":"PropertyValueSpecification","valueRequired":true,"valueName":"search_term_string"}}],"inLanguage":"it-IT"},{"@type":"Organization","@id":"https:\/\/galprealpidolomiti.it\/#organization","name":"GAL Prealpi e Dolomiti","url":"https:\/\/galprealpidolomiti.it\/","logo":{"@type":"ImageObject","inLanguage":"it-IT","@id":"https:\/\/galprealpidolomiti.it\/#\/schema\/logo\/image\/","url":"https:\/\/www.galprealpidolomiti.it\/old\/wp-content\/uploads\/2020\/03\/striscia-5-loghi.png","contentUrl":"https:\/\/www.galprealpidolomiti.it\/old\/wp-content\/uploads\/2020\/03\/striscia-5-loghi.png","width":1177,"height":228,"caption":"GAL Prealpi e Dolomiti"},"image":{"@id":"https:\/\/galprealpidolomiti.it\/#\/schema\/logo\/image\/"}}]}},"_links":{"self":[{"href":"https:\/\/www.galprealpidolomiti.it\/old\/wp-json\/wp\/v2\/pages\/9353","targetHints":{"allow":["GET"]}}],"collection":[{"href":"https:\/\/www.galprealpidolomiti.it\/old\/wp-json\/wp\/v2\/pages"}],"about":[{"href":"https:\/\/www.galprealpidolomiti.it\/old\/wp-json\/wp\/v2\/types\/page"}],"author":[{"embeddable":true,"href":"https:\/\/www.galprealpidolomiti.it\/old\/wp-json\/wp\/v2\/users\/3"}],"replies":[{"embeddable":true,"href":"https:\/\/www.galprealpidolomiti.it\/old\/wp-json\/wp\/v2\/comments?post=9353"}],"version-history":[{"count":0,"href":"https:\/\/www.galprealpidolomiti.it\/old\/wp-json\/wp\/v2\/pages\/9353\/revisions"}],"wp:attachment":[{"href":"https:\/\/www.galprealpidolomiti.it\/old\/wp-json\/wp\/v2\/media?parent=9353"}],"wp:term":[{"taxonomy":"category","embeddable":true,"href":"https:\/\/www.galprealpidolomiti.it\/old\/wp-json\/wp\/v2\/categories?post=9353"},{"taxonomy":"post_tag","embeddable":true,"href":"https:\/\/www.galprealpidolomiti.it\/old\/wp-json\/wp\/v2\/tags?post=9353"}],"curies":[{"name":"wp","href":"https:\/\/api.w.org\/{rel}","templated":true}]}}