{"id":697,"date":"2017-03-23T13:04:06","date_gmt":"2017-03-23T12:04:06","guid":{"rendered":"http:\/\/gal.larindev.com\/?page_id=697"},"modified":"2017-03-23T13:04:06","modified_gmt":"2017-03-23T12:04:06","slug":"servizio-europa-2020","status":"publish","type":"page","link":"https:\/\/www.galprealpidolomiti.it\/old\/servizio-europa-2020\/","title":{"rendered":"Servizio Europa 2020"},"content":{"rendered":"<h2 class=\"titolo\" title=\"SERVIZIO SULLE POLITICHE E FINANZIAMENTI NELL\u2019EUROPA 2020\">Servizio sulle politiche e finanziamenti nell&#8217;Europa 2020<\/h2>\n<p>Negli ultimi anni i territori stanno sperimentando livelli di competitivit\u00e0 sempre pi\u00f9 accentuata, mentre in molti Paesi europei le istituzioni pubbliche hanno svolto un lavoro specifico nella <strong>formazione di competenze e professionalit\u00e0<\/strong> in grado di gestire progetti di respiro comunitario all\u2019interno della PA, in Italia questo percorso \u00e8 ancora in fase embrionale, con il risultato che ancora oggi <strong>larga parte dei territori non \u00e8 capace di sfruttare molte delle opportunit\u00e0 offerte<\/strong>.<br \/>\nL\u2019avvio del periodo di programmazione 2014-2020 deve perci\u00f2 incoraggiare gli enti locali a dotarsi di una <strong>visione strategica<\/strong> e di <strong>competenze adeguate<\/strong> per promuovere in maniera innovativa e integrata le proprie politiche di sviluppo sul territorio.<br \/>\nIl Servizio ha come <strong>obiettivo generale<\/strong> la realizzazione di un processo di <em>capacity building<\/em> degli attori pubblici che operano nel contesto territoriale del GAL, che permetta loro di elaborare concretamente strategie integrate di sviluppo locale, coerenti con gli indirizzi della programmazione 2014-2020, e con un approccio multifondo, capaci perci\u00f2 di affrontare i diversi fabbisogni del territorio attraverso iniziative e strumenti finanziari provenienti da fonti diverse, ma tra loro funzionali.<\/p>\n","protected":false},"excerpt":{"rendered":"<p>Servizio sulle politiche e finanziamenti nell&#8217;Europa 2020 Negli ultimi anni i territori stanno sperimentando livelli di competitivit\u00e0 sempre pi\u00f9 accentuata, mentre in molti Paesi europei le istituzioni pubbliche hanno svolto un lavoro specifico nella formazione di competenze e professionalit\u00e0 in grado di gestire progetti di respiro comunitario all\u2019interno della PA, in Italia questo percorso \u00e8[&#8230;..]<\/p>\n","protected":false},"author":1,"featured_media":0,"parent":0,"menu_order":11,"comment_status":"closed","ping_status":"closed","template":"","meta":{"footnotes":""},"categories":[],"tags":[],"class_list":["post-697","page","type-page","status-publish","hentry"],"yoast_head":"<!-- This site is optimized with the Yoast SEO plugin v25.7 - https:\/\/yoast.com\/wordpress\/plugins\/seo\/ -->\n<title>Servizio Europa 2020 - GAL Prealpi e Dolomiti<\/title>\n<meta name=\"robots\" content=\"index, follow, max-snippet:-1, max-image-preview:large, max-video-preview:-1\" \/>\n<link rel=\"canonical\" href=\"https:\/\/galprealpidolomiti.it\/servizio-europa-2020\/\" \/>\n<meta property=\"og:locale\" content=\"it_IT\" \/>\n<meta property=\"og:type\" content=\"article\" \/>\n<meta property=\"og:title\" content=\"Servizio Europa 2020 - GAL Prealpi e Dolomiti\" \/>\n<meta property=\"og:description\" content=\"Servizio sulle politiche e finanziamenti nell&#8217;Europa 2020 Negli ultimi anni i territori stanno sperimentando livelli di competitivit\u00e0 sempre pi\u00f9 accentuata, mentre in molti Paesi europei le istituzioni pubbliche hanno svolto un lavoro specifico nella formazione di competenze e professionalit\u00e0 in grado di gestire progetti di respiro comunitario all\u2019interno della PA, in Italia questo percorso \u00e8[.....]\" \/>\n<meta property=\"og:url\" content=\"https:\/\/galprealpidolomiti.it\/servizio-europa-2020\/\" \/>\n<meta property=\"og:site_name\" content=\"GAL Prealpi e Dolomiti\" \/>\n<meta name=\"twitter:card\" content=\"summary_large_image\" \/>\n<meta name=\"twitter:label1\" content=\"Tempo di lettura stimato\" \/>\n\t<meta name=\"twitter:data1\" content=\"1 minuto\" \/>\n<script type=\"application\/ld+json\" class=\"yoast-schema-graph\">{\"@context\":\"https:\/\/schema.org\",\"@graph\":[{\"@type\":\"WebPage\",\"@id\":\"https:\/\/galprealpidolomiti.it\/servizio-europa-2020\/\",\"url\":\"https:\/\/galprealpidolomiti.it\/servizio-europa-2020\/\",\"name\":\"Servizio Europa 2020 - GAL Prealpi e Dolomiti\",\"isPartOf\":{\"@id\":\"https:\/\/galprealpidolomiti.it\/#website\"},\"datePublished\":\"2017-03-23T12:04:06+00:00\",\"breadcrumb\":{\"@id\":\"https:\/\/galprealpidolomiti.it\/servizio-europa-2020\/#breadcrumb\"},\"inLanguage\":\"it-IT\",\"potentialAction\":[{\"@type\":\"ReadAction\",\"target\":[\"https:\/\/galprealpidolomiti.it\/servizio-europa-2020\/\"]}]},{\"@type\":\"BreadcrumbList\",\"@id\":\"https:\/\/galprealpidolomiti.it\/servizio-europa-2020\/#breadcrumb\",\"itemListElement\":[{\"@type\":\"ListItem\",\"position\":1,\"name\":\"Home\",\"item\":\"https:\/\/galprealpidolomiti.it\/\"},{\"@type\":\"ListItem\",\"position\":2,\"name\":\"Servizio Europa 2020\"}]},{\"@type\":\"WebSite\",\"@id\":\"https:\/\/galprealpidolomiti.it\/#website\",\"url\":\"https:\/\/galprealpidolomiti.it\/\",\"name\":\"GAL Prealpi e Dolomiti\",\"description\":\"Gruppo di Azione Locale\",\"publisher\":{\"@id\":\"https:\/\/galprealpidolomiti.it\/#organization\"},\"potentialAction\":[{\"@type\":\"SearchAction\",\"target\":{\"@type\":\"EntryPoint\",\"urlTemplate\":\"https:\/\/galprealpidolomiti.it\/?s={search_term_string}\"},\"query-input\":{\"@type\":\"PropertyValueSpecification\",\"valueRequired\":true,\"valueName\":\"search_term_string\"}}],\"inLanguage\":\"it-IT\"},{\"@type\":\"Organization\",\"@id\":\"https:\/\/galprealpidolomiti.it\/#organization\",\"name\":\"GAL Prealpi e Dolomiti\",\"url\":\"https:\/\/galprealpidolomiti.it\/\",\"logo\":{\"@type\":\"ImageObject\",\"inLanguage\":\"it-IT\",\"@id\":\"https:\/\/galprealpidolomiti.it\/#\/schema\/logo\/image\/\",\"url\":\"https:\/\/www.galprealpidolomiti.it\/old\/wp-content\/uploads\/2020\/03\/striscia-5-loghi.png\",\"contentUrl\":\"https:\/\/www.galprealpidolomiti.it\/old\/wp-content\/uploads\/2020\/03\/striscia-5-loghi.png\",\"width\":1177,\"height\":228,\"caption\":\"GAL Prealpi e Dolomiti\"},\"image\":{\"@id\":\"https:\/\/galprealpidolomiti.it\/#\/schema\/logo\/image\/\"}}]}<\/script>\n<!-- \/ Yoast SEO plugin. -->","yoast_head_json":{"title":"Servizio Europa 2020 - GAL Prealpi e Dolomiti","robots":{"index":"index","follow":"follow","max-snippet":"max-snippet:-1","max-image-preview":"max-image-preview:large","max-video-preview":"max-video-preview:-1"},"canonical":"https:\/\/galprealpidolomiti.it\/servizio-europa-2020\/","og_locale":"it_IT","og_type":"article","og_title":"Servizio Europa 2020 - GAL Prealpi e Dolomiti","og_description":"Servizio sulle politiche e finanziamenti nell&#8217;Europa 2020 Negli ultimi anni i territori stanno sperimentando livelli di competitivit\u00e0 sempre pi\u00f9 accentuata, mentre in molti Paesi europei le istituzioni pubbliche hanno svolto un lavoro specifico nella formazione di competenze e professionalit\u00e0 in grado di gestire progetti di respiro comunitario all\u2019interno della PA, in Italia questo percorso \u00e8[.....]","og_url":"https:\/\/galprealpidolomiti.it\/servizio-europa-2020\/","og_site_name":"GAL Prealpi e Dolomiti","twitter_card":"summary_large_image","twitter_misc":{"Tempo di lettura stimato":"1 minuto"},"schema":{"@context":"https:\/\/schema.org","@graph":[{"@type":"WebPage","@id":"https:\/\/galprealpidolomiti.it\/servizio-europa-2020\/","url":"https:\/\/galprealpidolomiti.it\/servizio-europa-2020\/","name":"Servizio Europa 2020 - GAL Prealpi e Dolomiti","isPartOf":{"@id":"https:\/\/galprealpidolomiti.it\/#website"},"datePublished":"2017-03-23T12:04:06+00:00","breadcrumb":{"@id":"https:\/\/galprealpidolomiti.it\/servizio-europa-2020\/#breadcrumb"},"inLanguage":"it-IT","potentialAction":[{"@type":"ReadAction","target":["https:\/\/galprealpidolomiti.it\/servizio-europa-2020\/"]}]},{"@type":"BreadcrumbList","@id":"https:\/\/galprealpidolomiti.it\/servizio-europa-2020\/#breadcrumb","itemListElement":[{"@type":"ListItem","position":1,"name":"Home","item":"https:\/\/galprealpidolomiti.it\/"},{"@type":"ListItem","position":2,"name":"Servizio Europa 2020"}]},{"@type":"WebSite","@id":"https:\/\/galprealpidolomiti.it\/#website","url":"https:\/\/galprealpidolomiti.it\/","name":"GAL Prealpi e Dolomiti","description":"Gruppo di Azione Locale","publisher":{"@id":"https:\/\/galprealpidolomiti.it\/#organization"},"potentialAction":[{"@type":"SearchAction","target":{"@type":"EntryPoint","urlTemplate":"https:\/\/galprealpidolomiti.it\/?s={search_term_string}"},"query-input":{"@type":"PropertyValueSpecification","valueRequired":true,"valueName":"search_term_string"}}],"inLanguage":"it-IT"},{"@type":"Organization","@id":"https:\/\/galprealpidolomiti.it\/#organization","name":"GAL Prealpi e Dolomiti","url":"https:\/\/galprealpidolomiti.it\/","logo":{"@type":"ImageObject","inLanguage":"it-IT","@id":"https:\/\/galprealpidolomiti.it\/#\/schema\/logo\/image\/","url":"https:\/\/www.galprealpidolomiti.it\/old\/wp-content\/uploads\/2020\/03\/striscia-5-loghi.png","contentUrl":"https:\/\/www.galprealpidolomiti.it\/old\/wp-content\/uploads\/2020\/03\/striscia-5-loghi.png","width":1177,"height":228,"caption":"GAL Prealpi e Dolomiti"},"image":{"@id":"https:\/\/galprealpidolomiti.it\/#\/schema\/logo\/image\/"}}]}},"_links":{"self":[{"href":"https:\/\/www.galprealpidolomiti.it\/old\/wp-json\/wp\/v2\/pages\/697","targetHints":{"allow":["GET"]}}],"collection":[{"href":"https:\/\/www.galprealpidolomiti.it\/old\/wp-json\/wp\/v2\/pages"}],"about":[{"href":"https:\/\/www.galprealpidolomiti.it\/old\/wp-json\/wp\/v2\/types\/page"}],"author":[{"embeddable":true,"href":"https:\/\/www.galprealpidolomiti.it\/old\/wp-json\/wp\/v2\/users\/1"}],"replies":[{"embeddable":true,"href":"https:\/\/www.galprealpidolomiti.it\/old\/wp-json\/wp\/v2\/comments?post=697"}],"version-history":[{"count":0,"href":"https:\/\/www.galprealpidolomiti.it\/old\/wp-json\/wp\/v2\/pages\/697\/revisions"}],"wp:attachment":[{"href":"https:\/\/www.galprealpidolomiti.it\/old\/wp-json\/wp\/v2\/media?parent=697"}],"wp:term":[{"taxonomy":"category","embeddable":true,"href":"https:\/\/www.galprealpidolomiti.it\/old\/wp-json\/wp\/v2\/categories?post=697"},{"taxonomy":"post_tag","embeddable":true,"href":"https:\/\/www.galprealpidolomiti.it\/old\/wp-json\/wp\/v2\/tags?post=697"}],"curies":[{"name":"wp","href":"https:\/\/api.w.org\/{rel}","templated":true}]}}