{"id":485,"date":"2017-03-20T15:10:10","date_gmt":"2017-03-20T14:10:10","guid":{"rendered":"http:\/\/gal.larindev.com\/processo-partecipativo\/filiere-e-sistemi-produttivi"},"modified":"2017-04-20T15:14:39","modified_gmt":"2017-04-20T13:14:39","slug":"filiere-e-sistemi-produttivi","status":"publish","type":"page","link":"https:\/\/www.galprealpidolomiti.it\/old\/processo-partecipativo\/filiere-e-sistemi-produttivi\/","title":{"rendered":"Filiere e sistemi produttivi"},"content":{"rendered":"<h2><strong>Tema \u2013 SVILUPPO E INNOVAZIONE DELLE FILIERE E DEI SISTEMI PRODUTTIVI LOCALI<\/strong><\/h2>\n<p><strong>Venerd\u00ec 13 novembre \u2013 Feltre \u2013 Via C. Rizzarda 21 \u2013 sala consigliare dell\u2019Unione Montana Feltrina<em><br \/>\n<\/em><\/strong><br \/>\nLa giornata \u00e8 stata suddivisa in due parti:<br \/>\n\u2013 dalle ore 10.00 alle ore 13.00: <strong>Focus Group<\/strong> rivolto all\u2019<strong>associazionismo forestale, agli enti pubblici, alle associazioni di categoria, ai rappresentanti degli agricoltori, dell\u2019artigianato, del commercio e degli industriali<\/strong>;<br \/>\n\u2013 dalle ore 15.00 alle ore 18.00: <strong>Focus Group<\/strong> rivolto alle <strong>imprese legate al sistema produttivo e ai prodotti tipici.<\/strong><\/p>\n<p><strong>33 partecipanti totali<\/strong><\/p>\n<p><strong>mattina<\/strong>: Associazione Monte Grappa, Centro Consorzi, Coldiretti Belluno, Confartigianato Belluno, Confcommercio Belluno, Confindustria Belluno, Consorzio Legno, Consorzio Imprese Foresteali del Triveneto, Cooperativa Agricola La Fiorita, Green Concept, Latte-Busche, Regola Monte Salatis.<\/p>\n<p><strong>pomeriggio<\/strong>: APPIA Servizi, Associazione FEA di Lamon, Azienda Agricola Verso Dolomiti, Consorzio di tutela Fagiolo di Lamon IGP, Consorzio tutela \u201cMarone\u201d Castagno Feltrino, Consorzio di tutela Noce Feltre, Consorzio Pom Prussian, Consorzio Zucca Santa Bellunese, Cooperativa Agricola La Fiorita, De Carli Legnami, Distilleria Le Crode, Francescon srl, Latteria Lentiai, Nuova Tutto Legno snc, Ospitalit\u00e0 Diffusa Borghi della Schiera, Pro Loco Caorera.<\/p>\n<h4><span style=\"color: #000000;\">Focus Group \u2013 incontro del mattino<\/span><\/h4>\n<div id=\"6a007d845b82e\" class=\"gg_gallery_wrap gg_true_gallery gg_standard_gallery gid_568 gg_hidden_ol gg_ol_bottom_mode gg_main_ol_show_on_h \" data-gg_ol=\"default\"  data-ggom_fx=\"\" data-ggom_timing=\"300\" rel=\"568\" data-nores-txt=\"Nessuna immagine trovata\">      <div class=\"gg_loader\">  <div class=\"ggl_1\"><\/div>  <div class=\"ggl_2\"><\/div>  <div class=\"ggl_3\"><\/div>  <div class=\"ggl_4\"><\/div><\/div>  <div class=\"gg_container\"><div class=\"gg_img \" data-gg-url=\"https:\/\/www.galprealpidolomiti.it\/old\/wp-content\/uploads\/2017\/03\/22.jpg\" data-gg-title=\"22\" data-gg-author=\"\" data-gg-descr=\"\" data-img-id=\"0\" rel=\"568\">  <div class=\"gg_img_inner\"><div class=\"gg_main_img_wrap\"><img decoding=\"async\" src=\"\" data-gg-lazy-src=\"\/\/www.galprealpidolomiti.it\/old\/wp-content\/uploads\/ewpt_cache\/275x210_100_1_c_FFFFFF_243fcdf481e9249ca09fe092fe459328.jpg\" alt=\"22\" class=\"gg_photo gg_main_thumb\" \/><noscript><img decoding=\"async\" src=\"https:\/\/www.galprealpidolomiti.it\/old\/wp-content\/uploads\/2017\/03\/22.jpg\" alt=\"22\" \/><\/noscript><\/div><div class=\"gg_overlays\"><\/div><\/div><\/div><div class=\"gg_img \" data-gg-url=\"https:\/\/www.galprealpidolomiti.it\/old\/wp-content\/uploads\/2017\/03\/42.jpg\" data-gg-title=\"42\" data-gg-author=\"\" data-gg-descr=\"\" data-img-id=\"1\" rel=\"568\">  <div class=\"gg_img_inner\"><div class=\"gg_main_img_wrap\"><img decoding=\"async\" src=\"\" data-gg-lazy-src=\"\/\/www.galprealpidolomiti.it\/old\/wp-content\/uploads\/ewpt_cache\/275x210_100_1_c_FFFFFF_8379a6bb9ea5752597525230e1c12500.jpg\" alt=\"42\" class=\"gg_photo gg_main_thumb\" \/><noscript><img decoding=\"async\" src=\"https:\/\/www.galprealpidolomiti.it\/old\/wp-content\/uploads\/2017\/03\/42.jpg\" alt=\"42\" \/><\/noscript><\/div><div class=\"gg_overlays\"><\/div><\/div><\/div><div class=\"gg_img \" data-gg-url=\"https:\/\/www.galprealpidolomiti.it\/old\/wp-content\/uploads\/2017\/03\/52.jpg\" data-gg-title=\"52\" data-gg-author=\"\" data-gg-descr=\"\" data-img-id=\"2\" rel=\"568\">  <div class=\"gg_img_inner\"><div class=\"gg_main_img_wrap\"><img decoding=\"async\" src=\"\" data-gg-lazy-src=\"\/\/www.galprealpidolomiti.it\/old\/wp-content\/uploads\/ewpt_cache\/275x210_100_1_c_FFFFFF_b98bc748d71cf1e4cc65a497ba93b614.jpg\" alt=\"52\" class=\"gg_photo gg_main_thumb\" \/><noscript><img decoding=\"async\" src=\"https:\/\/www.galprealpidolomiti.it\/old\/wp-content\/uploads\/2017\/03\/52.jpg\" alt=\"52\" \/><\/noscript><\/div><div class=\"gg_overlays\"><\/div><\/div><\/div><div class=\"gg_img \" data-gg-url=\"https:\/\/www.galprealpidolomiti.it\/old\/wp-content\/uploads\/2017\/03\/62.jpg\" data-gg-title=\"62\" data-gg-author=\"\" data-gg-descr=\"\" data-img-id=\"3\" rel=\"568\">  <div class=\"gg_img_inner\"><div class=\"gg_main_img_wrap\"><img decoding=\"async\" src=\"\" data-gg-lazy-src=\"\/\/www.galprealpidolomiti.it\/old\/wp-content\/uploads\/ewpt_cache\/275x210_100_1_c_FFFFFF_09e609feb122b05695ccbdc22339ab41.jpg\" alt=\"62\" class=\"gg_photo gg_main_thumb\" \/><noscript><img decoding=\"async\" src=\"https:\/\/www.galprealpidolomiti.it\/old\/wp-content\/uploads\/2017\/03\/62.jpg\" alt=\"62\" \/><\/noscript><\/div><div class=\"gg_overlays\"><\/div><\/div><\/div><\/div><div style=\"clear: both;\"><\/div><\/div><script type=\"text\/javascript\"> jQuery(document).ready(function($) { if(typeof(gg_galleries_init) == \"function\") {gg_galleries_init(\"6a007d845b82e\"); }});<\/script>\n<h4><span style=\"color: #000000;\">Focus Group \u2013 incontro del pomeriggio<\/span><\/h4>\n<div id=\"6a007d845c1f3\" class=\"gg_gallery_wrap gg_true_gallery gg_standard_gallery gid_577 gg_hidden_ol gg_ol_bottom_mode gg_main_ol_show_on_h \" data-gg_ol=\"default\"  data-ggom_fx=\"\" data-ggom_timing=\"300\" rel=\"577\" data-nores-txt=\"Nessuna immagine trovata\">      <div class=\"gg_loader\">  <div class=\"ggl_1\"><\/div>  <div class=\"ggl_2\"><\/div>  <div class=\"ggl_3\"><\/div>  <div class=\"ggl_4\"><\/div><\/div>  <div class=\"gg_container\"><div class=\"gg_img \" data-gg-url=\"https:\/\/www.galprealpidolomiti.it\/old\/wp-content\/uploads\/2017\/03\/a.jpg\" data-gg-title=\"a\" data-gg-author=\"\" data-gg-descr=\"\" data-img-id=\"0\" rel=\"577\">  <div class=\"gg_img_inner\"><div class=\"gg_main_img_wrap\"><img decoding=\"async\" src=\"\" data-gg-lazy-src=\"\/\/www.galprealpidolomiti.it\/old\/wp-content\/uploads\/ewpt_cache\/275x210_100_1_c_FFFFFF_bad03f7b271cbe7575d2be314a39884f.jpg\" alt=\"a\" class=\"gg_photo gg_main_thumb\" \/><noscript><img decoding=\"async\" src=\"https:\/\/www.galprealpidolomiti.it\/old\/wp-content\/uploads\/2017\/03\/a.jpg\" alt=\"a\" \/><\/noscript><\/div><div class=\"gg_overlays\"><\/div><\/div><\/div><div class=\"gg_img \" data-gg-url=\"https:\/\/www.galprealpidolomiti.it\/old\/wp-content\/uploads\/2017\/03\/71.jpg\" data-gg-title=\"71\" data-gg-author=\"\" data-gg-descr=\"\" data-img-id=\"1\" rel=\"577\">  <div class=\"gg_img_inner\"><div class=\"gg_main_img_wrap\"><img decoding=\"async\" src=\"\" data-gg-lazy-src=\"\/\/www.galprealpidolomiti.it\/old\/wp-content\/uploads\/ewpt_cache\/275x210_100_1_c_FFFFFF_71dcfcc5920747e93058157a0ed77ca3.jpg\" alt=\"71\" class=\"gg_photo gg_main_thumb\" \/><noscript><img decoding=\"async\" src=\"https:\/\/www.galprealpidolomiti.it\/old\/wp-content\/uploads\/2017\/03\/71.jpg\" alt=\"71\" \/><\/noscript><\/div><div class=\"gg_overlays\"><\/div><\/div><\/div><div class=\"gg_img \" data-gg-url=\"https:\/\/www.galprealpidolomiti.it\/old\/wp-content\/uploads\/2017\/03\/81.jpg\" data-gg-title=\"81\" data-gg-author=\"\" data-gg-descr=\"\" data-img-id=\"2\" rel=\"577\">  <div class=\"gg_img_inner\"><div class=\"gg_main_img_wrap\"><img decoding=\"async\" src=\"\" data-gg-lazy-src=\"\/\/www.galprealpidolomiti.it\/old\/wp-content\/uploads\/ewpt_cache\/275x210_100_1_c_FFFFFF_236014aa16531d1a087aa32df6048644.jpg\" alt=\"81\" class=\"gg_photo gg_main_thumb\" \/><noscript><img decoding=\"async\" src=\"https:\/\/www.galprealpidolomiti.it\/old\/wp-content\/uploads\/2017\/03\/81.jpg\" alt=\"81\" \/><\/noscript><\/div><div class=\"gg_overlays\"><\/div><\/div><\/div><div class=\"gg_img \" data-gg-url=\"https:\/\/www.galprealpidolomiti.it\/old\/wp-content\/uploads\/2017\/03\/91.jpg\" data-gg-title=\"91\" data-gg-author=\"\" data-gg-descr=\"\" data-img-id=\"3\" rel=\"577\">  <div class=\"gg_img_inner\"><div class=\"gg_main_img_wrap\"><img decoding=\"async\" src=\"\" data-gg-lazy-src=\"\/\/www.galprealpidolomiti.it\/old\/wp-content\/uploads\/ewpt_cache\/275x210_100_1_c_FFFFFF_1416087aaf82a07b64c94d9c512aea7c.jpg\" alt=\"91\" class=\"gg_photo gg_main_thumb\" \/><noscript><img decoding=\"async\" src=\"https:\/\/www.galprealpidolomiti.it\/old\/wp-content\/uploads\/2017\/03\/91.jpg\" alt=\"91\" \/><\/noscript><\/div><div class=\"gg_overlays\"><\/div><\/div><\/div><\/div><div style=\"clear: both;\"><\/div><\/div><script type=\"text\/javascript\"> jQuery(document).ready(function($) { if(typeof(gg_galleries_init) == \"function\") {gg_galleries_init(\"6a007d845c1f3\"); }});<\/script>\n<h2 style=\"text-align: center;\"><strong>REPORT \u2013 sintesi<br \/>\n<\/strong><\/h2>\n<p>Il <strong>valore aggiunto<\/strong> dato da questo sistema organizzativo basato su legami cooperativi consente alcune innovazioni di processo e di prodotto. Cos\u00ec, l\u2019ottimizzazione degli investimenti (economie dalla condivisione di macchinari e attrezzature) e l\u2019aumento della redditivit\u00e0 di tutti gli anelli della filiera, in particolare quando al prodotto finale viene riconosciuta una maggiore qualit\u00e0 (prodotto certificato, tipico-locale, biologico, ecc), trasparenza per il consumatore (in percorsi di tracciabilit\u00e0) ed eco-sostenibilit\u00e0 (km 0) con rispetto per l\u2019ambiente e le risorse naturali.<\/p>\n<p>In stretta connessione, si osservano <strong>ricadute interessanti per una promozione del territorio<\/strong> in un\u2019ottica di turismo sostenibile che potrebbero alimentare investimenti per l\u2019innovazione e lo sviluppo di filiere corte, valorizzazione dei prodotti locali.<\/p>\n<p>Le <strong>idee progettuali<\/strong> hanno suggerito temi quali: lo sviluppo di filiere per lo smaltimento del siero del latte e di filiere corte in ambito cooperativistico; l\u2019investimento nella diversificazione agricola (orzo per la birra, per esempio) e nel recupero di prodotti di nicchia per lo sviluppo di microfiliere (lana, canapa, erbe officinali); la promozione e valorizzazione del territorio tramite azioni coordinate di marketing.<\/p>\n","protected":false},"excerpt":{"rendered":"<p>Tema \u2013 SVILUPPO E INNOVAZIONE DELLE FILIERE E DEI SISTEMI PRODUTTIVI LOCALI Venerd\u00ec 13 novembre \u2013 Feltre \u2013 Via C. Rizzarda 21 \u2013 sala consigliare dell\u2019Unione Montana Feltrina La giornata \u00e8 stata suddivisa in due parti: \u2013 dalle ore 10.00 alle ore 13.00: Focus Group rivolto all\u2019associazionismo forestale, agli enti pubblici, alle associazioni di categoria,[&#8230;..]<\/p>\n","protected":false},"author":1,"featured_media":0,"parent":449,"menu_order":4,"comment_status":"closed","ping_status":"closed","template":"","meta":{"footnotes":""},"categories":[],"tags":[],"class_list":["post-485","page","type-page","status-publish","hentry"],"yoast_head":"<!-- This site is optimized with the Yoast SEO plugin v25.7 - https:\/\/yoast.com\/wordpress\/plugins\/seo\/ -->\n<title>Filiere e sistemi produttivi - GAL Prealpi e Dolomiti<\/title>\n<meta name=\"robots\" content=\"index, follow, max-snippet:-1, max-image-preview:large, max-video-preview:-1\" \/>\n<link rel=\"canonical\" href=\"https:\/\/galprealpidolomiti.it\/processo-partecipativo\/filiere-e-sistemi-produttivi\/\" \/>\n<meta property=\"og:locale\" content=\"it_IT\" \/>\n<meta property=\"og:type\" content=\"article\" \/>\n<meta property=\"og:title\" content=\"Filiere e sistemi produttivi - GAL Prealpi e Dolomiti\" \/>\n<meta property=\"og:description\" content=\"Tema \u2013 SVILUPPO E INNOVAZIONE DELLE FILIERE E DEI SISTEMI PRODUTTIVI LOCALI Venerd\u00ec 13 novembre \u2013 Feltre \u2013 Via C. Rizzarda 21 \u2013 sala consigliare dell\u2019Unione Montana Feltrina La giornata \u00e8 stata suddivisa in due parti: \u2013 dalle ore 10.00 alle ore 13.00: Focus Group rivolto all\u2019associazionismo forestale, agli enti pubblici, alle associazioni di categoria,[.....]\" \/>\n<meta property=\"og:url\" content=\"https:\/\/galprealpidolomiti.it\/processo-partecipativo\/filiere-e-sistemi-produttivi\/\" \/>\n<meta property=\"og:site_name\" content=\"GAL Prealpi e Dolomiti\" \/>\n<meta property=\"article:modified_time\" content=\"2017-04-20T13:14:39+00:00\" \/>\n<meta name=\"twitter:card\" content=\"summary_large_image\" \/>\n<meta name=\"twitter:label1\" content=\"Tempo di lettura stimato\" \/>\n\t<meta name=\"twitter:data1\" content=\"2 minuti\" \/>\n<script type=\"application\/ld+json\" class=\"yoast-schema-graph\">{\"@context\":\"https:\/\/schema.org\",\"@graph\":[{\"@type\":\"WebPage\",\"@id\":\"https:\/\/galprealpidolomiti.it\/processo-partecipativo\/filiere-e-sistemi-produttivi\/\",\"url\":\"https:\/\/galprealpidolomiti.it\/processo-partecipativo\/filiere-e-sistemi-produttivi\/\",\"name\":\"Filiere e sistemi produttivi - GAL Prealpi e Dolomiti\",\"isPartOf\":{\"@id\":\"https:\/\/galprealpidolomiti.it\/#website\"},\"datePublished\":\"2017-03-20T14:10:10+00:00\",\"dateModified\":\"2017-04-20T13:14:39+00:00\",\"breadcrumb\":{\"@id\":\"https:\/\/galprealpidolomiti.it\/processo-partecipativo\/filiere-e-sistemi-produttivi\/#breadcrumb\"},\"inLanguage\":\"it-IT\",\"potentialAction\":[{\"@type\":\"ReadAction\",\"target\":[\"https:\/\/galprealpidolomiti.it\/processo-partecipativo\/filiere-e-sistemi-produttivi\/\"]}]},{\"@type\":\"BreadcrumbList\",\"@id\":\"https:\/\/galprealpidolomiti.it\/processo-partecipativo\/filiere-e-sistemi-produttivi\/#breadcrumb\",\"itemListElement\":[{\"@type\":\"ListItem\",\"position\":1,\"name\":\"Home\",\"item\":\"https:\/\/galprealpidolomiti.it\/\"},{\"@type\":\"ListItem\",\"position\":2,\"name\":\"Il Processo partecipativo\",\"item\":\"https:\/\/galprealpidolomiti.it\/processo-partecipativo\/\"},{\"@type\":\"ListItem\",\"position\":3,\"name\":\"Filiere e sistemi produttivi\"}]},{\"@type\":\"WebSite\",\"@id\":\"https:\/\/galprealpidolomiti.it\/#website\",\"url\":\"https:\/\/galprealpidolomiti.it\/\",\"name\":\"GAL Prealpi e Dolomiti\",\"description\":\"Gruppo di Azione Locale\",\"publisher\":{\"@id\":\"https:\/\/galprealpidolomiti.it\/#organization\"},\"potentialAction\":[{\"@type\":\"SearchAction\",\"target\":{\"@type\":\"EntryPoint\",\"urlTemplate\":\"https:\/\/galprealpidolomiti.it\/?s={search_term_string}\"},\"query-input\":{\"@type\":\"PropertyValueSpecification\",\"valueRequired\":true,\"valueName\":\"search_term_string\"}}],\"inLanguage\":\"it-IT\"},{\"@type\":\"Organization\",\"@id\":\"https:\/\/galprealpidolomiti.it\/#organization\",\"name\":\"GAL Prealpi e Dolomiti\",\"url\":\"https:\/\/galprealpidolomiti.it\/\",\"logo\":{\"@type\":\"ImageObject\",\"inLanguage\":\"it-IT\",\"@id\":\"https:\/\/galprealpidolomiti.it\/#\/schema\/logo\/image\/\",\"url\":\"https:\/\/www.galprealpidolomiti.it\/old\/wp-content\/uploads\/2020\/03\/striscia-5-loghi.png\",\"contentUrl\":\"https:\/\/www.galprealpidolomiti.it\/old\/wp-content\/uploads\/2020\/03\/striscia-5-loghi.png\",\"width\":1177,\"height\":228,\"caption\":\"GAL Prealpi e Dolomiti\"},\"image\":{\"@id\":\"https:\/\/galprealpidolomiti.it\/#\/schema\/logo\/image\/\"}}]}<\/script>\n<!-- \/ Yoast SEO plugin. -->","yoast_head_json":{"title":"Filiere e sistemi produttivi - GAL Prealpi e Dolomiti","robots":{"index":"index","follow":"follow","max-snippet":"max-snippet:-1","max-image-preview":"max-image-preview:large","max-video-preview":"max-video-preview:-1"},"canonical":"https:\/\/galprealpidolomiti.it\/processo-partecipativo\/filiere-e-sistemi-produttivi\/","og_locale":"it_IT","og_type":"article","og_title":"Filiere e sistemi produttivi - GAL Prealpi e Dolomiti","og_description":"Tema \u2013 SVILUPPO E INNOVAZIONE DELLE FILIERE E DEI SISTEMI PRODUTTIVI LOCALI Venerd\u00ec 13 novembre \u2013 Feltre \u2013 Via C. Rizzarda 21 \u2013 sala consigliare dell\u2019Unione Montana Feltrina La giornata \u00e8 stata suddivisa in due parti: \u2013 dalle ore 10.00 alle ore 13.00: Focus Group rivolto all\u2019associazionismo forestale, agli enti pubblici, alle associazioni di categoria,[.....]","og_url":"https:\/\/galprealpidolomiti.it\/processo-partecipativo\/filiere-e-sistemi-produttivi\/","og_site_name":"GAL Prealpi e Dolomiti","article_modified_time":"2017-04-20T13:14:39+00:00","twitter_card":"summary_large_image","twitter_misc":{"Tempo di lettura stimato":"2 minuti"},"schema":{"@context":"https:\/\/schema.org","@graph":[{"@type":"WebPage","@id":"https:\/\/galprealpidolomiti.it\/processo-partecipativo\/filiere-e-sistemi-produttivi\/","url":"https:\/\/galprealpidolomiti.it\/processo-partecipativo\/filiere-e-sistemi-produttivi\/","name":"Filiere e sistemi produttivi - GAL Prealpi e Dolomiti","isPartOf":{"@id":"https:\/\/galprealpidolomiti.it\/#website"},"datePublished":"2017-03-20T14:10:10+00:00","dateModified":"2017-04-20T13:14:39+00:00","breadcrumb":{"@id":"https:\/\/galprealpidolomiti.it\/processo-partecipativo\/filiere-e-sistemi-produttivi\/#breadcrumb"},"inLanguage":"it-IT","potentialAction":[{"@type":"ReadAction","target":["https:\/\/galprealpidolomiti.it\/processo-partecipativo\/filiere-e-sistemi-produttivi\/"]}]},{"@type":"BreadcrumbList","@id":"https:\/\/galprealpidolomiti.it\/processo-partecipativo\/filiere-e-sistemi-produttivi\/#breadcrumb","itemListElement":[{"@type":"ListItem","position":1,"name":"Home","item":"https:\/\/galprealpidolomiti.it\/"},{"@type":"ListItem","position":2,"name":"Il Processo partecipativo","item":"https:\/\/galprealpidolomiti.it\/processo-partecipativo\/"},{"@type":"ListItem","position":3,"name":"Filiere e sistemi produttivi"}]},{"@type":"WebSite","@id":"https:\/\/galprealpidolomiti.it\/#website","url":"https:\/\/galprealpidolomiti.it\/","name":"GAL Prealpi e Dolomiti","description":"Gruppo di Azione Locale","publisher":{"@id":"https:\/\/galprealpidolomiti.it\/#organization"},"potentialAction":[{"@type":"SearchAction","target":{"@type":"EntryPoint","urlTemplate":"https:\/\/galprealpidolomiti.it\/?s={search_term_string}"},"query-input":{"@type":"PropertyValueSpecification","valueRequired":true,"valueName":"search_term_string"}}],"inLanguage":"it-IT"},{"@type":"Organization","@id":"https:\/\/galprealpidolomiti.it\/#organization","name":"GAL Prealpi e Dolomiti","url":"https:\/\/galprealpidolomiti.it\/","logo":{"@type":"ImageObject","inLanguage":"it-IT","@id":"https:\/\/galprealpidolomiti.it\/#\/schema\/logo\/image\/","url":"https:\/\/www.galprealpidolomiti.it\/old\/wp-content\/uploads\/2020\/03\/striscia-5-loghi.png","contentUrl":"https:\/\/www.galprealpidolomiti.it\/old\/wp-content\/uploads\/2020\/03\/striscia-5-loghi.png","width":1177,"height":228,"caption":"GAL Prealpi e Dolomiti"},"image":{"@id":"https:\/\/galprealpidolomiti.it\/#\/schema\/logo\/image\/"}}]}},"_links":{"self":[{"href":"https:\/\/www.galprealpidolomiti.it\/old\/wp-json\/wp\/v2\/pages\/485","targetHints":{"allow":["GET"]}}],"collection":[{"href":"https:\/\/www.galprealpidolomiti.it\/old\/wp-json\/wp\/v2\/pages"}],"about":[{"href":"https:\/\/www.galprealpidolomiti.it\/old\/wp-json\/wp\/v2\/types\/page"}],"author":[{"embeddable":true,"href":"https:\/\/www.galprealpidolomiti.it\/old\/wp-json\/wp\/v2\/users\/1"}],"replies":[{"embeddable":true,"href":"https:\/\/www.galprealpidolomiti.it\/old\/wp-json\/wp\/v2\/comments?post=485"}],"version-history":[{"count":0,"href":"https:\/\/www.galprealpidolomiti.it\/old\/wp-json\/wp\/v2\/pages\/485\/revisions"}],"up":[{"embeddable":true,"href":"https:\/\/www.galprealpidolomiti.it\/old\/wp-json\/wp\/v2\/pages\/449"}],"wp:attachment":[{"href":"https:\/\/www.galprealpidolomiti.it\/old\/wp-json\/wp\/v2\/media?parent=485"}],"wp:term":[{"taxonomy":"category","embeddable":true,"href":"https:\/\/www.galprealpidolomiti.it\/old\/wp-json\/wp\/v2\/categories?post=485"},{"taxonomy":"post_tag","embeddable":true,"href":"https:\/\/www.galprealpidolomiti.it\/old\/wp-json\/wp\/v2\/tags?post=485"}],"curies":[{"name":"wp","href":"https:\/\/api.w.org\/{rel}","templated":true}]}}