{"id":484,"date":"2017-03-20T15:10:10","date_gmt":"2017-03-20T14:10:10","guid":{"rendered":"http:\/\/gal.larindev.com\/processo-partecipativo\/inclusione-sociale"},"modified":"2017-04-20T15:09:30","modified_gmt":"2017-04-20T13:09:30","slug":"inclusione-sociale","status":"publish","type":"page","link":"https:\/\/www.galprealpidolomiti.it\/old\/processo-partecipativo\/inclusione-sociale\/","title":{"rendered":"Inclusione sociale"},"content":{"rendered":"<h2><span style=\"color: #000000;\">Tema &#8211; INCLUSIONE, INNOVAZIONE SOCIALE E QUALITA&#8217; DELLA VITA<\/span><\/h2>\n<p><strong>Gioved\u00ec 12 novembre &#8211; Belluno &#8211; Via S.Andrea 5 &#8211; sala piloni della Provincia di Belluno<em><br \/>\n<\/em><\/strong><\/p>\n<p style=\"text-align: justify;\">La giornata, che si \u00e8 svolta secondo la metodologia del <em><strong>workshop<\/strong><\/em>, \u00e8 stata dedicata al tema dell&#8217;inclusione sociale e ha coinvolto referenti sia pubblici sia privati.<\/p>\n<p style=\"text-align: justify;\"><strong>12 partecipanti totali<\/strong><\/p>\n<p style=\"text-align: justify;\">Confcooperative, Confagricoltura Agriturist, Coldiretti Belluno, ASSI onlus, Associazione Italiana Persone Down, AIPD Belluno, SOMS Lentiai Special Olympics, Provincia di Belluno, IIS Dell Lucia)<\/p>\n<h4><span style=\"color: #000000;\">Workshop con gli stakeholders<\/span><\/h4>\n<p style=\"text-align: justify;\"><div id=\"6a007d59cddcd\" class=\"gg_gallery_wrap gg_true_gallery gg_standard_gallery gid_552 gg_hidden_ol gg_ol_bottom_mode gg_main_ol_show_on_h \" data-gg_ol=\"default\"  data-ggom_fx=\"\" data-ggom_timing=\"300\" rel=\"552\" data-nores-txt=\"Nessuna immagine trovata\">      <div class=\"gg_loader\">  <div class=\"ggl_1\"><\/div>  <div class=\"ggl_2\"><\/div>  <div class=\"ggl_3\"><\/div>  <div class=\"ggl_4\"><\/div><\/div>  <div class=\"gg_container\"><div class=\"gg_img \" data-gg-url=\"https:\/\/www.galprealpidolomiti.it\/old\/wp-content\/uploads\/2017\/03\/21.jpg\" data-gg-title=\"21\" data-gg-author=\"\" data-gg-descr=\"\" data-img-id=\"0\" rel=\"552\">  <div class=\"gg_img_inner\"><div class=\"gg_main_img_wrap\"><img decoding=\"async\" src=\"\" data-gg-lazy-src=\"\/\/www.galprealpidolomiti.it\/old\/wp-content\/uploads\/ewpt_cache\/275x210_100_1_c_FFFFFF_3a3d4d117a50a1b0b4cd867ec9f2481e.jpg\" alt=\"21\" class=\"gg_photo gg_main_thumb\" \/><noscript><img decoding=\"async\" src=\"https:\/\/www.galprealpidolomiti.it\/old\/wp-content\/uploads\/2017\/03\/21.jpg\" alt=\"21\" \/><\/noscript><\/div><div class=\"gg_overlays\"><\/div><\/div><\/div><div class=\"gg_img \" data-gg-url=\"https:\/\/www.galprealpidolomiti.it\/old\/wp-content\/uploads\/2017\/03\/31.jpg\" data-gg-title=\"31\" data-gg-author=\"\" data-gg-descr=\"\" data-img-id=\"1\" rel=\"552\">  <div class=\"gg_img_inner\"><div class=\"gg_main_img_wrap\"><img decoding=\"async\" src=\"\" data-gg-lazy-src=\"\/\/www.galprealpidolomiti.it\/old\/wp-content\/uploads\/ewpt_cache\/275x210_100_1_c_FFFFFF_25cd5c308c436f1e9b65704b1e2c350c.jpg\" alt=\"31\" class=\"gg_photo gg_main_thumb\" \/><noscript><img decoding=\"async\" src=\"https:\/\/www.galprealpidolomiti.it\/old\/wp-content\/uploads\/2017\/03\/31.jpg\" alt=\"31\" \/><\/noscript><\/div><div class=\"gg_overlays\"><\/div><\/div><\/div><div class=\"gg_img \" data-gg-url=\"https:\/\/www.galprealpidolomiti.it\/old\/wp-content\/uploads\/2017\/03\/41.jpg\" data-gg-title=\"41\" data-gg-author=\"\" data-gg-descr=\"\" data-img-id=\"2\" rel=\"552\">  <div class=\"gg_img_inner\"><div class=\"gg_main_img_wrap\"><img decoding=\"async\" src=\"\" data-gg-lazy-src=\"\/\/www.galprealpidolomiti.it\/old\/wp-content\/uploads\/ewpt_cache\/275x210_100_1_c_FFFFFF_c77fa0ea155bbbae5f130379c80e7cf5.jpg\" alt=\"41\" class=\"gg_photo gg_main_thumb\" \/><noscript><img decoding=\"async\" src=\"https:\/\/www.galprealpidolomiti.it\/old\/wp-content\/uploads\/2017\/03\/41.jpg\" alt=\"41\" \/><\/noscript><\/div><div class=\"gg_overlays\"><\/div><\/div><\/div><div class=\"gg_img \" data-gg-url=\"https:\/\/www.galprealpidolomiti.it\/old\/wp-content\/uploads\/2017\/03\/51.jpg\" data-gg-title=\"51\" data-gg-author=\"\" data-gg-descr=\"\" data-img-id=\"3\" rel=\"552\">  <div class=\"gg_img_inner\"><div class=\"gg_main_img_wrap\"><img decoding=\"async\" src=\"\" data-gg-lazy-src=\"\/\/www.galprealpidolomiti.it\/old\/wp-content\/uploads\/ewpt_cache\/275x210_100_1_c_FFFFFF_042fe84bee59923ee448e17cf95f9fc9.jpg\" alt=\"51\" class=\"gg_photo gg_main_thumb\" \/><noscript><img decoding=\"async\" src=\"https:\/\/www.galprealpidolomiti.it\/old\/wp-content\/uploads\/2017\/03\/51.jpg\" alt=\"51\" \/><\/noscript><\/div><div class=\"gg_overlays\"><\/div><\/div><\/div><\/div><div style=\"clear: both;\"><\/div><\/div><script type=\"text\/javascript\"> jQuery(document).ready(function($) { if(typeof(gg_galleries_init) == \"function\") {gg_galleries_init(\"6a007d59cddcd\"); }});<\/script><\/p>\n<h2 style=\"text-align: center;\"><strong>REPORT \u2013 sintesi<br \/>\n<\/strong><\/h2>\n<p>Emerge chiaramente che anche per fare innovazione sociale \u00e8 indispensabile <strong>fare sistema, collaborare e cooperare<\/strong>. Innovare \u00e8 un modo di vedere e usare risorse. Un ruolo strategico in questo va riservato ai giovani a cui si riconosce una mentalit\u00e0 \u201cpi\u00f9 fresca\u201d, elemento necessario per innescare un cambiamento e sviluppare la cooperazione sociale.<br \/>\nLa <strong>diversificazione sociale in agricoltura<\/strong> viene declinata come inclusione sociale di soggetti svantaggiati e fragili attraverso attivit\u00e0 di integrazione lavorativa e miglioramento della qualit\u00e0 di vita e accessibilit\u00e0 ai servizi.<\/p>\n<p>Gli esempi che vengono portati all\u2019attenzione del tavolo indicano che un elemento di innovazione sta nel modo di attivare e combinare creativamente risorse ordinarie. Da una donazione di ceramiche e dal recupero di un ristorante in disuso si sviluppano percorsi di integrazione a carattere ludico e culturale che poi si ritrovano nelle idee progettuali che prendono luce nei lavori di gruppo.<br \/>\nProposte di recupero della cultura e delle tradizioni rurali locali e di promozione dei prodotti agroalimentari emergono come ingredienti nelle<strong> idee di progetto<\/strong>.<\/p>\n","protected":false},"excerpt":{"rendered":"<p>Tema &#8211; INCLUSIONE, INNOVAZIONE SOCIALE E QUALITA&#8217; DELLA VITA Gioved\u00ec 12 novembre &#8211; Belluno &#8211; Via S.Andrea 5 &#8211; sala piloni della Provincia di Belluno La giornata, che si \u00e8 svolta secondo la metodologia del workshop, \u00e8 stata dedicata al tema dell&#8217;inclusione sociale e ha coinvolto referenti sia pubblici sia privati. 12 partecipanti totali Confcooperative,[&#8230;..]<\/p>\n","protected":false},"author":1,"featured_media":0,"parent":449,"menu_order":3,"comment_status":"closed","ping_status":"closed","template":"","meta":{"footnotes":""},"categories":[],"tags":[],"class_list":["post-484","page","type-page","status-publish","hentry"],"yoast_head":"<!-- This site is optimized with the Yoast SEO plugin v25.7 - https:\/\/yoast.com\/wordpress\/plugins\/seo\/ -->\n<title>Inclusione sociale - GAL Prealpi e Dolomiti<\/title>\n<meta name=\"robots\" content=\"index, follow, max-snippet:-1, max-image-preview:large, max-video-preview:-1\" \/>\n<link rel=\"canonical\" href=\"https:\/\/galprealpidolomiti.it\/processo-partecipativo\/inclusione-sociale\/\" \/>\n<meta property=\"og:locale\" content=\"it_IT\" \/>\n<meta property=\"og:type\" content=\"article\" \/>\n<meta property=\"og:title\" content=\"Inclusione sociale - GAL Prealpi e Dolomiti\" \/>\n<meta property=\"og:description\" content=\"Tema &#8211; INCLUSIONE, INNOVAZIONE SOCIALE E QUALITA&#8217; DELLA VITA Gioved\u00ec 12 novembre &#8211; Belluno &#8211; Via S.Andrea 5 &#8211; sala piloni della Provincia di Belluno La giornata, che si \u00e8 svolta secondo la metodologia del workshop, \u00e8 stata dedicata al tema dell&#8217;inclusione sociale e ha coinvolto referenti sia pubblici sia privati. 12 partecipanti totali Confcooperative,[.....]\" \/>\n<meta property=\"og:url\" content=\"https:\/\/galprealpidolomiti.it\/processo-partecipativo\/inclusione-sociale\/\" \/>\n<meta property=\"og:site_name\" content=\"GAL Prealpi e Dolomiti\" \/>\n<meta property=\"article:modified_time\" content=\"2017-04-20T13:09:30+00:00\" \/>\n<meta name=\"twitter:card\" content=\"summary_large_image\" \/>\n<meta name=\"twitter:label1\" content=\"Tempo di lettura stimato\" \/>\n\t<meta name=\"twitter:data1\" content=\"1 minuto\" \/>\n<script type=\"application\/ld+json\" class=\"yoast-schema-graph\">{\"@context\":\"https:\/\/schema.org\",\"@graph\":[{\"@type\":\"WebPage\",\"@id\":\"https:\/\/galprealpidolomiti.it\/processo-partecipativo\/inclusione-sociale\/\",\"url\":\"https:\/\/galprealpidolomiti.it\/processo-partecipativo\/inclusione-sociale\/\",\"name\":\"Inclusione sociale - GAL Prealpi e Dolomiti\",\"isPartOf\":{\"@id\":\"https:\/\/galprealpidolomiti.it\/#website\"},\"datePublished\":\"2017-03-20T14:10:10+00:00\",\"dateModified\":\"2017-04-20T13:09:30+00:00\",\"breadcrumb\":{\"@id\":\"https:\/\/galprealpidolomiti.it\/processo-partecipativo\/inclusione-sociale\/#breadcrumb\"},\"inLanguage\":\"it-IT\",\"potentialAction\":[{\"@type\":\"ReadAction\",\"target\":[\"https:\/\/galprealpidolomiti.it\/processo-partecipativo\/inclusione-sociale\/\"]}]},{\"@type\":\"BreadcrumbList\",\"@id\":\"https:\/\/galprealpidolomiti.it\/processo-partecipativo\/inclusione-sociale\/#breadcrumb\",\"itemListElement\":[{\"@type\":\"ListItem\",\"position\":1,\"name\":\"Home\",\"item\":\"https:\/\/galprealpidolomiti.it\/\"},{\"@type\":\"ListItem\",\"position\":2,\"name\":\"Il Processo partecipativo\",\"item\":\"https:\/\/galprealpidolomiti.it\/processo-partecipativo\/\"},{\"@type\":\"ListItem\",\"position\":3,\"name\":\"Inclusione sociale\"}]},{\"@type\":\"WebSite\",\"@id\":\"https:\/\/galprealpidolomiti.it\/#website\",\"url\":\"https:\/\/galprealpidolomiti.it\/\",\"name\":\"GAL Prealpi e Dolomiti\",\"description\":\"Gruppo di Azione Locale\",\"publisher\":{\"@id\":\"https:\/\/galprealpidolomiti.it\/#organization\"},\"potentialAction\":[{\"@type\":\"SearchAction\",\"target\":{\"@type\":\"EntryPoint\",\"urlTemplate\":\"https:\/\/galprealpidolomiti.it\/?s={search_term_string}\"},\"query-input\":{\"@type\":\"PropertyValueSpecification\",\"valueRequired\":true,\"valueName\":\"search_term_string\"}}],\"inLanguage\":\"it-IT\"},{\"@type\":\"Organization\",\"@id\":\"https:\/\/galprealpidolomiti.it\/#organization\",\"name\":\"GAL Prealpi e Dolomiti\",\"url\":\"https:\/\/galprealpidolomiti.it\/\",\"logo\":{\"@type\":\"ImageObject\",\"inLanguage\":\"it-IT\",\"@id\":\"https:\/\/galprealpidolomiti.it\/#\/schema\/logo\/image\/\",\"url\":\"https:\/\/www.galprealpidolomiti.it\/old\/wp-content\/uploads\/2020\/03\/striscia-5-loghi.png\",\"contentUrl\":\"https:\/\/www.galprealpidolomiti.it\/old\/wp-content\/uploads\/2020\/03\/striscia-5-loghi.png\",\"width\":1177,\"height\":228,\"caption\":\"GAL Prealpi e Dolomiti\"},\"image\":{\"@id\":\"https:\/\/galprealpidolomiti.it\/#\/schema\/logo\/image\/\"}}]}<\/script>\n<!-- \/ Yoast SEO plugin. -->","yoast_head_json":{"title":"Inclusione sociale - GAL Prealpi e Dolomiti","robots":{"index":"index","follow":"follow","max-snippet":"max-snippet:-1","max-image-preview":"max-image-preview:large","max-video-preview":"max-video-preview:-1"},"canonical":"https:\/\/galprealpidolomiti.it\/processo-partecipativo\/inclusione-sociale\/","og_locale":"it_IT","og_type":"article","og_title":"Inclusione sociale - GAL Prealpi e Dolomiti","og_description":"Tema &#8211; INCLUSIONE, INNOVAZIONE SOCIALE E QUALITA&#8217; DELLA VITA Gioved\u00ec 12 novembre &#8211; Belluno &#8211; Via S.Andrea 5 &#8211; sala piloni della Provincia di Belluno La giornata, che si \u00e8 svolta secondo la metodologia del workshop, \u00e8 stata dedicata al tema dell&#8217;inclusione sociale e ha coinvolto referenti sia pubblici sia privati. 12 partecipanti totali Confcooperative,[.....]","og_url":"https:\/\/galprealpidolomiti.it\/processo-partecipativo\/inclusione-sociale\/","og_site_name":"GAL Prealpi e Dolomiti","article_modified_time":"2017-04-20T13:09:30+00:00","twitter_card":"summary_large_image","twitter_misc":{"Tempo di lettura stimato":"1 minuto"},"schema":{"@context":"https:\/\/schema.org","@graph":[{"@type":"WebPage","@id":"https:\/\/galprealpidolomiti.it\/processo-partecipativo\/inclusione-sociale\/","url":"https:\/\/galprealpidolomiti.it\/processo-partecipativo\/inclusione-sociale\/","name":"Inclusione sociale - GAL Prealpi e Dolomiti","isPartOf":{"@id":"https:\/\/galprealpidolomiti.it\/#website"},"datePublished":"2017-03-20T14:10:10+00:00","dateModified":"2017-04-20T13:09:30+00:00","breadcrumb":{"@id":"https:\/\/galprealpidolomiti.it\/processo-partecipativo\/inclusione-sociale\/#breadcrumb"},"inLanguage":"it-IT","potentialAction":[{"@type":"ReadAction","target":["https:\/\/galprealpidolomiti.it\/processo-partecipativo\/inclusione-sociale\/"]}]},{"@type":"BreadcrumbList","@id":"https:\/\/galprealpidolomiti.it\/processo-partecipativo\/inclusione-sociale\/#breadcrumb","itemListElement":[{"@type":"ListItem","position":1,"name":"Home","item":"https:\/\/galprealpidolomiti.it\/"},{"@type":"ListItem","position":2,"name":"Il Processo partecipativo","item":"https:\/\/galprealpidolomiti.it\/processo-partecipativo\/"},{"@type":"ListItem","position":3,"name":"Inclusione sociale"}]},{"@type":"WebSite","@id":"https:\/\/galprealpidolomiti.it\/#website","url":"https:\/\/galprealpidolomiti.it\/","name":"GAL Prealpi e Dolomiti","description":"Gruppo di Azione Locale","publisher":{"@id":"https:\/\/galprealpidolomiti.it\/#organization"},"potentialAction":[{"@type":"SearchAction","target":{"@type":"EntryPoint","urlTemplate":"https:\/\/galprealpidolomiti.it\/?s={search_term_string}"},"query-input":{"@type":"PropertyValueSpecification","valueRequired":true,"valueName":"search_term_string"}}],"inLanguage":"it-IT"},{"@type":"Organization","@id":"https:\/\/galprealpidolomiti.it\/#organization","name":"GAL Prealpi e Dolomiti","url":"https:\/\/galprealpidolomiti.it\/","logo":{"@type":"ImageObject","inLanguage":"it-IT","@id":"https:\/\/galprealpidolomiti.it\/#\/schema\/logo\/image\/","url":"https:\/\/www.galprealpidolomiti.it\/old\/wp-content\/uploads\/2020\/03\/striscia-5-loghi.png","contentUrl":"https:\/\/www.galprealpidolomiti.it\/old\/wp-content\/uploads\/2020\/03\/striscia-5-loghi.png","width":1177,"height":228,"caption":"GAL Prealpi e Dolomiti"},"image":{"@id":"https:\/\/galprealpidolomiti.it\/#\/schema\/logo\/image\/"}}]}},"_links":{"self":[{"href":"https:\/\/www.galprealpidolomiti.it\/old\/wp-json\/wp\/v2\/pages\/484","targetHints":{"allow":["GET"]}}],"collection":[{"href":"https:\/\/www.galprealpidolomiti.it\/old\/wp-json\/wp\/v2\/pages"}],"about":[{"href":"https:\/\/www.galprealpidolomiti.it\/old\/wp-json\/wp\/v2\/types\/page"}],"author":[{"embeddable":true,"href":"https:\/\/www.galprealpidolomiti.it\/old\/wp-json\/wp\/v2\/users\/1"}],"replies":[{"embeddable":true,"href":"https:\/\/www.galprealpidolomiti.it\/old\/wp-json\/wp\/v2\/comments?post=484"}],"version-history":[{"count":0,"href":"https:\/\/www.galprealpidolomiti.it\/old\/wp-json\/wp\/v2\/pages\/484\/revisions"}],"up":[{"embeddable":true,"href":"https:\/\/www.galprealpidolomiti.it\/old\/wp-json\/wp\/v2\/pages\/449"}],"wp:attachment":[{"href":"https:\/\/www.galprealpidolomiti.it\/old\/wp-json\/wp\/v2\/media?parent=484"}],"wp:term":[{"taxonomy":"category","embeddable":true,"href":"https:\/\/www.galprealpidolomiti.it\/old\/wp-json\/wp\/v2\/categories?post=484"},{"taxonomy":"post_tag","embeddable":true,"href":"https:\/\/www.galprealpidolomiti.it\/old\/wp-json\/wp\/v2\/tags?post=484"}],"curies":[{"name":"wp","href":"https:\/\/api.w.org\/{rel}","templated":true}]}}