{"id":483,"date":"2017-03-20T15:10:10","date_gmt":"2017-03-20T14:10:10","guid":{"rendered":"http:\/\/gal.larindev.com\/processo-partecipativo\/nuove-generazioni"},"modified":"2017-04-20T15:11:10","modified_gmt":"2017-04-20T13:11:10","slug":"nuove-generazioni","status":"publish","type":"page","link":"https:\/\/www.galprealpidolomiti.it\/old\/processo-partecipativo\/nuove-generazioni\/","title":{"rendered":"Nuove generazioni"},"content":{"rendered":"<h2 style=\"text-align: justify;\"><strong>Tema &#8211; NUOVE GENERAZIONI E LORO RUOLO NEI PROCESSI DI SVILUPPO DEL TERRITORIO<\/strong><\/h2>\n<p><strong>Mercoled\u00ec 11 novembre &#8211; Sedico &#8211; Piazza della Vittoria 21 &#8211; sala consigliare del Municipio di Sedico<\/strong><\/p>\n<p>La giornata si \u00e8 svolta secondo la metodologia dell&#8217;<em><strong>i<\/strong><strong>ntervista collettiva<\/strong><\/em>, \u00e8 stata dedicata ai giovani e all&#8217;imprenditoria giovanile ed \u00e8 stata divisa in due gruppi:<br \/>\n&#8211; il primo gruppo dalle ore 10.00 alle ore 13.00;<br \/>\n&#8211; il secondo gruppo dalle ore 15.00 alle ore 18.00.<\/p>\n<p style=\"text-align: justify;\"><strong>19 partecipanti totali<\/strong><\/p>\n<p style=\"text-align: justify;\"><strong>mattina<\/strong>: Anga Confragricoltura, Azienda Agricola Marcolina, Azienda Agricola Saetta, Cascina Dolomiti srl, Coldiretti, Consulta studentesca Belluno, Francescon srl, IIS Della Lucia, Ufficio scolastico Scuole in Rete.<br \/>\n<strong>pomeriggio<\/strong>: C.A.G. srl, Confartigianato, D.T. Pante, Gaio snc, Societ\u00e0 agricola Col Belin, Tecno Impianti di Zabot Roberto, Universo Legno, Ristorante \u201cAntica Torre\u201d.<\/p>\n<h4><span style=\"color: #000000;\">Intervista collettiva &#8211; incontro del mattino<\/span><\/h4>\n<div id=\"6a007d70f1059\" class=\"gg_gallery_wrap gg_true_gallery gg_standard_gallery gid_524 gg_hidden_ol gg_ol_bottom_mode gg_main_ol_show_on_h \" data-gg_ol=\"default\"  data-ggom_fx=\"\" data-ggom_timing=\"300\" rel=\"524\" data-nores-txt=\"Nessuna immagine trovata\">      <div class=\"gg_loader\">  <div class=\"ggl_1\"><\/div>  <div class=\"ggl_2\"><\/div>  <div class=\"ggl_3\"><\/div>  <div class=\"ggl_4\"><\/div><\/div>  <div class=\"gg_container\"><div class=\"gg_img \" data-gg-url=\"https:\/\/www.galprealpidolomiti.it\/old\/wp-content\/uploads\/2017\/03\/SAM_0803.jpg\" data-gg-title=\"SAM_0803\" data-gg-author=\"\" data-gg-descr=\"\" data-img-id=\"0\" rel=\"524\">  <div class=\"gg_img_inner\"><div class=\"gg_main_img_wrap\"><img decoding=\"async\" src=\"\" data-gg-lazy-src=\"\/\/www.galprealpidolomiti.it\/old\/wp-content\/uploads\/ewpt_cache\/275x210_100_1_c_FFFFFF_069ed28b44e80c7d7e09a111fddd98f6.jpg\" alt=\"SAM_0803\" class=\"gg_photo gg_main_thumb\" \/><noscript><img decoding=\"async\" src=\"https:\/\/www.galprealpidolomiti.it\/old\/wp-content\/uploads\/2017\/03\/SAM_0803.jpg\" alt=\"SAM_0803\" \/><\/noscript><\/div><div class=\"gg_overlays\"><\/div><\/div><\/div><div class=\"gg_img \" data-gg-url=\"https:\/\/www.galprealpidolomiti.it\/old\/wp-content\/uploads\/2017\/03\/SAM_0799.jpg\" data-gg-title=\"SAM_0799\" data-gg-author=\"\" data-gg-descr=\"\" data-img-id=\"1\" rel=\"524\">  <div class=\"gg_img_inner\"><div class=\"gg_main_img_wrap\"><img decoding=\"async\" src=\"\" data-gg-lazy-src=\"\/\/www.galprealpidolomiti.it\/old\/wp-content\/uploads\/ewpt_cache\/275x210_100_1_c_FFFFFF_f9f130b9e9c615b133294dc00d2eb3bf.jpg\" alt=\"SAM_0799\" class=\"gg_photo gg_main_thumb\" \/><noscript><img decoding=\"async\" src=\"https:\/\/www.galprealpidolomiti.it\/old\/wp-content\/uploads\/2017\/03\/SAM_0799.jpg\" alt=\"SAM_0799\" \/><\/noscript><\/div><div class=\"gg_overlays\"><\/div><\/div><\/div><div class=\"gg_img \" data-gg-url=\"https:\/\/www.galprealpidolomiti.it\/old\/wp-content\/uploads\/2017\/03\/SAM_0797.jpg\" data-gg-title=\"SAM_0797\" data-gg-author=\"\" data-gg-descr=\"\" data-img-id=\"2\" rel=\"524\">  <div class=\"gg_img_inner\"><div class=\"gg_main_img_wrap\"><img decoding=\"async\" src=\"\" data-gg-lazy-src=\"\/\/www.galprealpidolomiti.it\/old\/wp-content\/uploads\/ewpt_cache\/275x210_100_1_c_FFFFFF_7d736a5f00013efe611e753b6f8a0218.jpg\" alt=\"SAM_0797\" class=\"gg_photo gg_main_thumb\" \/><noscript><img decoding=\"async\" src=\"https:\/\/www.galprealpidolomiti.it\/old\/wp-content\/uploads\/2017\/03\/SAM_0797.jpg\" alt=\"SAM_0797\" \/><\/noscript><\/div><div class=\"gg_overlays\"><\/div><\/div><\/div><div class=\"gg_img \" data-gg-url=\"https:\/\/www.galprealpidolomiti.it\/old\/wp-content\/uploads\/2017\/03\/SAM_0806.jpg\" data-gg-title=\"SAM_0806\" data-gg-author=\"\" data-gg-descr=\"\" data-img-id=\"3\" rel=\"524\">  <div class=\"gg_img_inner\"><div class=\"gg_main_img_wrap\"><img decoding=\"async\" src=\"\" data-gg-lazy-src=\"\/\/www.galprealpidolomiti.it\/old\/wp-content\/uploads\/ewpt_cache\/275x210_100_1_c_FFFFFF_7d94718b050908d8eb0f60fe38bee73c.jpg\" alt=\"SAM_0806\" class=\"gg_photo gg_main_thumb\" \/><noscript><img decoding=\"async\" src=\"https:\/\/www.galprealpidolomiti.it\/old\/wp-content\/uploads\/2017\/03\/SAM_0806.jpg\" alt=\"SAM_0806\" \/><\/noscript><\/div><div class=\"gg_overlays\"><\/div><\/div><\/div><\/div><div style=\"clear: both;\"><\/div><\/div><script type=\"text\/javascript\"> jQuery(document).ready(function($) { if(typeof(gg_galleries_init) == \"function\") {gg_galleries_init(\"6a007d70f1059\"); }});<\/script>\n<h4><span style=\"color: #000000;\">Intervista collettiva &#8211; incontro del pomeriggio<\/span><\/h4>\n<div id=\"6a007d70f1c89\" class=\"gg_gallery_wrap gg_true_gallery gg_standard_gallery gid_533 gg_hidden_ol gg_ol_bottom_mode gg_main_ol_show_on_h \" data-gg_ol=\"default\"  data-ggom_fx=\"\" data-ggom_timing=\"300\" rel=\"533\" data-nores-txt=\"Nessuna immagine trovata\">      <div class=\"gg_loader\">  <div class=\"ggl_1\"><\/div>  <div class=\"ggl_2\"><\/div>  <div class=\"ggl_3\"><\/div>  <div class=\"ggl_4\"><\/div><\/div>  <div class=\"gg_container\"><div class=\"gg_img \" data-gg-url=\"https:\/\/www.galprealpidolomiti.it\/old\/wp-content\/uploads\/2017\/03\/SAM_0819.jpg\" data-gg-title=\"SAM_0819\" data-gg-author=\"\" data-gg-descr=\"\" data-img-id=\"0\" rel=\"533\">  <div class=\"gg_img_inner\"><div class=\"gg_main_img_wrap\"><img decoding=\"async\" src=\"\" data-gg-lazy-src=\"\/\/www.galprealpidolomiti.it\/old\/wp-content\/uploads\/ewpt_cache\/275x210_100_1_c_FFFFFF_a18fd427ae0a739f7dc46bbf7184e9b3.jpg\" alt=\"SAM_0819\" class=\"gg_photo gg_main_thumb\" \/><noscript><img decoding=\"async\" src=\"https:\/\/www.galprealpidolomiti.it\/old\/wp-content\/uploads\/2017\/03\/SAM_0819.jpg\" alt=\"SAM_0819\" \/><\/noscript><\/div><div class=\"gg_overlays\"><\/div><\/div><\/div><div class=\"gg_img \" data-gg-url=\"https:\/\/www.galprealpidolomiti.it\/old\/wp-content\/uploads\/2017\/03\/SAM_0820.jpg\" data-gg-title=\"SAM_0820\" data-gg-author=\"\" data-gg-descr=\"\" data-img-id=\"1\" rel=\"533\">  <div class=\"gg_img_inner\"><div class=\"gg_main_img_wrap\"><img decoding=\"async\" src=\"\" data-gg-lazy-src=\"\/\/www.galprealpidolomiti.it\/old\/wp-content\/uploads\/ewpt_cache\/275x210_100_1_c_FFFFFF_d346d4e6ee7b7d9e3dd00eb644796df7.jpg\" alt=\"SAM_0820\" class=\"gg_photo gg_main_thumb\" \/><noscript><img decoding=\"async\" src=\"https:\/\/www.galprealpidolomiti.it\/old\/wp-content\/uploads\/2017\/03\/SAM_0820.jpg\" alt=\"SAM_0820\" \/><\/noscript><\/div><div class=\"gg_overlays\"><\/div><\/div><\/div><div class=\"gg_img \" data-gg-url=\"https:\/\/www.galprealpidolomiti.it\/old\/wp-content\/uploads\/2017\/03\/SAM_0821.jpg\" data-gg-title=\"SAM_0821\" data-gg-author=\"\" data-gg-descr=\"\" data-img-id=\"2\" rel=\"533\">  <div class=\"gg_img_inner\"><div class=\"gg_main_img_wrap\"><img decoding=\"async\" src=\"\" data-gg-lazy-src=\"\/\/www.galprealpidolomiti.it\/old\/wp-content\/uploads\/ewpt_cache\/275x210_100_1_c_FFFFFF_142ae985a884e78d3250238e434dd05c.jpg\" alt=\"SAM_0821\" class=\"gg_photo gg_main_thumb\" \/><noscript><img decoding=\"async\" src=\"https:\/\/www.galprealpidolomiti.it\/old\/wp-content\/uploads\/2017\/03\/SAM_0821.jpg\" alt=\"SAM_0821\" \/><\/noscript><\/div><div class=\"gg_overlays\"><\/div><\/div><\/div><div class=\"gg_img \" data-gg-url=\"https:\/\/www.galprealpidolomiti.it\/old\/wp-content\/uploads\/2017\/03\/SAM_0822.jpg\" data-gg-title=\"SAM_0822\" data-gg-author=\"\" data-gg-descr=\"\" data-img-id=\"3\" rel=\"533\">  <div class=\"gg_img_inner\"><div class=\"gg_main_img_wrap\"><img decoding=\"async\" src=\"\" data-gg-lazy-src=\"\/\/www.galprealpidolomiti.it\/old\/wp-content\/uploads\/ewpt_cache\/275x210_100_1_c_FFFFFF_5778e5921ea9ebf44253a0866d89a6f1.jpg\" alt=\"SAM_0822\" class=\"gg_photo gg_main_thumb\" \/><noscript><img decoding=\"async\" src=\"https:\/\/www.galprealpidolomiti.it\/old\/wp-content\/uploads\/2017\/03\/SAM_0822.jpg\" alt=\"SAM_0822\" \/><\/noscript><\/div><div class=\"gg_overlays\"><\/div><\/div><\/div><\/div><div style=\"clear: both;\"><\/div><\/div><script type=\"text\/javascript\"> jQuery(document).ready(function($) { if(typeof(gg_galleries_init) == \"function\") {gg_galleries_init(\"6a007d70f1c89\"); }});<\/script>\n<h2 style=\"text-align: center;\"><strong>REPORT &#8211; sintesi<br \/>\n<\/strong><\/h2>\n<p style=\"text-align: justify;\">Per tutti i partecipanti \u00e8 forte la scelta di investire sul territorio con una spiccata propensione alla responsabilit\u00e0 sociale d\u2019impresa. Molte delle attivit\u00e0 sono <strong>produzioni di qualit\u00e0<\/strong> orientate alla sostenibilit\u00e0, a processi produttivi volti a migliorare le performance ambientali, a servizi in grado di garantire il benessere dei clienti, quest\u2019ultimi particolarmente sensibili agli aspetti ambientali.<\/p>\n<p style=\"text-align: justify;\">Diverse esperienze si inseriscono dentro percorsi imprenditoriali famigliari, ne<strong> innovano processi e stili organizzativi<\/strong> radicando le aziende dentro circuiti commerciali pi\u00f9 ampi e nuove reti di imprese.<br \/>\nFanno un uso intelligente del web marketing per creare conversazioni e reti lunghe con i loro potenziali partner e clienti ad un livello internazionale. Sono spesso in costante <strong>aggiornamento<\/strong> e utilizzano la formazione come opportunit\u00e0 da cogliere per conoscere nuovi soggetti imprenditoriali e per trarre spunti e ispirazione per prodotti innovativi.<\/p>\n<p style=\"text-align: justify;\">L\u2019entusiasmo con cui raccontano le loro scelte imprenditoriali \u00e8 lo stesso con cui analizzano gli ostacoli allo svolgimento della loro attivit\u00e0 quotidiana. Quasi divertiti restituiscono le energie spese nella gestione corrente per le complicazioni burocratiche e normative, il clima definito da psicosi circa i regolamenti europei volti a tutelare il consumatore, le diverse soluzioni regolative adottate dalle ULSS locali, lo scarso accesso al credito in assenza di una cultura positiva del fallimento.<br \/>\nAll\u2019incertezza del futuro rispondono con l\u2019intelligenza dell\u2019industria 4.0 e le forme di <strong>internazionalizzazione leggera<\/strong> con cui stanno cambiando i territori che abitano.<\/p>\n","protected":false},"excerpt":{"rendered":"<p>Tema &#8211; NUOVE GENERAZIONI E LORO RUOLO NEI PROCESSI DI SVILUPPO DEL TERRITORIO Mercoled\u00ec 11 novembre &#8211; Sedico &#8211; Piazza della Vittoria 21 &#8211; sala consigliare del Municipio di Sedico La giornata si \u00e8 svolta secondo la metodologia dell&#8217;intervista collettiva, \u00e8 stata dedicata ai giovani e all&#8217;imprenditoria giovanile ed \u00e8 stata divisa in due gruppi:[&#8230;..]<\/p>\n","protected":false},"author":1,"featured_media":0,"parent":449,"menu_order":2,"comment_status":"closed","ping_status":"closed","template":"","meta":{"footnotes":""},"categories":[],"tags":[],"class_list":["post-483","page","type-page","status-publish","hentry"],"yoast_head":"<!-- This site is optimized with the Yoast SEO plugin v25.7 - https:\/\/yoast.com\/wordpress\/plugins\/seo\/ -->\n<title>Nuove generazioni - GAL Prealpi e Dolomiti<\/title>\n<meta name=\"robots\" content=\"index, follow, max-snippet:-1, max-image-preview:large, max-video-preview:-1\" \/>\n<link rel=\"canonical\" href=\"https:\/\/galprealpidolomiti.it\/processo-partecipativo\/nuove-generazioni\/\" \/>\n<meta property=\"og:locale\" content=\"it_IT\" \/>\n<meta property=\"og:type\" content=\"article\" \/>\n<meta property=\"og:title\" content=\"Nuove generazioni - GAL Prealpi e Dolomiti\" \/>\n<meta property=\"og:description\" content=\"Tema &#8211; NUOVE GENERAZIONI E LORO RUOLO NEI PROCESSI DI SVILUPPO DEL TERRITORIO Mercoled\u00ec 11 novembre &#8211; Sedico &#8211; Piazza della Vittoria 21 &#8211; sala consigliare del Municipio di Sedico La giornata si \u00e8 svolta secondo la metodologia dell&#8217;intervista collettiva, \u00e8 stata dedicata ai giovani e all&#8217;imprenditoria giovanile ed \u00e8 stata divisa in due gruppi:[.....]\" \/>\n<meta property=\"og:url\" content=\"https:\/\/galprealpidolomiti.it\/processo-partecipativo\/nuove-generazioni\/\" \/>\n<meta property=\"og:site_name\" content=\"GAL Prealpi e Dolomiti\" \/>\n<meta property=\"article:modified_time\" content=\"2017-04-20T13:11:10+00:00\" \/>\n<meta name=\"twitter:card\" content=\"summary_large_image\" \/>\n<meta name=\"twitter:label1\" content=\"Tempo di lettura stimato\" \/>\n\t<meta name=\"twitter:data1\" content=\"2 minuti\" \/>\n<script type=\"application\/ld+json\" class=\"yoast-schema-graph\">{\"@context\":\"https:\/\/schema.org\",\"@graph\":[{\"@type\":\"WebPage\",\"@id\":\"https:\/\/galprealpidolomiti.it\/processo-partecipativo\/nuove-generazioni\/\",\"url\":\"https:\/\/galprealpidolomiti.it\/processo-partecipativo\/nuove-generazioni\/\",\"name\":\"Nuove generazioni - GAL Prealpi e Dolomiti\",\"isPartOf\":{\"@id\":\"https:\/\/galprealpidolomiti.it\/#website\"},\"datePublished\":\"2017-03-20T14:10:10+00:00\",\"dateModified\":\"2017-04-20T13:11:10+00:00\",\"breadcrumb\":{\"@id\":\"https:\/\/galprealpidolomiti.it\/processo-partecipativo\/nuove-generazioni\/#breadcrumb\"},\"inLanguage\":\"it-IT\",\"potentialAction\":[{\"@type\":\"ReadAction\",\"target\":[\"https:\/\/galprealpidolomiti.it\/processo-partecipativo\/nuove-generazioni\/\"]}]},{\"@type\":\"BreadcrumbList\",\"@id\":\"https:\/\/galprealpidolomiti.it\/processo-partecipativo\/nuove-generazioni\/#breadcrumb\",\"itemListElement\":[{\"@type\":\"ListItem\",\"position\":1,\"name\":\"Home\",\"item\":\"https:\/\/galprealpidolomiti.it\/\"},{\"@type\":\"ListItem\",\"position\":2,\"name\":\"Il Processo partecipativo\",\"item\":\"https:\/\/galprealpidolomiti.it\/processo-partecipativo\/\"},{\"@type\":\"ListItem\",\"position\":3,\"name\":\"Nuove generazioni\"}]},{\"@type\":\"WebSite\",\"@id\":\"https:\/\/galprealpidolomiti.it\/#website\",\"url\":\"https:\/\/galprealpidolomiti.it\/\",\"name\":\"GAL Prealpi e Dolomiti\",\"description\":\"Gruppo di Azione Locale\",\"publisher\":{\"@id\":\"https:\/\/galprealpidolomiti.it\/#organization\"},\"potentialAction\":[{\"@type\":\"SearchAction\",\"target\":{\"@type\":\"EntryPoint\",\"urlTemplate\":\"https:\/\/galprealpidolomiti.it\/?s={search_term_string}\"},\"query-input\":{\"@type\":\"PropertyValueSpecification\",\"valueRequired\":true,\"valueName\":\"search_term_string\"}}],\"inLanguage\":\"it-IT\"},{\"@type\":\"Organization\",\"@id\":\"https:\/\/galprealpidolomiti.it\/#organization\",\"name\":\"GAL Prealpi e Dolomiti\",\"url\":\"https:\/\/galprealpidolomiti.it\/\",\"logo\":{\"@type\":\"ImageObject\",\"inLanguage\":\"it-IT\",\"@id\":\"https:\/\/galprealpidolomiti.it\/#\/schema\/logo\/image\/\",\"url\":\"https:\/\/www.galprealpidolomiti.it\/old\/wp-content\/uploads\/2020\/03\/striscia-5-loghi.png\",\"contentUrl\":\"https:\/\/www.galprealpidolomiti.it\/old\/wp-content\/uploads\/2020\/03\/striscia-5-loghi.png\",\"width\":1177,\"height\":228,\"caption\":\"GAL Prealpi e Dolomiti\"},\"image\":{\"@id\":\"https:\/\/galprealpidolomiti.it\/#\/schema\/logo\/image\/\"}}]}<\/script>\n<!-- \/ Yoast SEO plugin. -->","yoast_head_json":{"title":"Nuove generazioni - GAL Prealpi e Dolomiti","robots":{"index":"index","follow":"follow","max-snippet":"max-snippet:-1","max-image-preview":"max-image-preview:large","max-video-preview":"max-video-preview:-1"},"canonical":"https:\/\/galprealpidolomiti.it\/processo-partecipativo\/nuove-generazioni\/","og_locale":"it_IT","og_type":"article","og_title":"Nuove generazioni - GAL Prealpi e Dolomiti","og_description":"Tema &#8211; NUOVE GENERAZIONI E LORO RUOLO NEI PROCESSI DI SVILUPPO DEL TERRITORIO Mercoled\u00ec 11 novembre &#8211; Sedico &#8211; Piazza della Vittoria 21 &#8211; sala consigliare del Municipio di Sedico La giornata si \u00e8 svolta secondo la metodologia dell&#8217;intervista collettiva, \u00e8 stata dedicata ai giovani e all&#8217;imprenditoria giovanile ed \u00e8 stata divisa in due gruppi:[.....]","og_url":"https:\/\/galprealpidolomiti.it\/processo-partecipativo\/nuove-generazioni\/","og_site_name":"GAL Prealpi e Dolomiti","article_modified_time":"2017-04-20T13:11:10+00:00","twitter_card":"summary_large_image","twitter_misc":{"Tempo di lettura stimato":"2 minuti"},"schema":{"@context":"https:\/\/schema.org","@graph":[{"@type":"WebPage","@id":"https:\/\/galprealpidolomiti.it\/processo-partecipativo\/nuove-generazioni\/","url":"https:\/\/galprealpidolomiti.it\/processo-partecipativo\/nuove-generazioni\/","name":"Nuove generazioni - GAL Prealpi e Dolomiti","isPartOf":{"@id":"https:\/\/galprealpidolomiti.it\/#website"},"datePublished":"2017-03-20T14:10:10+00:00","dateModified":"2017-04-20T13:11:10+00:00","breadcrumb":{"@id":"https:\/\/galprealpidolomiti.it\/processo-partecipativo\/nuove-generazioni\/#breadcrumb"},"inLanguage":"it-IT","potentialAction":[{"@type":"ReadAction","target":["https:\/\/galprealpidolomiti.it\/processo-partecipativo\/nuove-generazioni\/"]}]},{"@type":"BreadcrumbList","@id":"https:\/\/galprealpidolomiti.it\/processo-partecipativo\/nuove-generazioni\/#breadcrumb","itemListElement":[{"@type":"ListItem","position":1,"name":"Home","item":"https:\/\/galprealpidolomiti.it\/"},{"@type":"ListItem","position":2,"name":"Il Processo partecipativo","item":"https:\/\/galprealpidolomiti.it\/processo-partecipativo\/"},{"@type":"ListItem","position":3,"name":"Nuove generazioni"}]},{"@type":"WebSite","@id":"https:\/\/galprealpidolomiti.it\/#website","url":"https:\/\/galprealpidolomiti.it\/","name":"GAL Prealpi e Dolomiti","description":"Gruppo di Azione Locale","publisher":{"@id":"https:\/\/galprealpidolomiti.it\/#organization"},"potentialAction":[{"@type":"SearchAction","target":{"@type":"EntryPoint","urlTemplate":"https:\/\/galprealpidolomiti.it\/?s={search_term_string}"},"query-input":{"@type":"PropertyValueSpecification","valueRequired":true,"valueName":"search_term_string"}}],"inLanguage":"it-IT"},{"@type":"Organization","@id":"https:\/\/galprealpidolomiti.it\/#organization","name":"GAL Prealpi e Dolomiti","url":"https:\/\/galprealpidolomiti.it\/","logo":{"@type":"ImageObject","inLanguage":"it-IT","@id":"https:\/\/galprealpidolomiti.it\/#\/schema\/logo\/image\/","url":"https:\/\/www.galprealpidolomiti.it\/old\/wp-content\/uploads\/2020\/03\/striscia-5-loghi.png","contentUrl":"https:\/\/www.galprealpidolomiti.it\/old\/wp-content\/uploads\/2020\/03\/striscia-5-loghi.png","width":1177,"height":228,"caption":"GAL Prealpi e Dolomiti"},"image":{"@id":"https:\/\/galprealpidolomiti.it\/#\/schema\/logo\/image\/"}}]}},"_links":{"self":[{"href":"https:\/\/www.galprealpidolomiti.it\/old\/wp-json\/wp\/v2\/pages\/483","targetHints":{"allow":["GET"]}}],"collection":[{"href":"https:\/\/www.galprealpidolomiti.it\/old\/wp-json\/wp\/v2\/pages"}],"about":[{"href":"https:\/\/www.galprealpidolomiti.it\/old\/wp-json\/wp\/v2\/types\/page"}],"author":[{"embeddable":true,"href":"https:\/\/www.galprealpidolomiti.it\/old\/wp-json\/wp\/v2\/users\/1"}],"replies":[{"embeddable":true,"href":"https:\/\/www.galprealpidolomiti.it\/old\/wp-json\/wp\/v2\/comments?post=483"}],"version-history":[{"count":0,"href":"https:\/\/www.galprealpidolomiti.it\/old\/wp-json\/wp\/v2\/pages\/483\/revisions"}],"up":[{"embeddable":true,"href":"https:\/\/www.galprealpidolomiti.it\/old\/wp-json\/wp\/v2\/pages\/449"}],"wp:attachment":[{"href":"https:\/\/www.galprealpidolomiti.it\/old\/wp-json\/wp\/v2\/media?parent=483"}],"wp:term":[{"taxonomy":"category","embeddable":true,"href":"https:\/\/www.galprealpidolomiti.it\/old\/wp-json\/wp\/v2\/categories?post=483"},{"taxonomy":"post_tag","embeddable":true,"href":"https:\/\/www.galprealpidolomiti.it\/old\/wp-json\/wp\/v2\/tags?post=483"}],"curies":[{"name":"wp","href":"https:\/\/api.w.org\/{rel}","templated":true}]}}