{"id":4585,"date":"2017-10-07T10:22:16","date_gmt":"2017-10-07T08:22:16","guid":{"rendered":"https:\/\/galprealpidolomiti.it\/?page_id=4585"},"modified":"2018-02-21T20:42:23","modified_gmt":"2018-02-21T19:42:23","slug":"sviluppo-innovazione-delle-filiere-dei-sistemi-produttivi-locali","status":"publish","type":"page","link":"https:\/\/www.galprealpidolomiti.it\/old\/sviluppo-innovazione-delle-filiere-dei-sistemi-produttivi-locali\/","title":{"rendered":"SVILUPPO E INNOVAZIONE DELLE FILIERE E DEI SISTEMI PRODUTTIVI LOCALI"},"content":{"rendered":"\t\t<div data-elementor-type=\"wp-post\" data-elementor-id=\"4585\" class=\"elementor elementor-4585 elementor-bc-flex-widget\" data-elementor-post-type=\"page\">\n\t\t\t\t\t\t<section class=\"elementor-section elementor-top-section elementor-element elementor-element-ddzlihn elementor-section-boxed elementor-section-height-default elementor-section-height-default\" data-id=\"ddzlihn\" data-element_type=\"section\" data-settings=\"{&quot;jet_parallax_layout_list&quot;:[]}\">\n\t\t\t\t\t\t<div class=\"elementor-container elementor-column-gap-default\">\n\t\t\t\t\t<div class=\"elementor-column elementor-col-100 elementor-top-column elementor-element elementor-element-hntecuy\" data-id=\"hntecuy\" data-element_type=\"column\">\n\t\t\t<div class=\"elementor-widget-wrap elementor-element-populated\">\n\t\t\t\t\t\t<section class=\"elementor-section elementor-inner-section elementor-element elementor-element-qmje6mc elementor-section-boxed elementor-section-height-default elementor-section-height-default\" data-id=\"qmje6mc\" data-element_type=\"section\" data-settings=\"{&quot;jet_parallax_layout_list&quot;:[]}\">\n\t\t\t\t\t\t<div class=\"elementor-container elementor-column-gap-default\">\n\t\t\t\t\t<div class=\"elementor-column elementor-col-50 elementor-inner-column elementor-element elementor-element-s1poqky\" data-id=\"s1poqky\" data-element_type=\"column\">\n\t\t\t<div class=\"elementor-widget-wrap elementor-element-populated\">\n\t\t\t\t\t\t<div class=\"elementor-element elementor-element-ofxx9ji elementor-widget elementor-widget-heading\" data-id=\"ofxx9ji\" data-element_type=\"widget\" data-widget_type=\"heading.default\">\n\t\t\t\t<div class=\"elementor-widget-container\">\n\t\t\t<h4 class=\"elementor-heading-title elementor-size-default\">SOSTEGNO ALLA COOPERAZIONE E INNOVAZIONE<\/h4>\t\t<\/div>\n\t\t\t\t<\/div>\n\t\t\t\t<div class=\"elementor-element elementor-element-yc03aro elementor-widget elementor-widget-text-editor\" data-id=\"yc03aro\" data-element_type=\"widget\" data-widget_type=\"text-editor.default\">\n\t\t\t\t<div class=\"elementor-widget-container\">\n\t\t\t\t\t\t\t<p>Questo ambito di interesse si rivolge al solo<strong> sistema imprenditoriale locale<\/strong>, in quanto l\u2019elemento distintivo che si vuole valorizzare \u00e8 la capacit\u00e0 di innovare, migliorando la competitivit\u00e0 attraverso la costituzione e la gestione di forme di collaborazione tra attori diversi.<\/p><p>L\u2019obiettivo primario \u00e8 quello di migliorare la redditivit\u00e0 delle imprese locali incoraggiando forme di <strong>innovazione e cooperazione<\/strong>. L\u2019idea \u00e8 che lo sviluppo dei sistemi produttivi, attraverso il consolidamento delle filiere locali, si possa avvantaggiare della cooperazione tra imprese anche appartenenti a settori diversi.<\/p><p>Da questi presupposti si auspica che la cooperazione tra imprese produca <strong>idee innovative<\/strong> in grado di accrescere e migliorare l\u2019offerta dei prodotti locali in particolare di origine primaria. Sar\u00e0 pertanto necessario raggiungere una maggiore competitivit\u00e0 delle aziende, in particolare aziende agricole e agroalimentari, attraverso un sostegno mirato a quei soggetti imprenditoriali che sono maggiormente in grado di sfruttare le nuove tecnologie anche per il tramite di specifici progetti pilota, capaci di guidare le imprese nelle scelte pi\u00f9 innovative. Anche l\u2019accorciamento delle filiere locali, attraverso il rafforzamento della cooperazione, pu\u00f2 essere un fattore determinante nel miglioramento della redditivit\u00e0 aziendale cos\u00ec come le attivit\u00e0 di promozione e informazione.<\/p>\t\t\t\t\t\t<\/div>\n\t\t\t\t<\/div>\n\t\t\t\t\t<\/div>\n\t\t<\/div>\n\t\t\t\t<div class=\"elementor-column elementor-col-50 elementor-inner-column elementor-element elementor-element-q34r6f8\" data-id=\"q34r6f8\" data-element_type=\"column\">\n\t\t\t<div class=\"elementor-widget-wrap elementor-element-populated\">\n\t\t\t\t\t\t<div class=\"elementor-element elementor-element-q2je8ue elementor-widget elementor-widget-heading\" data-id=\"q2je8ue\" data-element_type=\"widget\" data-widget_type=\"heading.default\">\n\t\t\t\t<div class=\"elementor-widget-container\">\n\t\t\t<h4 class=\"elementor-heading-title elementor-size-default\">INTERVENTI E BENEFICIARI<\/h4>\t\t<\/div>\n\t\t\t\t<\/div>\n\t\t\t\t<div class=\"elementor-element elementor-element-brq45un elementor-widget elementor-widget-text-editor\" data-id=\"brq45un\" data-element_type=\"widget\" data-widget_type=\"text-editor.default\">\n\t\t\t\t<div class=\"elementor-widget-container\">\n\t\t\t\t\t\t\t<p>Gli interventi sosterranno iniziative dimostrative e di informazione rivolte alla divulgazione dell\u2019<strong>innovazione e alla promozione dei prodotti agroalimentari di qualit\u00e0<\/strong>. Saranno finanziati investimenti strutturali e dotazionali nelle aziende agricole al fine di migliorare la redditivit\u00e0 e la competitivit\u00e0 favorendone l\u2019innovazione, differenziandone i prodotti, migliorandone l\u2019efficienza nell\u2019utilizzo dell\u2019energia e riducendone gli impatti negativi dell\u2019agricoltura sull\u2019ambiente. Saranno inoltre previsti interventi per le imprese agroalimentari per la trasformazione e commercializzazione dei prodotti agricoli finalizzati a favorire l\u2019integrazione di filiera.<\/p><p>Di fondamentale importanza saranno gli interventi per la costituzione e il sostegno dei <strong>Gruppi Operativi (GO)<\/strong> del partenariato europeo per l\u2019innovazione \u201cProduttivit\u00e0 e sostenibilit\u00e0 dell\u2019agricoltura\u201d (PEI), a cui spetter\u00e0 il compito di ideare e portare a termine progetti pilota volti a collaudare, modificare o ad <strong>applicare pratiche, processi, prodotti, servizi e tecnologie innovativi<\/strong> diffondendone i risultati ottenuti.<\/p><p>Gli interventi sosterranno infine la creazione e l\u2019attivit\u00e0 di <strong>Gruppi di Cooperazione (GC)<\/strong> che operino nell\u2019ambito delle filiere corte, stimolando e migliorando i rapporti tra produttori primari e imprese della ristorazione, trasformazione e commercio.<\/p>\t\t\t\t\t\t<\/div>\n\t\t\t\t<\/div>\n\t\t\t\t\t<\/div>\n\t\t<\/div>\n\t\t\t\t\t<\/div>\n\t\t<\/section>\n\t\t\t\t\t<\/div>\n\t\t<\/div>\n\t\t\t\t\t<\/div>\n\t\t<\/section>\n\t\t\t\t<\/div>\n\t\t","protected":false},"excerpt":{"rendered":"<p>&nbsp; SOSTEGNO ALLA COOPERAZIONE E INNOVAZIONE Questo ambito di interesse si rivolge al solo sistema imprenditoriale locale, in quanto l\u2019elemento distintivo che si vuole valorizzare \u00e8 la capacit\u00e0 di innovare, migliorando la competitivit\u00e0 attraverso la costituzione e la gestione di forme di collaborazione tra attori diversi. L\u2019obiettivo primario \u00e8 quello di migliorare la redditivit\u00e0 delle[&#8230;..]<\/p>\n","protected":false},"author":3,"featured_media":0,"parent":0,"menu_order":0,"comment_status":"closed","ping_status":"closed","template":"","meta":{"footnotes":""},"categories":[],"tags":[],"class_list":["post-4585","page","type-page","status-publish","hentry"],"yoast_head":"<!-- This site is optimized with the Yoast SEO plugin v25.7 - https:\/\/yoast.com\/wordpress\/plugins\/seo\/ -->\n<title>SVILUPPO E INNOVAZIONE DELLE FILIERE E DEI SISTEMI PRODUTTIVI LOCALI - GAL Prealpi e Dolomiti<\/title>\n<meta name=\"robots\" content=\"index, follow, max-snippet:-1, max-image-preview:large, max-video-preview:-1\" \/>\n<link rel=\"canonical\" href=\"https:\/\/galprealpidolomiti.it\/sviluppo-innovazione-delle-filiere-dei-sistemi-produttivi-locali\/\" \/>\n<meta property=\"og:locale\" content=\"it_IT\" \/>\n<meta property=\"og:type\" content=\"article\" \/>\n<meta property=\"og:title\" content=\"SVILUPPO E INNOVAZIONE DELLE FILIERE E DEI SISTEMI PRODUTTIVI LOCALI - GAL Prealpi e Dolomiti\" \/>\n<meta property=\"og:description\" content=\"&nbsp; SOSTEGNO ALLA COOPERAZIONE E INNOVAZIONE Questo ambito di interesse si rivolge al solo sistema imprenditoriale locale, in quanto l\u2019elemento distintivo che si vuole valorizzare \u00e8 la capacit\u00e0 di innovare, migliorando la competitivit\u00e0 attraverso la costituzione e la gestione di forme di collaborazione tra attori diversi. L\u2019obiettivo primario \u00e8 quello di migliorare la redditivit\u00e0 delle[.....]\" \/>\n<meta property=\"og:url\" content=\"https:\/\/galprealpidolomiti.it\/sviluppo-innovazione-delle-filiere-dei-sistemi-produttivi-locali\/\" \/>\n<meta property=\"og:site_name\" content=\"GAL Prealpi e Dolomiti\" \/>\n<meta property=\"article:modified_time\" content=\"2018-02-21T19:42:23+00:00\" \/>\n<meta name=\"twitter:card\" content=\"summary_large_image\" \/>\n<meta name=\"twitter:label1\" content=\"Tempo di lettura stimato\" \/>\n\t<meta name=\"twitter:data1\" content=\"2 minuti\" \/>\n<script type=\"application\/ld+json\" class=\"yoast-schema-graph\">{\"@context\":\"https:\/\/schema.org\",\"@graph\":[{\"@type\":\"WebPage\",\"@id\":\"https:\/\/galprealpidolomiti.it\/sviluppo-innovazione-delle-filiere-dei-sistemi-produttivi-locali\/\",\"url\":\"https:\/\/galprealpidolomiti.it\/sviluppo-innovazione-delle-filiere-dei-sistemi-produttivi-locali\/\",\"name\":\"SVILUPPO E INNOVAZIONE DELLE FILIERE E DEI SISTEMI PRODUTTIVI LOCALI - GAL Prealpi e Dolomiti\",\"isPartOf\":{\"@id\":\"https:\/\/galprealpidolomiti.it\/#website\"},\"datePublished\":\"2017-10-07T08:22:16+00:00\",\"dateModified\":\"2018-02-21T19:42:23+00:00\",\"breadcrumb\":{\"@id\":\"https:\/\/galprealpidolomiti.it\/sviluppo-innovazione-delle-filiere-dei-sistemi-produttivi-locali\/#breadcrumb\"},\"inLanguage\":\"it-IT\",\"potentialAction\":[{\"@type\":\"ReadAction\",\"target\":[\"https:\/\/galprealpidolomiti.it\/sviluppo-innovazione-delle-filiere-dei-sistemi-produttivi-locali\/\"]}]},{\"@type\":\"BreadcrumbList\",\"@id\":\"https:\/\/galprealpidolomiti.it\/sviluppo-innovazione-delle-filiere-dei-sistemi-produttivi-locali\/#breadcrumb\",\"itemListElement\":[{\"@type\":\"ListItem\",\"position\":1,\"name\":\"Home\",\"item\":\"https:\/\/galprealpidolomiti.it\/\"},{\"@type\":\"ListItem\",\"position\":2,\"name\":\"SVILUPPO E INNOVAZIONE DELLE FILIERE E DEI SISTEMI PRODUTTIVI LOCALI\"}]},{\"@type\":\"WebSite\",\"@id\":\"https:\/\/galprealpidolomiti.it\/#website\",\"url\":\"https:\/\/galprealpidolomiti.it\/\",\"name\":\"GAL Prealpi e Dolomiti\",\"description\":\"Gruppo di Azione Locale\",\"publisher\":{\"@id\":\"https:\/\/galprealpidolomiti.it\/#organization\"},\"potentialAction\":[{\"@type\":\"SearchAction\",\"target\":{\"@type\":\"EntryPoint\",\"urlTemplate\":\"https:\/\/galprealpidolomiti.it\/?s={search_term_string}\"},\"query-input\":{\"@type\":\"PropertyValueSpecification\",\"valueRequired\":true,\"valueName\":\"search_term_string\"}}],\"inLanguage\":\"it-IT\"},{\"@type\":\"Organization\",\"@id\":\"https:\/\/galprealpidolomiti.it\/#organization\",\"name\":\"GAL Prealpi e Dolomiti\",\"url\":\"https:\/\/galprealpidolomiti.it\/\",\"logo\":{\"@type\":\"ImageObject\",\"inLanguage\":\"it-IT\",\"@id\":\"https:\/\/galprealpidolomiti.it\/#\/schema\/logo\/image\/\",\"url\":\"https:\/\/www.galprealpidolomiti.it\/old\/wp-content\/uploads\/2020\/03\/striscia-5-loghi.png\",\"contentUrl\":\"https:\/\/www.galprealpidolomiti.it\/old\/wp-content\/uploads\/2020\/03\/striscia-5-loghi.png\",\"width\":1177,\"height\":228,\"caption\":\"GAL Prealpi e Dolomiti\"},\"image\":{\"@id\":\"https:\/\/galprealpidolomiti.it\/#\/schema\/logo\/image\/\"}}]}<\/script>\n<!-- \/ Yoast SEO plugin. -->","yoast_head_json":{"title":"SVILUPPO E INNOVAZIONE DELLE FILIERE E DEI SISTEMI PRODUTTIVI LOCALI - GAL Prealpi e Dolomiti","robots":{"index":"index","follow":"follow","max-snippet":"max-snippet:-1","max-image-preview":"max-image-preview:large","max-video-preview":"max-video-preview:-1"},"canonical":"https:\/\/galprealpidolomiti.it\/sviluppo-innovazione-delle-filiere-dei-sistemi-produttivi-locali\/","og_locale":"it_IT","og_type":"article","og_title":"SVILUPPO E INNOVAZIONE DELLE FILIERE E DEI SISTEMI PRODUTTIVI LOCALI - GAL Prealpi e Dolomiti","og_description":"&nbsp; SOSTEGNO ALLA COOPERAZIONE E INNOVAZIONE Questo ambito di interesse si rivolge al solo sistema imprenditoriale locale, in quanto l\u2019elemento distintivo che si vuole valorizzare \u00e8 la capacit\u00e0 di innovare, migliorando la competitivit\u00e0 attraverso la costituzione e la gestione di forme di collaborazione tra attori diversi. L\u2019obiettivo primario \u00e8 quello di migliorare la redditivit\u00e0 delle[.....]","og_url":"https:\/\/galprealpidolomiti.it\/sviluppo-innovazione-delle-filiere-dei-sistemi-produttivi-locali\/","og_site_name":"GAL Prealpi e Dolomiti","article_modified_time":"2018-02-21T19:42:23+00:00","twitter_card":"summary_large_image","twitter_misc":{"Tempo di lettura stimato":"2 minuti"},"schema":{"@context":"https:\/\/schema.org","@graph":[{"@type":"WebPage","@id":"https:\/\/galprealpidolomiti.it\/sviluppo-innovazione-delle-filiere-dei-sistemi-produttivi-locali\/","url":"https:\/\/galprealpidolomiti.it\/sviluppo-innovazione-delle-filiere-dei-sistemi-produttivi-locali\/","name":"SVILUPPO E INNOVAZIONE DELLE FILIERE E DEI SISTEMI PRODUTTIVI LOCALI - GAL Prealpi e Dolomiti","isPartOf":{"@id":"https:\/\/galprealpidolomiti.it\/#website"},"datePublished":"2017-10-07T08:22:16+00:00","dateModified":"2018-02-21T19:42:23+00:00","breadcrumb":{"@id":"https:\/\/galprealpidolomiti.it\/sviluppo-innovazione-delle-filiere-dei-sistemi-produttivi-locali\/#breadcrumb"},"inLanguage":"it-IT","potentialAction":[{"@type":"ReadAction","target":["https:\/\/galprealpidolomiti.it\/sviluppo-innovazione-delle-filiere-dei-sistemi-produttivi-locali\/"]}]},{"@type":"BreadcrumbList","@id":"https:\/\/galprealpidolomiti.it\/sviluppo-innovazione-delle-filiere-dei-sistemi-produttivi-locali\/#breadcrumb","itemListElement":[{"@type":"ListItem","position":1,"name":"Home","item":"https:\/\/galprealpidolomiti.it\/"},{"@type":"ListItem","position":2,"name":"SVILUPPO E INNOVAZIONE DELLE FILIERE E DEI SISTEMI PRODUTTIVI LOCALI"}]},{"@type":"WebSite","@id":"https:\/\/galprealpidolomiti.it\/#website","url":"https:\/\/galprealpidolomiti.it\/","name":"GAL Prealpi e Dolomiti","description":"Gruppo di Azione Locale","publisher":{"@id":"https:\/\/galprealpidolomiti.it\/#organization"},"potentialAction":[{"@type":"SearchAction","target":{"@type":"EntryPoint","urlTemplate":"https:\/\/galprealpidolomiti.it\/?s={search_term_string}"},"query-input":{"@type":"PropertyValueSpecification","valueRequired":true,"valueName":"search_term_string"}}],"inLanguage":"it-IT"},{"@type":"Organization","@id":"https:\/\/galprealpidolomiti.it\/#organization","name":"GAL Prealpi e Dolomiti","url":"https:\/\/galprealpidolomiti.it\/","logo":{"@type":"ImageObject","inLanguage":"it-IT","@id":"https:\/\/galprealpidolomiti.it\/#\/schema\/logo\/image\/","url":"https:\/\/www.galprealpidolomiti.it\/old\/wp-content\/uploads\/2020\/03\/striscia-5-loghi.png","contentUrl":"https:\/\/www.galprealpidolomiti.it\/old\/wp-content\/uploads\/2020\/03\/striscia-5-loghi.png","width":1177,"height":228,"caption":"GAL Prealpi e Dolomiti"},"image":{"@id":"https:\/\/galprealpidolomiti.it\/#\/schema\/logo\/image\/"}}]}},"_links":{"self":[{"href":"https:\/\/www.galprealpidolomiti.it\/old\/wp-json\/wp\/v2\/pages\/4585","targetHints":{"allow":["GET"]}}],"collection":[{"href":"https:\/\/www.galprealpidolomiti.it\/old\/wp-json\/wp\/v2\/pages"}],"about":[{"href":"https:\/\/www.galprealpidolomiti.it\/old\/wp-json\/wp\/v2\/types\/page"}],"author":[{"embeddable":true,"href":"https:\/\/www.galprealpidolomiti.it\/old\/wp-json\/wp\/v2\/users\/3"}],"replies":[{"embeddable":true,"href":"https:\/\/www.galprealpidolomiti.it\/old\/wp-json\/wp\/v2\/comments?post=4585"}],"version-history":[{"count":0,"href":"https:\/\/www.galprealpidolomiti.it\/old\/wp-json\/wp\/v2\/pages\/4585\/revisions"}],"wp:attachment":[{"href":"https:\/\/www.galprealpidolomiti.it\/old\/wp-json\/wp\/v2\/media?parent=4585"}],"wp:term":[{"taxonomy":"category","embeddable":true,"href":"https:\/\/www.galprealpidolomiti.it\/old\/wp-json\/wp\/v2\/categories?post=4585"},{"taxonomy":"post_tag","embeddable":true,"href":"https:\/\/www.galprealpidolomiti.it\/old\/wp-json\/wp\/v2\/tags?post=4585"}],"curies":[{"name":"wp","href":"https:\/\/api.w.org\/{rel}","templated":true}]}}