{"id":4480,"date":"2017-09-15T17:38:51","date_gmt":"2017-09-15T15:38:51","guid":{"rendered":"https:\/\/galprealpidolomiti.it\/piano-dazione-del-psl\/o12-spesa-pubblica-totale-per-iniziative-promozionali-sui-regimi-di-qualita-dei-prodotti-agricoli-e-alimentari\/"},"modified":"2023-02-22T15:07:00","modified_gmt":"2023-02-22T14:07:00","slug":"o12-spesa-pubblica-totale-per-iniziative-promozionali-sui-regimi-di-qualita-dei-prodotti-agricoli-e-alimentari","status":"publish","type":"page","link":"https:\/\/www.galprealpidolomiti.it\/old\/o12-spesa-pubblica-totale-per-iniziative-promozionali-sui-regimi-di-qualita-dei-prodotti-agricoli-e-alimentari\/","title":{"rendered":"O12 &#8211; Spesa pubblica totale per iniziative promozionali sui regimi di qualit\u00e0 dei prodotti agricoli e alimentari"},"content":{"rendered":"\t\t<div data-elementor-type=\"wp-post\" data-elementor-id=\"4480\" class=\"elementor elementor-4480\" data-elementor-post-type=\"page\">\n\t\t\t\t\t\t<section class=\"elementor-section elementor-top-section elementor-element elementor-element-cenwfxg elementor-section-boxed elementor-section-height-default elementor-section-height-default\" data-id=\"cenwfxg\" data-element_type=\"section\" data-settings=\"{&quot;jet_parallax_layout_list&quot;:[]}\">\n\t\t\t\t\t\t<div class=\"elementor-container elementor-column-gap-default\">\n\t\t\t\t\t<div class=\"elementor-column elementor-col-100 elementor-top-column elementor-element elementor-element-rggjvdj\" data-id=\"rggjvdj\" data-element_type=\"column\">\n\t\t\t<div class=\"elementor-widget-wrap elementor-element-populated\">\n\t\t\t\t\t\t<section class=\"elementor-section elementor-inner-section elementor-element elementor-element-jija3yc elementor-section-boxed elementor-section-height-default elementor-section-height-default\" data-id=\"jija3yc\" data-element_type=\"section\" data-settings=\"{&quot;jet_parallax_layout_list&quot;:[]}\">\n\t\t\t\t\t\t<div class=\"elementor-container elementor-column-gap-default\">\n\t\t\t\t\t<div class=\"elementor-column elementor-col-33 elementor-inner-column elementor-element elementor-element-ghszyyb\" data-id=\"ghszyyb\" data-element_type=\"column\">\n\t\t\t<div class=\"elementor-widget-wrap elementor-element-populated\">\n\t\t\t\t\t\t<div class=\"elementor-element elementor-element-h6rof1k elementor-widget elementor-widget-text-editor\" data-id=\"h6rof1k\" data-element_type=\"widget\" data-widget_type=\"text-editor.default\">\n\t\t\t\t<div class=\"elementor-widget-container\">\n\t\t\t\t\t\t\t<h2><strong>Indicatore Output <em>O12<\/em><\/strong><\/h2>\t\t\t\t\t\t<\/div>\n\t\t\t\t<\/div>\n\t\t\t\t\t<\/div>\n\t\t<\/div>\n\t\t\t\t<div class=\"elementor-column elementor-col-66 elementor-inner-column elementor-element elementor-element-vro2oa4\" data-id=\"vro2oa4\" data-element_type=\"column\">\n\t\t\t<div class=\"elementor-widget-wrap elementor-element-populated\">\n\t\t\t\t\t\t<div class=\"elementor-element elementor-element-utts9hq elementor-widget elementor-widget-text-editor\" data-id=\"utts9hq\" data-element_type=\"widget\" data-widget_type=\"text-editor.default\">\n\t\t\t\t<div class=\"elementor-widget-container\">\n\t\t\t\t\t\t\t<h2 style=\"text-align: center;\">Spesa pubblica totale per iniziative promozionali sui regimi di qualit\u00e0 dei prodotti agricoli e alimentari<\/h2><h4 style=\"text-align: center;\"><em>L&#8217;output concorrer\u00e0 al raggiungimento dell&#8217;<\/em><a href=\"https:\/\/galprealpidolomiti.it\/wp-content\/uploads\/2017\/11\/PSL-GAL-Prealpi-e-Dolomiti-coordinato-con-DGR-1547_2016.pdf#page=95\" target=\"_blank\" rel=\"noopener\"><em>Obiettivo specifico 2.4<\/em><\/a><\/h4>\t\t\t\t\t\t<\/div>\n\t\t\t\t<\/div>\n\t\t\t\t\t<\/div>\n\t\t<\/div>\n\t\t\t\t\t<\/div>\n\t\t<\/section>\n\t\t\t\t<section class=\"elementor-section elementor-inner-section elementor-element elementor-element-8v0qdnf elementor-section-boxed elementor-section-height-default elementor-section-height-default\" data-id=\"8v0qdnf\" data-element_type=\"section\" data-settings=\"{&quot;jet_parallax_layout_list&quot;:[]}\">\n\t\t\t\t\t\t<div class=\"elementor-container elementor-column-gap-default\">\n\t\t\t\t\t<div class=\"elementor-column elementor-col-33 elementor-inner-column elementor-element elementor-element-mczdd8m\" data-id=\"mczdd8m\" data-element_type=\"column\">\n\t\t\t<div class=\"elementor-widget-wrap elementor-element-populated\">\n\t\t\t\t\t\t<div class=\"elementor-element elementor-element-438vqa7 elementor-widget elementor-widget-text-editor\" data-id=\"438vqa7\" data-element_type=\"widget\" data-widget_type=\"text-editor.default\">\n\t\t\t\t<div class=\"elementor-widget-container\">\n\t\t\t\t\t\t\t<h2><strong>Unit\u00e0 di Misura<\/strong><\/h2>\t\t\t\t\t\t<\/div>\n\t\t\t\t<\/div>\n\t\t\t\t\t<\/div>\n\t\t<\/div>\n\t\t\t\t<div class=\"elementor-column elementor-col-66 elementor-inner-column elementor-element elementor-element-u1qwebh\" data-id=\"u1qwebh\" data-element_type=\"column\">\n\t\t\t<div class=\"elementor-widget-wrap elementor-element-populated\">\n\t\t\t\t\t\t<div class=\"elementor-element elementor-element-322in19 elementor-widget elementor-widget-text-editor\" data-id=\"322in19\" data-element_type=\"widget\" data-widget_type=\"text-editor.default\">\n\t\t\t\t<div class=\"elementor-widget-container\">\n\t\t\t\t\t\t\t<h2 style=\"text-align: center;\">Euro (\u20ac) <\/h2>\t\t\t\t\t\t<\/div>\n\t\t\t\t<\/div>\n\t\t\t\t\t<\/div>\n\t\t<\/div>\n\t\t\t\t\t<\/div>\n\t\t<\/section>\n\t\t\t\t<section class=\"elementor-section elementor-inner-section elementor-element elementor-element-am8pb95 elementor-section-boxed elementor-section-height-default elementor-section-height-default\" data-id=\"am8pb95\" data-element_type=\"section\" data-settings=\"{&quot;jet_parallax_layout_list&quot;:[]}\">\n\t\t\t\t\t\t<div class=\"elementor-container elementor-column-gap-default\">\n\t\t\t\t\t<div class=\"elementor-column elementor-col-33 elementor-inner-column elementor-element elementor-element-aa21os3\" data-id=\"aa21os3\" data-element_type=\"column\">\n\t\t\t<div class=\"elementor-widget-wrap elementor-element-populated\">\n\t\t\t\t\t\t<div class=\"elementor-element elementor-element-t4r7k2e elementor-widget elementor-widget-text-editor\" data-id=\"t4r7k2e\" data-element_type=\"widget\" data-widget_type=\"text-editor.default\">\n\t\t\t\t<div class=\"elementor-widget-container\">\n\t\t\t\t\t\t\t<h2><strong>Valore target<\/strong><\/h2>\t\t\t\t\t\t<\/div>\n\t\t\t\t<\/div>\n\t\t\t\t\t<\/div>\n\t\t<\/div>\n\t\t\t\t<div class=\"elementor-column elementor-col-66 elementor-inner-column elementor-element elementor-element-3dv2rmy\" data-id=\"3dv2rmy\" data-element_type=\"column\">\n\t\t\t<div class=\"elementor-widget-wrap elementor-element-populated\">\n\t\t\t\t\t\t<div class=\"elementor-element elementor-element-8nvpbhk elementor-widget elementor-widget-counter\" data-id=\"8nvpbhk\" data-element_type=\"widget\" data-widget_type=\"counter.default\">\n\t\t\t\t<div class=\"elementor-widget-container\">\n\t\t\t\t\t<div class=\"elementor-counter\">\n\t\t\t<div class=\"elementor-counter-number-wrapper\">\n\t\t\t\t<span class=\"elementor-counter-number-prefix\"><\/span>\n\t\t\t\t<span class=\"elementor-counter-number\" data-duration=\"2000\" data-to-value=\"150000\" data-from-value=\"\" data-delimiter=\".\"><\/span>\n\t\t\t\t<span class=\"elementor-counter-number-suffix\">\u20ac<\/span>\n\t\t\t<\/div>\n\t\t\t\t\t<\/div>\n\t\t\t\t<\/div>\n\t\t\t\t<\/div>\n\t\t\t\t\t<\/div>\n\t\t<\/div>\n\t\t\t\t\t<\/div>\n\t\t<\/section>\n\t\t\t\t<div class=\"elementor-element elementor-element-sgmixou elementor-widget elementor-widget-spacer\" data-id=\"sgmixou\" data-element_type=\"widget\" data-widget_type=\"spacer.default\">\n\t\t\t\t<div class=\"elementor-widget-container\">\n\t\t\t\t\t<div class=\"elementor-spacer\">\n\t\t\t<div class=\"elementor-spacer-inner\"><\/div>\n\t\t<\/div>\n\t\t\t\t<\/div>\n\t\t\t\t<\/div>\n\t\t\t\t<section class=\"elementor-section elementor-inner-section elementor-element elementor-element-phyckaf elementor-section-boxed elementor-section-height-default elementor-section-height-default\" data-id=\"phyckaf\" data-element_type=\"section\" data-settings=\"{&quot;jet_parallax_layout_list&quot;:[]}\">\n\t\t\t\t\t\t<div class=\"elementor-container elementor-column-gap-default\">\n\t\t\t\t\t<div class=\"elementor-column elementor-col-33 elementor-inner-column elementor-element elementor-element-qx2i2b5\" data-id=\"qx2i2b5\" data-element_type=\"column\">\n\t\t\t<div class=\"elementor-widget-wrap elementor-element-populated\">\n\t\t\t\t\t\t<div class=\"elementor-element elementor-element-d4rifdr elementor-widget elementor-widget-text-editor\" data-id=\"d4rifdr\" data-element_type=\"widget\" data-widget_type=\"text-editor.default\">\n\t\t\t\t<div class=\"elementor-widget-container\">\n\t\t\t\t\t\t\t<h3>&nbsp;<\/h3>\n<h1><strong>Valore raggiunto <\/strong><\/h1>\n<h3><em>Data rilevazione: <b>31 12 2022<\/b><\/em><\/h3>\t\t\t\t\t\t<\/div>\n\t\t\t\t<\/div>\n\t\t\t\t\t<\/div>\n\t\t<\/div>\n\t\t\t\t<div class=\"elementor-column elementor-col-66 elementor-inner-column elementor-element elementor-element-7nzogqi\" data-id=\"7nzogqi\" data-element_type=\"column\">\n\t\t\t<div class=\"elementor-widget-wrap elementor-element-populated\">\n\t\t\t\t\t\t<div class=\"elementor-element elementor-element-zjmumzj elementor-widget elementor-widget-counter\" data-id=\"zjmumzj\" data-element_type=\"widget\" data-widget_type=\"counter.default\">\n\t\t\t\t<div class=\"elementor-widget-container\">\n\t\t\t\t\t<div class=\"elementor-counter\">\n\t\t\t<div class=\"elementor-counter-number-wrapper\">\n\t\t\t\t<span class=\"elementor-counter-number-prefix\"><\/span>\n\t\t\t\t<span class=\"elementor-counter-number\" data-duration=\"2000\" data-to-value=\"126135\" data-from-value=\"\" data-delimiter=\".\"><\/span>\n\t\t\t\t<span class=\"elementor-counter-number-suffix\">\u20ac<\/span>\n\t\t\t<\/div>\n\t\t\t\t\t<\/div>\n\t\t\t\t<\/div>\n\t\t\t\t<\/div>\n\t\t\t\t<div class=\"elementor-element elementor-element-tjksk45 animated-slow elementor-view-default elementor-position-top elementor-mobile-position-top elementor-invisible elementor-widget elementor-widget-icon-box\" data-id=\"tjksk45\" data-element_type=\"widget\" data-settings=\"{&quot;_animation&quot;:&quot;swing&quot;}\" data-widget_type=\"icon-box.default\">\n\t\t\t\t<div class=\"elementor-widget-container\">\n\t\t\t\t\t<div class=\"elementor-icon-box-wrapper\">\n\t\t\t\t\t\t<div class=\"elementor-icon-box-icon\">\n\t\t\t\t<span  class=\"elementor-icon elementor-animation-\">\n\t\t\t\t<i class=\"fa fa-meh-o\" aria-hidden=\"true\"><\/i>\t\t\t\t<\/span>\n\t\t\t<\/div>\n\t\t\t\t\t\t<div class=\"elementor-icon-box-content\">\n\t\t\t\t<h3 class=\"elementor-icon-box-title\">\n\t\t\t\t\t<span  >\n\t\t\t\t\t\tOutput non ancora raggiunto\t\t\t\t\t<\/span>\n\t\t\t\t<\/h3>\n\t\t\t\t\t\t\t<\/div>\n\t\t<\/div>\n\t\t\t\t<\/div>\n\t\t\t\t<\/div>\n\t\t\t\t\t<\/div>\n\t\t<\/div>\n\t\t\t\t\t<\/div>\n\t\t<\/section>\n\t\t\t\t\t<\/div>\n\t\t<\/div>\n\t\t\t\t\t<\/div>\n\t\t<\/section>\n\t\t\t\t<\/div>\n\t\t","protected":false},"excerpt":{"rendered":"<p>Indicatore Output O12 Spesa pubblica totale per iniziative promozionali sui regimi di qualit\u00e0 dei prodotti agricoli e alimentari L&#8217;output concorrer\u00e0 al raggiungimento dell&#8217;Obiettivo specifico 2.4 Unit\u00e0 di Misura Euro (\u20ac) Valore target \u20ac &nbsp; Valore raggiunto Data rilevazione: 31 12 2022 \u20ac Output non ancora raggiunto<\/p>\n","protected":false},"author":1,"featured_media":0,"parent":0,"menu_order":1,"comment_status":"closed","ping_status":"closed","template":"","meta":{"footnotes":""},"categories":[],"tags":[],"class_list":["post-4480","page","type-page","status-publish","hentry"],"yoast_head":"<!-- This site is optimized with the Yoast SEO plugin v25.7 - https:\/\/yoast.com\/wordpress\/plugins\/seo\/ -->\n<title>O12 - Spesa pubblica totale per iniziative promozionali sui regimi di qualit\u00e0 dei prodotti agricoli e alimentari - GAL Prealpi e Dolomiti<\/title>\n<meta name=\"robots\" content=\"index, follow, max-snippet:-1, max-image-preview:large, max-video-preview:-1\" \/>\n<link rel=\"canonical\" href=\"https:\/\/galprealpidolomiti.it\/o12-spesa-pubblica-totale-per-iniziative-promozionali-sui-regimi-di-qualita-dei-prodotti-agricoli-e-alimentari\/\" \/>\n<meta property=\"og:locale\" content=\"it_IT\" \/>\n<meta property=\"og:type\" content=\"article\" \/>\n<meta property=\"og:title\" content=\"O12 - Spesa pubblica totale per iniziative promozionali sui regimi di qualit\u00e0 dei prodotti agricoli e alimentari - GAL Prealpi e Dolomiti\" \/>\n<meta property=\"og:description\" content=\"Indicatore Output O12 Spesa pubblica totale per iniziative promozionali sui regimi di qualit\u00e0 dei prodotti agricoli e alimentari L&#8217;output concorrer\u00e0 al raggiungimento dell&#8217;Obiettivo specifico 2.4 Unit\u00e0 di Misura Euro (\u20ac) Valore target \u20ac &nbsp; Valore raggiunto Data rilevazione: 31 12 2022 \u20ac Output non ancora raggiunto\" \/>\n<meta property=\"og:url\" content=\"https:\/\/galprealpidolomiti.it\/o12-spesa-pubblica-totale-per-iniziative-promozionali-sui-regimi-di-qualita-dei-prodotti-agricoli-e-alimentari\/\" \/>\n<meta property=\"og:site_name\" content=\"GAL Prealpi e Dolomiti\" \/>\n<meta property=\"article:modified_time\" content=\"2023-02-22T14:07:00+00:00\" \/>\n<meta name=\"twitter:card\" content=\"summary_large_image\" \/>\n<meta name=\"twitter:label1\" content=\"Tempo di lettura stimato\" \/>\n\t<meta name=\"twitter:data1\" content=\"1 minuto\" \/>\n<script type=\"application\/ld+json\" class=\"yoast-schema-graph\">{\"@context\":\"https:\/\/schema.org\",\"@graph\":[{\"@type\":\"WebPage\",\"@id\":\"https:\/\/galprealpidolomiti.it\/o12-spesa-pubblica-totale-per-iniziative-promozionali-sui-regimi-di-qualita-dei-prodotti-agricoli-e-alimentari\/\",\"url\":\"https:\/\/galprealpidolomiti.it\/o12-spesa-pubblica-totale-per-iniziative-promozionali-sui-regimi-di-qualita-dei-prodotti-agricoli-e-alimentari\/\",\"name\":\"O12 - Spesa pubblica totale per iniziative promozionali sui regimi di qualit\u00e0 dei prodotti agricoli e alimentari - GAL Prealpi e Dolomiti\",\"isPartOf\":{\"@id\":\"https:\/\/galprealpidolomiti.it\/#website\"},\"datePublished\":\"2017-09-15T15:38:51+00:00\",\"dateModified\":\"2023-02-22T14:07:00+00:00\",\"breadcrumb\":{\"@id\":\"https:\/\/galprealpidolomiti.it\/o12-spesa-pubblica-totale-per-iniziative-promozionali-sui-regimi-di-qualita-dei-prodotti-agricoli-e-alimentari\/#breadcrumb\"},\"inLanguage\":\"it-IT\",\"potentialAction\":[{\"@type\":\"ReadAction\",\"target\":[\"https:\/\/galprealpidolomiti.it\/o12-spesa-pubblica-totale-per-iniziative-promozionali-sui-regimi-di-qualita-dei-prodotti-agricoli-e-alimentari\/\"]}]},{\"@type\":\"BreadcrumbList\",\"@id\":\"https:\/\/galprealpidolomiti.it\/o12-spesa-pubblica-totale-per-iniziative-promozionali-sui-regimi-di-qualita-dei-prodotti-agricoli-e-alimentari\/#breadcrumb\",\"itemListElement\":[{\"@type\":\"ListItem\",\"position\":1,\"name\":\"Home\",\"item\":\"https:\/\/galprealpidolomiti.it\/\"},{\"@type\":\"ListItem\",\"position\":2,\"name\":\"O12 &#8211; Spesa pubblica totale per iniziative promozionali sui regimi di qualit\u00e0 dei prodotti agricoli e alimentari\"}]},{\"@type\":\"WebSite\",\"@id\":\"https:\/\/galprealpidolomiti.it\/#website\",\"url\":\"https:\/\/galprealpidolomiti.it\/\",\"name\":\"GAL Prealpi e Dolomiti\",\"description\":\"Gruppo di Azione Locale\",\"publisher\":{\"@id\":\"https:\/\/galprealpidolomiti.it\/#organization\"},\"potentialAction\":[{\"@type\":\"SearchAction\",\"target\":{\"@type\":\"EntryPoint\",\"urlTemplate\":\"https:\/\/galprealpidolomiti.it\/?s={search_term_string}\"},\"query-input\":{\"@type\":\"PropertyValueSpecification\",\"valueRequired\":true,\"valueName\":\"search_term_string\"}}],\"inLanguage\":\"it-IT\"},{\"@type\":\"Organization\",\"@id\":\"https:\/\/galprealpidolomiti.it\/#organization\",\"name\":\"GAL Prealpi e Dolomiti\",\"url\":\"https:\/\/galprealpidolomiti.it\/\",\"logo\":{\"@type\":\"ImageObject\",\"inLanguage\":\"it-IT\",\"@id\":\"https:\/\/galprealpidolomiti.it\/#\/schema\/logo\/image\/\",\"url\":\"https:\/\/www.galprealpidolomiti.it\/old\/wp-content\/uploads\/2020\/03\/striscia-5-loghi.png\",\"contentUrl\":\"https:\/\/www.galprealpidolomiti.it\/old\/wp-content\/uploads\/2020\/03\/striscia-5-loghi.png\",\"width\":1177,\"height\":228,\"caption\":\"GAL Prealpi e Dolomiti\"},\"image\":{\"@id\":\"https:\/\/galprealpidolomiti.it\/#\/schema\/logo\/image\/\"}}]}<\/script>\n<!-- \/ Yoast SEO plugin. -->","yoast_head_json":{"title":"O12 - Spesa pubblica totale per iniziative promozionali sui regimi di qualit\u00e0 dei prodotti agricoli e alimentari - GAL Prealpi e Dolomiti","robots":{"index":"index","follow":"follow","max-snippet":"max-snippet:-1","max-image-preview":"max-image-preview:large","max-video-preview":"max-video-preview:-1"},"canonical":"https:\/\/galprealpidolomiti.it\/o12-spesa-pubblica-totale-per-iniziative-promozionali-sui-regimi-di-qualita-dei-prodotti-agricoli-e-alimentari\/","og_locale":"it_IT","og_type":"article","og_title":"O12 - Spesa pubblica totale per iniziative promozionali sui regimi di qualit\u00e0 dei prodotti agricoli e alimentari - GAL Prealpi e Dolomiti","og_description":"Indicatore Output O12 Spesa pubblica totale per iniziative promozionali sui regimi di qualit\u00e0 dei prodotti agricoli e alimentari L&#8217;output concorrer\u00e0 al raggiungimento dell&#8217;Obiettivo specifico 2.4 Unit\u00e0 di Misura Euro (\u20ac) Valore target \u20ac &nbsp; Valore raggiunto Data rilevazione: 31 12 2022 \u20ac Output non ancora raggiunto","og_url":"https:\/\/galprealpidolomiti.it\/o12-spesa-pubblica-totale-per-iniziative-promozionali-sui-regimi-di-qualita-dei-prodotti-agricoli-e-alimentari\/","og_site_name":"GAL Prealpi e Dolomiti","article_modified_time":"2023-02-22T14:07:00+00:00","twitter_card":"summary_large_image","twitter_misc":{"Tempo di lettura stimato":"1 minuto"},"schema":{"@context":"https:\/\/schema.org","@graph":[{"@type":"WebPage","@id":"https:\/\/galprealpidolomiti.it\/o12-spesa-pubblica-totale-per-iniziative-promozionali-sui-regimi-di-qualita-dei-prodotti-agricoli-e-alimentari\/","url":"https:\/\/galprealpidolomiti.it\/o12-spesa-pubblica-totale-per-iniziative-promozionali-sui-regimi-di-qualita-dei-prodotti-agricoli-e-alimentari\/","name":"O12 - Spesa pubblica totale per iniziative promozionali sui regimi di qualit\u00e0 dei prodotti agricoli e alimentari - GAL Prealpi e Dolomiti","isPartOf":{"@id":"https:\/\/galprealpidolomiti.it\/#website"},"datePublished":"2017-09-15T15:38:51+00:00","dateModified":"2023-02-22T14:07:00+00:00","breadcrumb":{"@id":"https:\/\/galprealpidolomiti.it\/o12-spesa-pubblica-totale-per-iniziative-promozionali-sui-regimi-di-qualita-dei-prodotti-agricoli-e-alimentari\/#breadcrumb"},"inLanguage":"it-IT","potentialAction":[{"@type":"ReadAction","target":["https:\/\/galprealpidolomiti.it\/o12-spesa-pubblica-totale-per-iniziative-promozionali-sui-regimi-di-qualita-dei-prodotti-agricoli-e-alimentari\/"]}]},{"@type":"BreadcrumbList","@id":"https:\/\/galprealpidolomiti.it\/o12-spesa-pubblica-totale-per-iniziative-promozionali-sui-regimi-di-qualita-dei-prodotti-agricoli-e-alimentari\/#breadcrumb","itemListElement":[{"@type":"ListItem","position":1,"name":"Home","item":"https:\/\/galprealpidolomiti.it\/"},{"@type":"ListItem","position":2,"name":"O12 &#8211; Spesa pubblica totale per iniziative promozionali sui regimi di qualit\u00e0 dei prodotti agricoli e alimentari"}]},{"@type":"WebSite","@id":"https:\/\/galprealpidolomiti.it\/#website","url":"https:\/\/galprealpidolomiti.it\/","name":"GAL Prealpi e Dolomiti","description":"Gruppo di Azione Locale","publisher":{"@id":"https:\/\/galprealpidolomiti.it\/#organization"},"potentialAction":[{"@type":"SearchAction","target":{"@type":"EntryPoint","urlTemplate":"https:\/\/galprealpidolomiti.it\/?s={search_term_string}"},"query-input":{"@type":"PropertyValueSpecification","valueRequired":true,"valueName":"search_term_string"}}],"inLanguage":"it-IT"},{"@type":"Organization","@id":"https:\/\/galprealpidolomiti.it\/#organization","name":"GAL Prealpi e Dolomiti","url":"https:\/\/galprealpidolomiti.it\/","logo":{"@type":"ImageObject","inLanguage":"it-IT","@id":"https:\/\/galprealpidolomiti.it\/#\/schema\/logo\/image\/","url":"https:\/\/www.galprealpidolomiti.it\/old\/wp-content\/uploads\/2020\/03\/striscia-5-loghi.png","contentUrl":"https:\/\/www.galprealpidolomiti.it\/old\/wp-content\/uploads\/2020\/03\/striscia-5-loghi.png","width":1177,"height":228,"caption":"GAL Prealpi e Dolomiti"},"image":{"@id":"https:\/\/galprealpidolomiti.it\/#\/schema\/logo\/image\/"}}]}},"_links":{"self":[{"href":"https:\/\/www.galprealpidolomiti.it\/old\/wp-json\/wp\/v2\/pages\/4480","targetHints":{"allow":["GET"]}}],"collection":[{"href":"https:\/\/www.galprealpidolomiti.it\/old\/wp-json\/wp\/v2\/pages"}],"about":[{"href":"https:\/\/www.galprealpidolomiti.it\/old\/wp-json\/wp\/v2\/types\/page"}],"author":[{"embeddable":true,"href":"https:\/\/www.galprealpidolomiti.it\/old\/wp-json\/wp\/v2\/users\/1"}],"replies":[{"embeddable":true,"href":"https:\/\/www.galprealpidolomiti.it\/old\/wp-json\/wp\/v2\/comments?post=4480"}],"version-history":[{"count":12,"href":"https:\/\/www.galprealpidolomiti.it\/old\/wp-json\/wp\/v2\/pages\/4480\/revisions"}],"predecessor-version":[{"id":18780,"href":"https:\/\/www.galprealpidolomiti.it\/old\/wp-json\/wp\/v2\/pages\/4480\/revisions\/18780"}],"wp:attachment":[{"href":"https:\/\/www.galprealpidolomiti.it\/old\/wp-json\/wp\/v2\/media?parent=4480"}],"wp:term":[{"taxonomy":"category","embeddable":true,"href":"https:\/\/www.galprealpidolomiti.it\/old\/wp-json\/wp\/v2\/categories?post=4480"},{"taxonomy":"post_tag","embeddable":true,"href":"https:\/\/www.galprealpidolomiti.it\/old\/wp-json\/wp\/v2\/tags?post=4480"}],"curies":[{"name":"wp","href":"https:\/\/api.w.org\/{rel}","templated":true}]}}