{"id":4472,"date":"2017-09-15T17:38:50","date_gmt":"2017-09-15T15:38:50","guid":{"rendered":"https:\/\/galprealpidolomiti.it\/piano-dazione-del-psl\/o4-aziende-agricole-che-percepiscono-aiuti-per-lavviamentosostegno-agli-investimenti-per-attivita-non-agricole-nelle-zone-rurali\/"},"modified":"2023-02-23T10:07:04","modified_gmt":"2023-02-23T09:07:04","slug":"o4-aziende-agricole-che-percepiscono-aiuti-per-lavviamentosostegno-agli-investimenti-per-attivita-non-agricole-nelle-zone-rurali","status":"publish","type":"page","link":"https:\/\/www.galprealpidolomiti.it\/old\/o4-aziende-agricole-che-percepiscono-aiuti-per-lavviamentosostegno-agli-investimenti-per-attivita-non-agricole-nelle-zone-rurali\/","title":{"rendered":"O4 &#8211; Aziende agricole che percepiscono aiuti per l&#8217;avviamento\/sostegno agli investimenti per attivit\u00e0 non agricole nelle zone rurali"},"content":{"rendered":"\t\t<div data-elementor-type=\"wp-post\" data-elementor-id=\"4472\" class=\"elementor elementor-4472\" data-elementor-post-type=\"page\">\n\t\t\t\t\t\t<section class=\"elementor-section elementor-top-section elementor-element elementor-element-lyonlip elementor-section-boxed elementor-section-height-default elementor-section-height-default\" data-id=\"lyonlip\" data-element_type=\"section\" data-settings=\"{&quot;jet_parallax_layout_list&quot;:[]}\">\n\t\t\t\t\t\t<div class=\"elementor-container elementor-column-gap-default\">\n\t\t\t\t\t<div class=\"elementor-column elementor-col-100 elementor-top-column elementor-element elementor-element-bmcuuos\" data-id=\"bmcuuos\" data-element_type=\"column\">\n\t\t\t<div class=\"elementor-widget-wrap elementor-element-populated\">\n\t\t\t\t\t\t<section class=\"elementor-section elementor-inner-section elementor-element elementor-element-882r5tm elementor-section-boxed elementor-section-height-default elementor-section-height-default\" data-id=\"882r5tm\" data-element_type=\"section\" data-settings=\"{&quot;jet_parallax_layout_list&quot;:[]}\">\n\t\t\t\t\t\t<div class=\"elementor-container elementor-column-gap-default\">\n\t\t\t\t\t<div class=\"elementor-column elementor-col-33 elementor-inner-column elementor-element elementor-element-suxbnj6\" data-id=\"suxbnj6\" data-element_type=\"column\">\n\t\t\t<div class=\"elementor-widget-wrap elementor-element-populated\">\n\t\t\t\t\t\t<div class=\"elementor-element elementor-element-v9j1cmt elementor-widget elementor-widget-text-editor\" data-id=\"v9j1cmt\" data-element_type=\"widget\" data-widget_type=\"text-editor.default\">\n\t\t\t\t<div class=\"elementor-widget-container\">\n\t\t\t\t\t\t\t<h2><strong>Indicatore Output <em>O4<\/em><\/strong><\/h2>\t\t\t\t\t\t<\/div>\n\t\t\t\t<\/div>\n\t\t\t\t\t<\/div>\n\t\t<\/div>\n\t\t\t\t<div class=\"elementor-column elementor-col-66 elementor-inner-column elementor-element elementor-element-juzgiva\" data-id=\"juzgiva\" data-element_type=\"column\">\n\t\t\t<div class=\"elementor-widget-wrap elementor-element-populated\">\n\t\t\t\t\t\t<div class=\"elementor-element elementor-element-9plrh4k elementor-widget elementor-widget-text-editor\" data-id=\"9plrh4k\" data-element_type=\"widget\" data-widget_type=\"text-editor.default\">\n\t\t\t\t<div class=\"elementor-widget-container\">\n\t\t\t\t\t\t\t<h2 style=\"text-align: center;\">Aziende agricole che percepiscono aiuti per l\u2019avviamento\/sostegno agli investimenti per attivit\u00e0 non agricole<\/h2><h4 style=\"text-align: center;\"><em>L&#8217;output concorrer\u00e0 al raggiungimento dell&#8217;<\/em><a href=\"https:\/\/galprealpidolomiti.it\/wp-content\/uploads\/2017\/11\/PSL-GAL-Prealpi-e-Dolomiti-coordinato-con-DGR-1547_2016.pdf#page=93\" target=\"_blank\" rel=\"noopener\"><em>Obiettivo specifico 1.4<\/em><\/a><\/h4>\t\t\t\t\t\t<\/div>\n\t\t\t\t<\/div>\n\t\t\t\t\t<\/div>\n\t\t<\/div>\n\t\t\t\t\t<\/div>\n\t\t<\/section>\n\t\t\t\t<section class=\"elementor-section elementor-inner-section elementor-element elementor-element-alzftol elementor-section-boxed elementor-section-height-default elementor-section-height-default\" data-id=\"alzftol\" data-element_type=\"section\" data-settings=\"{&quot;jet_parallax_layout_list&quot;:[]}\">\n\t\t\t\t\t\t<div class=\"elementor-container elementor-column-gap-default\">\n\t\t\t\t\t<div class=\"elementor-column elementor-col-33 elementor-inner-column elementor-element elementor-element-mdki9up\" data-id=\"mdki9up\" data-element_type=\"column\">\n\t\t\t<div class=\"elementor-widget-wrap elementor-element-populated\">\n\t\t\t\t\t\t<div class=\"elementor-element elementor-element-blprh6q elementor-widget elementor-widget-text-editor\" data-id=\"blprh6q\" data-element_type=\"widget\" data-widget_type=\"text-editor.default\">\n\t\t\t\t<div class=\"elementor-widget-container\">\n\t\t\t\t\t\t\t<h2><strong>Unit\u00e0 di Misura<\/strong><\/h2>\t\t\t\t\t\t<\/div>\n\t\t\t\t<\/div>\n\t\t\t\t\t<\/div>\n\t\t<\/div>\n\t\t\t\t<div class=\"elementor-column elementor-col-66 elementor-inner-column elementor-element elementor-element-qjmkfs5\" data-id=\"qjmkfs5\" data-element_type=\"column\">\n\t\t\t<div class=\"elementor-widget-wrap elementor-element-populated\">\n\t\t\t\t\t\t<div class=\"elementor-element elementor-element-u0b4wpo elementor-widget elementor-widget-text-editor\" data-id=\"u0b4wpo\" data-element_type=\"widget\" data-widget_type=\"text-editor.default\">\n\t\t\t\t<div class=\"elementor-widget-container\">\n\t\t\t\t\t\t\t<h2 style=\"text-align: center;\">n. Aziende agricole<\/h2>\t\t\t\t\t\t<\/div>\n\t\t\t\t<\/div>\n\t\t\t\t\t<\/div>\n\t\t<\/div>\n\t\t\t\t\t<\/div>\n\t\t<\/section>\n\t\t\t\t<section class=\"elementor-section elementor-inner-section elementor-element elementor-element-6uifrcw elementor-section-boxed elementor-section-height-default elementor-section-height-default\" data-id=\"6uifrcw\" data-element_type=\"section\" data-settings=\"{&quot;jet_parallax_layout_list&quot;:[]}\">\n\t\t\t\t\t\t<div class=\"elementor-container elementor-column-gap-default\">\n\t\t\t\t\t<div class=\"elementor-column elementor-col-33 elementor-inner-column elementor-element elementor-element-kp8w6g1\" data-id=\"kp8w6g1\" data-element_type=\"column\">\n\t\t\t<div class=\"elementor-widget-wrap elementor-element-populated\">\n\t\t\t\t\t\t<div class=\"elementor-element elementor-element-az7mho9 elementor-widget elementor-widget-text-editor\" data-id=\"az7mho9\" data-element_type=\"widget\" data-widget_type=\"text-editor.default\">\n\t\t\t\t<div class=\"elementor-widget-container\">\n\t\t\t\t\t\t\t<h2><strong>Valore target\u00a0<\/strong><\/h2>\t\t\t\t\t\t<\/div>\n\t\t\t\t<\/div>\n\t\t\t\t\t<\/div>\n\t\t<\/div>\n\t\t\t\t<div class=\"elementor-column elementor-col-66 elementor-inner-column elementor-element elementor-element-0k3sl8l\" data-id=\"0k3sl8l\" data-element_type=\"column\">\n\t\t\t<div class=\"elementor-widget-wrap elementor-element-populated\">\n\t\t\t\t\t\t<div class=\"elementor-element elementor-element-iic3cz3 elementor-widget elementor-widget-counter\" data-id=\"iic3cz3\" data-element_type=\"widget\" data-widget_type=\"counter.default\">\n\t\t\t\t<div class=\"elementor-widget-container\">\n\t\t\t\t\t<div class=\"elementor-counter\">\n\t\t\t<div class=\"elementor-counter-number-wrapper\">\n\t\t\t\t<span class=\"elementor-counter-number-prefix\">n.<\/span>\n\t\t\t\t<span class=\"elementor-counter-number\" data-duration=\"1000\" data-to-value=\"12\" data-from-value=\"\" data-delimiter=\",\"><\/span>\n\t\t\t\t<span class=\"elementor-counter-number-suffix\"><\/span>\n\t\t\t<\/div>\n\t\t\t\t\t<\/div>\n\t\t\t\t<\/div>\n\t\t\t\t<\/div>\n\t\t\t\t\t<\/div>\n\t\t<\/div>\n\t\t\t\t\t<\/div>\n\t\t<\/section>\n\t\t\t\t<div class=\"elementor-element elementor-element-d67qi1y elementor-widget elementor-widget-spacer\" data-id=\"d67qi1y\" data-element_type=\"widget\" data-widget_type=\"spacer.default\">\n\t\t\t\t<div class=\"elementor-widget-container\">\n\t\t\t\t\t<div class=\"elementor-spacer\">\n\t\t\t<div class=\"elementor-spacer-inner\"><\/div>\n\t\t<\/div>\n\t\t\t\t<\/div>\n\t\t\t\t<\/div>\n\t\t\t\t<section class=\"elementor-section elementor-inner-section elementor-element elementor-element-vq2oa37 elementor-section-boxed elementor-section-height-default elementor-section-height-default\" data-id=\"vq2oa37\" data-element_type=\"section\" data-settings=\"{&quot;jet_parallax_layout_list&quot;:[]}\">\n\t\t\t\t\t\t<div class=\"elementor-container elementor-column-gap-default\">\n\t\t\t\t\t<div class=\"elementor-column elementor-col-33 elementor-inner-column elementor-element elementor-element-hafh5c8\" data-id=\"hafh5c8\" data-element_type=\"column\">\n\t\t\t<div class=\"elementor-widget-wrap elementor-element-populated\">\n\t\t\t\t\t\t<div class=\"elementor-element elementor-element-5ajvdaq elementor-widget elementor-widget-text-editor\" data-id=\"5ajvdaq\" data-element_type=\"widget\" data-widget_type=\"text-editor.default\">\n\t\t\t\t<div class=\"elementor-widget-container\">\n\t\t\t\t\t\t\t<h3>&nbsp;<\/h3>\n<h1><strong>Valore raggiunto <\/strong><\/h1>\n<h3><em>Data rilevazione:&nbsp;<\/em><em><span style=\"font-weight: bold; color: #000000;\">31 12 2022<\/span><\/em><\/h3>\t\t\t\t\t\t<\/div>\n\t\t\t\t<\/div>\n\t\t\t\t\t<\/div>\n\t\t<\/div>\n\t\t\t\t<div class=\"elementor-column elementor-col-66 elementor-inner-column elementor-element elementor-element-80u3ogd\" data-id=\"80u3ogd\" data-element_type=\"column\">\n\t\t\t<div class=\"elementor-widget-wrap elementor-element-populated\">\n\t\t\t\t\t\t<div class=\"elementor-element elementor-element-p0fxt3x elementor-widget elementor-widget-counter\" data-id=\"p0fxt3x\" data-element_type=\"widget\" data-widget_type=\"counter.default\">\n\t\t\t\t<div class=\"elementor-widget-container\">\n\t\t\t\t\t<div class=\"elementor-counter\">\n\t\t\t<div class=\"elementor-counter-number-wrapper\">\n\t\t\t\t<span class=\"elementor-counter-number-prefix\">n.<\/span>\n\t\t\t\t<span class=\"elementor-counter-number\" data-duration=\"2000\" data-to-value=\"7\" data-from-value=\"\" data-delimiter=\",\"><\/span>\n\t\t\t\t<span class=\"elementor-counter-number-suffix\"><\/span>\n\t\t\t<\/div>\n\t\t\t\t\t<\/div>\n\t\t\t\t<\/div>\n\t\t\t\t<\/div>\n\t\t\t\t<div class=\"elementor-element elementor-element-qzhj6tk animated-slow elementor-view-default elementor-position-top elementor-mobile-position-top elementor-invisible elementor-widget elementor-widget-icon-box\" data-id=\"qzhj6tk\" data-element_type=\"widget\" data-settings=\"{&quot;_animation&quot;:&quot;swing&quot;}\" data-widget_type=\"icon-box.default\">\n\t\t\t\t<div class=\"elementor-widget-container\">\n\t\t\t\t\t<div class=\"elementor-icon-box-wrapper\">\n\t\t\t\t\t\t<div class=\"elementor-icon-box-icon\">\n\t\t\t\t<span  class=\"elementor-icon elementor-animation-\">\n\t\t\t\t<i class=\"fa fa-meh-o\" aria-hidden=\"true\"><\/i>\t\t\t\t<\/span>\n\t\t\t<\/div>\n\t\t\t\t\t\t<div class=\"elementor-icon-box-content\">\n\t\t\t\t<h3 class=\"elementor-icon-box-title\">\n\t\t\t\t\t<span  >\n\t\t\t\t\t\tOutput non ancora raggiunto\t\t\t\t\t<\/span>\n\t\t\t\t<\/h3>\n\t\t\t\t\t\t\t<\/div>\n\t\t<\/div>\n\t\t\t\t<\/div>\n\t\t\t\t<\/div>\n\t\t\t\t\t<\/div>\n\t\t<\/div>\n\t\t\t\t\t<\/div>\n\t\t<\/section>\n\t\t\t\t\t<\/div>\n\t\t<\/div>\n\t\t\t\t\t<\/div>\n\t\t<\/section>\n\t\t\t\t<\/div>\n\t\t","protected":false},"excerpt":{"rendered":"<p>Indicatore Output O4 Aziende agricole che percepiscono aiuti per l\u2019avviamento\/sostegno agli investimenti per attivit\u00e0 non agricole L&#8217;output concorrer\u00e0 al raggiungimento dell&#8217;Obiettivo specifico 1.4 Unit\u00e0 di Misura n. Aziende agricole Valore target\u00a0 n. &nbsp; Valore raggiunto Data rilevazione:&nbsp;31 12 2022 n. Output non ancora raggiunto<\/p>\n","protected":false},"author":1,"featured_media":0,"parent":0,"menu_order":-7,"comment_status":"closed","ping_status":"closed","template":"","meta":{"footnotes":""},"categories":[],"tags":[],"class_list":["post-4472","page","type-page","status-publish","hentry"],"yoast_head":"<!-- This site is optimized with the Yoast SEO plugin v25.7 - https:\/\/yoast.com\/wordpress\/plugins\/seo\/ -->\n<title>O4 - Aziende agricole che percepiscono aiuti per l&#039;avviamento\/sostegno agli investimenti per attivit\u00e0 non agricole nelle zone rurali - GAL Prealpi e Dolomiti<\/title>\n<meta name=\"robots\" content=\"index, follow, max-snippet:-1, max-image-preview:large, max-video-preview:-1\" \/>\n<link rel=\"canonical\" href=\"https:\/\/galprealpidolomiti.it\/o4-aziende-agricole-che-percepiscono-aiuti-per-lavviamentosostegno-agli-investimenti-per-attivita-non-agricole-nelle-zone-rurali\/\" \/>\n<meta property=\"og:locale\" content=\"it_IT\" \/>\n<meta property=\"og:type\" content=\"article\" \/>\n<meta property=\"og:title\" content=\"O4 - Aziende agricole che percepiscono aiuti per l&#039;avviamento\/sostegno agli investimenti per attivit\u00e0 non agricole nelle zone rurali - GAL Prealpi e Dolomiti\" \/>\n<meta property=\"og:description\" content=\"Indicatore Output O4 Aziende agricole che percepiscono aiuti per l\u2019avviamento\/sostegno agli investimenti per attivit\u00e0 non agricole L&#8217;output concorrer\u00e0 al raggiungimento dell&#8217;Obiettivo specifico 1.4 Unit\u00e0 di Misura n. Aziende agricole Valore target\u00a0 n. &nbsp; Valore raggiunto Data rilevazione:&nbsp;31 12 2022 n. Output non ancora raggiunto\" \/>\n<meta property=\"og:url\" content=\"https:\/\/galprealpidolomiti.it\/o4-aziende-agricole-che-percepiscono-aiuti-per-lavviamentosostegno-agli-investimenti-per-attivita-non-agricole-nelle-zone-rurali\/\" \/>\n<meta property=\"og:site_name\" content=\"GAL Prealpi e Dolomiti\" \/>\n<meta property=\"article:modified_time\" content=\"2023-02-23T09:07:04+00:00\" \/>\n<meta name=\"twitter:card\" content=\"summary_large_image\" \/>\n<meta name=\"twitter:label1\" content=\"Tempo di lettura stimato\" \/>\n\t<meta name=\"twitter:data1\" content=\"1 minuto\" \/>\n<script type=\"application\/ld+json\" class=\"yoast-schema-graph\">{\"@context\":\"https:\/\/schema.org\",\"@graph\":[{\"@type\":\"WebPage\",\"@id\":\"https:\/\/galprealpidolomiti.it\/o4-aziende-agricole-che-percepiscono-aiuti-per-lavviamentosostegno-agli-investimenti-per-attivita-non-agricole-nelle-zone-rurali\/\",\"url\":\"https:\/\/galprealpidolomiti.it\/o4-aziende-agricole-che-percepiscono-aiuti-per-lavviamentosostegno-agli-investimenti-per-attivita-non-agricole-nelle-zone-rurali\/\",\"name\":\"O4 - Aziende agricole che percepiscono aiuti per l'avviamento\/sostegno agli investimenti per attivit\u00e0 non agricole nelle zone rurali - GAL Prealpi e Dolomiti\",\"isPartOf\":{\"@id\":\"https:\/\/galprealpidolomiti.it\/#website\"},\"datePublished\":\"2017-09-15T15:38:50+00:00\",\"dateModified\":\"2023-02-23T09:07:04+00:00\",\"breadcrumb\":{\"@id\":\"https:\/\/galprealpidolomiti.it\/o4-aziende-agricole-che-percepiscono-aiuti-per-lavviamentosostegno-agli-investimenti-per-attivita-non-agricole-nelle-zone-rurali\/#breadcrumb\"},\"inLanguage\":\"it-IT\",\"potentialAction\":[{\"@type\":\"ReadAction\",\"target\":[\"https:\/\/galprealpidolomiti.it\/o4-aziende-agricole-che-percepiscono-aiuti-per-lavviamentosostegno-agli-investimenti-per-attivita-non-agricole-nelle-zone-rurali\/\"]}]},{\"@type\":\"BreadcrumbList\",\"@id\":\"https:\/\/galprealpidolomiti.it\/o4-aziende-agricole-che-percepiscono-aiuti-per-lavviamentosostegno-agli-investimenti-per-attivita-non-agricole-nelle-zone-rurali\/#breadcrumb\",\"itemListElement\":[{\"@type\":\"ListItem\",\"position\":1,\"name\":\"Home\",\"item\":\"https:\/\/galprealpidolomiti.it\/\"},{\"@type\":\"ListItem\",\"position\":2,\"name\":\"O4 &#8211; Aziende agricole che percepiscono aiuti per l&#8217;avviamento\/sostegno agli investimenti per attivit\u00e0 non agricole nelle zone rurali\"}]},{\"@type\":\"WebSite\",\"@id\":\"https:\/\/galprealpidolomiti.it\/#website\",\"url\":\"https:\/\/galprealpidolomiti.it\/\",\"name\":\"GAL Prealpi e Dolomiti\",\"description\":\"Gruppo di Azione Locale\",\"publisher\":{\"@id\":\"https:\/\/galprealpidolomiti.it\/#organization\"},\"potentialAction\":[{\"@type\":\"SearchAction\",\"target\":{\"@type\":\"EntryPoint\",\"urlTemplate\":\"https:\/\/galprealpidolomiti.it\/?s={search_term_string}\"},\"query-input\":{\"@type\":\"PropertyValueSpecification\",\"valueRequired\":true,\"valueName\":\"search_term_string\"}}],\"inLanguage\":\"it-IT\"},{\"@type\":\"Organization\",\"@id\":\"https:\/\/galprealpidolomiti.it\/#organization\",\"name\":\"GAL Prealpi e Dolomiti\",\"url\":\"https:\/\/galprealpidolomiti.it\/\",\"logo\":{\"@type\":\"ImageObject\",\"inLanguage\":\"it-IT\",\"@id\":\"https:\/\/galprealpidolomiti.it\/#\/schema\/logo\/image\/\",\"url\":\"https:\/\/www.galprealpidolomiti.it\/old\/wp-content\/uploads\/2020\/03\/striscia-5-loghi.png\",\"contentUrl\":\"https:\/\/www.galprealpidolomiti.it\/old\/wp-content\/uploads\/2020\/03\/striscia-5-loghi.png\",\"width\":1177,\"height\":228,\"caption\":\"GAL Prealpi e Dolomiti\"},\"image\":{\"@id\":\"https:\/\/galprealpidolomiti.it\/#\/schema\/logo\/image\/\"}}]}<\/script>\n<!-- \/ Yoast SEO plugin. -->","yoast_head_json":{"title":"O4 - Aziende agricole che percepiscono aiuti per l'avviamento\/sostegno agli investimenti per attivit\u00e0 non agricole nelle zone rurali - GAL Prealpi e Dolomiti","robots":{"index":"index","follow":"follow","max-snippet":"max-snippet:-1","max-image-preview":"max-image-preview:large","max-video-preview":"max-video-preview:-1"},"canonical":"https:\/\/galprealpidolomiti.it\/o4-aziende-agricole-che-percepiscono-aiuti-per-lavviamentosostegno-agli-investimenti-per-attivita-non-agricole-nelle-zone-rurali\/","og_locale":"it_IT","og_type":"article","og_title":"O4 - Aziende agricole che percepiscono aiuti per l'avviamento\/sostegno agli investimenti per attivit\u00e0 non agricole nelle zone rurali - GAL Prealpi e Dolomiti","og_description":"Indicatore Output O4 Aziende agricole che percepiscono aiuti per l\u2019avviamento\/sostegno agli investimenti per attivit\u00e0 non agricole L&#8217;output concorrer\u00e0 al raggiungimento dell&#8217;Obiettivo specifico 1.4 Unit\u00e0 di Misura n. Aziende agricole Valore target\u00a0 n. &nbsp; Valore raggiunto Data rilevazione:&nbsp;31 12 2022 n. Output non ancora raggiunto","og_url":"https:\/\/galprealpidolomiti.it\/o4-aziende-agricole-che-percepiscono-aiuti-per-lavviamentosostegno-agli-investimenti-per-attivita-non-agricole-nelle-zone-rurali\/","og_site_name":"GAL Prealpi e Dolomiti","article_modified_time":"2023-02-23T09:07:04+00:00","twitter_card":"summary_large_image","twitter_misc":{"Tempo di lettura stimato":"1 minuto"},"schema":{"@context":"https:\/\/schema.org","@graph":[{"@type":"WebPage","@id":"https:\/\/galprealpidolomiti.it\/o4-aziende-agricole-che-percepiscono-aiuti-per-lavviamentosostegno-agli-investimenti-per-attivita-non-agricole-nelle-zone-rurali\/","url":"https:\/\/galprealpidolomiti.it\/o4-aziende-agricole-che-percepiscono-aiuti-per-lavviamentosostegno-agli-investimenti-per-attivita-non-agricole-nelle-zone-rurali\/","name":"O4 - Aziende agricole che percepiscono aiuti per l'avviamento\/sostegno agli investimenti per attivit\u00e0 non agricole nelle zone rurali - GAL Prealpi e Dolomiti","isPartOf":{"@id":"https:\/\/galprealpidolomiti.it\/#website"},"datePublished":"2017-09-15T15:38:50+00:00","dateModified":"2023-02-23T09:07:04+00:00","breadcrumb":{"@id":"https:\/\/galprealpidolomiti.it\/o4-aziende-agricole-che-percepiscono-aiuti-per-lavviamentosostegno-agli-investimenti-per-attivita-non-agricole-nelle-zone-rurali\/#breadcrumb"},"inLanguage":"it-IT","potentialAction":[{"@type":"ReadAction","target":["https:\/\/galprealpidolomiti.it\/o4-aziende-agricole-che-percepiscono-aiuti-per-lavviamentosostegno-agli-investimenti-per-attivita-non-agricole-nelle-zone-rurali\/"]}]},{"@type":"BreadcrumbList","@id":"https:\/\/galprealpidolomiti.it\/o4-aziende-agricole-che-percepiscono-aiuti-per-lavviamentosostegno-agli-investimenti-per-attivita-non-agricole-nelle-zone-rurali\/#breadcrumb","itemListElement":[{"@type":"ListItem","position":1,"name":"Home","item":"https:\/\/galprealpidolomiti.it\/"},{"@type":"ListItem","position":2,"name":"O4 &#8211; Aziende agricole che percepiscono aiuti per l&#8217;avviamento\/sostegno agli investimenti per attivit\u00e0 non agricole nelle zone rurali"}]},{"@type":"WebSite","@id":"https:\/\/galprealpidolomiti.it\/#website","url":"https:\/\/galprealpidolomiti.it\/","name":"GAL Prealpi e Dolomiti","description":"Gruppo di Azione Locale","publisher":{"@id":"https:\/\/galprealpidolomiti.it\/#organization"},"potentialAction":[{"@type":"SearchAction","target":{"@type":"EntryPoint","urlTemplate":"https:\/\/galprealpidolomiti.it\/?s={search_term_string}"},"query-input":{"@type":"PropertyValueSpecification","valueRequired":true,"valueName":"search_term_string"}}],"inLanguage":"it-IT"},{"@type":"Organization","@id":"https:\/\/galprealpidolomiti.it\/#organization","name":"GAL Prealpi e Dolomiti","url":"https:\/\/galprealpidolomiti.it\/","logo":{"@type":"ImageObject","inLanguage":"it-IT","@id":"https:\/\/galprealpidolomiti.it\/#\/schema\/logo\/image\/","url":"https:\/\/www.galprealpidolomiti.it\/old\/wp-content\/uploads\/2020\/03\/striscia-5-loghi.png","contentUrl":"https:\/\/www.galprealpidolomiti.it\/old\/wp-content\/uploads\/2020\/03\/striscia-5-loghi.png","width":1177,"height":228,"caption":"GAL Prealpi e Dolomiti"},"image":{"@id":"https:\/\/galprealpidolomiti.it\/#\/schema\/logo\/image\/"}}]}},"_links":{"self":[{"href":"https:\/\/www.galprealpidolomiti.it\/old\/wp-json\/wp\/v2\/pages\/4472","targetHints":{"allow":["GET"]}}],"collection":[{"href":"https:\/\/www.galprealpidolomiti.it\/old\/wp-json\/wp\/v2\/pages"}],"about":[{"href":"https:\/\/www.galprealpidolomiti.it\/old\/wp-json\/wp\/v2\/types\/page"}],"author":[{"embeddable":true,"href":"https:\/\/www.galprealpidolomiti.it\/old\/wp-json\/wp\/v2\/users\/1"}],"replies":[{"embeddable":true,"href":"https:\/\/www.galprealpidolomiti.it\/old\/wp-json\/wp\/v2\/comments?post=4472"}],"version-history":[{"count":11,"href":"https:\/\/www.galprealpidolomiti.it\/old\/wp-json\/wp\/v2\/pages\/4472\/revisions"}],"predecessor-version":[{"id":18820,"href":"https:\/\/www.galprealpidolomiti.it\/old\/wp-json\/wp\/v2\/pages\/4472\/revisions\/18820"}],"wp:attachment":[{"href":"https:\/\/www.galprealpidolomiti.it\/old\/wp-json\/wp\/v2\/media?parent=4472"}],"wp:term":[{"taxonomy":"category","embeddable":true,"href":"https:\/\/www.galprealpidolomiti.it\/old\/wp-json\/wp\/v2\/categories?post=4472"},{"taxonomy":"post_tag","embeddable":true,"href":"https:\/\/www.galprealpidolomiti.it\/old\/wp-json\/wp\/v2\/tags?post=4472"}],"curies":[{"name":"wp","href":"https:\/\/api.w.org\/{rel}","templated":true}]}}