{"id":4452,"date":"2017-09-15T17:31:56","date_gmt":"2017-09-15T15:31:56","guid":{"rendered":"https:\/\/galprealpidolomiti.it\/i-6-4-2-creazione-e-sviluppo-di-attivita-extra-agricole-nelle-aree-rurali\/"},"modified":"2023-10-18T11:36:26","modified_gmt":"2023-10-18T09:36:26","slug":"i-6-4-2-creazione-e-sviluppo-di-attivita-extra-agricole-nelle-aree-rurali","status":"publish","type":"page","link":"https:\/\/www.galprealpidolomiti.it\/old\/i-6-4-2-creazione-e-sviluppo-di-attivita-extra-agricole-nelle-aree-rurali\/","title":{"rendered":"I 6.4.2 &#8211; Creazione e sviluppo di attivit\u00e0 extra agricole nelle aree rurali"},"content":{"rendered":"\t\t<div data-elementor-type=\"wp-post\" data-elementor-id=\"4452\" class=\"elementor elementor-4452\" data-elementor-post-type=\"page\">\n\t\t\t\t\t\t<section class=\"elementor-section elementor-top-section elementor-element elementor-element-gj7hgvy elementor-section-boxed elementor-section-height-default elementor-section-height-default\" data-id=\"gj7hgvy\" data-element_type=\"section\" data-settings=\"{&quot;jet_parallax_layout_list&quot;:[]}\">\n\t\t\t\t\t\t<div class=\"elementor-container elementor-column-gap-default\">\n\t\t\t\t\t<div class=\"elementor-column elementor-col-100 elementor-top-column elementor-element elementor-element-897z7z2\" data-id=\"897z7z2\" data-element_type=\"column\">\n\t\t\t<div class=\"elementor-widget-wrap elementor-element-populated\">\n\t\t\t\t\t\t<div class=\"elementor-element elementor-element-yedyoxq elementor-widget elementor-widget-text-editor\" data-id=\"yedyoxq\" data-element_type=\"widget\" data-widget_type=\"text-editor.default\">\n\t\t\t\t<div class=\"elementor-widget-container\">\n\t\t\t\t\t\t\t<h2><strong>Descrizione Tipo Intervento<\/strong><\/h2><p>Il tipo intervento 6.4.2. sostiene le attivit\u00e0 finalizzate allo sviluppo delle imprese, al fine di offrire nuove opportunit\u00e0 alle economie locali con particolare riguardo alle attivit\u00e0 non agricole di tipo turistico e connesso, ovvero indirizzate ad accrescere la capacit\u00e0 dei territori di proporre un\u2019offerta turistica aggregata ed integrata, promuovendo <strong>uno sviluppo economico diversificato<\/strong> legato al turismo rurale, al miglioramento della fruibilit\u00e0 del territorio ed alla fornitura di servizi turistici.<\/p>\t\t\t\t\t\t<\/div>\n\t\t\t\t<\/div>\n\t\t\t\t<section class=\"elementor-section elementor-inner-section elementor-element elementor-element-v3450t9 elementor-section-boxed elementor-section-height-default elementor-section-height-default\" data-id=\"v3450t9\" data-element_type=\"section\" data-settings=\"{&quot;jet_parallax_layout_list&quot;:[]}\">\n\t\t\t\t\t\t<div class=\"elementor-container elementor-column-gap-default\">\n\t\t\t\t\t<div class=\"elementor-column elementor-col-33 elementor-inner-column elementor-element elementor-element-duhjd69\" data-id=\"duhjd69\" data-element_type=\"column\">\n\t\t\t<div class=\"elementor-widget-wrap elementor-element-populated\">\n\t\t\t\t\t\t<div class=\"elementor-element elementor-element-t82dfbc elementor-widget elementor-widget-text-editor\" data-id=\"t82dfbc\" data-element_type=\"widget\" data-widget_type=\"text-editor.default\">\n\t\t\t\t<div class=\"elementor-widget-container\">\n\t\t\t\t\t\t\t<h2><strong>Domande finanziate<br \/><\/strong><\/h2><h4><em>Data rilevazione: <\/em><em><span style=\"font-weight: bold; color: #000000;\">30 09 2023<\/span><\/em><\/h4>\t\t\t\t\t\t<\/div>\n\t\t\t\t<\/div>\n\t\t\t\t\t<\/div>\n\t\t<\/div>\n\t\t\t\t<div class=\"elementor-column elementor-col-66 elementor-inner-column elementor-element elementor-element-ef83k4f\" data-id=\"ef83k4f\" data-element_type=\"column\">\n\t\t\t<div class=\"elementor-widget-wrap elementor-element-populated\">\n\t\t\t\t\t\t<div class=\"elementor-element elementor-element-x0q0fn0 elementor-widget elementor-widget-counter\" data-id=\"x0q0fn0\" data-element_type=\"widget\" data-widget_type=\"counter.default\">\n\t\t\t\t<div class=\"elementor-widget-container\">\n\t\t\t\t\t<div class=\"elementor-counter\">\n\t\t\t<div class=\"elementor-counter-number-wrapper\">\n\t\t\t\t<span class=\"elementor-counter-number-prefix\">n.<\/span>\n\t\t\t\t<span class=\"elementor-counter-number\" data-duration=\"2000\" data-to-value=\"97\" data-from-value=\"\" data-delimiter=\",\"><\/span>\n\t\t\t\t<span class=\"elementor-counter-number-suffix\"><\/span>\n\t\t\t<\/div>\n\t\t\t\t\t<\/div>\n\t\t\t\t<\/div>\n\t\t\t\t<\/div>\n\t\t\t\t<div class=\"elementor-element elementor-element-pl5y664 elementor-button-info elementor-align-center elementor-widget elementor-widget-button\" data-id=\"pl5y664\" data-element_type=\"widget\" data-widget_type=\"button.default\">\n\t\t\t\t<div class=\"elementor-widget-container\">\n\t\t\t\t\t<div class=\"elementor-button-wrapper\">\n\t\t\t<a class=\"elementor-button elementor-button-link elementor-size-md elementor-animation-grow\" href=\"https:\/\/galprealpidolomiti.it\/piano-dazione-del-psl\/o5-aziende-extra-agricole-che-percepiscono-aiuti-per-lavviamentosostegno-agli-investimenti-per-attivita-non-agricole-nelle-zone-rurali\/\" target=\"_blank\">\n\t\t\t\t\t\t<span class=\"elementor-button-content-wrapper\">\n\t\t\t\t\t\t<span class=\"elementor-button-text\">SCOPRI IL TARGET DA RAGGIUNGERE<\/span>\n\t\t<\/span>\n\t\t\t\t\t<\/a>\n\t\t<\/div>\n\t\t\t\t<\/div>\n\t\t\t\t<\/div>\n\t\t\t\t\t<\/div>\n\t\t<\/div>\n\t\t\t\t\t<\/div>\n\t\t<\/section>\n\t\t\t\t<div class=\"elementor-element elementor-element-p3h00ou elementor-widget elementor-widget-spacer\" data-id=\"p3h00ou\" data-element_type=\"widget\" data-widget_type=\"spacer.default\">\n\t\t\t\t<div class=\"elementor-widget-container\">\n\t\t\t\t\t<div class=\"elementor-spacer\">\n\t\t\t<div class=\"elementor-spacer-inner\"><\/div>\n\t\t<\/div>\n\t\t\t\t<\/div>\n\t\t\t\t<\/div>\n\t\t\t\t<div class=\"elementor-element elementor-element-c289zba elementor-widget elementor-widget-text-editor\" data-id=\"c289zba\" data-element_type=\"widget\" data-widget_type=\"text-editor.default\">\n\t\t\t\t<div class=\"elementor-widget-container\">\n\t\t\t\t\t\t\t<h2><strong>Andamento finanziario (\u20ac)<br><\/strong><\/h2>\n<h4><em>Data rilevazione:&nbsp;<\/em><em><span style=\"font-weight: bold; color: #000000;\">30 09 2023<\/span><\/em><\/h4>\n<p><span style=\"color: rgb(85, 85, 85); font-family: -apple-system, BlinkMacSystemFont, &quot;Segoe UI&quot;, Roboto, Oxygen-Sans, Ubuntu, Cantarell, &quot;Helvetica Neue&quot;, sans-serif; font-size: 12px; background-color: rgb(253, 253, 253);\"><\/span><br><\/p>\t\t\t\t\t\t<\/div>\n\t\t\t\t<\/div>\n\t\t\t\t\t<\/div>\n\t\t<\/div>\n\t\t\t\t\t<\/div>\n\t\t<\/section>\n\t\t\t\t<\/div>\n\t\t","protected":false},"excerpt":{"rendered":"<p>Descrizione Tipo Intervento Il tipo intervento 6.4.2. sostiene le attivit\u00e0 finalizzate allo sviluppo delle imprese, al fine di offrire nuove opportunit\u00e0 alle economie locali con particolare riguardo alle attivit\u00e0 non agricole di tipo turistico e connesso, ovvero indirizzate ad accrescere la capacit\u00e0 dei territori di proporre un\u2019offerta turistica aggregata ed integrata, promuovendo uno sviluppo economico[&#8230;..]<\/p>\n","protected":false},"author":1,"featured_media":0,"parent":0,"menu_order":6,"comment_status":"closed","ping_status":"closed","template":"","meta":{"footnotes":""},"categories":[],"tags":[],"class_list":["post-4452","page","type-page","status-publish","hentry"],"yoast_head":"<!-- This site is optimized with the Yoast SEO plugin v25.7 - https:\/\/yoast.com\/wordpress\/plugins\/seo\/ -->\n<title>I 6.4.2 - Creazione e sviluppo di attivit\u00e0 extra agricole nelle aree rurali - GAL Prealpi e Dolomiti<\/title>\n<meta name=\"robots\" content=\"index, follow, max-snippet:-1, max-image-preview:large, max-video-preview:-1\" \/>\n<link rel=\"canonical\" href=\"https:\/\/galprealpidolomiti.it\/i-6-4-2-creazione-e-sviluppo-di-attivita-extra-agricole-nelle-aree-rurali\/\" \/>\n<meta property=\"og:locale\" content=\"it_IT\" \/>\n<meta property=\"og:type\" content=\"article\" \/>\n<meta property=\"og:title\" content=\"I 6.4.2 - Creazione e sviluppo di attivit\u00e0 extra agricole nelle aree rurali - GAL Prealpi e Dolomiti\" \/>\n<meta property=\"og:description\" content=\"Descrizione Tipo Intervento Il tipo intervento 6.4.2. sostiene le attivit\u00e0 finalizzate allo sviluppo delle imprese, al fine di offrire nuove opportunit\u00e0 alle economie locali con particolare riguardo alle attivit\u00e0 non agricole di tipo turistico e connesso, ovvero indirizzate ad accrescere la capacit\u00e0 dei territori di proporre un\u2019offerta turistica aggregata ed integrata, promuovendo uno sviluppo economico[.....]\" \/>\n<meta property=\"og:url\" content=\"https:\/\/galprealpidolomiti.it\/i-6-4-2-creazione-e-sviluppo-di-attivita-extra-agricole-nelle-aree-rurali\/\" \/>\n<meta property=\"og:site_name\" content=\"GAL Prealpi e Dolomiti\" \/>\n<meta property=\"article:modified_time\" content=\"2023-10-18T09:36:26+00:00\" \/>\n<meta name=\"twitter:card\" content=\"summary_large_image\" \/>\n<meta name=\"twitter:label1\" content=\"Tempo di lettura stimato\" \/>\n\t<meta name=\"twitter:data1\" content=\"1 minuto\" \/>\n<script type=\"application\/ld+json\" class=\"yoast-schema-graph\">{\"@context\":\"https:\/\/schema.org\",\"@graph\":[{\"@type\":\"WebPage\",\"@id\":\"https:\/\/galprealpidolomiti.it\/i-6-4-2-creazione-e-sviluppo-di-attivita-extra-agricole-nelle-aree-rurali\/\",\"url\":\"https:\/\/galprealpidolomiti.it\/i-6-4-2-creazione-e-sviluppo-di-attivita-extra-agricole-nelle-aree-rurali\/\",\"name\":\"I 6.4.2 - Creazione e sviluppo di attivit\u00e0 extra agricole nelle aree rurali - GAL Prealpi e Dolomiti\",\"isPartOf\":{\"@id\":\"https:\/\/galprealpidolomiti.it\/#website\"},\"datePublished\":\"2017-09-15T15:31:56+00:00\",\"dateModified\":\"2023-10-18T09:36:26+00:00\",\"breadcrumb\":{\"@id\":\"https:\/\/galprealpidolomiti.it\/i-6-4-2-creazione-e-sviluppo-di-attivita-extra-agricole-nelle-aree-rurali\/#breadcrumb\"},\"inLanguage\":\"it-IT\",\"potentialAction\":[{\"@type\":\"ReadAction\",\"target\":[\"https:\/\/galprealpidolomiti.it\/i-6-4-2-creazione-e-sviluppo-di-attivita-extra-agricole-nelle-aree-rurali\/\"]}]},{\"@type\":\"BreadcrumbList\",\"@id\":\"https:\/\/galprealpidolomiti.it\/i-6-4-2-creazione-e-sviluppo-di-attivita-extra-agricole-nelle-aree-rurali\/#breadcrumb\",\"itemListElement\":[{\"@type\":\"ListItem\",\"position\":1,\"name\":\"Home\",\"item\":\"https:\/\/galprealpidolomiti.it\/\"},{\"@type\":\"ListItem\",\"position\":2,\"name\":\"I 6.4.2 &#8211; Creazione e sviluppo di attivit\u00e0 extra agricole nelle aree rurali\"}]},{\"@type\":\"WebSite\",\"@id\":\"https:\/\/galprealpidolomiti.it\/#website\",\"url\":\"https:\/\/galprealpidolomiti.it\/\",\"name\":\"GAL Prealpi e Dolomiti\",\"description\":\"Gruppo di Azione Locale\",\"publisher\":{\"@id\":\"https:\/\/galprealpidolomiti.it\/#organization\"},\"potentialAction\":[{\"@type\":\"SearchAction\",\"target\":{\"@type\":\"EntryPoint\",\"urlTemplate\":\"https:\/\/galprealpidolomiti.it\/?s={search_term_string}\"},\"query-input\":{\"@type\":\"PropertyValueSpecification\",\"valueRequired\":true,\"valueName\":\"search_term_string\"}}],\"inLanguage\":\"it-IT\"},{\"@type\":\"Organization\",\"@id\":\"https:\/\/galprealpidolomiti.it\/#organization\",\"name\":\"GAL Prealpi e Dolomiti\",\"url\":\"https:\/\/galprealpidolomiti.it\/\",\"logo\":{\"@type\":\"ImageObject\",\"inLanguage\":\"it-IT\",\"@id\":\"https:\/\/galprealpidolomiti.it\/#\/schema\/logo\/image\/\",\"url\":\"https:\/\/www.galprealpidolomiti.it\/old\/wp-content\/uploads\/2020\/03\/striscia-5-loghi.png\",\"contentUrl\":\"https:\/\/www.galprealpidolomiti.it\/old\/wp-content\/uploads\/2020\/03\/striscia-5-loghi.png\",\"width\":1177,\"height\":228,\"caption\":\"GAL Prealpi e Dolomiti\"},\"image\":{\"@id\":\"https:\/\/galprealpidolomiti.it\/#\/schema\/logo\/image\/\"}}]}<\/script>\n<!-- \/ Yoast SEO plugin. -->","yoast_head_json":{"title":"I 6.4.2 - Creazione e sviluppo di attivit\u00e0 extra agricole nelle aree rurali - GAL Prealpi e Dolomiti","robots":{"index":"index","follow":"follow","max-snippet":"max-snippet:-1","max-image-preview":"max-image-preview:large","max-video-preview":"max-video-preview:-1"},"canonical":"https:\/\/galprealpidolomiti.it\/i-6-4-2-creazione-e-sviluppo-di-attivita-extra-agricole-nelle-aree-rurali\/","og_locale":"it_IT","og_type":"article","og_title":"I 6.4.2 - Creazione e sviluppo di attivit\u00e0 extra agricole nelle aree rurali - GAL Prealpi e Dolomiti","og_description":"Descrizione Tipo Intervento Il tipo intervento 6.4.2. sostiene le attivit\u00e0 finalizzate allo sviluppo delle imprese, al fine di offrire nuove opportunit\u00e0 alle economie locali con particolare riguardo alle attivit\u00e0 non agricole di tipo turistico e connesso, ovvero indirizzate ad accrescere la capacit\u00e0 dei territori di proporre un\u2019offerta turistica aggregata ed integrata, promuovendo uno sviluppo economico[.....]","og_url":"https:\/\/galprealpidolomiti.it\/i-6-4-2-creazione-e-sviluppo-di-attivita-extra-agricole-nelle-aree-rurali\/","og_site_name":"GAL Prealpi e Dolomiti","article_modified_time":"2023-10-18T09:36:26+00:00","twitter_card":"summary_large_image","twitter_misc":{"Tempo di lettura stimato":"1 minuto"},"schema":{"@context":"https:\/\/schema.org","@graph":[{"@type":"WebPage","@id":"https:\/\/galprealpidolomiti.it\/i-6-4-2-creazione-e-sviluppo-di-attivita-extra-agricole-nelle-aree-rurali\/","url":"https:\/\/galprealpidolomiti.it\/i-6-4-2-creazione-e-sviluppo-di-attivita-extra-agricole-nelle-aree-rurali\/","name":"I 6.4.2 - Creazione e sviluppo di attivit\u00e0 extra agricole nelle aree rurali - GAL Prealpi e Dolomiti","isPartOf":{"@id":"https:\/\/galprealpidolomiti.it\/#website"},"datePublished":"2017-09-15T15:31:56+00:00","dateModified":"2023-10-18T09:36:26+00:00","breadcrumb":{"@id":"https:\/\/galprealpidolomiti.it\/i-6-4-2-creazione-e-sviluppo-di-attivita-extra-agricole-nelle-aree-rurali\/#breadcrumb"},"inLanguage":"it-IT","potentialAction":[{"@type":"ReadAction","target":["https:\/\/galprealpidolomiti.it\/i-6-4-2-creazione-e-sviluppo-di-attivita-extra-agricole-nelle-aree-rurali\/"]}]},{"@type":"BreadcrumbList","@id":"https:\/\/galprealpidolomiti.it\/i-6-4-2-creazione-e-sviluppo-di-attivita-extra-agricole-nelle-aree-rurali\/#breadcrumb","itemListElement":[{"@type":"ListItem","position":1,"name":"Home","item":"https:\/\/galprealpidolomiti.it\/"},{"@type":"ListItem","position":2,"name":"I 6.4.2 &#8211; Creazione e sviluppo di attivit\u00e0 extra agricole nelle aree rurali"}]},{"@type":"WebSite","@id":"https:\/\/galprealpidolomiti.it\/#website","url":"https:\/\/galprealpidolomiti.it\/","name":"GAL Prealpi e Dolomiti","description":"Gruppo di Azione Locale","publisher":{"@id":"https:\/\/galprealpidolomiti.it\/#organization"},"potentialAction":[{"@type":"SearchAction","target":{"@type":"EntryPoint","urlTemplate":"https:\/\/galprealpidolomiti.it\/?s={search_term_string}"},"query-input":{"@type":"PropertyValueSpecification","valueRequired":true,"valueName":"search_term_string"}}],"inLanguage":"it-IT"},{"@type":"Organization","@id":"https:\/\/galprealpidolomiti.it\/#organization","name":"GAL Prealpi e Dolomiti","url":"https:\/\/galprealpidolomiti.it\/","logo":{"@type":"ImageObject","inLanguage":"it-IT","@id":"https:\/\/galprealpidolomiti.it\/#\/schema\/logo\/image\/","url":"https:\/\/www.galprealpidolomiti.it\/old\/wp-content\/uploads\/2020\/03\/striscia-5-loghi.png","contentUrl":"https:\/\/www.galprealpidolomiti.it\/old\/wp-content\/uploads\/2020\/03\/striscia-5-loghi.png","width":1177,"height":228,"caption":"GAL Prealpi e Dolomiti"},"image":{"@id":"https:\/\/galprealpidolomiti.it\/#\/schema\/logo\/image\/"}}]}},"_links":{"self":[{"href":"https:\/\/www.galprealpidolomiti.it\/old\/wp-json\/wp\/v2\/pages\/4452","targetHints":{"allow":["GET"]}}],"collection":[{"href":"https:\/\/www.galprealpidolomiti.it\/old\/wp-json\/wp\/v2\/pages"}],"about":[{"href":"https:\/\/www.galprealpidolomiti.it\/old\/wp-json\/wp\/v2\/types\/page"}],"author":[{"embeddable":true,"href":"https:\/\/www.galprealpidolomiti.it\/old\/wp-json\/wp\/v2\/users\/1"}],"replies":[{"embeddable":true,"href":"https:\/\/www.galprealpidolomiti.it\/old\/wp-json\/wp\/v2\/comments?post=4452"}],"version-history":[{"count":25,"href":"https:\/\/www.galprealpidolomiti.it\/old\/wp-json\/wp\/v2\/pages\/4452\/revisions"}],"predecessor-version":[{"id":21595,"href":"https:\/\/www.galprealpidolomiti.it\/old\/wp-json\/wp\/v2\/pages\/4452\/revisions\/21595"}],"wp:attachment":[{"href":"https:\/\/www.galprealpidolomiti.it\/old\/wp-json\/wp\/v2\/media?parent=4452"}],"wp:term":[{"taxonomy":"category","embeddable":true,"href":"https:\/\/www.galprealpidolomiti.it\/old\/wp-json\/wp\/v2\/categories?post=4452"},{"taxonomy":"post_tag","embeddable":true,"href":"https:\/\/www.galprealpidolomiti.it\/old\/wp-json\/wp\/v2\/tags?post=4452"}],"curies":[{"name":"wp","href":"https:\/\/api.w.org\/{rel}","templated":true}]}}