{"id":4447,"date":"2017-09-15T17:31:55","date_gmt":"2017-09-15T15:31:55","guid":{"rendered":"https:\/\/galprealpidolomiti.it\/i-1-2-1-azioni-di-informazione-e-di-dimostrazione\/"},"modified":"2023-02-22T15:01:04","modified_gmt":"2023-02-22T14:01:04","slug":"i-1-2-1-azioni-di-informazione-e-di-dimostrazione","status":"publish","type":"page","link":"https:\/\/www.galprealpidolomiti.it\/old\/i-1-2-1-azioni-di-informazione-e-di-dimostrazione\/","title":{"rendered":"I 1.2.1 &#8211; Azioni di informazione e di dimostrazione"},"content":{"rendered":"\t\t<div data-elementor-type=\"wp-post\" data-elementor-id=\"4447\" class=\"elementor elementor-4447\" data-elementor-post-type=\"page\">\n\t\t\t\t\t\t<section class=\"elementor-section elementor-top-section elementor-element elementor-element-81t5y4f elementor-section-boxed elementor-section-height-default elementor-section-height-default\" data-id=\"81t5y4f\" data-element_type=\"section\" data-settings=\"{&quot;jet_parallax_layout_list&quot;:[]}\">\n\t\t\t\t\t\t<div class=\"elementor-container elementor-column-gap-default\">\n\t\t\t\t\t<div class=\"elementor-column elementor-col-100 elementor-top-column elementor-element elementor-element-2cvvshe\" data-id=\"2cvvshe\" data-element_type=\"column\">\n\t\t\t<div class=\"elementor-widget-wrap elementor-element-populated\">\n\t\t\t\t\t\t<div class=\"elementor-element elementor-element-7rx7fdv elementor-widget elementor-widget-text-editor\" data-id=\"7rx7fdv\" data-element_type=\"widget\" data-widget_type=\"text-editor.default\">\n\t\t\t\t<div class=\"elementor-widget-container\">\n\t\t\t\t\t\t\t<h2><strong>Descrizione Tipo Intervento<\/strong><\/h2>\nIl tipo intervento 1.2.1 sostiene iniziative di informazione principalmente rivolte ai fabbisogni richiamati nel PSL, in particolare accrescere la capacit\u00e0 delle reti locali di imprese di attrarre e accogliere visitatori promuovendo la conoscenza e la competitivit\u00e0 del sistema, al fine di <strong>migliorare le performance del sistema dell\u2019accoglienza <\/strong>e di concorrere ad uno <em>sviluppo economico diversificato<\/em> dell\u2019offerta turistica cos\u00ec da essere maggiormente attrattivi e aumentare la competitivit\u00e0 delle imprese locali. <br>Il tipo intervento mira inoltre a migliorare la redditivit\u00e0 delle imprese locali incoraggiando <strong>forme di innovazione e cooperazione<\/strong> attraverso la Misura 16.\t\t\t\t\t\t<\/div>\n\t\t\t\t<\/div>\n\t\t\t\t<section class=\"elementor-section elementor-inner-section elementor-element elementor-element-3iomxef elementor-section-boxed elementor-section-height-default elementor-section-height-default\" data-id=\"3iomxef\" data-element_type=\"section\" data-settings=\"{&quot;jet_parallax_layout_list&quot;:[]}\">\n\t\t\t\t\t\t<div class=\"elementor-container elementor-column-gap-default\">\n\t\t\t\t\t<div class=\"elementor-column elementor-col-33 elementor-inner-column elementor-element elementor-element-vh2er0g\" data-id=\"vh2er0g\" data-element_type=\"column\">\n\t\t\t<div class=\"elementor-widget-wrap elementor-element-populated\">\n\t\t\t\t\t\t<div class=\"elementor-element elementor-element-m44lg1v elementor-widget elementor-widget-text-editor\" data-id=\"m44lg1v\" data-element_type=\"widget\" data-widget_type=\"text-editor.default\">\n\t\t\t\t<div class=\"elementor-widget-container\">\n\t\t\t\t\t\t\t<h2><strong>Domande finanziate<br \/><\/strong><\/h2><h4><em>Data rilevazione: <\/em><em><strong>31 12 2022<\/strong><\/em><\/h4>\t\t\t\t\t\t<\/div>\n\t\t\t\t<\/div>\n\t\t\t\t\t<\/div>\n\t\t<\/div>\n\t\t\t\t<div class=\"elementor-column elementor-col-66 elementor-inner-column elementor-element elementor-element-11z9p1o\" data-id=\"11z9p1o\" data-element_type=\"column\">\n\t\t\t<div class=\"elementor-widget-wrap elementor-element-populated\">\n\t\t\t\t\t\t<div class=\"elementor-element elementor-element-v4mbmx6 elementor-widget elementor-widget-counter\" data-id=\"v4mbmx6\" data-element_type=\"widget\" data-widget_type=\"counter.default\">\n\t\t\t\t<div class=\"elementor-widget-container\">\n\t\t\t\t\t<div class=\"elementor-counter\">\n\t\t\t<div class=\"elementor-counter-number-wrapper\">\n\t\t\t\t<span class=\"elementor-counter-number-prefix\">n.<\/span>\n\t\t\t\t<span class=\"elementor-counter-number\" data-duration=\"2000\" data-to-value=\"1\" data-from-value=\"\" data-delimiter=\",\"><\/span>\n\t\t\t\t<span class=\"elementor-counter-number-suffix\"><\/span>\n\t\t\t<\/div>\n\t\t\t\t\t<\/div>\n\t\t\t\t<\/div>\n\t\t\t\t<\/div>\n\t\t\t\t<div class=\"elementor-element elementor-element-flsmiak elementor-button-info elementor-align-center elementor-widget elementor-widget-button\" data-id=\"flsmiak\" data-element_type=\"widget\" data-widget_type=\"button.default\">\n\t\t\t\t<div class=\"elementor-widget-container\">\n\t\t\t\t\t<div class=\"elementor-button-wrapper\">\n\t\t\t<a class=\"elementor-button elementor-button-link elementor-size-md elementor-animation-grow\" href=\"https:\/\/galprealpidolomiti.it\/piano-dazione-del-psl\/o1-spesa-pubblica-totale-per-iniziative-informative-e-dimostrative\/\" target=\"_blank\">\n\t\t\t\t\t\t<span class=\"elementor-button-content-wrapper\">\n\t\t\t\t\t\t<span class=\"elementor-button-text\">SCOPRI I TARGET DA RAGGIUNGERE<\/span>\n\t\t<\/span>\n\t\t\t\t\t<\/a>\n\t\t<\/div>\n\t\t\t\t<\/div>\n\t\t\t\t<\/div>\n\t\t\t\t\t<\/div>\n\t\t<\/div>\n\t\t\t\t\t<\/div>\n\t\t<\/section>\n\t\t\t\t<div class=\"elementor-element elementor-element-yuasvks elementor-widget elementor-widget-spacer\" data-id=\"yuasvks\" data-element_type=\"widget\" data-widget_type=\"spacer.default\">\n\t\t\t\t<div class=\"elementor-widget-container\">\n\t\t\t\t\t<div class=\"elementor-spacer\">\n\t\t\t<div class=\"elementor-spacer-inner\"><\/div>\n\t\t<\/div>\n\t\t\t\t<\/div>\n\t\t\t\t<\/div>\n\t\t\t\t<div class=\"elementor-element elementor-element-i6s7j93 elementor-widget elementor-widget-text-editor\" data-id=\"i6s7j93\" data-element_type=\"widget\" data-widget_type=\"text-editor.default\">\n\t\t\t\t<div class=\"elementor-widget-container\">\n\t\t\t\t\t\t\t<h2><strong>Andamento finanziario (\u20ac)<br><\/strong><\/h2>\n<h4><em>Data rilevazione: <\/em><em><strong>31 12 2022<\/strong><\/em><\/h4>\n\t\t\t\t\t\t<\/div>\n\t\t\t\t<\/div>\n\t\t\t\t\t<\/div>\n\t\t<\/div>\n\t\t\t\t\t<\/div>\n\t\t<\/section>\n\t\t\t\t<\/div>\n\t\t","protected":false},"excerpt":{"rendered":"<p>Descrizione Tipo Intervento Il tipo intervento 1.2.1 sostiene iniziative di informazione principalmente rivolte ai fabbisogni richiamati nel PSL, in particolare accrescere la capacit\u00e0 delle reti locali di imprese di attrarre e accogliere visitatori promuovendo la conoscenza e la competitivit\u00e0 del sistema, al fine di migliorare le performance del sistema dell\u2019accoglienza e di concorrere ad uno[&#8230;..]<\/p>\n","protected":false},"author":1,"featured_media":0,"parent":0,"menu_order":1,"comment_status":"closed","ping_status":"closed","template":"","meta":{"footnotes":""},"categories":[],"tags":[],"class_list":["post-4447","page","type-page","status-publish","hentry"],"yoast_head":"<!-- This site is optimized with the Yoast SEO plugin v25.7 - https:\/\/yoast.com\/wordpress\/plugins\/seo\/ -->\n<title>I 1.2.1 - Azioni di informazione e di dimostrazione - GAL Prealpi e Dolomiti<\/title>\n<meta name=\"robots\" content=\"index, follow, max-snippet:-1, max-image-preview:large, max-video-preview:-1\" \/>\n<link rel=\"canonical\" href=\"https:\/\/galprealpidolomiti.it\/i-1-2-1-azioni-di-informazione-e-di-dimostrazione\/\" \/>\n<meta property=\"og:locale\" content=\"it_IT\" \/>\n<meta property=\"og:type\" content=\"article\" \/>\n<meta property=\"og:title\" content=\"I 1.2.1 - Azioni di informazione e di dimostrazione - GAL Prealpi e Dolomiti\" \/>\n<meta property=\"og:description\" content=\"Descrizione Tipo Intervento Il tipo intervento 1.2.1 sostiene iniziative di informazione principalmente rivolte ai fabbisogni richiamati nel PSL, in particolare accrescere la capacit\u00e0 delle reti locali di imprese di attrarre e accogliere visitatori promuovendo la conoscenza e la competitivit\u00e0 del sistema, al fine di migliorare le performance del sistema dell\u2019accoglienza e di concorrere ad uno[.....]\" \/>\n<meta property=\"og:url\" content=\"https:\/\/galprealpidolomiti.it\/i-1-2-1-azioni-di-informazione-e-di-dimostrazione\/\" \/>\n<meta property=\"og:site_name\" content=\"GAL Prealpi e Dolomiti\" \/>\n<meta property=\"article:modified_time\" content=\"2023-02-22T14:01:04+00:00\" \/>\n<meta name=\"twitter:card\" content=\"summary_large_image\" \/>\n<meta name=\"twitter:label1\" content=\"Tempo di lettura stimato\" \/>\n\t<meta name=\"twitter:data1\" content=\"1 minuto\" \/>\n<script type=\"application\/ld+json\" class=\"yoast-schema-graph\">{\"@context\":\"https:\/\/schema.org\",\"@graph\":[{\"@type\":\"WebPage\",\"@id\":\"https:\/\/galprealpidolomiti.it\/i-1-2-1-azioni-di-informazione-e-di-dimostrazione\/\",\"url\":\"https:\/\/galprealpidolomiti.it\/i-1-2-1-azioni-di-informazione-e-di-dimostrazione\/\",\"name\":\"I 1.2.1 - Azioni di informazione e di dimostrazione - GAL Prealpi e Dolomiti\",\"isPartOf\":{\"@id\":\"https:\/\/galprealpidolomiti.it\/#website\"},\"datePublished\":\"2017-09-15T15:31:55+00:00\",\"dateModified\":\"2023-02-22T14:01:04+00:00\",\"breadcrumb\":{\"@id\":\"https:\/\/galprealpidolomiti.it\/i-1-2-1-azioni-di-informazione-e-di-dimostrazione\/#breadcrumb\"},\"inLanguage\":\"it-IT\",\"potentialAction\":[{\"@type\":\"ReadAction\",\"target\":[\"https:\/\/galprealpidolomiti.it\/i-1-2-1-azioni-di-informazione-e-di-dimostrazione\/\"]}]},{\"@type\":\"BreadcrumbList\",\"@id\":\"https:\/\/galprealpidolomiti.it\/i-1-2-1-azioni-di-informazione-e-di-dimostrazione\/#breadcrumb\",\"itemListElement\":[{\"@type\":\"ListItem\",\"position\":1,\"name\":\"Home\",\"item\":\"https:\/\/galprealpidolomiti.it\/\"},{\"@type\":\"ListItem\",\"position\":2,\"name\":\"I 1.2.1 &#8211; Azioni di informazione e di dimostrazione\"}]},{\"@type\":\"WebSite\",\"@id\":\"https:\/\/galprealpidolomiti.it\/#website\",\"url\":\"https:\/\/galprealpidolomiti.it\/\",\"name\":\"GAL Prealpi e Dolomiti\",\"description\":\"Gruppo di Azione Locale\",\"publisher\":{\"@id\":\"https:\/\/galprealpidolomiti.it\/#organization\"},\"potentialAction\":[{\"@type\":\"SearchAction\",\"target\":{\"@type\":\"EntryPoint\",\"urlTemplate\":\"https:\/\/galprealpidolomiti.it\/?s={search_term_string}\"},\"query-input\":{\"@type\":\"PropertyValueSpecification\",\"valueRequired\":true,\"valueName\":\"search_term_string\"}}],\"inLanguage\":\"it-IT\"},{\"@type\":\"Organization\",\"@id\":\"https:\/\/galprealpidolomiti.it\/#organization\",\"name\":\"GAL Prealpi e Dolomiti\",\"url\":\"https:\/\/galprealpidolomiti.it\/\",\"logo\":{\"@type\":\"ImageObject\",\"inLanguage\":\"it-IT\",\"@id\":\"https:\/\/galprealpidolomiti.it\/#\/schema\/logo\/image\/\",\"url\":\"https:\/\/www.galprealpidolomiti.it\/old\/wp-content\/uploads\/2020\/03\/striscia-5-loghi.png\",\"contentUrl\":\"https:\/\/www.galprealpidolomiti.it\/old\/wp-content\/uploads\/2020\/03\/striscia-5-loghi.png\",\"width\":1177,\"height\":228,\"caption\":\"GAL Prealpi e Dolomiti\"},\"image\":{\"@id\":\"https:\/\/galprealpidolomiti.it\/#\/schema\/logo\/image\/\"}}]}<\/script>\n<!-- \/ Yoast SEO plugin. -->","yoast_head_json":{"title":"I 1.2.1 - Azioni di informazione e di dimostrazione - GAL Prealpi e Dolomiti","robots":{"index":"index","follow":"follow","max-snippet":"max-snippet:-1","max-image-preview":"max-image-preview:large","max-video-preview":"max-video-preview:-1"},"canonical":"https:\/\/galprealpidolomiti.it\/i-1-2-1-azioni-di-informazione-e-di-dimostrazione\/","og_locale":"it_IT","og_type":"article","og_title":"I 1.2.1 - Azioni di informazione e di dimostrazione - GAL Prealpi e Dolomiti","og_description":"Descrizione Tipo Intervento Il tipo intervento 1.2.1 sostiene iniziative di informazione principalmente rivolte ai fabbisogni richiamati nel PSL, in particolare accrescere la capacit\u00e0 delle reti locali di imprese di attrarre e accogliere visitatori promuovendo la conoscenza e la competitivit\u00e0 del sistema, al fine di migliorare le performance del sistema dell\u2019accoglienza e di concorrere ad uno[.....]","og_url":"https:\/\/galprealpidolomiti.it\/i-1-2-1-azioni-di-informazione-e-di-dimostrazione\/","og_site_name":"GAL Prealpi e Dolomiti","article_modified_time":"2023-02-22T14:01:04+00:00","twitter_card":"summary_large_image","twitter_misc":{"Tempo di lettura stimato":"1 minuto"},"schema":{"@context":"https:\/\/schema.org","@graph":[{"@type":"WebPage","@id":"https:\/\/galprealpidolomiti.it\/i-1-2-1-azioni-di-informazione-e-di-dimostrazione\/","url":"https:\/\/galprealpidolomiti.it\/i-1-2-1-azioni-di-informazione-e-di-dimostrazione\/","name":"I 1.2.1 - Azioni di informazione e di dimostrazione - GAL Prealpi e Dolomiti","isPartOf":{"@id":"https:\/\/galprealpidolomiti.it\/#website"},"datePublished":"2017-09-15T15:31:55+00:00","dateModified":"2023-02-22T14:01:04+00:00","breadcrumb":{"@id":"https:\/\/galprealpidolomiti.it\/i-1-2-1-azioni-di-informazione-e-di-dimostrazione\/#breadcrumb"},"inLanguage":"it-IT","potentialAction":[{"@type":"ReadAction","target":["https:\/\/galprealpidolomiti.it\/i-1-2-1-azioni-di-informazione-e-di-dimostrazione\/"]}]},{"@type":"BreadcrumbList","@id":"https:\/\/galprealpidolomiti.it\/i-1-2-1-azioni-di-informazione-e-di-dimostrazione\/#breadcrumb","itemListElement":[{"@type":"ListItem","position":1,"name":"Home","item":"https:\/\/galprealpidolomiti.it\/"},{"@type":"ListItem","position":2,"name":"I 1.2.1 &#8211; Azioni di informazione e di dimostrazione"}]},{"@type":"WebSite","@id":"https:\/\/galprealpidolomiti.it\/#website","url":"https:\/\/galprealpidolomiti.it\/","name":"GAL Prealpi e Dolomiti","description":"Gruppo di Azione Locale","publisher":{"@id":"https:\/\/galprealpidolomiti.it\/#organization"},"potentialAction":[{"@type":"SearchAction","target":{"@type":"EntryPoint","urlTemplate":"https:\/\/galprealpidolomiti.it\/?s={search_term_string}"},"query-input":{"@type":"PropertyValueSpecification","valueRequired":true,"valueName":"search_term_string"}}],"inLanguage":"it-IT"},{"@type":"Organization","@id":"https:\/\/galprealpidolomiti.it\/#organization","name":"GAL Prealpi e Dolomiti","url":"https:\/\/galprealpidolomiti.it\/","logo":{"@type":"ImageObject","inLanguage":"it-IT","@id":"https:\/\/galprealpidolomiti.it\/#\/schema\/logo\/image\/","url":"https:\/\/www.galprealpidolomiti.it\/old\/wp-content\/uploads\/2020\/03\/striscia-5-loghi.png","contentUrl":"https:\/\/www.galprealpidolomiti.it\/old\/wp-content\/uploads\/2020\/03\/striscia-5-loghi.png","width":1177,"height":228,"caption":"GAL Prealpi e Dolomiti"},"image":{"@id":"https:\/\/galprealpidolomiti.it\/#\/schema\/logo\/image\/"}}]}},"_links":{"self":[{"href":"https:\/\/www.galprealpidolomiti.it\/old\/wp-json\/wp\/v2\/pages\/4447","targetHints":{"allow":["GET"]}}],"collection":[{"href":"https:\/\/www.galprealpidolomiti.it\/old\/wp-json\/wp\/v2\/pages"}],"about":[{"href":"https:\/\/www.galprealpidolomiti.it\/old\/wp-json\/wp\/v2\/types\/page"}],"author":[{"embeddable":true,"href":"https:\/\/www.galprealpidolomiti.it\/old\/wp-json\/wp\/v2\/users\/1"}],"replies":[{"embeddable":true,"href":"https:\/\/www.galprealpidolomiti.it\/old\/wp-json\/wp\/v2\/comments?post=4447"}],"version-history":[{"count":19,"href":"https:\/\/www.galprealpidolomiti.it\/old\/wp-json\/wp\/v2\/pages\/4447\/revisions"}],"predecessor-version":[{"id":18771,"href":"https:\/\/www.galprealpidolomiti.it\/old\/wp-json\/wp\/v2\/pages\/4447\/revisions\/18771"}],"wp:attachment":[{"href":"https:\/\/www.galprealpidolomiti.it\/old\/wp-json\/wp\/v2\/media?parent=4447"}],"wp:term":[{"taxonomy":"category","embeddable":true,"href":"https:\/\/www.galprealpidolomiti.it\/old\/wp-json\/wp\/v2\/categories?post=4447"},{"taxonomy":"post_tag","embeddable":true,"href":"https:\/\/www.galprealpidolomiti.it\/old\/wp-json\/wp\/v2\/tags?post=4447"}],"curies":[{"name":"wp","href":"https:\/\/api.w.org\/{rel}","templated":true}]}}