{"id":322,"date":"2017-03-14T16:36:19","date_gmt":"2017-03-14T15:36:19","guid":{"rendered":"http:\/\/gal.larindev.com\/territorio"},"modified":"2025-02-25T08:35:08","modified_gmt":"2025-02-25T07:35:08","slug":"territorio","status":"publish","type":"page","link":"https:\/\/www.galprealpidolomiti.it\/old\/territorio\/","title":{"rendered":"Territorio &#8211; Ambito Territoriale Designato (ATD)"},"content":{"rendered":"<p>L\u2019ambito territoriale sul quale opera il <b>GAL Prealpi e Dolomiti <\/b>\u00e8 rappresentato dalla parte meridionale della Provincia di Belluno. La definizione di questo territorio \u00e8 giustificata dalla sua complessiva omogeneit\u00e0 sia sotto il profilo fisico-geografico e storico-culturale, sia per le dinamiche economiche e sociali che lo contraddistinguono.<\/p>\n<p><img fetchpriority=\"high\" decoding=\"async\" class=\"alignnone wp-image-22609 size-full\" src=\"https:\/\/galprealpidolomiti.it\/wp-content\/uploads\/2024\/02\/Territorio-GAL.png\" alt=\"\" width=\"4166\" height=\"2616\" srcset=\"https:\/\/www.galprealpidolomiti.it\/old\/wp-content\/uploads\/2024\/02\/Territorio-GAL.png 4166w, https:\/\/www.galprealpidolomiti.it\/old\/wp-content\/uploads\/2024\/02\/Territorio-GAL-300x188.png 300w, https:\/\/www.galprealpidolomiti.it\/old\/wp-content\/uploads\/2024\/02\/Territorio-GAL-1024x643.png 1024w, https:\/\/www.galprealpidolomiti.it\/old\/wp-content\/uploads\/2024\/02\/Territorio-GAL-1536x965.png 1536w, https:\/\/www.galprealpidolomiti.it\/old\/wp-content\/uploads\/2024\/02\/Territorio-GAL-2048x1286.png 2048w\" sizes=\"(max-width: 4166px) 100vw, 4166px\" \/><\/p>\n<p>Il territorio si caratterizza per la presenza del Parco Nazionale delle Dolomiti Bellunesi, <strong>Patrimonio Dolomiti UNESCO<\/strong>. A questo si aggiunge la presenza di numerosi siti della Rete Natura 2000.<\/p>\n<p>Dal punto di vista socio-demografico \u00e8 evidente una progressiva dinamica di concentrazione della popolazione presso i principali centri abitativi che ha, col tempo, comportato un <strong>maggiore sviluppo del fondovalle<\/strong>.<\/p>\n<p>Il sistema produttivo agricolo \u00e8 caratterizzato dalla <strong>filiera del latte e da prodotti tipici e di qualit\u00e0<\/strong>, mentre l\u2019attivit\u00e0 manifatturiera del territorio \u00e8 contraddistinta dal reparto dell\u2019occhiale e della meccanica. Il tessuto imprenditoriale locale pu\u00f2 contare inoltre su una notevole presenza di ditte individuali e di societ\u00e0 di persone legate all\u2019artigianato e all\u2019edilizia.<\/p>\n<p>Il<strong> turismo<\/strong> risulta essere in forte crescita, questo \u00e8 dovuto, tra i vari fattori, in particolar modo all\u2019elevato valore del patrimonio ambientale, storico-culturale ed architettonico, questi ultimi caratterizzati sia dagli elementi tipici dell\u2019architettura rurale sia dalla presenza di antichi palazzi, chiese, ville venete che conservano opere di valore, nonch\u00e9 aree archeologiche e musei di notevole interesse.<\/p>\n<p><a href=\"https:\/\/galprealpidolomiti.it\/psl-2014-2020\/\">PER APPROFONDIRE<\/a><\/p>\n","protected":false},"excerpt":{"rendered":"<p>L\u2019ambito territoriale sul quale opera il GAL Prealpi e Dolomiti \u00e8 rappresentato dalla parte meridionale della Provincia di Belluno. La definizione di questo territorio \u00e8 giustificata dalla sua complessiva omogeneit\u00e0 sia sotto il profilo fisico-geografico e storico-culturale, sia per le dinamiche economiche e sociali che lo contraddistinguono. Il territorio si caratterizza per la presenza del[&#8230;..]<\/p>\n","protected":false},"author":1,"featured_media":0,"parent":0,"menu_order":24,"comment_status":"closed","ping_status":"closed","template":"","meta":{"footnotes":""},"categories":[],"tags":[],"class_list":["post-322","page","type-page","status-publish","hentry"],"yoast_head":"<!-- This site is optimized with the Yoast SEO plugin v25.7 - https:\/\/yoast.com\/wordpress\/plugins\/seo\/ -->\n<title>Territorio - Ambito Territoriale Designato (ATD) - GAL Prealpi e Dolomiti<\/title>\n<meta name=\"robots\" content=\"index, follow, max-snippet:-1, max-image-preview:large, max-video-preview:-1\" \/>\n<link rel=\"canonical\" href=\"https:\/\/galprealpidolomiti.it\/territorio\/\" \/>\n<meta property=\"og:locale\" content=\"it_IT\" \/>\n<meta property=\"og:type\" content=\"article\" \/>\n<meta property=\"og:title\" content=\"Territorio - Ambito Territoriale Designato (ATD) - GAL Prealpi e Dolomiti\" \/>\n<meta property=\"og:description\" content=\"L\u2019ambito territoriale sul quale opera il GAL Prealpi e Dolomiti \u00e8 rappresentato dalla parte meridionale della Provincia di Belluno. La definizione di questo territorio \u00e8 giustificata dalla sua complessiva omogeneit\u00e0 sia sotto il profilo fisico-geografico e storico-culturale, sia per le dinamiche economiche e sociali che lo contraddistinguono. Il territorio si caratterizza per la presenza del[.....]\" \/>\n<meta property=\"og:url\" content=\"https:\/\/galprealpidolomiti.it\/territorio\/\" \/>\n<meta property=\"og:site_name\" content=\"GAL Prealpi e Dolomiti\" \/>\n<meta property=\"article:modified_time\" content=\"2025-02-25T07:35:08+00:00\" \/>\n<meta property=\"og:image\" content=\"https:\/\/www.galprealpidolomiti.it\/old\/wp-content\/uploads\/2024\/02\/Territorio-GAL-1024x643.png\" \/>\n\t<meta property=\"og:image:width\" content=\"1024\" \/>\n\t<meta property=\"og:image:height\" content=\"643\" \/>\n\t<meta property=\"og:image:type\" content=\"image\/png\" \/>\n<meta name=\"twitter:card\" content=\"summary_large_image\" \/>\n<meta name=\"twitter:label1\" content=\"Tempo di lettura stimato\" \/>\n\t<meta name=\"twitter:data1\" content=\"2 minuti\" \/>\n<script type=\"application\/ld+json\" class=\"yoast-schema-graph\">{\"@context\":\"https:\/\/schema.org\",\"@graph\":[{\"@type\":\"WebPage\",\"@id\":\"https:\/\/galprealpidolomiti.it\/territorio\/\",\"url\":\"https:\/\/galprealpidolomiti.it\/territorio\/\",\"name\":\"Territorio - Ambito Territoriale Designato (ATD) - GAL Prealpi e Dolomiti\",\"isPartOf\":{\"@id\":\"https:\/\/galprealpidolomiti.it\/#website\"},\"primaryImageOfPage\":{\"@id\":\"https:\/\/galprealpidolomiti.it\/territorio\/#primaryimage\"},\"image\":{\"@id\":\"https:\/\/galprealpidolomiti.it\/territorio\/#primaryimage\"},\"thumbnailUrl\":\"https:\/\/galprealpidolomiti.it\/wp-content\/uploads\/2024\/02\/Territorio-GAL.png\",\"datePublished\":\"2017-03-14T15:36:19+00:00\",\"dateModified\":\"2025-02-25T07:35:08+00:00\",\"breadcrumb\":{\"@id\":\"https:\/\/galprealpidolomiti.it\/territorio\/#breadcrumb\"},\"inLanguage\":\"it-IT\",\"potentialAction\":[{\"@type\":\"ReadAction\",\"target\":[\"https:\/\/galprealpidolomiti.it\/territorio\/\"]}]},{\"@type\":\"ImageObject\",\"inLanguage\":\"it-IT\",\"@id\":\"https:\/\/galprealpidolomiti.it\/territorio\/#primaryimage\",\"url\":\"https:\/\/galprealpidolomiti.it\/wp-content\/uploads\/2024\/02\/Territorio-GAL.png\",\"contentUrl\":\"https:\/\/galprealpidolomiti.it\/wp-content\/uploads\/2024\/02\/Territorio-GAL.png\"},{\"@type\":\"BreadcrumbList\",\"@id\":\"https:\/\/galprealpidolomiti.it\/territorio\/#breadcrumb\",\"itemListElement\":[{\"@type\":\"ListItem\",\"position\":1,\"name\":\"Home\",\"item\":\"https:\/\/galprealpidolomiti.it\/\"},{\"@type\":\"ListItem\",\"position\":2,\"name\":\"Territorio &#8211; Ambito Territoriale Designato (ATD)\"}]},{\"@type\":\"WebSite\",\"@id\":\"https:\/\/galprealpidolomiti.it\/#website\",\"url\":\"https:\/\/galprealpidolomiti.it\/\",\"name\":\"GAL Prealpi e Dolomiti\",\"description\":\"Gruppo di Azione Locale\",\"publisher\":{\"@id\":\"https:\/\/galprealpidolomiti.it\/#organization\"},\"potentialAction\":[{\"@type\":\"SearchAction\",\"target\":{\"@type\":\"EntryPoint\",\"urlTemplate\":\"https:\/\/galprealpidolomiti.it\/?s={search_term_string}\"},\"query-input\":{\"@type\":\"PropertyValueSpecification\",\"valueRequired\":true,\"valueName\":\"search_term_string\"}}],\"inLanguage\":\"it-IT\"},{\"@type\":\"Organization\",\"@id\":\"https:\/\/galprealpidolomiti.it\/#organization\",\"name\":\"GAL Prealpi e Dolomiti\",\"url\":\"https:\/\/galprealpidolomiti.it\/\",\"logo\":{\"@type\":\"ImageObject\",\"inLanguage\":\"it-IT\",\"@id\":\"https:\/\/galprealpidolomiti.it\/#\/schema\/logo\/image\/\",\"url\":\"https:\/\/www.galprealpidolomiti.it\/old\/wp-content\/uploads\/2020\/03\/striscia-5-loghi.png\",\"contentUrl\":\"https:\/\/www.galprealpidolomiti.it\/old\/wp-content\/uploads\/2020\/03\/striscia-5-loghi.png\",\"width\":1177,\"height\":228,\"caption\":\"GAL Prealpi e Dolomiti\"},\"image\":{\"@id\":\"https:\/\/galprealpidolomiti.it\/#\/schema\/logo\/image\/\"}}]}<\/script>\n<!-- \/ Yoast SEO plugin. -->","yoast_head_json":{"title":"Territorio - Ambito Territoriale Designato (ATD) - GAL Prealpi e Dolomiti","robots":{"index":"index","follow":"follow","max-snippet":"max-snippet:-1","max-image-preview":"max-image-preview:large","max-video-preview":"max-video-preview:-1"},"canonical":"https:\/\/galprealpidolomiti.it\/territorio\/","og_locale":"it_IT","og_type":"article","og_title":"Territorio - Ambito Territoriale Designato (ATD) - GAL Prealpi e Dolomiti","og_description":"L\u2019ambito territoriale sul quale opera il GAL Prealpi e Dolomiti \u00e8 rappresentato dalla parte meridionale della Provincia di Belluno. La definizione di questo territorio \u00e8 giustificata dalla sua complessiva omogeneit\u00e0 sia sotto il profilo fisico-geografico e storico-culturale, sia per le dinamiche economiche e sociali che lo contraddistinguono. Il territorio si caratterizza per la presenza del[.....]","og_url":"https:\/\/galprealpidolomiti.it\/territorio\/","og_site_name":"GAL Prealpi e Dolomiti","article_modified_time":"2025-02-25T07:35:08+00:00","og_image":[{"width":1024,"height":643,"url":"https:\/\/www.galprealpidolomiti.it\/old\/wp-content\/uploads\/2024\/02\/Territorio-GAL-1024x643.png","type":"image\/png"}],"twitter_card":"summary_large_image","twitter_misc":{"Tempo di lettura stimato":"2 minuti"},"schema":{"@context":"https:\/\/schema.org","@graph":[{"@type":"WebPage","@id":"https:\/\/galprealpidolomiti.it\/territorio\/","url":"https:\/\/galprealpidolomiti.it\/territorio\/","name":"Territorio - Ambito Territoriale Designato (ATD) - GAL Prealpi e Dolomiti","isPartOf":{"@id":"https:\/\/galprealpidolomiti.it\/#website"},"primaryImageOfPage":{"@id":"https:\/\/galprealpidolomiti.it\/territorio\/#primaryimage"},"image":{"@id":"https:\/\/galprealpidolomiti.it\/territorio\/#primaryimage"},"thumbnailUrl":"https:\/\/galprealpidolomiti.it\/wp-content\/uploads\/2024\/02\/Territorio-GAL.png","datePublished":"2017-03-14T15:36:19+00:00","dateModified":"2025-02-25T07:35:08+00:00","breadcrumb":{"@id":"https:\/\/galprealpidolomiti.it\/territorio\/#breadcrumb"},"inLanguage":"it-IT","potentialAction":[{"@type":"ReadAction","target":["https:\/\/galprealpidolomiti.it\/territorio\/"]}]},{"@type":"ImageObject","inLanguage":"it-IT","@id":"https:\/\/galprealpidolomiti.it\/territorio\/#primaryimage","url":"https:\/\/galprealpidolomiti.it\/wp-content\/uploads\/2024\/02\/Territorio-GAL.png","contentUrl":"https:\/\/galprealpidolomiti.it\/wp-content\/uploads\/2024\/02\/Territorio-GAL.png"},{"@type":"BreadcrumbList","@id":"https:\/\/galprealpidolomiti.it\/territorio\/#breadcrumb","itemListElement":[{"@type":"ListItem","position":1,"name":"Home","item":"https:\/\/galprealpidolomiti.it\/"},{"@type":"ListItem","position":2,"name":"Territorio &#8211; Ambito Territoriale Designato (ATD)"}]},{"@type":"WebSite","@id":"https:\/\/galprealpidolomiti.it\/#website","url":"https:\/\/galprealpidolomiti.it\/","name":"GAL Prealpi e Dolomiti","description":"Gruppo di Azione Locale","publisher":{"@id":"https:\/\/galprealpidolomiti.it\/#organization"},"potentialAction":[{"@type":"SearchAction","target":{"@type":"EntryPoint","urlTemplate":"https:\/\/galprealpidolomiti.it\/?s={search_term_string}"},"query-input":{"@type":"PropertyValueSpecification","valueRequired":true,"valueName":"search_term_string"}}],"inLanguage":"it-IT"},{"@type":"Organization","@id":"https:\/\/galprealpidolomiti.it\/#organization","name":"GAL Prealpi e Dolomiti","url":"https:\/\/galprealpidolomiti.it\/","logo":{"@type":"ImageObject","inLanguage":"it-IT","@id":"https:\/\/galprealpidolomiti.it\/#\/schema\/logo\/image\/","url":"https:\/\/www.galprealpidolomiti.it\/old\/wp-content\/uploads\/2020\/03\/striscia-5-loghi.png","contentUrl":"https:\/\/www.galprealpidolomiti.it\/old\/wp-content\/uploads\/2020\/03\/striscia-5-loghi.png","width":1177,"height":228,"caption":"GAL Prealpi e Dolomiti"},"image":{"@id":"https:\/\/galprealpidolomiti.it\/#\/schema\/logo\/image\/"}}]}},"_links":{"self":[{"href":"https:\/\/www.galprealpidolomiti.it\/old\/wp-json\/wp\/v2\/pages\/322","targetHints":{"allow":["GET"]}}],"collection":[{"href":"https:\/\/www.galprealpidolomiti.it\/old\/wp-json\/wp\/v2\/pages"}],"about":[{"href":"https:\/\/www.galprealpidolomiti.it\/old\/wp-json\/wp\/v2\/types\/page"}],"author":[{"embeddable":true,"href":"https:\/\/www.galprealpidolomiti.it\/old\/wp-json\/wp\/v2\/users\/1"}],"replies":[{"embeddable":true,"href":"https:\/\/www.galprealpidolomiti.it\/old\/wp-json\/wp\/v2\/comments?post=322"}],"version-history":[{"count":3,"href":"https:\/\/www.galprealpidolomiti.it\/old\/wp-json\/wp\/v2\/pages\/322\/revisions"}],"predecessor-version":[{"id":22608,"href":"https:\/\/www.galprealpidolomiti.it\/old\/wp-json\/wp\/v2\/pages\/322\/revisions\/22608"}],"wp:attachment":[{"href":"https:\/\/www.galprealpidolomiti.it\/old\/wp-json\/wp\/v2\/media?parent=322"}],"wp:term":[{"taxonomy":"category","embeddable":true,"href":"https:\/\/www.galprealpidolomiti.it\/old\/wp-json\/wp\/v2\/categories?post=322"},{"taxonomy":"post_tag","embeddable":true,"href":"https:\/\/www.galprealpidolomiti.it\/old\/wp-json\/wp\/v2\/tags?post=322"}],"curies":[{"name":"wp","href":"https:\/\/api.w.org\/{rel}","templated":true}]}}