{"id":3038,"date":"2017-05-09T12:41:14","date_gmt":"2017-05-09T10:41:14","guid":{"rendered":"https:\/\/galprealpidolomiti.it\/?page_id=3038"},"modified":"2017-05-09T12:49:44","modified_gmt":"2017-05-09T10:49:44","slug":"servizio-europa-2020-2","status":"publish","type":"page","link":"https:\/\/www.galprealpidolomiti.it\/old\/servizio-europa-2020-2\/","title":{"rendered":"MY EUROPE"},"content":{"rendered":"<p>Negli ultimi anni i territori stanno sperimentando livelli di competitivit\u00e0 sempre pi\u00f9 accentuata, mentre in molti Paesi europei le istituzioni pubbliche hanno svolto un lavoro specifico nella <strong>formazione di competenze e professionalit\u00e0<\/strong> in grado di gestire progetti di respiro comunitario all\u2019interno della PA, in Italia questo percorso \u00e8 ancora in fase embrionale, con il risultato che ancora oggi <strong>larga parte dei territori non \u00e8 capace di sfruttare molte delle opportunit\u00e0 offerte<\/strong>.<br \/>\nL\u2019avvio del periodo di programmazione 2014-2020 deve perci\u00f2 incoraggiare gli enti locali a dotarsi di una <strong>visione strategica<\/strong> e di <strong>competenze adeguate<\/strong> per promuovere in maniera innovativa e integrata le proprie politiche di sviluppo sul territorio.<br \/>\nIl Servizio sulle politiche e finanziamenti nell&#8217;europa 2020 ha come <strong>obiettivo generale<\/strong> la realizzazione di un processo di <em>capacity building<\/em> degli attori pubblici che operano nel contesto territoriale del GAL, che permetta loro di elaborare concretamente strategie integrate di sviluppo locale, coerenti con gli indirizzi della programmazione 2014-2020, e con un approccio multifondo, capaci perci\u00f2 di affrontare i diversi fabbisogni del territorio attraverso iniziative e strumenti finanziari provenienti da fonti diverse, ma tra loro funzionali.<\/p>\n<ul>\n<li><strong>Incontro propedeutico &#8211; 21 ottobre 2015<\/strong><br \/>\n<a href=\"https:\/\/drive.google.com\/file\/d\/0BwleRWxxkrBMWGdhTkpjb2RPZzg\/view?usp=sharing\">slide Matteo Aguanno<\/a><br \/>\n<a href=\"https:\/\/drive.google.com\/file\/d\/0BwleRWxxkrBMVVEweU9XZTFVZk0\/view?usp=sharing\">slide Marco Bassetto<\/a><\/li>\n<li><strong>1\u00b0 incontro &#8211; 16 novembre 2015<br \/>\n<\/strong>La presentazione power point dell&#8217;incontro \u00e8 disponibile a <a href=\"https:\/\/drive.google.com\/file\/d\/0BwleRWxxkrBMc1NaTWRXd3loR0E\/view?usp=sharing\">questo link<\/a><br \/>\nIl bando ed il materiale riguardante gli <strong>&#8220;interventi per la riqualificazione sociale e culturale delle aree urbane degradate&#8221;<\/strong> \u00e8 scaricabile da <a href=\"https:\/\/drive.google.com\/folderview?id=0BwleRWxxkrBMcVp3UkVIYjlKYkU&amp;usp=sharing\">questo link<\/a><\/li>\n<li><strong>2\u00b0 incontro &#8211; 01 dicembre 2015<\/strong><br \/>\nLa presentazione power point dell&#8217;incontro \u00e8 disponibile a <a href=\"https:\/\/drive.google.com\/file\/d\/0BwleRWxxkrBMTTdoY08tZnlLNW8\/view?usp=sharing\">questo link <\/a><\/li>\n<li><strong>3\u00b0 incontro &#8211; 15 dicembre 2015<\/strong><br \/>\nLa presentazione power point dell&#8217;incontro \u00e8 disponibile a <a href=\"https:\/\/drive.google.com\/file\/d\/0BwleRWxxkrBMdXNsVFdXWUJXYVU\/view?usp=sharing\">questo link<\/a>.<\/li>\n<li><strong>Materiali gruppi di lavoro<br \/>\n<\/strong>1 &#8211; <a href=\"https:\/\/drive.google.com\/folderview?id=0BwleRWxxkrBMMHZaTnpqSUhkaEk&amp;usp=sharing\">GdL Efficienza energetica<\/a><br \/>\n2 &#8211; <a href=\"https:\/\/drive.google.com\/folderview?id=0BwleRWxxkrBMNVFaT0lvRVFsNDg&amp;usp=sharing\">GdL Miglioramento efficienza PA<\/a><br \/>\n3 &#8211; <a href=\"https:\/\/drive.google.com\/folderview?id=0BwleRWxxkrBMNi02Ql9VTHMtZWc&amp;usp=sharing\">GdL Rischio sismico idraulico<\/a><br \/>\n4 &#8211; <a href=\"https:\/\/drive.google.com\/folderview?id=0BwleRWxxkrBMUzg3Y1dLbE1xUmc&amp;usp=sharing\">GdL Valorizzazione risorse naturali<\/a><\/li>\n<\/ul>\n<h3><\/h3>\n<h3>Bollettino MyEurope<\/h3>\n<p><a href=\"http:\/\/www.gal2.it\/UserFile\/File\/Bollettino_MyEurope_n_1.pdf\">Bollettino MyEurope n. 1 del 14\/01\/2016<\/a><br \/>\n<a href=\"http:\/\/www.gal2.it\/UserFile\/File\/Bollettino_MyEurope_n_2_marzo_2016.pdf\">Bollettino MyEurope n. 2 del 10\/03\/2016<\/a><br \/>\n<a href=\"http:\/\/www.gal2.it\/UserFile\/File\/bollettino_ME_n_3_aprile_2016_spec_ita_au.pdf\">Bollettino MyEurope n. 3 del 05\/04\/2016<\/a><\/p>\n<h3><\/h3>\n<h3>Link utili<\/h3>\n<p>Di seguito vengono riportati i principali <strong>link ai documenti trattati durante il corso<\/strong>:<br \/>\n<a href=\"http:\/\/www.dps.gov.it\/it\/AccordoPartenariato\/\">Accordo di Partenariato Italia<\/a><br \/>\n<a href=\"http:\/\/www.dps.gov.it\/opencms\/export\/sites\/dps\/it\/documentazione\/Programmazione_1420\/Programmi_operativi\/Programmi_Operativi14-20.pdf\">Programmi Operativi Nazionali (PON)<\/a><br \/>\nProgrammazione Regionale Unitaria (PRU):<br \/>\n&#8211;\u00a0\u00a0 <a href=\"http:\/\/www.regione.veneto.it\/web\/programmazione\/programmazione\">http:\/\/www.regione.veneto.it\/web\/programmazione\/programmazione<\/a><br \/>\n&#8211;\u00a0\u00a0 <a href=\"http:\/\/www.regione.veneto.it\/web\/programmazione\/fondi-sie\">http:\/\/www.regione.veneto.it\/web\/programmazione\/fondi-sie<\/a><br \/>\n<a href=\"http:\/\/www.regione.veneto.it\/web\/programmi-comunitari\/\">Programmi Comunitari Regione Veneto:<\/a><br \/>\n&#8211;\u00a0\u00a0 <a href=\"http:\/\/www.regione.veneto.it\/web\/programmi-comunitari\/fesr-2014-2020\">Programma Operativo Regionale (POR) FESR<\/a><br \/>\n&#8211;\u00a0\u00a0 <a href=\"http:\/\/www.regione.veneto.it\/web\/guest\/programmazione-2014-2020\">Programma Operativo Regionale (POR) FSE<\/a><br \/>\n&#8211;\u00a0\u00a0 <a href=\"http:\/\/www.regione.veneto.it\/web\/agricoltura-e-foreste\/sviluppo-rurale-2020;%20http:\/\/www.piave.veneto.it\/web\/guest\">Programma di Sviluppo Rurale (PSR) FEASR<\/a><br \/>\n&#8211;\u00a0\u00a0 <a href=\"http:\/\/coopterritoriale.regione.veneto.it\/\">Cooperazione Territoriale Europea (CTE)<\/a><\/p>\n","protected":false},"excerpt":{"rendered":"<p>Negli ultimi anni i territori stanno sperimentando livelli di competitivit\u00e0 sempre pi\u00f9 accentuata, mentre in molti Paesi europei le istituzioni pubbliche hanno svolto un lavoro specifico nella formazione di competenze e professionalit\u00e0 in grado di gestire progetti di respiro comunitario all\u2019interno della PA, in Italia questo percorso \u00e8 ancora in fase embrionale, con il risultato[&#8230;..]<\/p>\n","protected":false},"author":3,"featured_media":0,"parent":0,"menu_order":11,"comment_status":"closed","ping_status":"closed","template":"","meta":{"footnotes":""},"categories":[],"tags":[],"class_list":["post-3038","page","type-page","status-publish","hentry"],"yoast_head":"<!-- This site is optimized with the Yoast SEO plugin v25.7 - https:\/\/yoast.com\/wordpress\/plugins\/seo\/ -->\n<title>MY EUROPE - GAL Prealpi e Dolomiti<\/title>\n<meta name=\"robots\" content=\"index, follow, max-snippet:-1, max-image-preview:large, max-video-preview:-1\" \/>\n<link rel=\"canonical\" href=\"https:\/\/galprealpidolomiti.it\/servizio-europa-2020-2\/\" \/>\n<meta property=\"og:locale\" content=\"it_IT\" \/>\n<meta property=\"og:type\" content=\"article\" \/>\n<meta property=\"og:title\" content=\"MY EUROPE - GAL Prealpi e Dolomiti\" \/>\n<meta property=\"og:description\" content=\"Negli ultimi anni i territori stanno sperimentando livelli di competitivit\u00e0 sempre pi\u00f9 accentuata, mentre in molti Paesi europei le istituzioni pubbliche hanno svolto un lavoro specifico nella formazione di competenze e professionalit\u00e0 in grado di gestire progetti di respiro comunitario all\u2019interno della PA, in Italia questo percorso \u00e8 ancora in fase embrionale, con il risultato[.....]\" \/>\n<meta property=\"og:url\" content=\"https:\/\/galprealpidolomiti.it\/servizio-europa-2020-2\/\" \/>\n<meta property=\"og:site_name\" content=\"GAL Prealpi e Dolomiti\" \/>\n<meta property=\"article:modified_time\" content=\"2017-05-09T10:49:44+00:00\" \/>\n<meta name=\"twitter:card\" content=\"summary_large_image\" \/>\n<meta name=\"twitter:label1\" content=\"Tempo di lettura stimato\" \/>\n\t<meta name=\"twitter:data1\" content=\"2 minuti\" \/>\n<script type=\"application\/ld+json\" class=\"yoast-schema-graph\">{\"@context\":\"https:\/\/schema.org\",\"@graph\":[{\"@type\":\"WebPage\",\"@id\":\"https:\/\/galprealpidolomiti.it\/servizio-europa-2020-2\/\",\"url\":\"https:\/\/galprealpidolomiti.it\/servizio-europa-2020-2\/\",\"name\":\"MY EUROPE - GAL Prealpi e Dolomiti\",\"isPartOf\":{\"@id\":\"https:\/\/galprealpidolomiti.it\/#website\"},\"datePublished\":\"2017-05-09T10:41:14+00:00\",\"dateModified\":\"2017-05-09T10:49:44+00:00\",\"breadcrumb\":{\"@id\":\"https:\/\/galprealpidolomiti.it\/servizio-europa-2020-2\/#breadcrumb\"},\"inLanguage\":\"it-IT\",\"potentialAction\":[{\"@type\":\"ReadAction\",\"target\":[\"https:\/\/galprealpidolomiti.it\/servizio-europa-2020-2\/\"]}]},{\"@type\":\"BreadcrumbList\",\"@id\":\"https:\/\/galprealpidolomiti.it\/servizio-europa-2020-2\/#breadcrumb\",\"itemListElement\":[{\"@type\":\"ListItem\",\"position\":1,\"name\":\"Home\",\"item\":\"https:\/\/galprealpidolomiti.it\/\"},{\"@type\":\"ListItem\",\"position\":2,\"name\":\"MY EUROPE\"}]},{\"@type\":\"WebSite\",\"@id\":\"https:\/\/galprealpidolomiti.it\/#website\",\"url\":\"https:\/\/galprealpidolomiti.it\/\",\"name\":\"GAL Prealpi e Dolomiti\",\"description\":\"Gruppo di Azione Locale\",\"publisher\":{\"@id\":\"https:\/\/galprealpidolomiti.it\/#organization\"},\"potentialAction\":[{\"@type\":\"SearchAction\",\"target\":{\"@type\":\"EntryPoint\",\"urlTemplate\":\"https:\/\/galprealpidolomiti.it\/?s={search_term_string}\"},\"query-input\":{\"@type\":\"PropertyValueSpecification\",\"valueRequired\":true,\"valueName\":\"search_term_string\"}}],\"inLanguage\":\"it-IT\"},{\"@type\":\"Organization\",\"@id\":\"https:\/\/galprealpidolomiti.it\/#organization\",\"name\":\"GAL Prealpi e Dolomiti\",\"url\":\"https:\/\/galprealpidolomiti.it\/\",\"logo\":{\"@type\":\"ImageObject\",\"inLanguage\":\"it-IT\",\"@id\":\"https:\/\/galprealpidolomiti.it\/#\/schema\/logo\/image\/\",\"url\":\"https:\/\/www.galprealpidolomiti.it\/old\/wp-content\/uploads\/2020\/03\/striscia-5-loghi.png\",\"contentUrl\":\"https:\/\/www.galprealpidolomiti.it\/old\/wp-content\/uploads\/2020\/03\/striscia-5-loghi.png\",\"width\":1177,\"height\":228,\"caption\":\"GAL Prealpi e Dolomiti\"},\"image\":{\"@id\":\"https:\/\/galprealpidolomiti.it\/#\/schema\/logo\/image\/\"}}]}<\/script>\n<!-- \/ Yoast SEO plugin. -->","yoast_head_json":{"title":"MY EUROPE - GAL Prealpi e Dolomiti","robots":{"index":"index","follow":"follow","max-snippet":"max-snippet:-1","max-image-preview":"max-image-preview:large","max-video-preview":"max-video-preview:-1"},"canonical":"https:\/\/galprealpidolomiti.it\/servizio-europa-2020-2\/","og_locale":"it_IT","og_type":"article","og_title":"MY EUROPE - GAL Prealpi e Dolomiti","og_description":"Negli ultimi anni i territori stanno sperimentando livelli di competitivit\u00e0 sempre pi\u00f9 accentuata, mentre in molti Paesi europei le istituzioni pubbliche hanno svolto un lavoro specifico nella formazione di competenze e professionalit\u00e0 in grado di gestire progetti di respiro comunitario all\u2019interno della PA, in Italia questo percorso \u00e8 ancora in fase embrionale, con il risultato[.....]","og_url":"https:\/\/galprealpidolomiti.it\/servizio-europa-2020-2\/","og_site_name":"GAL Prealpi e Dolomiti","article_modified_time":"2017-05-09T10:49:44+00:00","twitter_card":"summary_large_image","twitter_misc":{"Tempo di lettura stimato":"2 minuti"},"schema":{"@context":"https:\/\/schema.org","@graph":[{"@type":"WebPage","@id":"https:\/\/galprealpidolomiti.it\/servizio-europa-2020-2\/","url":"https:\/\/galprealpidolomiti.it\/servizio-europa-2020-2\/","name":"MY EUROPE - GAL Prealpi e Dolomiti","isPartOf":{"@id":"https:\/\/galprealpidolomiti.it\/#website"},"datePublished":"2017-05-09T10:41:14+00:00","dateModified":"2017-05-09T10:49:44+00:00","breadcrumb":{"@id":"https:\/\/galprealpidolomiti.it\/servizio-europa-2020-2\/#breadcrumb"},"inLanguage":"it-IT","potentialAction":[{"@type":"ReadAction","target":["https:\/\/galprealpidolomiti.it\/servizio-europa-2020-2\/"]}]},{"@type":"BreadcrumbList","@id":"https:\/\/galprealpidolomiti.it\/servizio-europa-2020-2\/#breadcrumb","itemListElement":[{"@type":"ListItem","position":1,"name":"Home","item":"https:\/\/galprealpidolomiti.it\/"},{"@type":"ListItem","position":2,"name":"MY EUROPE"}]},{"@type":"WebSite","@id":"https:\/\/galprealpidolomiti.it\/#website","url":"https:\/\/galprealpidolomiti.it\/","name":"GAL Prealpi e Dolomiti","description":"Gruppo di Azione Locale","publisher":{"@id":"https:\/\/galprealpidolomiti.it\/#organization"},"potentialAction":[{"@type":"SearchAction","target":{"@type":"EntryPoint","urlTemplate":"https:\/\/galprealpidolomiti.it\/?s={search_term_string}"},"query-input":{"@type":"PropertyValueSpecification","valueRequired":true,"valueName":"search_term_string"}}],"inLanguage":"it-IT"},{"@type":"Organization","@id":"https:\/\/galprealpidolomiti.it\/#organization","name":"GAL Prealpi e Dolomiti","url":"https:\/\/galprealpidolomiti.it\/","logo":{"@type":"ImageObject","inLanguage":"it-IT","@id":"https:\/\/galprealpidolomiti.it\/#\/schema\/logo\/image\/","url":"https:\/\/www.galprealpidolomiti.it\/old\/wp-content\/uploads\/2020\/03\/striscia-5-loghi.png","contentUrl":"https:\/\/www.galprealpidolomiti.it\/old\/wp-content\/uploads\/2020\/03\/striscia-5-loghi.png","width":1177,"height":228,"caption":"GAL Prealpi e Dolomiti"},"image":{"@id":"https:\/\/galprealpidolomiti.it\/#\/schema\/logo\/image\/"}}]}},"_links":{"self":[{"href":"https:\/\/www.galprealpidolomiti.it\/old\/wp-json\/wp\/v2\/pages\/3038","targetHints":{"allow":["GET"]}}],"collection":[{"href":"https:\/\/www.galprealpidolomiti.it\/old\/wp-json\/wp\/v2\/pages"}],"about":[{"href":"https:\/\/www.galprealpidolomiti.it\/old\/wp-json\/wp\/v2\/types\/page"}],"author":[{"embeddable":true,"href":"https:\/\/www.galprealpidolomiti.it\/old\/wp-json\/wp\/v2\/users\/3"}],"replies":[{"embeddable":true,"href":"https:\/\/www.galprealpidolomiti.it\/old\/wp-json\/wp\/v2\/comments?post=3038"}],"version-history":[{"count":0,"href":"https:\/\/www.galprealpidolomiti.it\/old\/wp-json\/wp\/v2\/pages\/3038\/revisions"}],"wp:attachment":[{"href":"https:\/\/www.galprealpidolomiti.it\/old\/wp-json\/wp\/v2\/media?parent=3038"}],"wp:term":[{"taxonomy":"category","embeddable":true,"href":"https:\/\/www.galprealpidolomiti.it\/old\/wp-json\/wp\/v2\/categories?post=3038"},{"taxonomy":"post_tag","embeddable":true,"href":"https:\/\/www.galprealpidolomiti.it\/old\/wp-json\/wp\/v2\/tags?post=3038"}],"curies":[{"name":"wp","href":"https:\/\/api.w.org\/{rel}","templated":true}]}}