{"id":2483,"date":"2017-04-26T10:23:27","date_gmt":"2017-04-26T08:23:27","guid":{"rendered":"https:\/\/galprealpidolomiti.it\/?page_id=2483"},"modified":"2017-04-27T12:09:34","modified_gmt":"2017-04-27T10:09:34","slug":"vivere-un-piccolissimo-villaggio-agricolo-oggi","status":"publish","type":"page","link":"https:\/\/www.galprealpidolomiti.it\/old\/facciamolo-noi\/i-post\/vivere-un-piccolissimo-villaggio-agricolo-oggi\/","title":{"rendered":"Vivere in un piccolissimo villaggio agricolo, oggi"},"content":{"rendered":"<p>Per una settimana intera, d&#8217;estate, Francesco e Francesca hanno pelato cipolle e pressato pomodori di fronte a casa, in un gazebo montato per l&#8217;occasione. Settanta chili di cipolle tropea per sei quintali di conserva: l&#8217;odore di buono ha aleggiato tra le case del borgo di Grum per diversi giorni, anche con la conserva ormai imbottigliata in centinaia di vasi e vasetti. Francesco e Francesca sono due degli ultimi abitanti di questo villaggio che sarebbe la location perfetta per un film di Ermanno Olmi.<\/p>\n<p>Dall&#8217;alto, Grum \u00e8 un triangolo di case con il bosco dietro e, davanti, appezzamenti di terreno ora rettangolari, ora quadrati, ora trapezoidali. Fino alla prima met\u00e0 del Novecento questa era una tra le aziende agricole pi\u00f9 importanti del Feltrino: negli anni Trenta venne anche premiata da Mussolini nell&#8217;ambito della Battaglia del grano. Da qualche anno il proprietario aveva avviato una ristrutturazione completa della tenuta: il florido Spartaco Zugni Tauro, avvocato feltrino e deputato al Parlamento nazionale, era un innovatore.<\/p>\n<p>Aveva dotato la sua azienda del meglio che si trovava sul mercato, dalla mucca di razza bruno-alpina alla coltivazione del baco da seta, dai pi\u00f9 moderni macchinari agricoli all&#8217;istituzione della latteria sociale. Zugni Tauro \u2013 baffoni all&#8217;ins\u00f9, occhiali da naso, paglietta e bastone da passeggio \u2013 aveva sposato Giuditta de Mezzan, sorella e unica erede del conte Giorgio (baffoni anche pi\u00f9 importanti di quelli del cognato), agli inizi del Novecento. La coppia viveva a Feltre d&#8217;inverno; d&#8217;estate, come da tradizione, si spostava in campagna, a meno di dieci chilometri dal centro, nella villa dei de Mezzan, a Grum. La villa \u00e8 ancora l\u00ec, splendida nello scenario aguzzo delle vette feltrine. Anche l&#8217;azienda agricola continua a esistere, naturalmente ridimensionata: agli inizi del Novecento in questo pugno di edifici compatti vivevano pi\u00f9 di un centinaio di anime, oggi il villaggio \u00e8 abitato da una decina di persone.<\/p>\n<p>Il vecchio mulino del XVI secolo continua a macinare farine locali \u2013 per i presidi slow food della zona, anche \u2013 e rimane uno degli ultimi mulini ad acqua tuttora in funzione. L&#8217;erede dei Zugni Tauro de Mazzan, Massimiliano Guiotto, vive qui tutto l&#8217;anno insieme alla moglie. Con i resti della Grum di un tempo hanno creato un museo agricolo aziendale \u2013 dove sono esposti al pubblico trattori e vecchie fotografie, botti in rovere, documenti originali, cagliere, erpici e imballatrici (allora) all&#8217;avanguardia. Da un vecchio edificio in disuso hanno ricavato degli appartamentini per l&#8217;agriturismo; nelle antiche cucine, all&#8217;ombra dell&#8217;ultimo gelso rimasto, c&#8217;\u00e8 un piccolo punto di ristoro.<\/p>\n<p>Al di l\u00e0 dell&#8217;interesse storico \u2013 Grum \u00e8 una delle ultime ville bellunesi a conservare la sua funzione di residenza di campagna insieme con l&#8217;attivo borgo rurale \u2013 il posto \u00e8 magnifico. Il villaggio se ne sta placido al sole, davanti alla valle di San Martino (uno degli accessi naturali al Parco Nazionale delle Dolomiti Bellunesi). C&#8217;\u00e8 una piccola chiesetta antichissima, che \u00e8 qui fin dal XV secolo. La cancellata in ferro battuto (1931) \u00e8 l&#8217;ultima opera del maestro feltrino Carlo Rizzarda. Gli uccellini cantano e persino le cantine della villa, dove un tempo i signori de Mezzan tenevano il vino prodotto a centinaia di ettolitri dalla loro azienda, sono affrescate.<\/p>\n","protected":false},"excerpt":{"rendered":"<p>Per una settimana intera, d&#8217;estate, Francesco e Francesca hanno pelato cipolle e pressato pomodori di fronte a casa, in un gazebo montato per l&#8217;occasione. Settanta chili di cipolle tropea per sei quintali di conserva: l&#8217;odore di buono ha aleggiato tra le case del borgo di Grum per diversi giorni, anche con la conserva ormai imbottigliata[&#8230;..]<\/p>\n","protected":false},"author":3,"featured_media":0,"parent":2067,"menu_order":2,"comment_status":"closed","ping_status":"closed","template":"page-template-sidebar.php","meta":{"footnotes":""},"categories":[],"tags":[],"class_list":["post-2483","page","type-page","status-publish","hentry"],"yoast_head":"<!-- This site is optimized with the Yoast SEO plugin v25.7 - https:\/\/yoast.com\/wordpress\/plugins\/seo\/ -->\n<title>Vivere in un piccolissimo villaggio agricolo, oggi - GAL Prealpi e Dolomiti<\/title>\n<meta name=\"robots\" content=\"index, follow, max-snippet:-1, max-image-preview:large, max-video-preview:-1\" \/>\n<link rel=\"canonical\" href=\"https:\/\/galprealpidolomiti.it\/facciamolo-noi\/i-post\/vivere-un-piccolissimo-villaggio-agricolo-oggi\/\" \/>\n<meta property=\"og:locale\" content=\"it_IT\" \/>\n<meta property=\"og:type\" content=\"article\" \/>\n<meta property=\"og:title\" content=\"Vivere in un piccolissimo villaggio agricolo, oggi - GAL Prealpi e Dolomiti\" \/>\n<meta property=\"og:description\" content=\"Per una settimana intera, d&#8217;estate, Francesco e Francesca hanno pelato cipolle e pressato pomodori di fronte a casa, in un gazebo montato per l&#8217;occasione. Settanta chili di cipolle tropea per sei quintali di conserva: l&#8217;odore di buono ha aleggiato tra le case del borgo di Grum per diversi giorni, anche con la conserva ormai imbottigliata[.....]\" \/>\n<meta property=\"og:url\" content=\"https:\/\/galprealpidolomiti.it\/facciamolo-noi\/i-post\/vivere-un-piccolissimo-villaggio-agricolo-oggi\/\" \/>\n<meta property=\"og:site_name\" content=\"GAL Prealpi e Dolomiti\" \/>\n<meta property=\"article:modified_time\" content=\"2017-04-27T10:09:34+00:00\" \/>\n<meta name=\"twitter:card\" content=\"summary_large_image\" \/>\n<meta name=\"twitter:label1\" content=\"Tempo di lettura stimato\" \/>\n\t<meta name=\"twitter:data1\" content=\"3 minuti\" \/>\n<script type=\"application\/ld+json\" class=\"yoast-schema-graph\">{\"@context\":\"https:\/\/schema.org\",\"@graph\":[{\"@type\":\"WebPage\",\"@id\":\"https:\/\/galprealpidolomiti.it\/facciamolo-noi\/i-post\/vivere-un-piccolissimo-villaggio-agricolo-oggi\/\",\"url\":\"https:\/\/galprealpidolomiti.it\/facciamolo-noi\/i-post\/vivere-un-piccolissimo-villaggio-agricolo-oggi\/\",\"name\":\"Vivere in un piccolissimo villaggio agricolo, oggi - GAL Prealpi e Dolomiti\",\"isPartOf\":{\"@id\":\"https:\/\/galprealpidolomiti.it\/#website\"},\"datePublished\":\"2017-04-26T08:23:27+00:00\",\"dateModified\":\"2017-04-27T10:09:34+00:00\",\"breadcrumb\":{\"@id\":\"https:\/\/galprealpidolomiti.it\/facciamolo-noi\/i-post\/vivere-un-piccolissimo-villaggio-agricolo-oggi\/#breadcrumb\"},\"inLanguage\":\"it-IT\",\"potentialAction\":[{\"@type\":\"ReadAction\",\"target\":[\"https:\/\/galprealpidolomiti.it\/facciamolo-noi\/i-post\/vivere-un-piccolissimo-villaggio-agricolo-oggi\/\"]}]},{\"@type\":\"BreadcrumbList\",\"@id\":\"https:\/\/galprealpidolomiti.it\/facciamolo-noi\/i-post\/vivere-un-piccolissimo-villaggio-agricolo-oggi\/#breadcrumb\",\"itemListElement\":[{\"@type\":\"ListItem\",\"position\":1,\"name\":\"Home\",\"item\":\"https:\/\/galprealpidolomiti.it\/\"},{\"@type\":\"ListItem\",\"position\":2,\"name\":\"Facciamolo noi 2007-2013\",\"item\":\"https:\/\/galprealpidolomiti.it\/facciamolo-noi\/\"},{\"@type\":\"ListItem\",\"position\":3,\"name\":\"I Post\",\"item\":\"https:\/\/galprealpidolomiti.it\/facciamolo-noi\/i-post\/\"},{\"@type\":\"ListItem\",\"position\":4,\"name\":\"Vivere in un piccolissimo villaggio agricolo, oggi\"}]},{\"@type\":\"WebSite\",\"@id\":\"https:\/\/galprealpidolomiti.it\/#website\",\"url\":\"https:\/\/galprealpidolomiti.it\/\",\"name\":\"GAL Prealpi e Dolomiti\",\"description\":\"Gruppo di Azione Locale\",\"publisher\":{\"@id\":\"https:\/\/galprealpidolomiti.it\/#organization\"},\"potentialAction\":[{\"@type\":\"SearchAction\",\"target\":{\"@type\":\"EntryPoint\",\"urlTemplate\":\"https:\/\/galprealpidolomiti.it\/?s={search_term_string}\"},\"query-input\":{\"@type\":\"PropertyValueSpecification\",\"valueRequired\":true,\"valueName\":\"search_term_string\"}}],\"inLanguage\":\"it-IT\"},{\"@type\":\"Organization\",\"@id\":\"https:\/\/galprealpidolomiti.it\/#organization\",\"name\":\"GAL Prealpi e Dolomiti\",\"url\":\"https:\/\/galprealpidolomiti.it\/\",\"logo\":{\"@type\":\"ImageObject\",\"inLanguage\":\"it-IT\",\"@id\":\"https:\/\/galprealpidolomiti.it\/#\/schema\/logo\/image\/\",\"url\":\"https:\/\/www.galprealpidolomiti.it\/old\/wp-content\/uploads\/2020\/03\/striscia-5-loghi.png\",\"contentUrl\":\"https:\/\/www.galprealpidolomiti.it\/old\/wp-content\/uploads\/2020\/03\/striscia-5-loghi.png\",\"width\":1177,\"height\":228,\"caption\":\"GAL Prealpi e Dolomiti\"},\"image\":{\"@id\":\"https:\/\/galprealpidolomiti.it\/#\/schema\/logo\/image\/\"}}]}<\/script>\n<!-- \/ Yoast SEO plugin. -->","yoast_head_json":{"title":"Vivere in un piccolissimo villaggio agricolo, oggi - GAL Prealpi e Dolomiti","robots":{"index":"index","follow":"follow","max-snippet":"max-snippet:-1","max-image-preview":"max-image-preview:large","max-video-preview":"max-video-preview:-1"},"canonical":"https:\/\/galprealpidolomiti.it\/facciamolo-noi\/i-post\/vivere-un-piccolissimo-villaggio-agricolo-oggi\/","og_locale":"it_IT","og_type":"article","og_title":"Vivere in un piccolissimo villaggio agricolo, oggi - GAL Prealpi e Dolomiti","og_description":"Per una settimana intera, d&#8217;estate, Francesco e Francesca hanno pelato cipolle e pressato pomodori di fronte a casa, in un gazebo montato per l&#8217;occasione. Settanta chili di cipolle tropea per sei quintali di conserva: l&#8217;odore di buono ha aleggiato tra le case del borgo di Grum per diversi giorni, anche con la conserva ormai imbottigliata[.....]","og_url":"https:\/\/galprealpidolomiti.it\/facciamolo-noi\/i-post\/vivere-un-piccolissimo-villaggio-agricolo-oggi\/","og_site_name":"GAL Prealpi e Dolomiti","article_modified_time":"2017-04-27T10:09:34+00:00","twitter_card":"summary_large_image","twitter_misc":{"Tempo di lettura stimato":"3 minuti"},"schema":{"@context":"https:\/\/schema.org","@graph":[{"@type":"WebPage","@id":"https:\/\/galprealpidolomiti.it\/facciamolo-noi\/i-post\/vivere-un-piccolissimo-villaggio-agricolo-oggi\/","url":"https:\/\/galprealpidolomiti.it\/facciamolo-noi\/i-post\/vivere-un-piccolissimo-villaggio-agricolo-oggi\/","name":"Vivere in un piccolissimo villaggio agricolo, oggi - GAL Prealpi e Dolomiti","isPartOf":{"@id":"https:\/\/galprealpidolomiti.it\/#website"},"datePublished":"2017-04-26T08:23:27+00:00","dateModified":"2017-04-27T10:09:34+00:00","breadcrumb":{"@id":"https:\/\/galprealpidolomiti.it\/facciamolo-noi\/i-post\/vivere-un-piccolissimo-villaggio-agricolo-oggi\/#breadcrumb"},"inLanguage":"it-IT","potentialAction":[{"@type":"ReadAction","target":["https:\/\/galprealpidolomiti.it\/facciamolo-noi\/i-post\/vivere-un-piccolissimo-villaggio-agricolo-oggi\/"]}]},{"@type":"BreadcrumbList","@id":"https:\/\/galprealpidolomiti.it\/facciamolo-noi\/i-post\/vivere-un-piccolissimo-villaggio-agricolo-oggi\/#breadcrumb","itemListElement":[{"@type":"ListItem","position":1,"name":"Home","item":"https:\/\/galprealpidolomiti.it\/"},{"@type":"ListItem","position":2,"name":"Facciamolo noi 2007-2013","item":"https:\/\/galprealpidolomiti.it\/facciamolo-noi\/"},{"@type":"ListItem","position":3,"name":"I Post","item":"https:\/\/galprealpidolomiti.it\/facciamolo-noi\/i-post\/"},{"@type":"ListItem","position":4,"name":"Vivere in un piccolissimo villaggio agricolo, oggi"}]},{"@type":"WebSite","@id":"https:\/\/galprealpidolomiti.it\/#website","url":"https:\/\/galprealpidolomiti.it\/","name":"GAL Prealpi e Dolomiti","description":"Gruppo di Azione Locale","publisher":{"@id":"https:\/\/galprealpidolomiti.it\/#organization"},"potentialAction":[{"@type":"SearchAction","target":{"@type":"EntryPoint","urlTemplate":"https:\/\/galprealpidolomiti.it\/?s={search_term_string}"},"query-input":{"@type":"PropertyValueSpecification","valueRequired":true,"valueName":"search_term_string"}}],"inLanguage":"it-IT"},{"@type":"Organization","@id":"https:\/\/galprealpidolomiti.it\/#organization","name":"GAL Prealpi e Dolomiti","url":"https:\/\/galprealpidolomiti.it\/","logo":{"@type":"ImageObject","inLanguage":"it-IT","@id":"https:\/\/galprealpidolomiti.it\/#\/schema\/logo\/image\/","url":"https:\/\/www.galprealpidolomiti.it\/old\/wp-content\/uploads\/2020\/03\/striscia-5-loghi.png","contentUrl":"https:\/\/www.galprealpidolomiti.it\/old\/wp-content\/uploads\/2020\/03\/striscia-5-loghi.png","width":1177,"height":228,"caption":"GAL Prealpi e Dolomiti"},"image":{"@id":"https:\/\/galprealpidolomiti.it\/#\/schema\/logo\/image\/"}}]}},"_links":{"self":[{"href":"https:\/\/www.galprealpidolomiti.it\/old\/wp-json\/wp\/v2\/pages\/2483","targetHints":{"allow":["GET"]}}],"collection":[{"href":"https:\/\/www.galprealpidolomiti.it\/old\/wp-json\/wp\/v2\/pages"}],"about":[{"href":"https:\/\/www.galprealpidolomiti.it\/old\/wp-json\/wp\/v2\/types\/page"}],"author":[{"embeddable":true,"href":"https:\/\/www.galprealpidolomiti.it\/old\/wp-json\/wp\/v2\/users\/3"}],"replies":[{"embeddable":true,"href":"https:\/\/www.galprealpidolomiti.it\/old\/wp-json\/wp\/v2\/comments?post=2483"}],"version-history":[{"count":0,"href":"https:\/\/www.galprealpidolomiti.it\/old\/wp-json\/wp\/v2\/pages\/2483\/revisions"}],"up":[{"embeddable":true,"href":"https:\/\/www.galprealpidolomiti.it\/old\/wp-json\/wp\/v2\/pages\/2067"}],"wp:attachment":[{"href":"https:\/\/www.galprealpidolomiti.it\/old\/wp-json\/wp\/v2\/media?parent=2483"}],"wp:term":[{"taxonomy":"category","embeddable":true,"href":"https:\/\/www.galprealpidolomiti.it\/old\/wp-json\/wp\/v2\/categories?post=2483"},{"taxonomy":"post_tag","embeddable":true,"href":"https:\/\/www.galprealpidolomiti.it\/old\/wp-json\/wp\/v2\/tags?post=2483"}],"curies":[{"name":"wp","href":"https:\/\/api.w.org\/{rel}","templated":true}]}}