{"id":2473,"date":"2017-04-26T10:05:50","date_gmt":"2017-04-26T08:05:50","guid":{"rendered":"https:\/\/galprealpidolomiti.it\/?page_id=2473"},"modified":"2017-04-26T16:28:47","modified_gmt":"2017-04-26T14:28:47","slug":"venezia-ai-piedi-delle-dolomiti-le-ville-della-val-belluna","status":"publish","type":"page","link":"https:\/\/www.galprealpidolomiti.it\/old\/facciamolo-noi\/i-post\/venezia-ai-piedi-delle-dolomiti-le-ville-della-val-belluna\/","title":{"rendered":"Venezia ai piedi delle Dolomiti: le ville della Val Belluna"},"content":{"rendered":"\t\t<div data-elementor-type=\"wp-post\" data-elementor-id=\"2473\" class=\"elementor elementor-2473 elementor-bc-flex-widget\" data-elementor-post-type=\"page\">\n\t\t\t\t\t\t<section class=\"elementor-section elementor-top-section elementor-element elementor-element-inttkps elementor-section-boxed elementor-section-height-default elementor-section-height-default\" data-id=\"inttkps\" data-element_type=\"section\" data-settings=\"{&quot;jet_parallax_layout_list&quot;:[]}\">\n\t\t\t\t\t\t<div class=\"elementor-container elementor-column-gap-default\">\n\t\t\t\t\t<div class=\"elementor-column elementor-col-100 elementor-top-column elementor-element elementor-element-niouxnl\" data-id=\"niouxnl\" data-element_type=\"column\">\n\t\t\t<div class=\"elementor-widget-wrap elementor-element-populated\">\n\t\t\t\t\t\t<div class=\"elementor-element elementor-element-utxtqcg elementor-widget elementor-widget-image\" data-id=\"utxtqcg\" data-element_type=\"widget\" data-widget_type=\"image.default\">\n\t\t\t\t<div class=\"elementor-widget-container\">\n\t\t\t\t\t\t\t\t\t\t\t\t\t<img decoding=\"async\" src=\"https:\/\/www.galprealpidolomiti.it\/old\/wp-content\/uploads\/elementor\/thumbs\/Villa-Sandi-Zasso-nl36whdzqwgw033jf8oyo19ue822g8cudm0sadrdwo.jpg\" title=\"Villa-Sandi-Zasso\" alt=\"Villa-Sandi-Zasso\" loading=\"lazy\" \/>\t\t\t\t\t\t\t\t\t\t\t\t\t<\/div>\n\t\t\t\t<\/div>\n\t\t\t\t<div class=\"elementor-element elementor-element-zospkzw elementor-widget elementor-widget-text-editor\" data-id=\"zospkzw\" data-element_type=\"widget\" data-widget_type=\"text-editor.default\">\n\t\t\t\t<div class=\"elementor-widget-container\">\n\t\t\t\t\t\t\t<em>Non c&#8217;\u00e8 dubbio, l&#8217;impronta inconfondibile di Venezia \u00e8 stampata su quelle facciate: l&#8217;infallibilit\u00e0 di gusto, lo chic, la grazia, la superiore eleganza, la \u201cmaniera\u201d, anche. Pure se i modi architettonici sono sviati o alterati, c&#8217;\u00e8 l&#8217;identico ritmo, la medesima aspirazione di serenit\u00e0 e di letizia, il segno di un&#8217;uguale concezione di vita.<\/em>\r\n<em> Ma dietro non c&#8217;\u00e8 il libero cielo della pianura&#8230; n\u00e9 vi si aprono dinanzi placide distese di prati e giardini, n\u00e9 all&#8217;orizzonte si perdono geometriche orizzontali prospettive dei carpini o bossi, schierati come guardie d&#8217;onore il giorno dell&#8217;incoronazione. Dietro il cielo non \u00e8 sgombro e disponibile al lento andirivieni delle nubi. Ma incombono le montagne taciturne. Il bianco sorriso delle ville \u00e8 incorniciato e sovrastato da ermetici e solenni profili, da scenografie di rupi e valloni. L&#8217;ultima onda della Serenissima si rompe e muore ai piedi delle misteriose cattedrali del nord.<\/em>\r\n\r\nDino Buzzati, prefazione a \u201cVille e case domenicali della Val Belluna\u201d di Adriano Alpago Novello\r\n\r\nVenezia che arriva ai piedi delle Dolomiti. L&#8217;immagine buzzatiana non \u00e8 solo estetica, ma sostanziale: molte delle ville bellunesi furono edificate ispirandosi alle forme architettoniche delle residenze di nobili e ricchi mercanti veneziani, che spesso investivano parte dei loro fruttuosi commerci in possedimenti e splendide abitazioni in terraferma.\r\nLe ville furono strumento di colonizzazione e riorganizzazione della campagna bellunese: razionalizzarono le funzioni agricole del territorio, introdussero innovazioni agrarie oltre che architettoniche e urbanistiche, migliorarono la viabilit\u00e0, portarono elementi di arte civile (a volte davvero notevoli) anche fuori dai centri urbani.\r\n\r\nLe ville del Bellunese sono una ricchezza del territorio. Anche oggi.\r\nLa loro manutenzione, per\u00f2, \u00e8 complessa e costosa \u2013 generalmente si realizza grazie a partnership tra pubblico e privato.\r\nLa conservazione delle tante ville sparse in Val Belluna irrobustisce il prodotto turistico locale: una villa pu\u00f2 diventare bed&amp;breakfast, spazio per mostre ed eventi, museo, agriturismo, giardino visitabile, tappa di rilevanza artistico architettonica che arricchisce percorsi altrimenti solo naturalistici&#8230;\t\t\t\t\t\t<\/div>\n\t\t\t\t<\/div>\n\t\t\t\t\t<\/div>\n\t\t<\/div>\n\t\t\t\t\t<\/div>\n\t\t<\/section>\n\t\t\t\t<\/div>\n\t\t","protected":false},"excerpt":{"rendered":"<p>Non c&#8217;\u00e8 dubbio, l&#8217;impronta inconfondibile di Venezia \u00e8 stampata su quelle facciate: l&#8217;infallibilit\u00e0 di gusto, lo chic, la grazia, la superiore eleganza, la \u201cmaniera\u201d, anche. Pure se i modi architettonici sono sviati o alterati, c&#8217;\u00e8 l&#8217;identico ritmo, la medesima aspirazione di serenit\u00e0 e di letizia, il segno di un&#8217;uguale concezione di vita. Ma dietro non[&#8230;..]<\/p>\n","protected":false},"author":3,"featured_media":0,"parent":2067,"menu_order":0,"comment_status":"closed","ping_status":"closed","template":"page-template-sidebar.php","meta":{"footnotes":""},"categories":[],"tags":[],"class_list":["post-2473","page","type-page","status-publish","hentry"],"yoast_head":"<!-- This site is optimized with the Yoast SEO plugin v25.7 - https:\/\/yoast.com\/wordpress\/plugins\/seo\/ -->\n<title>Venezia ai piedi delle Dolomiti: le ville della Val Belluna - GAL Prealpi e Dolomiti<\/title>\n<meta name=\"robots\" content=\"index, follow, max-snippet:-1, max-image-preview:large, max-video-preview:-1\" \/>\n<link rel=\"canonical\" href=\"https:\/\/galprealpidolomiti.it\/facciamolo-noi\/i-post\/venezia-ai-piedi-delle-dolomiti-le-ville-della-val-belluna\/\" \/>\n<meta property=\"og:locale\" content=\"it_IT\" \/>\n<meta property=\"og:type\" content=\"article\" \/>\n<meta property=\"og:title\" content=\"Venezia ai piedi delle Dolomiti: le ville della Val Belluna - GAL Prealpi e Dolomiti\" \/>\n<meta property=\"og:description\" content=\"Non c&#8217;\u00e8 dubbio, l&#8217;impronta inconfondibile di Venezia \u00e8 stampata su quelle facciate: l&#8217;infallibilit\u00e0 di gusto, lo chic, la grazia, la superiore eleganza, la \u201cmaniera\u201d, anche. Pure se i modi architettonici sono sviati o alterati, c&#8217;\u00e8 l&#8217;identico ritmo, la medesima aspirazione di serenit\u00e0 e di letizia, il segno di un&#8217;uguale concezione di vita. Ma dietro non[.....]\" \/>\n<meta property=\"og:url\" content=\"https:\/\/galprealpidolomiti.it\/facciamolo-noi\/i-post\/venezia-ai-piedi-delle-dolomiti-le-ville-della-val-belluna\/\" \/>\n<meta property=\"og:site_name\" content=\"GAL Prealpi e Dolomiti\" \/>\n<meta property=\"article:modified_time\" content=\"2017-04-26T14:28:47+00:00\" \/>\n<meta property=\"og:image\" content=\"https:\/\/galprealpidolomiti.it\/wp-content\/uploads\/elementor\/thumbs\/Villa-Sandi-Zasso-n7n7h2qvapj58b55dbt5o82lrcyy32ie2zseubt8o8.jpg\" \/>\n<meta name=\"twitter:card\" content=\"summary_large_image\" \/>\n<meta name=\"twitter:label1\" content=\"Tempo di lettura stimato\" \/>\n\t<meta name=\"twitter:data1\" content=\"2 minuti\" \/>\n<script type=\"application\/ld+json\" class=\"yoast-schema-graph\">{\"@context\":\"https:\/\/schema.org\",\"@graph\":[{\"@type\":\"WebPage\",\"@id\":\"https:\/\/galprealpidolomiti.it\/facciamolo-noi\/i-post\/venezia-ai-piedi-delle-dolomiti-le-ville-della-val-belluna\/\",\"url\":\"https:\/\/galprealpidolomiti.it\/facciamolo-noi\/i-post\/venezia-ai-piedi-delle-dolomiti-le-ville-della-val-belluna\/\",\"name\":\"Venezia ai piedi delle Dolomiti: le ville della Val Belluna - GAL Prealpi e Dolomiti\",\"isPartOf\":{\"@id\":\"https:\/\/galprealpidolomiti.it\/#website\"},\"primaryImageOfPage\":{\"@id\":\"https:\/\/galprealpidolomiti.it\/facciamolo-noi\/i-post\/venezia-ai-piedi-delle-dolomiti-le-ville-della-val-belluna\/#primaryimage\"},\"image\":{\"@id\":\"https:\/\/galprealpidolomiti.it\/facciamolo-noi\/i-post\/venezia-ai-piedi-delle-dolomiti-le-ville-della-val-belluna\/#primaryimage\"},\"thumbnailUrl\":\"https:\/\/galprealpidolomiti.it\/wp-content\/uploads\/elementor\/thumbs\/Villa-Sandi-Zasso-n7n7h2qvapj58b55dbt5o82lrcyy32ie2zseubt8o8.jpg\",\"datePublished\":\"2017-04-26T08:05:50+00:00\",\"dateModified\":\"2017-04-26T14:28:47+00:00\",\"breadcrumb\":{\"@id\":\"https:\/\/galprealpidolomiti.it\/facciamolo-noi\/i-post\/venezia-ai-piedi-delle-dolomiti-le-ville-della-val-belluna\/#breadcrumb\"},\"inLanguage\":\"it-IT\",\"potentialAction\":[{\"@type\":\"ReadAction\",\"target\":[\"https:\/\/galprealpidolomiti.it\/facciamolo-noi\/i-post\/venezia-ai-piedi-delle-dolomiti-le-ville-della-val-belluna\/\"]}]},{\"@type\":\"ImageObject\",\"inLanguage\":\"it-IT\",\"@id\":\"https:\/\/galprealpidolomiti.it\/facciamolo-noi\/i-post\/venezia-ai-piedi-delle-dolomiti-le-ville-della-val-belluna\/#primaryimage\",\"url\":\"https:\/\/galprealpidolomiti.it\/wp-content\/uploads\/elementor\/thumbs\/Villa-Sandi-Zasso-n7n7h2qvapj58b55dbt5o82lrcyy32ie2zseubt8o8.jpg\",\"contentUrl\":\"https:\/\/galprealpidolomiti.it\/wp-content\/uploads\/elementor\/thumbs\/Villa-Sandi-Zasso-n7n7h2qvapj58b55dbt5o82lrcyy32ie2zseubt8o8.jpg\"},{\"@type\":\"BreadcrumbList\",\"@id\":\"https:\/\/galprealpidolomiti.it\/facciamolo-noi\/i-post\/venezia-ai-piedi-delle-dolomiti-le-ville-della-val-belluna\/#breadcrumb\",\"itemListElement\":[{\"@type\":\"ListItem\",\"position\":1,\"name\":\"Home\",\"item\":\"https:\/\/galprealpidolomiti.it\/\"},{\"@type\":\"ListItem\",\"position\":2,\"name\":\"Facciamolo noi 2007-2013\",\"item\":\"https:\/\/galprealpidolomiti.it\/facciamolo-noi\/\"},{\"@type\":\"ListItem\",\"position\":3,\"name\":\"I Post\",\"item\":\"https:\/\/galprealpidolomiti.it\/facciamolo-noi\/i-post\/\"},{\"@type\":\"ListItem\",\"position\":4,\"name\":\"Venezia ai piedi delle Dolomiti: le ville della Val Belluna\"}]},{\"@type\":\"WebSite\",\"@id\":\"https:\/\/galprealpidolomiti.it\/#website\",\"url\":\"https:\/\/galprealpidolomiti.it\/\",\"name\":\"GAL Prealpi e Dolomiti\",\"description\":\"Gruppo di Azione Locale\",\"publisher\":{\"@id\":\"https:\/\/galprealpidolomiti.it\/#organization\"},\"potentialAction\":[{\"@type\":\"SearchAction\",\"target\":{\"@type\":\"EntryPoint\",\"urlTemplate\":\"https:\/\/galprealpidolomiti.it\/?s={search_term_string}\"},\"query-input\":{\"@type\":\"PropertyValueSpecification\",\"valueRequired\":true,\"valueName\":\"search_term_string\"}}],\"inLanguage\":\"it-IT\"},{\"@type\":\"Organization\",\"@id\":\"https:\/\/galprealpidolomiti.it\/#organization\",\"name\":\"GAL Prealpi e Dolomiti\",\"url\":\"https:\/\/galprealpidolomiti.it\/\",\"logo\":{\"@type\":\"ImageObject\",\"inLanguage\":\"it-IT\",\"@id\":\"https:\/\/galprealpidolomiti.it\/#\/schema\/logo\/image\/\",\"url\":\"https:\/\/www.galprealpidolomiti.it\/old\/wp-content\/uploads\/2020\/03\/striscia-5-loghi.png\",\"contentUrl\":\"https:\/\/www.galprealpidolomiti.it\/old\/wp-content\/uploads\/2020\/03\/striscia-5-loghi.png\",\"width\":1177,\"height\":228,\"caption\":\"GAL Prealpi e Dolomiti\"},\"image\":{\"@id\":\"https:\/\/galprealpidolomiti.it\/#\/schema\/logo\/image\/\"}}]}<\/script>\n<!-- \/ Yoast SEO plugin. -->","yoast_head_json":{"title":"Venezia ai piedi delle Dolomiti: le ville della Val Belluna - GAL Prealpi e Dolomiti","robots":{"index":"index","follow":"follow","max-snippet":"max-snippet:-1","max-image-preview":"max-image-preview:large","max-video-preview":"max-video-preview:-1"},"canonical":"https:\/\/galprealpidolomiti.it\/facciamolo-noi\/i-post\/venezia-ai-piedi-delle-dolomiti-le-ville-della-val-belluna\/","og_locale":"it_IT","og_type":"article","og_title":"Venezia ai piedi delle Dolomiti: le ville della Val Belluna - GAL Prealpi e Dolomiti","og_description":"Non c&#8217;\u00e8 dubbio, l&#8217;impronta inconfondibile di Venezia \u00e8 stampata su quelle facciate: l&#8217;infallibilit\u00e0 di gusto, lo chic, la grazia, la superiore eleganza, la \u201cmaniera\u201d, anche. Pure se i modi architettonici sono sviati o alterati, c&#8217;\u00e8 l&#8217;identico ritmo, la medesima aspirazione di serenit\u00e0 e di letizia, il segno di un&#8217;uguale concezione di vita. Ma dietro non[.....]","og_url":"https:\/\/galprealpidolomiti.it\/facciamolo-noi\/i-post\/venezia-ai-piedi-delle-dolomiti-le-ville-della-val-belluna\/","og_site_name":"GAL Prealpi e Dolomiti","article_modified_time":"2017-04-26T14:28:47+00:00","og_image":[{"url":"https:\/\/galprealpidolomiti.it\/wp-content\/uploads\/elementor\/thumbs\/Villa-Sandi-Zasso-n7n7h2qvapj58b55dbt5o82lrcyy32ie2zseubt8o8.jpg","type":"","width":"","height":""}],"twitter_card":"summary_large_image","twitter_misc":{"Tempo di lettura stimato":"2 minuti"},"schema":{"@context":"https:\/\/schema.org","@graph":[{"@type":"WebPage","@id":"https:\/\/galprealpidolomiti.it\/facciamolo-noi\/i-post\/venezia-ai-piedi-delle-dolomiti-le-ville-della-val-belluna\/","url":"https:\/\/galprealpidolomiti.it\/facciamolo-noi\/i-post\/venezia-ai-piedi-delle-dolomiti-le-ville-della-val-belluna\/","name":"Venezia ai piedi delle Dolomiti: le ville della Val Belluna - GAL Prealpi e Dolomiti","isPartOf":{"@id":"https:\/\/galprealpidolomiti.it\/#website"},"primaryImageOfPage":{"@id":"https:\/\/galprealpidolomiti.it\/facciamolo-noi\/i-post\/venezia-ai-piedi-delle-dolomiti-le-ville-della-val-belluna\/#primaryimage"},"image":{"@id":"https:\/\/galprealpidolomiti.it\/facciamolo-noi\/i-post\/venezia-ai-piedi-delle-dolomiti-le-ville-della-val-belluna\/#primaryimage"},"thumbnailUrl":"https:\/\/galprealpidolomiti.it\/wp-content\/uploads\/elementor\/thumbs\/Villa-Sandi-Zasso-n7n7h2qvapj58b55dbt5o82lrcyy32ie2zseubt8o8.jpg","datePublished":"2017-04-26T08:05:50+00:00","dateModified":"2017-04-26T14:28:47+00:00","breadcrumb":{"@id":"https:\/\/galprealpidolomiti.it\/facciamolo-noi\/i-post\/venezia-ai-piedi-delle-dolomiti-le-ville-della-val-belluna\/#breadcrumb"},"inLanguage":"it-IT","potentialAction":[{"@type":"ReadAction","target":["https:\/\/galprealpidolomiti.it\/facciamolo-noi\/i-post\/venezia-ai-piedi-delle-dolomiti-le-ville-della-val-belluna\/"]}]},{"@type":"ImageObject","inLanguage":"it-IT","@id":"https:\/\/galprealpidolomiti.it\/facciamolo-noi\/i-post\/venezia-ai-piedi-delle-dolomiti-le-ville-della-val-belluna\/#primaryimage","url":"https:\/\/galprealpidolomiti.it\/wp-content\/uploads\/elementor\/thumbs\/Villa-Sandi-Zasso-n7n7h2qvapj58b55dbt5o82lrcyy32ie2zseubt8o8.jpg","contentUrl":"https:\/\/galprealpidolomiti.it\/wp-content\/uploads\/elementor\/thumbs\/Villa-Sandi-Zasso-n7n7h2qvapj58b55dbt5o82lrcyy32ie2zseubt8o8.jpg"},{"@type":"BreadcrumbList","@id":"https:\/\/galprealpidolomiti.it\/facciamolo-noi\/i-post\/venezia-ai-piedi-delle-dolomiti-le-ville-della-val-belluna\/#breadcrumb","itemListElement":[{"@type":"ListItem","position":1,"name":"Home","item":"https:\/\/galprealpidolomiti.it\/"},{"@type":"ListItem","position":2,"name":"Facciamolo noi 2007-2013","item":"https:\/\/galprealpidolomiti.it\/facciamolo-noi\/"},{"@type":"ListItem","position":3,"name":"I Post","item":"https:\/\/galprealpidolomiti.it\/facciamolo-noi\/i-post\/"},{"@type":"ListItem","position":4,"name":"Venezia ai piedi delle Dolomiti: le ville della Val Belluna"}]},{"@type":"WebSite","@id":"https:\/\/galprealpidolomiti.it\/#website","url":"https:\/\/galprealpidolomiti.it\/","name":"GAL Prealpi e Dolomiti","description":"Gruppo di Azione Locale","publisher":{"@id":"https:\/\/galprealpidolomiti.it\/#organization"},"potentialAction":[{"@type":"SearchAction","target":{"@type":"EntryPoint","urlTemplate":"https:\/\/galprealpidolomiti.it\/?s={search_term_string}"},"query-input":{"@type":"PropertyValueSpecification","valueRequired":true,"valueName":"search_term_string"}}],"inLanguage":"it-IT"},{"@type":"Organization","@id":"https:\/\/galprealpidolomiti.it\/#organization","name":"GAL Prealpi e Dolomiti","url":"https:\/\/galprealpidolomiti.it\/","logo":{"@type":"ImageObject","inLanguage":"it-IT","@id":"https:\/\/galprealpidolomiti.it\/#\/schema\/logo\/image\/","url":"https:\/\/www.galprealpidolomiti.it\/old\/wp-content\/uploads\/2020\/03\/striscia-5-loghi.png","contentUrl":"https:\/\/www.galprealpidolomiti.it\/old\/wp-content\/uploads\/2020\/03\/striscia-5-loghi.png","width":1177,"height":228,"caption":"GAL Prealpi e Dolomiti"},"image":{"@id":"https:\/\/galprealpidolomiti.it\/#\/schema\/logo\/image\/"}}]}},"_links":{"self":[{"href":"https:\/\/www.galprealpidolomiti.it\/old\/wp-json\/wp\/v2\/pages\/2473","targetHints":{"allow":["GET"]}}],"collection":[{"href":"https:\/\/www.galprealpidolomiti.it\/old\/wp-json\/wp\/v2\/pages"}],"about":[{"href":"https:\/\/www.galprealpidolomiti.it\/old\/wp-json\/wp\/v2\/types\/page"}],"author":[{"embeddable":true,"href":"https:\/\/www.galprealpidolomiti.it\/old\/wp-json\/wp\/v2\/users\/3"}],"replies":[{"embeddable":true,"href":"https:\/\/www.galprealpidolomiti.it\/old\/wp-json\/wp\/v2\/comments?post=2473"}],"version-history":[{"count":0,"href":"https:\/\/www.galprealpidolomiti.it\/old\/wp-json\/wp\/v2\/pages\/2473\/revisions"}],"up":[{"embeddable":true,"href":"https:\/\/www.galprealpidolomiti.it\/old\/wp-json\/wp\/v2\/pages\/2067"}],"wp:attachment":[{"href":"https:\/\/www.galprealpidolomiti.it\/old\/wp-json\/wp\/v2\/media?parent=2473"}],"wp:term":[{"taxonomy":"category","embeddable":true,"href":"https:\/\/www.galprealpidolomiti.it\/old\/wp-json\/wp\/v2\/categories?post=2473"},{"taxonomy":"post_tag","embeddable":true,"href":"https:\/\/www.galprealpidolomiti.it\/old\/wp-json\/wp\/v2\/tags?post=2473"}],"curies":[{"name":"wp","href":"https:\/\/api.w.org\/{rel}","templated":true}]}}