{"id":2468,"date":"2017-04-26T09:57:21","date_gmt":"2017-04-26T07:57:21","guid":{"rendered":"https:\/\/galprealpidolomiti.it\/?page_id=2468"},"modified":"2017-04-27T12:10:03","modified_gmt":"2017-04-27T10:10:03","slug":"passeggiata-devota-vespilloni-pettirossi-giganti","status":"publish","type":"page","link":"https:\/\/www.galprealpidolomiti.it\/old\/facciamolo-noi\/i-post\/passeggiata-devota-vespilloni-pettirossi-giganti\/","title":{"rendered":"Una passeggiata devota tra Vespilloni e pettirossi giganti"},"content":{"rendered":"\t\t<div data-elementor-type=\"wp-post\" data-elementor-id=\"2468\" class=\"elementor elementor-2468 elementor-bc-flex-widget\" data-elementor-post-type=\"page\">\n\t\t\t\t\t\t<section class=\"elementor-section elementor-top-section elementor-element elementor-element-lncpyoo elementor-section-boxed elementor-section-height-default elementor-section-height-default\" data-id=\"lncpyoo\" data-element_type=\"section\" data-settings=\"{&quot;jet_parallax_layout_list&quot;:[]}\">\n\t\t\t\t\t\t<div class=\"elementor-container elementor-column-gap-default\">\n\t\t\t\t\t<div class=\"elementor-column elementor-col-100 elementor-top-column elementor-element elementor-element-fkbpfxi\" data-id=\"fkbpfxi\" data-element_type=\"column\">\n\t\t\t<div class=\"elementor-widget-wrap elementor-element-populated\">\n\t\t\t\t\t\t<div class=\"elementor-element elementor-element-hdliahd elementor-widget elementor-widget-image\" data-id=\"hdliahd\" data-element_type=\"widget\" data-widget_type=\"image.default\">\n\t\t\t\t<div class=\"elementor-widget-container\">\n\t\t\t\t\t\t\t\t\t\t\t\t\t<img decoding=\"async\" src=\"https:\/\/www.galprealpidolomiti.it\/old\/wp-content\/uploads\/elementor\/thumbs\/buzzati-i-miracoli-di-val-morel-garzanti-nl3706v2pdjlsppnrudzi3laqxs6t92q7ynqfo9hd4.jpg\" title=\"buzzati-i-miracoli-di-val-morel-garzanti\" alt=\"buzzati-i-miracoli-di-val-morel-garzanti\" loading=\"lazy\" \/>\t\t\t\t\t\t\t\t\t\t\t\t\t<\/div>\n\t\t\t\t<\/div>\n\t\t\t\t<div class=\"elementor-element elementor-element-pwligvi elementor-widget elementor-widget-text-editor\" data-id=\"pwligvi\" data-element_type=\"widget\" data-widget_type=\"text-editor.default\">\n\t\t\t\t<div class=\"elementor-widget-container\">\n\t\t\t\t\t\t\tFanno probabilmente parte del paesaggio famigliare, tanto che spesso non ci si fa caso, ma gli ex-voto che arricchiscono alcune vecchie chiesette sono uno dei piccoli tesori del Bellunese. Si tratta di scenette dipinte da mani spesso incerte, comunque un po&#8217; na\u00eff, con storie accennate di tragedie sfiorate e devoti ringraziamenti al santo di turno: il naufragio dello zattiere lungo la Piave, l&#8217;incontro con l&#8217;orso, l&#8217;incidente con il trattore\u2026 \r\nAd Anz\u00f9 di Feltre, ad esempio, presso il chiostro del santuario dei santi Vittore e Corona, c&#8217;\u00e8 un intero ciclo di ex-voto storico religiosi nel quale perdersi e fantasticare di antiche battaglie, avventure piratesche, assedi e miracolosi capovolgimenti della sorte. \r\n\r\nA un certo punto della sua vita Dino Buzzati, bellunese, decise di scrivere una raccolta di ex-voto. Ovviamente, trattandosi di Dino Buzzati, il libro \u2013 il suo ultimo, I miracoli di Val Morel \u2013 \u00e8 una costruzione insieme verosimile e surreale. I miracoli per cui i committenti degli ex-voto ringraziano santa Rita da Cascia sono deliranti, come lo scampato assalto del Gatto mammone, la storia a lieto fine dell&#8217;incrociatore sul Golfo Persico, salvato dal Serpenton del mare, o quella del capitano Simone Lak, assalito ma sopravvissuto al Gran Colombre.\r\nTrattandosi di Dino Buzzati, le immagini sono splendide, e a rivederle tornano in mente poster o quadri intravisti da bambini a casa di questo o quell&#8217;amico\u2026\r\n\r\nBuzzati non ha scelto casualmente la santa a cui dedicare tutti i suoi ex-voto immaginari: dalla casa natale dello scrittore di Belluno, che spicca rossa su un prato di fronte alla Schiara, parte un sentiero che sale dolce tra boschi di faggi e castagni fino a Valmorel, ed \u00e8 disseminato di capitelli dipinti in onore di Santa Rita da Cascia. La via crucis venne realizzata a met\u00e0 Ottocento, e c&#8217;\u00e8 ancora: l&#8217;immagine della santa contenuta nell&#8217;ultimo capitello \u00e8 una riproduzione di un&#8217;opera dello stesso Buzzati. \r\n\r\nLa passeggiata \u00e8 piacevole, tra scorci panoramici e insediamenti antichi, e vale la pena farla con I miracoli di Val Morel a portata di mano. Di capitello in capitello, di racconto in racconto, ci si perder\u00e0 nelle storie un po&#8217; folli di Angelo Dal Pont, tipografo di Polpet tormentato dalle formiche mentali, del vecchio marchese Ermanno Seborga, cacciatore di rinoceronti, del Vecchio della montagna, terrore della Val Lucano&#8230;\r\n\t\t\t\t\t\t<\/div>\n\t\t\t\t<\/div>\n\t\t\t\t\t<\/div>\n\t\t<\/div>\n\t\t\t\t\t<\/div>\n\t\t<\/section>\n\t\t\t\t<\/div>\n\t\t","protected":false},"excerpt":{"rendered":"<p>Fanno probabilmente parte del paesaggio famigliare, tanto che spesso non ci si fa caso, ma gli ex-voto che arricchiscono alcune vecchie chiesette sono uno dei piccoli tesori del Bellunese. Si tratta di scenette dipinte da mani spesso incerte, comunque un po&#8217; na\u00eff, con storie accennate di tragedie sfiorate e devoti ringraziamenti al santo di turno:[&#8230;..]<\/p>\n","protected":false},"author":3,"featured_media":0,"parent":2067,"menu_order":3,"comment_status":"closed","ping_status":"closed","template":"page-template-sidebar.php","meta":{"footnotes":""},"categories":[],"tags":[],"class_list":["post-2468","page","type-page","status-publish","hentry"],"yoast_head":"<!-- This site is optimized with the Yoast SEO plugin v25.7 - https:\/\/yoast.com\/wordpress\/plugins\/seo\/ -->\n<title>Una passeggiata devota tra Vespilloni e pettirossi giganti - GAL Prealpi e Dolomiti<\/title>\n<meta name=\"robots\" content=\"index, follow, max-snippet:-1, max-image-preview:large, max-video-preview:-1\" \/>\n<link rel=\"canonical\" href=\"https:\/\/galprealpidolomiti.it\/facciamolo-noi\/i-post\/passeggiata-devota-vespilloni-pettirossi-giganti\/\" \/>\n<meta property=\"og:locale\" content=\"it_IT\" \/>\n<meta property=\"og:type\" content=\"article\" \/>\n<meta property=\"og:title\" content=\"Una passeggiata devota tra Vespilloni e pettirossi giganti - GAL Prealpi e Dolomiti\" \/>\n<meta property=\"og:description\" content=\"Fanno probabilmente parte del paesaggio famigliare, tanto che spesso non ci si fa caso, ma gli ex-voto che arricchiscono alcune vecchie chiesette sono uno dei piccoli tesori del Bellunese. Si tratta di scenette dipinte da mani spesso incerte, comunque un po&#8217; na\u00eff, con storie accennate di tragedie sfiorate e devoti ringraziamenti al santo di turno:[.....]\" \/>\n<meta property=\"og:url\" content=\"https:\/\/galprealpidolomiti.it\/facciamolo-noi\/i-post\/passeggiata-devota-vespilloni-pettirossi-giganti\/\" \/>\n<meta property=\"og:site_name\" content=\"GAL Prealpi e Dolomiti\" \/>\n<meta property=\"article:modified_time\" content=\"2017-04-27T10:10:03+00:00\" \/>\n<meta property=\"og:image\" content=\"https:\/\/galprealpidolomiti.it\/wp-content\/uploads\/elementor\/thumbs\/buzzati-i-miracoli-di-val-morel-garzanti-n7n7g3yu9u7jaqjo0erylyujs3qd69obm7ng338t2g.jpg\" \/>\n<meta name=\"twitter:card\" content=\"summary_large_image\" \/>\n<meta name=\"twitter:label1\" content=\"Tempo di lettura stimato\" \/>\n\t<meta name=\"twitter:data1\" content=\"2 minuti\" \/>\n<script type=\"application\/ld+json\" class=\"yoast-schema-graph\">{\"@context\":\"https:\/\/schema.org\",\"@graph\":[{\"@type\":\"WebPage\",\"@id\":\"https:\/\/galprealpidolomiti.it\/facciamolo-noi\/i-post\/passeggiata-devota-vespilloni-pettirossi-giganti\/\",\"url\":\"https:\/\/galprealpidolomiti.it\/facciamolo-noi\/i-post\/passeggiata-devota-vespilloni-pettirossi-giganti\/\",\"name\":\"Una passeggiata devota tra Vespilloni e pettirossi giganti - GAL Prealpi e Dolomiti\",\"isPartOf\":{\"@id\":\"https:\/\/galprealpidolomiti.it\/#website\"},\"primaryImageOfPage\":{\"@id\":\"https:\/\/galprealpidolomiti.it\/facciamolo-noi\/i-post\/passeggiata-devota-vespilloni-pettirossi-giganti\/#primaryimage\"},\"image\":{\"@id\":\"https:\/\/galprealpidolomiti.it\/facciamolo-noi\/i-post\/passeggiata-devota-vespilloni-pettirossi-giganti\/#primaryimage\"},\"thumbnailUrl\":\"https:\/\/galprealpidolomiti.it\/wp-content\/uploads\/elementor\/thumbs\/buzzati-i-miracoli-di-val-morel-garzanti-n7n7g3yu9u7jaqjo0erylyujs3qd69obm7ng338t2g.jpg\",\"datePublished\":\"2017-04-26T07:57:21+00:00\",\"dateModified\":\"2017-04-27T10:10:03+00:00\",\"breadcrumb\":{\"@id\":\"https:\/\/galprealpidolomiti.it\/facciamolo-noi\/i-post\/passeggiata-devota-vespilloni-pettirossi-giganti\/#breadcrumb\"},\"inLanguage\":\"it-IT\",\"potentialAction\":[{\"@type\":\"ReadAction\",\"target\":[\"https:\/\/galprealpidolomiti.it\/facciamolo-noi\/i-post\/passeggiata-devota-vespilloni-pettirossi-giganti\/\"]}]},{\"@type\":\"ImageObject\",\"inLanguage\":\"it-IT\",\"@id\":\"https:\/\/galprealpidolomiti.it\/facciamolo-noi\/i-post\/passeggiata-devota-vespilloni-pettirossi-giganti\/#primaryimage\",\"url\":\"https:\/\/galprealpidolomiti.it\/wp-content\/uploads\/elementor\/thumbs\/buzzati-i-miracoli-di-val-morel-garzanti-n7n7g3yu9u7jaqjo0erylyujs3qd69obm7ng338t2g.jpg\",\"contentUrl\":\"https:\/\/galprealpidolomiti.it\/wp-content\/uploads\/elementor\/thumbs\/buzzati-i-miracoli-di-val-morel-garzanti-n7n7g3yu9u7jaqjo0erylyujs3qd69obm7ng338t2g.jpg\"},{\"@type\":\"BreadcrumbList\",\"@id\":\"https:\/\/galprealpidolomiti.it\/facciamolo-noi\/i-post\/passeggiata-devota-vespilloni-pettirossi-giganti\/#breadcrumb\",\"itemListElement\":[{\"@type\":\"ListItem\",\"position\":1,\"name\":\"Home\",\"item\":\"https:\/\/galprealpidolomiti.it\/\"},{\"@type\":\"ListItem\",\"position\":2,\"name\":\"Facciamolo noi 2007-2013\",\"item\":\"https:\/\/galprealpidolomiti.it\/facciamolo-noi\/\"},{\"@type\":\"ListItem\",\"position\":3,\"name\":\"I Post\",\"item\":\"https:\/\/galprealpidolomiti.it\/facciamolo-noi\/i-post\/\"},{\"@type\":\"ListItem\",\"position\":4,\"name\":\"Una passeggiata devota tra Vespilloni e pettirossi giganti\"}]},{\"@type\":\"WebSite\",\"@id\":\"https:\/\/galprealpidolomiti.it\/#website\",\"url\":\"https:\/\/galprealpidolomiti.it\/\",\"name\":\"GAL Prealpi e Dolomiti\",\"description\":\"Gruppo di Azione Locale\",\"publisher\":{\"@id\":\"https:\/\/galprealpidolomiti.it\/#organization\"},\"potentialAction\":[{\"@type\":\"SearchAction\",\"target\":{\"@type\":\"EntryPoint\",\"urlTemplate\":\"https:\/\/galprealpidolomiti.it\/?s={search_term_string}\"},\"query-input\":{\"@type\":\"PropertyValueSpecification\",\"valueRequired\":true,\"valueName\":\"search_term_string\"}}],\"inLanguage\":\"it-IT\"},{\"@type\":\"Organization\",\"@id\":\"https:\/\/galprealpidolomiti.it\/#organization\",\"name\":\"GAL Prealpi e Dolomiti\",\"url\":\"https:\/\/galprealpidolomiti.it\/\",\"logo\":{\"@type\":\"ImageObject\",\"inLanguage\":\"it-IT\",\"@id\":\"https:\/\/galprealpidolomiti.it\/#\/schema\/logo\/image\/\",\"url\":\"https:\/\/www.galprealpidolomiti.it\/old\/wp-content\/uploads\/2020\/03\/striscia-5-loghi.png\",\"contentUrl\":\"https:\/\/www.galprealpidolomiti.it\/old\/wp-content\/uploads\/2020\/03\/striscia-5-loghi.png\",\"width\":1177,\"height\":228,\"caption\":\"GAL Prealpi e Dolomiti\"},\"image\":{\"@id\":\"https:\/\/galprealpidolomiti.it\/#\/schema\/logo\/image\/\"}}]}<\/script>\n<!-- \/ Yoast SEO plugin. -->","yoast_head_json":{"title":"Una passeggiata devota tra Vespilloni e pettirossi giganti - GAL Prealpi e Dolomiti","robots":{"index":"index","follow":"follow","max-snippet":"max-snippet:-1","max-image-preview":"max-image-preview:large","max-video-preview":"max-video-preview:-1"},"canonical":"https:\/\/galprealpidolomiti.it\/facciamolo-noi\/i-post\/passeggiata-devota-vespilloni-pettirossi-giganti\/","og_locale":"it_IT","og_type":"article","og_title":"Una passeggiata devota tra Vespilloni e pettirossi giganti - GAL Prealpi e Dolomiti","og_description":"Fanno probabilmente parte del paesaggio famigliare, tanto che spesso non ci si fa caso, ma gli ex-voto che arricchiscono alcune vecchie chiesette sono uno dei piccoli tesori del Bellunese. Si tratta di scenette dipinte da mani spesso incerte, comunque un po&#8217; na\u00eff, con storie accennate di tragedie sfiorate e devoti ringraziamenti al santo di turno:[.....]","og_url":"https:\/\/galprealpidolomiti.it\/facciamolo-noi\/i-post\/passeggiata-devota-vespilloni-pettirossi-giganti\/","og_site_name":"GAL Prealpi e Dolomiti","article_modified_time":"2017-04-27T10:10:03+00:00","og_image":[{"url":"https:\/\/galprealpidolomiti.it\/wp-content\/uploads\/elementor\/thumbs\/buzzati-i-miracoli-di-val-morel-garzanti-n7n7g3yu9u7jaqjo0erylyujs3qd69obm7ng338t2g.jpg","type":"","width":"","height":""}],"twitter_card":"summary_large_image","twitter_misc":{"Tempo di lettura stimato":"2 minuti"},"schema":{"@context":"https:\/\/schema.org","@graph":[{"@type":"WebPage","@id":"https:\/\/galprealpidolomiti.it\/facciamolo-noi\/i-post\/passeggiata-devota-vespilloni-pettirossi-giganti\/","url":"https:\/\/galprealpidolomiti.it\/facciamolo-noi\/i-post\/passeggiata-devota-vespilloni-pettirossi-giganti\/","name":"Una passeggiata devota tra Vespilloni e pettirossi giganti - GAL Prealpi e Dolomiti","isPartOf":{"@id":"https:\/\/galprealpidolomiti.it\/#website"},"primaryImageOfPage":{"@id":"https:\/\/galprealpidolomiti.it\/facciamolo-noi\/i-post\/passeggiata-devota-vespilloni-pettirossi-giganti\/#primaryimage"},"image":{"@id":"https:\/\/galprealpidolomiti.it\/facciamolo-noi\/i-post\/passeggiata-devota-vespilloni-pettirossi-giganti\/#primaryimage"},"thumbnailUrl":"https:\/\/galprealpidolomiti.it\/wp-content\/uploads\/elementor\/thumbs\/buzzati-i-miracoli-di-val-morel-garzanti-n7n7g3yu9u7jaqjo0erylyujs3qd69obm7ng338t2g.jpg","datePublished":"2017-04-26T07:57:21+00:00","dateModified":"2017-04-27T10:10:03+00:00","breadcrumb":{"@id":"https:\/\/galprealpidolomiti.it\/facciamolo-noi\/i-post\/passeggiata-devota-vespilloni-pettirossi-giganti\/#breadcrumb"},"inLanguage":"it-IT","potentialAction":[{"@type":"ReadAction","target":["https:\/\/galprealpidolomiti.it\/facciamolo-noi\/i-post\/passeggiata-devota-vespilloni-pettirossi-giganti\/"]}]},{"@type":"ImageObject","inLanguage":"it-IT","@id":"https:\/\/galprealpidolomiti.it\/facciamolo-noi\/i-post\/passeggiata-devota-vespilloni-pettirossi-giganti\/#primaryimage","url":"https:\/\/galprealpidolomiti.it\/wp-content\/uploads\/elementor\/thumbs\/buzzati-i-miracoli-di-val-morel-garzanti-n7n7g3yu9u7jaqjo0erylyujs3qd69obm7ng338t2g.jpg","contentUrl":"https:\/\/galprealpidolomiti.it\/wp-content\/uploads\/elementor\/thumbs\/buzzati-i-miracoli-di-val-morel-garzanti-n7n7g3yu9u7jaqjo0erylyujs3qd69obm7ng338t2g.jpg"},{"@type":"BreadcrumbList","@id":"https:\/\/galprealpidolomiti.it\/facciamolo-noi\/i-post\/passeggiata-devota-vespilloni-pettirossi-giganti\/#breadcrumb","itemListElement":[{"@type":"ListItem","position":1,"name":"Home","item":"https:\/\/galprealpidolomiti.it\/"},{"@type":"ListItem","position":2,"name":"Facciamolo noi 2007-2013","item":"https:\/\/galprealpidolomiti.it\/facciamolo-noi\/"},{"@type":"ListItem","position":3,"name":"I Post","item":"https:\/\/galprealpidolomiti.it\/facciamolo-noi\/i-post\/"},{"@type":"ListItem","position":4,"name":"Una passeggiata devota tra Vespilloni e pettirossi giganti"}]},{"@type":"WebSite","@id":"https:\/\/galprealpidolomiti.it\/#website","url":"https:\/\/galprealpidolomiti.it\/","name":"GAL Prealpi e Dolomiti","description":"Gruppo di Azione Locale","publisher":{"@id":"https:\/\/galprealpidolomiti.it\/#organization"},"potentialAction":[{"@type":"SearchAction","target":{"@type":"EntryPoint","urlTemplate":"https:\/\/galprealpidolomiti.it\/?s={search_term_string}"},"query-input":{"@type":"PropertyValueSpecification","valueRequired":true,"valueName":"search_term_string"}}],"inLanguage":"it-IT"},{"@type":"Organization","@id":"https:\/\/galprealpidolomiti.it\/#organization","name":"GAL Prealpi e Dolomiti","url":"https:\/\/galprealpidolomiti.it\/","logo":{"@type":"ImageObject","inLanguage":"it-IT","@id":"https:\/\/galprealpidolomiti.it\/#\/schema\/logo\/image\/","url":"https:\/\/www.galprealpidolomiti.it\/old\/wp-content\/uploads\/2020\/03\/striscia-5-loghi.png","contentUrl":"https:\/\/www.galprealpidolomiti.it\/old\/wp-content\/uploads\/2020\/03\/striscia-5-loghi.png","width":1177,"height":228,"caption":"GAL Prealpi e Dolomiti"},"image":{"@id":"https:\/\/galprealpidolomiti.it\/#\/schema\/logo\/image\/"}}]}},"_links":{"self":[{"href":"https:\/\/www.galprealpidolomiti.it\/old\/wp-json\/wp\/v2\/pages\/2468","targetHints":{"allow":["GET"]}}],"collection":[{"href":"https:\/\/www.galprealpidolomiti.it\/old\/wp-json\/wp\/v2\/pages"}],"about":[{"href":"https:\/\/www.galprealpidolomiti.it\/old\/wp-json\/wp\/v2\/types\/page"}],"author":[{"embeddable":true,"href":"https:\/\/www.galprealpidolomiti.it\/old\/wp-json\/wp\/v2\/users\/3"}],"replies":[{"embeddable":true,"href":"https:\/\/www.galprealpidolomiti.it\/old\/wp-json\/wp\/v2\/comments?post=2468"}],"version-history":[{"count":0,"href":"https:\/\/www.galprealpidolomiti.it\/old\/wp-json\/wp\/v2\/pages\/2468\/revisions"}],"up":[{"embeddable":true,"href":"https:\/\/www.galprealpidolomiti.it\/old\/wp-json\/wp\/v2\/pages\/2067"}],"wp:attachment":[{"href":"https:\/\/www.galprealpidolomiti.it\/old\/wp-json\/wp\/v2\/media?parent=2468"}],"wp:term":[{"taxonomy":"category","embeddable":true,"href":"https:\/\/www.galprealpidolomiti.it\/old\/wp-json\/wp\/v2\/categories?post=2468"},{"taxonomy":"post_tag","embeddable":true,"href":"https:\/\/www.galprealpidolomiti.it\/old\/wp-json\/wp\/v2\/tags?post=2468"}],"curies":[{"name":"wp","href":"https:\/\/api.w.org\/{rel}","templated":true}]}}