{"id":2463,"date":"2017-04-26T09:48:49","date_gmt":"2017-04-26T07:48:49","guid":{"rendered":"https:\/\/galprealpidolomiti.it\/?page_id=2463"},"modified":"2017-04-28T11:47:51","modified_gmt":"2017-04-28T09:47:51","slug":"millequattrocento-anime-un-cuore-biomassa","status":"publish","type":"page","link":"https:\/\/www.galprealpidolomiti.it\/old\/facciamolo-noi\/i-post\/millequattrocento-anime-un-cuore-biomassa\/","title":{"rendered":"Millequattrocento anime e un cuore. A biomassa"},"content":{"rendered":"<p><img decoding=\"async\" title=\"20161226_151837\" src=\"https:\/\/galprealpidolomiti.it\/wp-content\/uploads\/elementor\/thumbs\/20161226_151837-n7n7dg3awqkaeiexk9c0jn1j6suxd53p913x4v6yp4.jpg\" alt=\"20161226_151837\" \/><br \/>\nScaldare costa. In montagna \u00e8 cosa nota. Nota e centrale. Inverni lunghi e rigidi, la primavera che somiglia troppo alla stagione che l\u2019ha preceduta e l\u2019autunno che gioca ad anticipare chi la segue. Di nuovo lui, l\u2019inverno. Il costo del riscaldamento \u00e8 una spesa centrale per ogni singola famiglia, casolare, abitazione, lo \u00e8 per le aziende e lo \u00e8 pure, se non soprattutto, per un paese intero e chi lo amministra. Perch\u00e9 il pubblico \u00e8 di tutti e nei luoghi di tutti al caldo deve pensare il Comune. E in tempo di tagli, spending-review e distanze che si fanno siderali tra centro (Stato) e periferia (Comuni), non c\u2019\u00e8 da far altro che arrotolarsi le maniche e \u201cfar da s\u00e9\u201d.<br \/>\nMa se c\u2019\u00e8 qualcuno che sa &#8211; eccome &#8211; \u201cfar da s\u00e9\u201d, questo \u00e8 l\u2019Alpago. La dimostrazione? Tambre, 1400 anime arrampicate fino a sfiorare i mille metri. Oscar Facchin, primo cittadino dal 2007, con la sua giunta ha deciso di mettere mano al riscaldamento del paese. Grandi spazi pubblici da mantenere al caldo, grandi spese. Se poi quegli spazi sono piscine\u2026 Cos\u00ec, affrontato il problema, Facchin e sodali hanno deciso di mettersi al tavolo e studiare. La soluzione? Un impianto a biomassa legnosa (cippato) per sostituire il vecchio e costoso impianto a gas. Troppo alto il costo del combustibile per continuare a ritrovarsi tra le mani a fine anno bollette da 130 mila euro. Facendo fronte alle sempre pi\u00f9 esigue risorse provenienti dalle casse centrali, Tambre ha cos\u00ec preso sotto braccio le energie rinnovabili, si \u00e8 fatta consigliare e ha agito decisa.<br \/>\nCon il nuovo sistema il grande impianto natatorio ha trovato nuova &#8211; calda &#8211; linfa vitale ed oggi \u00e8 tutto un altro andare, soprattutto per il portafoglio comunale. Dei 130 mila euro di partenza, figli del vecchio combustibile, oggi la spesa \u00e8 riuscita ad arrivare alla met\u00e0 precisa (circa 75 mila). E quando, presto, Tambre riuscir\u00e0 a com-pletare il suo percorso con gli altri nuovi impianti e i macchinari necessari per prodursi pure il combustibile da s\u00e9, quella cifra iniziale verr\u00e0 sforbiciata del 60\/70%. Perch\u00e9 il freddo mantiene, ma al caldo si sta meglio. Con il salvadanaio pieno poi\u2026<\/p>\n","protected":false},"excerpt":{"rendered":"<p>Scaldare costa. In montagna \u00e8 cosa nota. Nota e centrale. Inverni lunghi e rigidi, la primavera che somiglia troppo alla stagione che l\u2019ha preceduta e l\u2019autunno che gioca ad anticipare chi la segue. Di nuovo lui, l\u2019inverno. Il costo del riscaldamento \u00e8 una spesa centrale per ogni singola famiglia, casolare, abitazione, lo \u00e8 per le[&#8230;..]<\/p>\n","protected":false},"author":3,"featured_media":0,"parent":2067,"menu_order":0,"comment_status":"closed","ping_status":"closed","template":"page-template-sidebar.php","meta":{"footnotes":""},"categories":[],"tags":[],"class_list":["post-2463","page","type-page","status-publish","hentry"],"yoast_head":"<!-- This site is optimized with the Yoast SEO plugin v25.7 - https:\/\/yoast.com\/wordpress\/plugins\/seo\/ -->\n<title>Millequattrocento anime e un cuore. A biomassa - GAL Prealpi e Dolomiti<\/title>\n<meta name=\"robots\" content=\"index, follow, max-snippet:-1, max-image-preview:large, max-video-preview:-1\" \/>\n<link rel=\"canonical\" href=\"https:\/\/galprealpidolomiti.it\/facciamolo-noi\/i-post\/millequattrocento-anime-un-cuore-biomassa\/\" \/>\n<meta property=\"og:locale\" content=\"it_IT\" \/>\n<meta property=\"og:type\" content=\"article\" \/>\n<meta property=\"og:title\" content=\"Millequattrocento anime e un cuore. A biomassa - GAL Prealpi e Dolomiti\" \/>\n<meta property=\"og:description\" content=\"Scaldare costa. In montagna \u00e8 cosa nota. Nota e centrale. Inverni lunghi e rigidi, la primavera che somiglia troppo alla stagione che l\u2019ha preceduta e l\u2019autunno che gioca ad anticipare chi la segue. Di nuovo lui, l\u2019inverno. Il costo del riscaldamento \u00e8 una spesa centrale per ogni singola famiglia, casolare, abitazione, lo \u00e8 per le[.....]\" \/>\n<meta property=\"og:url\" content=\"https:\/\/galprealpidolomiti.it\/facciamolo-noi\/i-post\/millequattrocento-anime-un-cuore-biomassa\/\" \/>\n<meta property=\"og:site_name\" content=\"GAL Prealpi e Dolomiti\" \/>\n<meta property=\"article:modified_time\" content=\"2017-04-28T09:47:51+00:00\" \/>\n<meta property=\"og:image\" content=\"https:\/\/galprealpidolomiti.it\/wp-content\/uploads\/elementor\/thumbs\/20161226_151837-n7n7dg3awqkaeiexk9c0jn1j6suxd53p913x4v6yp4.jpg\" \/>\n<meta name=\"twitter:card\" content=\"summary_large_image\" \/>\n<meta name=\"twitter:label1\" content=\"Tempo di lettura stimato\" \/>\n\t<meta name=\"twitter:data1\" content=\"2 minuti\" \/>\n<script type=\"application\/ld+json\" class=\"yoast-schema-graph\">{\"@context\":\"https:\/\/schema.org\",\"@graph\":[{\"@type\":\"WebPage\",\"@id\":\"https:\/\/galprealpidolomiti.it\/facciamolo-noi\/i-post\/millequattrocento-anime-un-cuore-biomassa\/\",\"url\":\"https:\/\/galprealpidolomiti.it\/facciamolo-noi\/i-post\/millequattrocento-anime-un-cuore-biomassa\/\",\"name\":\"Millequattrocento anime e un cuore. A biomassa - GAL Prealpi e Dolomiti\",\"isPartOf\":{\"@id\":\"https:\/\/galprealpidolomiti.it\/#website\"},\"primaryImageOfPage\":{\"@id\":\"https:\/\/galprealpidolomiti.it\/facciamolo-noi\/i-post\/millequattrocento-anime-un-cuore-biomassa\/#primaryimage\"},\"image\":{\"@id\":\"https:\/\/galprealpidolomiti.it\/facciamolo-noi\/i-post\/millequattrocento-anime-un-cuore-biomassa\/#primaryimage\"},\"thumbnailUrl\":\"https:\/\/galprealpidolomiti.it\/wp-content\/uploads\/elementor\/thumbs\/20161226_151837-n7n7dg3awqkaeiexk9c0jn1j6suxd53p913x4v6yp4.jpg\",\"datePublished\":\"2017-04-26T07:48:49+00:00\",\"dateModified\":\"2017-04-28T09:47:51+00:00\",\"breadcrumb\":{\"@id\":\"https:\/\/galprealpidolomiti.it\/facciamolo-noi\/i-post\/millequattrocento-anime-un-cuore-biomassa\/#breadcrumb\"},\"inLanguage\":\"it-IT\",\"potentialAction\":[{\"@type\":\"ReadAction\",\"target\":[\"https:\/\/galprealpidolomiti.it\/facciamolo-noi\/i-post\/millequattrocento-anime-un-cuore-biomassa\/\"]}]},{\"@type\":\"ImageObject\",\"inLanguage\":\"it-IT\",\"@id\":\"https:\/\/galprealpidolomiti.it\/facciamolo-noi\/i-post\/millequattrocento-anime-un-cuore-biomassa\/#primaryimage\",\"url\":\"https:\/\/galprealpidolomiti.it\/wp-content\/uploads\/elementor\/thumbs\/20161226_151837-n7n7dg3awqkaeiexk9c0jn1j6suxd53p913x4v6yp4.jpg\",\"contentUrl\":\"https:\/\/galprealpidolomiti.it\/wp-content\/uploads\/elementor\/thumbs\/20161226_151837-n7n7dg3awqkaeiexk9c0jn1j6suxd53p913x4v6yp4.jpg\"},{\"@type\":\"BreadcrumbList\",\"@id\":\"https:\/\/galprealpidolomiti.it\/facciamolo-noi\/i-post\/millequattrocento-anime-un-cuore-biomassa\/#breadcrumb\",\"itemListElement\":[{\"@type\":\"ListItem\",\"position\":1,\"name\":\"Home\",\"item\":\"https:\/\/galprealpidolomiti.it\/\"},{\"@type\":\"ListItem\",\"position\":2,\"name\":\"Facciamolo noi 2007-2013\",\"item\":\"https:\/\/galprealpidolomiti.it\/facciamolo-noi\/\"},{\"@type\":\"ListItem\",\"position\":3,\"name\":\"I Post\",\"item\":\"https:\/\/galprealpidolomiti.it\/facciamolo-noi\/i-post\/\"},{\"@type\":\"ListItem\",\"position\":4,\"name\":\"Millequattrocento anime e un cuore. A biomassa\"}]},{\"@type\":\"WebSite\",\"@id\":\"https:\/\/galprealpidolomiti.it\/#website\",\"url\":\"https:\/\/galprealpidolomiti.it\/\",\"name\":\"GAL Prealpi e Dolomiti\",\"description\":\"Gruppo di Azione Locale\",\"publisher\":{\"@id\":\"https:\/\/galprealpidolomiti.it\/#organization\"},\"potentialAction\":[{\"@type\":\"SearchAction\",\"target\":{\"@type\":\"EntryPoint\",\"urlTemplate\":\"https:\/\/galprealpidolomiti.it\/?s={search_term_string}\"},\"query-input\":{\"@type\":\"PropertyValueSpecification\",\"valueRequired\":true,\"valueName\":\"search_term_string\"}}],\"inLanguage\":\"it-IT\"},{\"@type\":\"Organization\",\"@id\":\"https:\/\/galprealpidolomiti.it\/#organization\",\"name\":\"GAL Prealpi e Dolomiti\",\"url\":\"https:\/\/galprealpidolomiti.it\/\",\"logo\":{\"@type\":\"ImageObject\",\"inLanguage\":\"it-IT\",\"@id\":\"https:\/\/galprealpidolomiti.it\/#\/schema\/logo\/image\/\",\"url\":\"https:\/\/www.galprealpidolomiti.it\/old\/wp-content\/uploads\/2020\/03\/striscia-5-loghi.png\",\"contentUrl\":\"https:\/\/www.galprealpidolomiti.it\/old\/wp-content\/uploads\/2020\/03\/striscia-5-loghi.png\",\"width\":1177,\"height\":228,\"caption\":\"GAL Prealpi e Dolomiti\"},\"image\":{\"@id\":\"https:\/\/galprealpidolomiti.it\/#\/schema\/logo\/image\/\"}}]}<\/script>\n<!-- \/ Yoast SEO plugin. -->","yoast_head_json":{"title":"Millequattrocento anime e un cuore. A biomassa - GAL Prealpi e Dolomiti","robots":{"index":"index","follow":"follow","max-snippet":"max-snippet:-1","max-image-preview":"max-image-preview:large","max-video-preview":"max-video-preview:-1"},"canonical":"https:\/\/galprealpidolomiti.it\/facciamolo-noi\/i-post\/millequattrocento-anime-un-cuore-biomassa\/","og_locale":"it_IT","og_type":"article","og_title":"Millequattrocento anime e un cuore. A biomassa - GAL Prealpi e Dolomiti","og_description":"Scaldare costa. In montagna \u00e8 cosa nota. Nota e centrale. Inverni lunghi e rigidi, la primavera che somiglia troppo alla stagione che l\u2019ha preceduta e l\u2019autunno che gioca ad anticipare chi la segue. Di nuovo lui, l\u2019inverno. Il costo del riscaldamento \u00e8 una spesa centrale per ogni singola famiglia, casolare, abitazione, lo \u00e8 per le[.....]","og_url":"https:\/\/galprealpidolomiti.it\/facciamolo-noi\/i-post\/millequattrocento-anime-un-cuore-biomassa\/","og_site_name":"GAL Prealpi e Dolomiti","article_modified_time":"2017-04-28T09:47:51+00:00","og_image":[{"url":"https:\/\/galprealpidolomiti.it\/wp-content\/uploads\/elementor\/thumbs\/20161226_151837-n7n7dg3awqkaeiexk9c0jn1j6suxd53p913x4v6yp4.jpg","type":"","width":"","height":""}],"twitter_card":"summary_large_image","twitter_misc":{"Tempo di lettura stimato":"2 minuti"},"schema":{"@context":"https:\/\/schema.org","@graph":[{"@type":"WebPage","@id":"https:\/\/galprealpidolomiti.it\/facciamolo-noi\/i-post\/millequattrocento-anime-un-cuore-biomassa\/","url":"https:\/\/galprealpidolomiti.it\/facciamolo-noi\/i-post\/millequattrocento-anime-un-cuore-biomassa\/","name":"Millequattrocento anime e un cuore. A biomassa - GAL Prealpi e Dolomiti","isPartOf":{"@id":"https:\/\/galprealpidolomiti.it\/#website"},"primaryImageOfPage":{"@id":"https:\/\/galprealpidolomiti.it\/facciamolo-noi\/i-post\/millequattrocento-anime-un-cuore-biomassa\/#primaryimage"},"image":{"@id":"https:\/\/galprealpidolomiti.it\/facciamolo-noi\/i-post\/millequattrocento-anime-un-cuore-biomassa\/#primaryimage"},"thumbnailUrl":"https:\/\/galprealpidolomiti.it\/wp-content\/uploads\/elementor\/thumbs\/20161226_151837-n7n7dg3awqkaeiexk9c0jn1j6suxd53p913x4v6yp4.jpg","datePublished":"2017-04-26T07:48:49+00:00","dateModified":"2017-04-28T09:47:51+00:00","breadcrumb":{"@id":"https:\/\/galprealpidolomiti.it\/facciamolo-noi\/i-post\/millequattrocento-anime-un-cuore-biomassa\/#breadcrumb"},"inLanguage":"it-IT","potentialAction":[{"@type":"ReadAction","target":["https:\/\/galprealpidolomiti.it\/facciamolo-noi\/i-post\/millequattrocento-anime-un-cuore-biomassa\/"]}]},{"@type":"ImageObject","inLanguage":"it-IT","@id":"https:\/\/galprealpidolomiti.it\/facciamolo-noi\/i-post\/millequattrocento-anime-un-cuore-biomassa\/#primaryimage","url":"https:\/\/galprealpidolomiti.it\/wp-content\/uploads\/elementor\/thumbs\/20161226_151837-n7n7dg3awqkaeiexk9c0jn1j6suxd53p913x4v6yp4.jpg","contentUrl":"https:\/\/galprealpidolomiti.it\/wp-content\/uploads\/elementor\/thumbs\/20161226_151837-n7n7dg3awqkaeiexk9c0jn1j6suxd53p913x4v6yp4.jpg"},{"@type":"BreadcrumbList","@id":"https:\/\/galprealpidolomiti.it\/facciamolo-noi\/i-post\/millequattrocento-anime-un-cuore-biomassa\/#breadcrumb","itemListElement":[{"@type":"ListItem","position":1,"name":"Home","item":"https:\/\/galprealpidolomiti.it\/"},{"@type":"ListItem","position":2,"name":"Facciamolo noi 2007-2013","item":"https:\/\/galprealpidolomiti.it\/facciamolo-noi\/"},{"@type":"ListItem","position":3,"name":"I Post","item":"https:\/\/galprealpidolomiti.it\/facciamolo-noi\/i-post\/"},{"@type":"ListItem","position":4,"name":"Millequattrocento anime e un cuore. A biomassa"}]},{"@type":"WebSite","@id":"https:\/\/galprealpidolomiti.it\/#website","url":"https:\/\/galprealpidolomiti.it\/","name":"GAL Prealpi e Dolomiti","description":"Gruppo di Azione Locale","publisher":{"@id":"https:\/\/galprealpidolomiti.it\/#organization"},"potentialAction":[{"@type":"SearchAction","target":{"@type":"EntryPoint","urlTemplate":"https:\/\/galprealpidolomiti.it\/?s={search_term_string}"},"query-input":{"@type":"PropertyValueSpecification","valueRequired":true,"valueName":"search_term_string"}}],"inLanguage":"it-IT"},{"@type":"Organization","@id":"https:\/\/galprealpidolomiti.it\/#organization","name":"GAL Prealpi e Dolomiti","url":"https:\/\/galprealpidolomiti.it\/","logo":{"@type":"ImageObject","inLanguage":"it-IT","@id":"https:\/\/galprealpidolomiti.it\/#\/schema\/logo\/image\/","url":"https:\/\/www.galprealpidolomiti.it\/old\/wp-content\/uploads\/2020\/03\/striscia-5-loghi.png","contentUrl":"https:\/\/www.galprealpidolomiti.it\/old\/wp-content\/uploads\/2020\/03\/striscia-5-loghi.png","width":1177,"height":228,"caption":"GAL Prealpi e Dolomiti"},"image":{"@id":"https:\/\/galprealpidolomiti.it\/#\/schema\/logo\/image\/"}}]}},"_links":{"self":[{"href":"https:\/\/www.galprealpidolomiti.it\/old\/wp-json\/wp\/v2\/pages\/2463","targetHints":{"allow":["GET"]}}],"collection":[{"href":"https:\/\/www.galprealpidolomiti.it\/old\/wp-json\/wp\/v2\/pages"}],"about":[{"href":"https:\/\/www.galprealpidolomiti.it\/old\/wp-json\/wp\/v2\/types\/page"}],"author":[{"embeddable":true,"href":"https:\/\/www.galprealpidolomiti.it\/old\/wp-json\/wp\/v2\/users\/3"}],"replies":[{"embeddable":true,"href":"https:\/\/www.galprealpidolomiti.it\/old\/wp-json\/wp\/v2\/comments?post=2463"}],"version-history":[{"count":0,"href":"https:\/\/www.galprealpidolomiti.it\/old\/wp-json\/wp\/v2\/pages\/2463\/revisions"}],"up":[{"embeddable":true,"href":"https:\/\/www.galprealpidolomiti.it\/old\/wp-json\/wp\/v2\/pages\/2067"}],"wp:attachment":[{"href":"https:\/\/www.galprealpidolomiti.it\/old\/wp-json\/wp\/v2\/media?parent=2463"}],"wp:term":[{"taxonomy":"category","embeddable":true,"href":"https:\/\/www.galprealpidolomiti.it\/old\/wp-json\/wp\/v2\/categories?post=2463"},{"taxonomy":"post_tag","embeddable":true,"href":"https:\/\/www.galprealpidolomiti.it\/old\/wp-json\/wp\/v2\/tags?post=2463"}],"curies":[{"name":"wp","href":"https:\/\/api.w.org\/{rel}","templated":true}]}}