{"id":2458,"date":"2017-04-26T09:35:23","date_gmt":"2017-04-26T07:35:23","guid":{"rendered":"https:\/\/galprealpidolomiti.it\/?page_id=2458"},"modified":"2017-04-26T16:25:24","modified_gmt":"2017-04-26T14:25:24","slug":"tutto-lalpago-in-una-volta","status":"publish","type":"page","link":"https:\/\/www.galprealpidolomiti.it\/old\/facciamolo-noi\/i-post\/tutto-lalpago-in-una-volta\/","title":{"rendered":"Tutto l&#8217;Alpago in una volta"},"content":{"rendered":"\t\t<div data-elementor-type=\"wp-post\" data-elementor-id=\"2458\" class=\"elementor elementor-2458 elementor-bc-flex-widget\" data-elementor-post-type=\"page\">\n\t\t\t\t\t\t<section class=\"elementor-section elementor-top-section elementor-element elementor-element-brcexgt elementor-section-boxed elementor-section-height-default elementor-section-height-default\" data-id=\"brcexgt\" data-element_type=\"section\" data-settings=\"{&quot;jet_parallax_layout_list&quot;:[]}\">\n\t\t\t\t\t\t<div class=\"elementor-container elementor-column-gap-default\">\n\t\t\t\t\t<div class=\"elementor-column elementor-col-100 elementor-top-column elementor-element elementor-element-bcisexw\" data-id=\"bcisexw\" data-element_type=\"column\">\n\t\t\t<div class=\"elementor-widget-wrap elementor-element-populated\">\n\t\t\t\t\t\t<div class=\"elementor-element elementor-element-nr0p0xi elementor-widget elementor-widget-image\" data-id=\"nr0p0xi\" data-element_type=\"widget\" data-widget_type=\"image.default\">\n\t\t\t\t<div class=\"elementor-widget-container\">\n\t\t\t\t\t\t\t\t\t\t\t\t\t<img decoding=\"async\" src=\"https:\/\/www.galprealpidolomiti.it\/old\/wp-content\/uploads\/elementor\/thumbs\/20161226_152753-nl385zqon4ro4ezqoevow1u9stqu4o0zmv43roa6nc.jpg\" title=\"20161226_152753\" alt=\"20161226_152753\" loading=\"lazy\" \/>\t\t\t\t\t\t\t\t\t\t\t\t\t<\/div>\n\t\t\t\t<\/div>\n\t\t\t\t<div class=\"elementor-element elementor-element-hjnnuqu elementor-widget elementor-widget-text-editor\" data-id=\"hjnnuqu\" data-element_type=\"widget\" data-widget_type=\"text-editor.default\">\n\t\t\t\t<div class=\"elementor-widget-container\">\n\t\t\t\t\t\t\tIn Alpago c&#8217;\u00e8 un po&#8217; tutto quello che serve: c&#8217;\u00e8 il lago, c&#8217;\u00e8 il bosco, c&#8217;\u00e8 la montagna. Nelle acque di Santa Croce si rispecchiano le crode pallide della corona di cime che per i bellunesi \u00e8 l&#8217;immagine dei bentornato a casa dopo le vacanze. Tra lago e monti, la conca dell&#8217;Alpago \u00e8 un lungo elenco di prati, paesi al sole, frinire di grilli, ponti romani, ristoranti, bramiti di cervi, paracadutisti, stellati mozzafiato, sentieri.\r\n\r\nIl sentiero Alpago Natura \u00e8 un anello di 73 chilometri, per lo pi\u00f9 su strade silvo-pastorali, che da qualche tempo \u00e8 diventato il percorso ideale per gli appassionati di bicicletta: l&#8217;Unione Montana dell&#8217;Alpago ne ha ridisegnato il tracciato, ha sistemato la sede stradale, ha tabellato ogni incrocio e costruito cinque aree di sosta \u2013 con fontana, tavolini, rastrelliere, punto informazioni.\r\n\r\nIn una giornata \u2013 o anche in pi\u00f9 giornate, a piedi o in bicicletta \u2013 si passa dal canneto alla foresta del Cansiglio alla Pedemontana di malghe e silenzi.\r\nAlla partenza le barche beccheggiano, il vento increspa la superficie del lago e gonfia aquiloni e vele di kiters e windsurfers, il sole rimbalza sull&#8217;acqua.\r\nIl percorso sale verso Mezzomiglio e si addentra tra gli abeti e i faggi del \u201cgran bosco da reme di San Marco\u201d. Il Cansiglio \u00e8 la seconda foresta italiana per ampiezza, settemila ettari di alberi tra Veneto e Friuli ai piedi del monte Cavallo. Per secoli questo \u00e8 stato il motore economico della zona: da qui la Repubblica di Venezia attingeva per costruire i remi delle galere e delle altre imbarcazioni della sua flotta. Sull&#8217;altopiano ci si aggira tra mucche al pascolo, aziende agricole, tritoni rane e rospi nei pressi delle \u201clame\u201d &#8211; le pozze per abbeverare il bestiame \u2013 e poi tracce della cultura cimbra, cervi, caprioli, doline e inghiottitoi che raccontano di vecchie leggende.\r\nUscire dal bosco storto (storto perch\u00e9 l&#8217;inversione termica fa s\u00ec che gli abeti crescano nella fascia pi\u00f9 bassa e sopra crescano invece i faggi) vuol dire pedalare o passeggiare al sole, lungo la Pedemontana, tra malghe, casere e pecore alpagote.\r\nL&#8217;anello si chiude scendendo dal rifugio Carota verso la zona industriale e verso il lago, tra i canneti dell&#8217;oasi Sbarai: nella riva nord, tra le foci dei torrenti Tesa e Tesa Vecchio, un canneto cresciuto su antiche vasche per l&#8217;allevamento del pesce \u00e8 diventato il luogo perfetto per osservare gallinelle d&#8217;acqua, tarabusini, cannaiole, germani reali e molte altre specie di uccelli acquatici.\r\n\t\t\t\t\t\t<\/div>\n\t\t\t\t<\/div>\n\t\t\t\t\t<\/div>\n\t\t<\/div>\n\t\t\t\t\t<\/div>\n\t\t<\/section>\n\t\t\t\t<\/div>\n\t\t","protected":false},"excerpt":{"rendered":"<p>In Alpago c&#8217;\u00e8 un po&#8217; tutto quello che serve: c&#8217;\u00e8 il lago, c&#8217;\u00e8 il bosco, c&#8217;\u00e8 la montagna. Nelle acque di Santa Croce si rispecchiano le crode pallide della corona di cime che per i bellunesi \u00e8 l&#8217;immagine dei bentornato a casa dopo le vacanze. Tra lago e monti, la conca dell&#8217;Alpago \u00e8 un lungo[&#8230;..]<\/p>\n","protected":false},"author":3,"featured_media":0,"parent":2067,"menu_order":6,"comment_status":"closed","ping_status":"closed","template":"page-template-sidebar.php","meta":{"footnotes":""},"categories":[],"tags":[],"class_list":["post-2458","page","type-page","status-publish","hentry"],"yoast_head":"<!-- This site is optimized with the Yoast SEO plugin v25.7 - https:\/\/yoast.com\/wordpress\/plugins\/seo\/ -->\n<title>Tutto l&#039;Alpago in una volta - GAL Prealpi e Dolomiti<\/title>\n<meta name=\"robots\" content=\"index, follow, max-snippet:-1, max-image-preview:large, max-video-preview:-1\" \/>\n<link rel=\"canonical\" href=\"https:\/\/galprealpidolomiti.it\/facciamolo-noi\/i-post\/tutto-lalpago-in-una-volta\/\" \/>\n<meta property=\"og:locale\" content=\"it_IT\" \/>\n<meta property=\"og:type\" content=\"article\" \/>\n<meta property=\"og:title\" content=\"Tutto l&#039;Alpago in una volta - GAL Prealpi e Dolomiti\" \/>\n<meta property=\"og:description\" content=\"In Alpago c&#8217;\u00e8 un po&#8217; tutto quello che serve: c&#8217;\u00e8 il lago, c&#8217;\u00e8 il bosco, c&#8217;\u00e8 la montagna. Nelle acque di Santa Croce si rispecchiano le crode pallide della corona di cime che per i bellunesi \u00e8 l&#8217;immagine dei bentornato a casa dopo le vacanze. Tra lago e monti, la conca dell&#8217;Alpago \u00e8 un lungo[.....]\" \/>\n<meta property=\"og:url\" content=\"https:\/\/galprealpidolomiti.it\/facciamolo-noi\/i-post\/tutto-lalpago-in-una-volta\/\" \/>\n<meta property=\"og:site_name\" content=\"GAL Prealpi e Dolomiti\" \/>\n<meta property=\"article:modified_time\" content=\"2017-04-26T14:25:24+00:00\" \/>\n<meta property=\"og:image\" content=\"https:\/\/galprealpidolomiti.it\/wp-content\/uploads\/elementor\/thumbs\/20161226_152753-n7n77b78ao5wm5bse3uoros7l93o49qs2nstcuahbc.jpg\" \/>\n<meta name=\"twitter:card\" content=\"summary_large_image\" \/>\n<meta name=\"twitter:label1\" content=\"Tempo di lettura stimato\" \/>\n\t<meta name=\"twitter:data1\" content=\"2 minuti\" \/>\n<script type=\"application\/ld+json\" class=\"yoast-schema-graph\">{\"@context\":\"https:\/\/schema.org\",\"@graph\":[{\"@type\":\"WebPage\",\"@id\":\"https:\/\/galprealpidolomiti.it\/facciamolo-noi\/i-post\/tutto-lalpago-in-una-volta\/\",\"url\":\"https:\/\/galprealpidolomiti.it\/facciamolo-noi\/i-post\/tutto-lalpago-in-una-volta\/\",\"name\":\"Tutto l'Alpago in una volta - GAL Prealpi e Dolomiti\",\"isPartOf\":{\"@id\":\"https:\/\/galprealpidolomiti.it\/#website\"},\"primaryImageOfPage\":{\"@id\":\"https:\/\/galprealpidolomiti.it\/facciamolo-noi\/i-post\/tutto-lalpago-in-una-volta\/#primaryimage\"},\"image\":{\"@id\":\"https:\/\/galprealpidolomiti.it\/facciamolo-noi\/i-post\/tutto-lalpago-in-una-volta\/#primaryimage\"},\"thumbnailUrl\":\"https:\/\/galprealpidolomiti.it\/wp-content\/uploads\/elementor\/thumbs\/20161226_152753-n7n77b78ao5wm5bse3uoros7l93o49qs2nstcuahbc.jpg\",\"datePublished\":\"2017-04-26T07:35:23+00:00\",\"dateModified\":\"2017-04-26T14:25:24+00:00\",\"breadcrumb\":{\"@id\":\"https:\/\/galprealpidolomiti.it\/facciamolo-noi\/i-post\/tutto-lalpago-in-una-volta\/#breadcrumb\"},\"inLanguage\":\"it-IT\",\"potentialAction\":[{\"@type\":\"ReadAction\",\"target\":[\"https:\/\/galprealpidolomiti.it\/facciamolo-noi\/i-post\/tutto-lalpago-in-una-volta\/\"]}]},{\"@type\":\"ImageObject\",\"inLanguage\":\"it-IT\",\"@id\":\"https:\/\/galprealpidolomiti.it\/facciamolo-noi\/i-post\/tutto-lalpago-in-una-volta\/#primaryimage\",\"url\":\"https:\/\/galprealpidolomiti.it\/wp-content\/uploads\/elementor\/thumbs\/20161226_152753-n7n77b78ao5wm5bse3uoros7l93o49qs2nstcuahbc.jpg\",\"contentUrl\":\"https:\/\/galprealpidolomiti.it\/wp-content\/uploads\/elementor\/thumbs\/20161226_152753-n7n77b78ao5wm5bse3uoros7l93o49qs2nstcuahbc.jpg\"},{\"@type\":\"BreadcrumbList\",\"@id\":\"https:\/\/galprealpidolomiti.it\/facciamolo-noi\/i-post\/tutto-lalpago-in-una-volta\/#breadcrumb\",\"itemListElement\":[{\"@type\":\"ListItem\",\"position\":1,\"name\":\"Home\",\"item\":\"https:\/\/galprealpidolomiti.it\/\"},{\"@type\":\"ListItem\",\"position\":2,\"name\":\"Facciamolo noi 2007-2013\",\"item\":\"https:\/\/galprealpidolomiti.it\/facciamolo-noi\/\"},{\"@type\":\"ListItem\",\"position\":3,\"name\":\"I Post\",\"item\":\"https:\/\/galprealpidolomiti.it\/facciamolo-noi\/i-post\/\"},{\"@type\":\"ListItem\",\"position\":4,\"name\":\"Tutto l&#8217;Alpago in una volta\"}]},{\"@type\":\"WebSite\",\"@id\":\"https:\/\/galprealpidolomiti.it\/#website\",\"url\":\"https:\/\/galprealpidolomiti.it\/\",\"name\":\"GAL Prealpi e Dolomiti\",\"description\":\"Gruppo di Azione Locale\",\"publisher\":{\"@id\":\"https:\/\/galprealpidolomiti.it\/#organization\"},\"potentialAction\":[{\"@type\":\"SearchAction\",\"target\":{\"@type\":\"EntryPoint\",\"urlTemplate\":\"https:\/\/galprealpidolomiti.it\/?s={search_term_string}\"},\"query-input\":{\"@type\":\"PropertyValueSpecification\",\"valueRequired\":true,\"valueName\":\"search_term_string\"}}],\"inLanguage\":\"it-IT\"},{\"@type\":\"Organization\",\"@id\":\"https:\/\/galprealpidolomiti.it\/#organization\",\"name\":\"GAL Prealpi e Dolomiti\",\"url\":\"https:\/\/galprealpidolomiti.it\/\",\"logo\":{\"@type\":\"ImageObject\",\"inLanguage\":\"it-IT\",\"@id\":\"https:\/\/galprealpidolomiti.it\/#\/schema\/logo\/image\/\",\"url\":\"https:\/\/www.galprealpidolomiti.it\/old\/wp-content\/uploads\/2020\/03\/striscia-5-loghi.png\",\"contentUrl\":\"https:\/\/www.galprealpidolomiti.it\/old\/wp-content\/uploads\/2020\/03\/striscia-5-loghi.png\",\"width\":1177,\"height\":228,\"caption\":\"GAL Prealpi e Dolomiti\"},\"image\":{\"@id\":\"https:\/\/galprealpidolomiti.it\/#\/schema\/logo\/image\/\"}}]}<\/script>\n<!-- \/ Yoast SEO plugin. -->","yoast_head_json":{"title":"Tutto l'Alpago in una volta - GAL Prealpi e Dolomiti","robots":{"index":"index","follow":"follow","max-snippet":"max-snippet:-1","max-image-preview":"max-image-preview:large","max-video-preview":"max-video-preview:-1"},"canonical":"https:\/\/galprealpidolomiti.it\/facciamolo-noi\/i-post\/tutto-lalpago-in-una-volta\/","og_locale":"it_IT","og_type":"article","og_title":"Tutto l'Alpago in una volta - GAL Prealpi e Dolomiti","og_description":"In Alpago c&#8217;\u00e8 un po&#8217; tutto quello che serve: c&#8217;\u00e8 il lago, c&#8217;\u00e8 il bosco, c&#8217;\u00e8 la montagna. Nelle acque di Santa Croce si rispecchiano le crode pallide della corona di cime che per i bellunesi \u00e8 l&#8217;immagine dei bentornato a casa dopo le vacanze. Tra lago e monti, la conca dell&#8217;Alpago \u00e8 un lungo[.....]","og_url":"https:\/\/galprealpidolomiti.it\/facciamolo-noi\/i-post\/tutto-lalpago-in-una-volta\/","og_site_name":"GAL Prealpi e Dolomiti","article_modified_time":"2017-04-26T14:25:24+00:00","og_image":[{"url":"https:\/\/galprealpidolomiti.it\/wp-content\/uploads\/elementor\/thumbs\/20161226_152753-n7n77b78ao5wm5bse3uoros7l93o49qs2nstcuahbc.jpg","type":"","width":"","height":""}],"twitter_card":"summary_large_image","twitter_misc":{"Tempo di lettura stimato":"2 minuti"},"schema":{"@context":"https:\/\/schema.org","@graph":[{"@type":"WebPage","@id":"https:\/\/galprealpidolomiti.it\/facciamolo-noi\/i-post\/tutto-lalpago-in-una-volta\/","url":"https:\/\/galprealpidolomiti.it\/facciamolo-noi\/i-post\/tutto-lalpago-in-una-volta\/","name":"Tutto l'Alpago in una volta - GAL Prealpi e Dolomiti","isPartOf":{"@id":"https:\/\/galprealpidolomiti.it\/#website"},"primaryImageOfPage":{"@id":"https:\/\/galprealpidolomiti.it\/facciamolo-noi\/i-post\/tutto-lalpago-in-una-volta\/#primaryimage"},"image":{"@id":"https:\/\/galprealpidolomiti.it\/facciamolo-noi\/i-post\/tutto-lalpago-in-una-volta\/#primaryimage"},"thumbnailUrl":"https:\/\/galprealpidolomiti.it\/wp-content\/uploads\/elementor\/thumbs\/20161226_152753-n7n77b78ao5wm5bse3uoros7l93o49qs2nstcuahbc.jpg","datePublished":"2017-04-26T07:35:23+00:00","dateModified":"2017-04-26T14:25:24+00:00","breadcrumb":{"@id":"https:\/\/galprealpidolomiti.it\/facciamolo-noi\/i-post\/tutto-lalpago-in-una-volta\/#breadcrumb"},"inLanguage":"it-IT","potentialAction":[{"@type":"ReadAction","target":["https:\/\/galprealpidolomiti.it\/facciamolo-noi\/i-post\/tutto-lalpago-in-una-volta\/"]}]},{"@type":"ImageObject","inLanguage":"it-IT","@id":"https:\/\/galprealpidolomiti.it\/facciamolo-noi\/i-post\/tutto-lalpago-in-una-volta\/#primaryimage","url":"https:\/\/galprealpidolomiti.it\/wp-content\/uploads\/elementor\/thumbs\/20161226_152753-n7n77b78ao5wm5bse3uoros7l93o49qs2nstcuahbc.jpg","contentUrl":"https:\/\/galprealpidolomiti.it\/wp-content\/uploads\/elementor\/thumbs\/20161226_152753-n7n77b78ao5wm5bse3uoros7l93o49qs2nstcuahbc.jpg"},{"@type":"BreadcrumbList","@id":"https:\/\/galprealpidolomiti.it\/facciamolo-noi\/i-post\/tutto-lalpago-in-una-volta\/#breadcrumb","itemListElement":[{"@type":"ListItem","position":1,"name":"Home","item":"https:\/\/galprealpidolomiti.it\/"},{"@type":"ListItem","position":2,"name":"Facciamolo noi 2007-2013","item":"https:\/\/galprealpidolomiti.it\/facciamolo-noi\/"},{"@type":"ListItem","position":3,"name":"I Post","item":"https:\/\/galprealpidolomiti.it\/facciamolo-noi\/i-post\/"},{"@type":"ListItem","position":4,"name":"Tutto l&#8217;Alpago in una volta"}]},{"@type":"WebSite","@id":"https:\/\/galprealpidolomiti.it\/#website","url":"https:\/\/galprealpidolomiti.it\/","name":"GAL Prealpi e Dolomiti","description":"Gruppo di Azione Locale","publisher":{"@id":"https:\/\/galprealpidolomiti.it\/#organization"},"potentialAction":[{"@type":"SearchAction","target":{"@type":"EntryPoint","urlTemplate":"https:\/\/galprealpidolomiti.it\/?s={search_term_string}"},"query-input":{"@type":"PropertyValueSpecification","valueRequired":true,"valueName":"search_term_string"}}],"inLanguage":"it-IT"},{"@type":"Organization","@id":"https:\/\/galprealpidolomiti.it\/#organization","name":"GAL Prealpi e Dolomiti","url":"https:\/\/galprealpidolomiti.it\/","logo":{"@type":"ImageObject","inLanguage":"it-IT","@id":"https:\/\/galprealpidolomiti.it\/#\/schema\/logo\/image\/","url":"https:\/\/www.galprealpidolomiti.it\/old\/wp-content\/uploads\/2020\/03\/striscia-5-loghi.png","contentUrl":"https:\/\/www.galprealpidolomiti.it\/old\/wp-content\/uploads\/2020\/03\/striscia-5-loghi.png","width":1177,"height":228,"caption":"GAL Prealpi e Dolomiti"},"image":{"@id":"https:\/\/galprealpidolomiti.it\/#\/schema\/logo\/image\/"}}]}},"_links":{"self":[{"href":"https:\/\/www.galprealpidolomiti.it\/old\/wp-json\/wp\/v2\/pages\/2458","targetHints":{"allow":["GET"]}}],"collection":[{"href":"https:\/\/www.galprealpidolomiti.it\/old\/wp-json\/wp\/v2\/pages"}],"about":[{"href":"https:\/\/www.galprealpidolomiti.it\/old\/wp-json\/wp\/v2\/types\/page"}],"author":[{"embeddable":true,"href":"https:\/\/www.galprealpidolomiti.it\/old\/wp-json\/wp\/v2\/users\/3"}],"replies":[{"embeddable":true,"href":"https:\/\/www.galprealpidolomiti.it\/old\/wp-json\/wp\/v2\/comments?post=2458"}],"version-history":[{"count":0,"href":"https:\/\/www.galprealpidolomiti.it\/old\/wp-json\/wp\/v2\/pages\/2458\/revisions"}],"up":[{"embeddable":true,"href":"https:\/\/www.galprealpidolomiti.it\/old\/wp-json\/wp\/v2\/pages\/2067"}],"wp:attachment":[{"href":"https:\/\/www.galprealpidolomiti.it\/old\/wp-json\/wp\/v2\/media?parent=2458"}],"wp:term":[{"taxonomy":"category","embeddable":true,"href":"https:\/\/www.galprealpidolomiti.it\/old\/wp-json\/wp\/v2\/categories?post=2458"},{"taxonomy":"post_tag","embeddable":true,"href":"https:\/\/www.galprealpidolomiti.it\/old\/wp-json\/wp\/v2\/tags?post=2458"}],"curies":[{"name":"wp","href":"https:\/\/api.w.org\/{rel}","templated":true}]}}