{"id":2453,"date":"2017-04-26T09:28:25","date_gmt":"2017-04-26T07:28:25","guid":{"rendered":"https:\/\/galprealpidolomiti.it\/?page_id=2453"},"modified":"2017-04-26T16:24:42","modified_gmt":"2017-04-26T14:24:42","slug":"tutte-le-facce-un-sentiero","status":"publish","type":"page","link":"https:\/\/www.galprealpidolomiti.it\/old\/facciamolo-noi\/i-post\/tutte-le-facce-un-sentiero\/","title":{"rendered":"Tutte le facce di un sentiero"},"content":{"rendered":"\t\t<div data-elementor-type=\"wp-post\" data-elementor-id=\"2453\" class=\"elementor elementor-2453 elementor-bc-flex-widget\" data-elementor-post-type=\"page\">\n\t\t\t\t\t\t<section class=\"elementor-section elementor-top-section elementor-element elementor-element-ooqiaxf elementor-section-boxed elementor-section-height-default elementor-section-height-default\" data-id=\"ooqiaxf\" data-element_type=\"section\" data-settings=\"{&quot;jet_parallax_layout_list&quot;:[]}\">\n\t\t\t\t\t\t<div class=\"elementor-container elementor-column-gap-default\">\n\t\t\t\t\t<div class=\"elementor-column elementor-col-100 elementor-top-column elementor-element elementor-element-zxlxjkg\" data-id=\"zxlxjkg\" data-element_type=\"column\">\n\t\t\t<div class=\"elementor-widget-wrap elementor-element-populated\">\n\t\t\t\t\t\t<div class=\"elementor-element elementor-element-nmixycr elementor-widget elementor-widget-image\" data-id=\"nmixycr\" data-element_type=\"widget\" data-widget_type=\"image.default\">\n\t\t\t\t<div class=\"elementor-widget-container\">\n\t\t\t\t\t\t\t\t\t\t\t\t\t<img decoding=\"async\" src=\"https:\/\/www.galprealpidolomiti.it\/old\/wp-content\/uploads\/elementor\/thumbs\/60-belluno-villa-montalban-nl38hdkbewcoqegg7c1136f8stmvcp7yj7jt0bejag.jpeg\" title=\"60-belluno-villa-montalban\" alt=\"60-belluno-villa-montalban\" loading=\"lazy\" \/>\t\t\t\t\t\t\t\t\t\t\t\t\t<\/div>\n\t\t\t\t<\/div>\n\t\t\t\t<div class=\"elementor-element elementor-element-jfgrcxt elementor-widget elementor-widget-text-editor\" data-id=\"jfgrcxt\" data-element_type=\"widget\" data-widget_type=\"text-editor.default\">\n\t\t\t\t<div class=\"elementor-widget-container\">\n\t\t\t\t\t\t\t\u00c8 una domenica quasi di primavera, il cielo \u00e8 terso, blu, il sole splende e nei prati cominciano a far capolino bucaneve e anemoni. Elena e Claudio partono da Fiammoi a piedi, insieme alle nipoti. Fino a villa Montalban c&#8217;\u00e8 da stare attenti \u2013 bambine, sul marciapiede! \u2013 ma dalla villa in poi liberi tutti, il nuovo sentiero attraversa la ferrovia e poi si srotola tra prati e bosco, parallelo alla statale. Appena prima della villa secentesca, si levano le urla di incitazione dei giocatori di rugby. Marta e Giulia si fermano a guardare incantate i lanci e i placcaggi, appese alla rete verde a rombi.\r\n\r\nOggi villa Montalban \u00e8 un edificio quasi brutto, pesantemente rimaneggiato. Fino alla Prima guerra mondiale era una delle ville pi\u00f9 sfarzose della Valbelluna: \u201cQui c&#8217;era un parco enorme, con le statue e i giochi d&#8217;acqua\u201d, racconta il signor Luigi, che nonostante l&#8217;aria frizzantina \u00e8 in maglietta della salute e sta andando a dare una sistemata all&#8217;orto. Tra un po&#8217; il prato di fronte alla villa si riempir\u00e0 di denti di leone. Nelle notti di luna piena, alle finestre centrali si pu\u00f2 scorgere la sagoma della dama della villa: i ragazzini di qui continuano a sfidarsi con storie di fantasmi vecchie di secoli, probabilmente.\r\n\r\nQuesto \u00e8 diventato il sentiero preferito di Marta e Giulia: ci sono i pony e le capre, i pavoni e le papere. Verso la tarda mattinata il tratto tra Safforze e Ponte nelle Alpi si riempie di famiglie a passeggio, runner, gruppi di amiche che chiacchierano fitto occupando tutta la larghezza del sentiero, ciclisti. \u201cDa quando c&#8217;\u00e8 questa stradina \u00e8 come se avessimo scoperto Ponte nelle Alpi\u201d: Stefania \u00e8 qui per una camminata al sole con il suo ragazzo. Ha la pancia bella pronunciata, le mancano solo due mesi e non pu\u00f2 fare grossi sforzi. Mentre racconta di quando da piccola giocava con le amiche di scuola nel prato di fronte alla villa, saluta un amico in bicicletta, che urla un ciao sorpreso senza fermarsi: \u201cStar\u00e0 tornando dall&#8217;Alpago, ieri parlava di andare fino a Santa Croce facendo il giro lungo la Piave, quello dei pastori\u201d.\r\n\r\nIl sentiero che ha ricollegato Safforze a Ponte nelle Alpi \u00e8 una variante del Cammino delle Dolomiti e si allunga in realt\u00e0 da Sargnano a Pian di Vedoia. A Nuova Erto sbuca tra le case, prosegue alto intrufolandosi nella vecchia Polpet, poi si allarga e riprende la via dei campi. In certi orari, nei giorni feriali, pu\u00f2 capitare di non incontrare anima viva e avere tutta per s\u00e9 una pista da corsa spettacolare. Nei giorni di sole e di festa, invece, il percorso \u00e8 bello affollato. A poche centinaia di metri c&#8217;\u00e8 Ponte nelle Alpi \u2013 con la strada trafficata, le industrie, i lavori in corso \u2013 e sembra di stare in aperta campagna. Giulia e Marta sono stanche. All&#8217;altezza di Polpet i nonni deviano verso la gelateria di Ponte: per questa prima domenica di sole si accontentano del primo tratto del sentiero. \u201cPer l&#8217;estate per\u00f2 dobbiamo riuscire ad arrivare fino alla fine, vero?\u201d. Con un gelato in mano, tutto \u00e8 possibile: Giulia e Marta annuiscono distratte, sono impegnate a raccontarsi chiss\u00e0 quali storie, mentre trotterellanno verso la tappa pavoni vicino a Nuova Erto.\t\t\t\t\t\t<\/div>\n\t\t\t\t<\/div>\n\t\t\t\t\t<\/div>\n\t\t<\/div>\n\t\t\t\t\t<\/div>\n\t\t<\/section>\n\t\t\t\t<\/div>\n\t\t","protected":false},"excerpt":{"rendered":"<p>\u00c8 una domenica quasi di primavera, il cielo \u00e8 terso, blu, il sole splende e nei prati cominciano a far capolino bucaneve e anemoni. Elena e Claudio partono da Fiammoi a piedi, insieme alle nipoti. Fino a villa Montalban c&#8217;\u00e8 da stare attenti \u2013 bambine, sul marciapiede! \u2013 ma dalla villa in poi liberi tutti,[&#8230;..]<\/p>\n","protected":false},"author":3,"featured_media":0,"parent":2067,"menu_order":6,"comment_status":"closed","ping_status":"closed","template":"page-template-sidebar.php","meta":{"footnotes":""},"categories":[],"tags":[],"class_list":["post-2453","page","type-page","status-publish","hentry"],"yoast_head":"<!-- This site is optimized with the Yoast SEO plugin v25.7 - https:\/\/yoast.com\/wordpress\/plugins\/seo\/ -->\n<title>Tutte le facce di un sentiero - GAL Prealpi e Dolomiti<\/title>\n<meta name=\"robots\" content=\"index, follow, max-snippet:-1, max-image-preview:large, max-video-preview:-1\" \/>\n<link rel=\"canonical\" href=\"https:\/\/galprealpidolomiti.it\/facciamolo-noi\/i-post\/tutte-le-facce-un-sentiero\/\" \/>\n<meta property=\"og:locale\" content=\"it_IT\" \/>\n<meta property=\"og:type\" content=\"article\" \/>\n<meta property=\"og:title\" content=\"Tutte le facce di un sentiero - GAL Prealpi e Dolomiti\" \/>\n<meta property=\"og:description\" content=\"\u00c8 una domenica quasi di primavera, il cielo \u00e8 terso, blu, il sole splende e nei prati cominciano a far capolino bucaneve e anemoni. Elena e Claudio partono da Fiammoi a piedi, insieme alle nipoti. Fino a villa Montalban c&#8217;\u00e8 da stare attenti \u2013 bambine, sul marciapiede! \u2013 ma dalla villa in poi liberi tutti,[.....]\" \/>\n<meta property=\"og:url\" content=\"https:\/\/galprealpidolomiti.it\/facciamolo-noi\/i-post\/tutte-le-facce-un-sentiero\/\" \/>\n<meta property=\"og:site_name\" content=\"GAL Prealpi e Dolomiti\" \/>\n<meta property=\"article:modified_time\" content=\"2017-04-26T14:24:42+00:00\" \/>\n<meta property=\"og:image\" content=\"https:\/\/galprealpidolomiti.it\/wp-content\/uploads\/elementor\/thumbs\/60-belluno-villa-montalban-n7mse72k3edbrzpfeny5l7umjwr8gbbcrzksl4quco.jpeg\" \/>\n<meta name=\"twitter:card\" content=\"summary_large_image\" \/>\n<meta name=\"twitter:label1\" content=\"Tempo di lettura stimato\" \/>\n\t<meta name=\"twitter:data1\" content=\"3 minuti\" \/>\n<script type=\"application\/ld+json\" class=\"yoast-schema-graph\">{\"@context\":\"https:\/\/schema.org\",\"@graph\":[{\"@type\":\"WebPage\",\"@id\":\"https:\/\/galprealpidolomiti.it\/facciamolo-noi\/i-post\/tutte-le-facce-un-sentiero\/\",\"url\":\"https:\/\/galprealpidolomiti.it\/facciamolo-noi\/i-post\/tutte-le-facce-un-sentiero\/\",\"name\":\"Tutte le facce di un sentiero - GAL Prealpi e Dolomiti\",\"isPartOf\":{\"@id\":\"https:\/\/galprealpidolomiti.it\/#website\"},\"primaryImageOfPage\":{\"@id\":\"https:\/\/galprealpidolomiti.it\/facciamolo-noi\/i-post\/tutte-le-facce-un-sentiero\/#primaryimage\"},\"image\":{\"@id\":\"https:\/\/galprealpidolomiti.it\/facciamolo-noi\/i-post\/tutte-le-facce-un-sentiero\/#primaryimage\"},\"thumbnailUrl\":\"https:\/\/galprealpidolomiti.it\/wp-content\/uploads\/elementor\/thumbs\/60-belluno-villa-montalban-n7mse72k3edbrzpfeny5l7umjwr8gbbcrzksl4quco.jpeg\",\"datePublished\":\"2017-04-26T07:28:25+00:00\",\"dateModified\":\"2017-04-26T14:24:42+00:00\",\"breadcrumb\":{\"@id\":\"https:\/\/galprealpidolomiti.it\/facciamolo-noi\/i-post\/tutte-le-facce-un-sentiero\/#breadcrumb\"},\"inLanguage\":\"it-IT\",\"potentialAction\":[{\"@type\":\"ReadAction\",\"target\":[\"https:\/\/galprealpidolomiti.it\/facciamolo-noi\/i-post\/tutte-le-facce-un-sentiero\/\"]}]},{\"@type\":\"ImageObject\",\"inLanguage\":\"it-IT\",\"@id\":\"https:\/\/galprealpidolomiti.it\/facciamolo-noi\/i-post\/tutte-le-facce-un-sentiero\/#primaryimage\",\"url\":\"https:\/\/galprealpidolomiti.it\/wp-content\/uploads\/elementor\/thumbs\/60-belluno-villa-montalban-n7mse72k3edbrzpfeny5l7umjwr8gbbcrzksl4quco.jpeg\",\"contentUrl\":\"https:\/\/galprealpidolomiti.it\/wp-content\/uploads\/elementor\/thumbs\/60-belluno-villa-montalban-n7mse72k3edbrzpfeny5l7umjwr8gbbcrzksl4quco.jpeg\"},{\"@type\":\"BreadcrumbList\",\"@id\":\"https:\/\/galprealpidolomiti.it\/facciamolo-noi\/i-post\/tutte-le-facce-un-sentiero\/#breadcrumb\",\"itemListElement\":[{\"@type\":\"ListItem\",\"position\":1,\"name\":\"Home\",\"item\":\"https:\/\/galprealpidolomiti.it\/\"},{\"@type\":\"ListItem\",\"position\":2,\"name\":\"Facciamolo noi 2007-2013\",\"item\":\"https:\/\/galprealpidolomiti.it\/facciamolo-noi\/\"},{\"@type\":\"ListItem\",\"position\":3,\"name\":\"I Post\",\"item\":\"https:\/\/galprealpidolomiti.it\/facciamolo-noi\/i-post\/\"},{\"@type\":\"ListItem\",\"position\":4,\"name\":\"Tutte le facce di un sentiero\"}]},{\"@type\":\"WebSite\",\"@id\":\"https:\/\/galprealpidolomiti.it\/#website\",\"url\":\"https:\/\/galprealpidolomiti.it\/\",\"name\":\"GAL Prealpi e Dolomiti\",\"description\":\"Gruppo di Azione Locale\",\"publisher\":{\"@id\":\"https:\/\/galprealpidolomiti.it\/#organization\"},\"potentialAction\":[{\"@type\":\"SearchAction\",\"target\":{\"@type\":\"EntryPoint\",\"urlTemplate\":\"https:\/\/galprealpidolomiti.it\/?s={search_term_string}\"},\"query-input\":{\"@type\":\"PropertyValueSpecification\",\"valueRequired\":true,\"valueName\":\"search_term_string\"}}],\"inLanguage\":\"it-IT\"},{\"@type\":\"Organization\",\"@id\":\"https:\/\/galprealpidolomiti.it\/#organization\",\"name\":\"GAL Prealpi e Dolomiti\",\"url\":\"https:\/\/galprealpidolomiti.it\/\",\"logo\":{\"@type\":\"ImageObject\",\"inLanguage\":\"it-IT\",\"@id\":\"https:\/\/galprealpidolomiti.it\/#\/schema\/logo\/image\/\",\"url\":\"https:\/\/www.galprealpidolomiti.it\/old\/wp-content\/uploads\/2020\/03\/striscia-5-loghi.png\",\"contentUrl\":\"https:\/\/www.galprealpidolomiti.it\/old\/wp-content\/uploads\/2020\/03\/striscia-5-loghi.png\",\"width\":1177,\"height\":228,\"caption\":\"GAL Prealpi e Dolomiti\"},\"image\":{\"@id\":\"https:\/\/galprealpidolomiti.it\/#\/schema\/logo\/image\/\"}}]}<\/script>\n<!-- \/ Yoast SEO plugin. -->","yoast_head_json":{"title":"Tutte le facce di un sentiero - GAL Prealpi e Dolomiti","robots":{"index":"index","follow":"follow","max-snippet":"max-snippet:-1","max-image-preview":"max-image-preview:large","max-video-preview":"max-video-preview:-1"},"canonical":"https:\/\/galprealpidolomiti.it\/facciamolo-noi\/i-post\/tutte-le-facce-un-sentiero\/","og_locale":"it_IT","og_type":"article","og_title":"Tutte le facce di un sentiero - GAL Prealpi e Dolomiti","og_description":"\u00c8 una domenica quasi di primavera, il cielo \u00e8 terso, blu, il sole splende e nei prati cominciano a far capolino bucaneve e anemoni. Elena e Claudio partono da Fiammoi a piedi, insieme alle nipoti. Fino a villa Montalban c&#8217;\u00e8 da stare attenti \u2013 bambine, sul marciapiede! \u2013 ma dalla villa in poi liberi tutti,[.....]","og_url":"https:\/\/galprealpidolomiti.it\/facciamolo-noi\/i-post\/tutte-le-facce-un-sentiero\/","og_site_name":"GAL Prealpi e Dolomiti","article_modified_time":"2017-04-26T14:24:42+00:00","og_image":[{"url":"https:\/\/galprealpidolomiti.it\/wp-content\/uploads\/elementor\/thumbs\/60-belluno-villa-montalban-n7mse72k3edbrzpfeny5l7umjwr8gbbcrzksl4quco.jpeg","type":"","width":"","height":""}],"twitter_card":"summary_large_image","twitter_misc":{"Tempo di lettura stimato":"3 minuti"},"schema":{"@context":"https:\/\/schema.org","@graph":[{"@type":"WebPage","@id":"https:\/\/galprealpidolomiti.it\/facciamolo-noi\/i-post\/tutte-le-facce-un-sentiero\/","url":"https:\/\/galprealpidolomiti.it\/facciamolo-noi\/i-post\/tutte-le-facce-un-sentiero\/","name":"Tutte le facce di un sentiero - GAL Prealpi e Dolomiti","isPartOf":{"@id":"https:\/\/galprealpidolomiti.it\/#website"},"primaryImageOfPage":{"@id":"https:\/\/galprealpidolomiti.it\/facciamolo-noi\/i-post\/tutte-le-facce-un-sentiero\/#primaryimage"},"image":{"@id":"https:\/\/galprealpidolomiti.it\/facciamolo-noi\/i-post\/tutte-le-facce-un-sentiero\/#primaryimage"},"thumbnailUrl":"https:\/\/galprealpidolomiti.it\/wp-content\/uploads\/elementor\/thumbs\/60-belluno-villa-montalban-n7mse72k3edbrzpfeny5l7umjwr8gbbcrzksl4quco.jpeg","datePublished":"2017-04-26T07:28:25+00:00","dateModified":"2017-04-26T14:24:42+00:00","breadcrumb":{"@id":"https:\/\/galprealpidolomiti.it\/facciamolo-noi\/i-post\/tutte-le-facce-un-sentiero\/#breadcrumb"},"inLanguage":"it-IT","potentialAction":[{"@type":"ReadAction","target":["https:\/\/galprealpidolomiti.it\/facciamolo-noi\/i-post\/tutte-le-facce-un-sentiero\/"]}]},{"@type":"ImageObject","inLanguage":"it-IT","@id":"https:\/\/galprealpidolomiti.it\/facciamolo-noi\/i-post\/tutte-le-facce-un-sentiero\/#primaryimage","url":"https:\/\/galprealpidolomiti.it\/wp-content\/uploads\/elementor\/thumbs\/60-belluno-villa-montalban-n7mse72k3edbrzpfeny5l7umjwr8gbbcrzksl4quco.jpeg","contentUrl":"https:\/\/galprealpidolomiti.it\/wp-content\/uploads\/elementor\/thumbs\/60-belluno-villa-montalban-n7mse72k3edbrzpfeny5l7umjwr8gbbcrzksl4quco.jpeg"},{"@type":"BreadcrumbList","@id":"https:\/\/galprealpidolomiti.it\/facciamolo-noi\/i-post\/tutte-le-facce-un-sentiero\/#breadcrumb","itemListElement":[{"@type":"ListItem","position":1,"name":"Home","item":"https:\/\/galprealpidolomiti.it\/"},{"@type":"ListItem","position":2,"name":"Facciamolo noi 2007-2013","item":"https:\/\/galprealpidolomiti.it\/facciamolo-noi\/"},{"@type":"ListItem","position":3,"name":"I Post","item":"https:\/\/galprealpidolomiti.it\/facciamolo-noi\/i-post\/"},{"@type":"ListItem","position":4,"name":"Tutte le facce di un sentiero"}]},{"@type":"WebSite","@id":"https:\/\/galprealpidolomiti.it\/#website","url":"https:\/\/galprealpidolomiti.it\/","name":"GAL Prealpi e Dolomiti","description":"Gruppo di Azione Locale","publisher":{"@id":"https:\/\/galprealpidolomiti.it\/#organization"},"potentialAction":[{"@type":"SearchAction","target":{"@type":"EntryPoint","urlTemplate":"https:\/\/galprealpidolomiti.it\/?s={search_term_string}"},"query-input":{"@type":"PropertyValueSpecification","valueRequired":true,"valueName":"search_term_string"}}],"inLanguage":"it-IT"},{"@type":"Organization","@id":"https:\/\/galprealpidolomiti.it\/#organization","name":"GAL Prealpi e Dolomiti","url":"https:\/\/galprealpidolomiti.it\/","logo":{"@type":"ImageObject","inLanguage":"it-IT","@id":"https:\/\/galprealpidolomiti.it\/#\/schema\/logo\/image\/","url":"https:\/\/www.galprealpidolomiti.it\/old\/wp-content\/uploads\/2020\/03\/striscia-5-loghi.png","contentUrl":"https:\/\/www.galprealpidolomiti.it\/old\/wp-content\/uploads\/2020\/03\/striscia-5-loghi.png","width":1177,"height":228,"caption":"GAL Prealpi e Dolomiti"},"image":{"@id":"https:\/\/galprealpidolomiti.it\/#\/schema\/logo\/image\/"}}]}},"_links":{"self":[{"href":"https:\/\/www.galprealpidolomiti.it\/old\/wp-json\/wp\/v2\/pages\/2453","targetHints":{"allow":["GET"]}}],"collection":[{"href":"https:\/\/www.galprealpidolomiti.it\/old\/wp-json\/wp\/v2\/pages"}],"about":[{"href":"https:\/\/www.galprealpidolomiti.it\/old\/wp-json\/wp\/v2\/types\/page"}],"author":[{"embeddable":true,"href":"https:\/\/www.galprealpidolomiti.it\/old\/wp-json\/wp\/v2\/users\/3"}],"replies":[{"embeddable":true,"href":"https:\/\/www.galprealpidolomiti.it\/old\/wp-json\/wp\/v2\/comments?post=2453"}],"version-history":[{"count":0,"href":"https:\/\/www.galprealpidolomiti.it\/old\/wp-json\/wp\/v2\/pages\/2453\/revisions"}],"up":[{"embeddable":true,"href":"https:\/\/www.galprealpidolomiti.it\/old\/wp-json\/wp\/v2\/pages\/2067"}],"wp:attachment":[{"href":"https:\/\/www.galprealpidolomiti.it\/old\/wp-json\/wp\/v2\/media?parent=2453"}],"wp:term":[{"taxonomy":"category","embeddable":true,"href":"https:\/\/www.galprealpidolomiti.it\/old\/wp-json\/wp\/v2\/categories?post=2453"},{"taxonomy":"post_tag","embeddable":true,"href":"https:\/\/www.galprealpidolomiti.it\/old\/wp-json\/wp\/v2\/tags?post=2453"}],"curies":[{"name":"wp","href":"https:\/\/api.w.org\/{rel}","templated":true}]}}