{"id":2436,"date":"2017-04-26T08:52:14","date_gmt":"2017-04-26T06:52:14","guid":{"rendered":"https:\/\/galprealpidolomiti.it\/?page_id=2436"},"modified":"2017-04-26T16:21:21","modified_gmt":"2017-04-26T14:21:21","slug":"non-sara-seren-forse-si","status":"publish","type":"page","link":"https:\/\/www.galprealpidolomiti.it\/old\/facciamolo-noi\/i-post\/non-sara-seren-forse-si\/","title":{"rendered":"Se non sar\u00e0 Seren.. ma forse si"},"content":{"rendered":"\t\t<div data-elementor-type=\"wp-post\" data-elementor-id=\"2436\" class=\"elementor elementor-2436 elementor-bc-flex-widget\" data-elementor-post-type=\"page\">\n\t\t\t\t\t\t<section class=\"elementor-section elementor-top-section elementor-element elementor-element-ssuyuit elementor-section-boxed elementor-section-height-default elementor-section-height-default\" data-id=\"ssuyuit\" data-element_type=\"section\" data-settings=\"{&quot;jet_parallax_layout_list&quot;:[]}\">\n\t\t\t\t\t\t<div class=\"elementor-container elementor-column-gap-default\">\n\t\t\t\t\t<div class=\"elementor-column elementor-col-100 elementor-top-column elementor-element elementor-element-tyvtbul\" data-id=\"tyvtbul\" data-element_type=\"column\">\n\t\t\t<div class=\"elementor-widget-wrap elementor-element-populated\">\n\t\t\t\t\t\t<div class=\"elementor-element elementor-element-1j89qmg elementor-widget elementor-widget-image\" data-id=\"1j89qmg\" data-element_type=\"widget\" data-widget_type=\"image.default\">\n\t\t\t\t<div class=\"elementor-widget-container\">\n\t\t\t\t\t\t\t\t\t\t\t\t\t<img decoding=\"async\" src=\"https:\/\/www.galprealpidolomiti.it\/old\/wp-content\/uploads\/elementor\/thumbs\/imm_sev_video_03-1024x1024-nl36t52ng3w6pzyaxsopsvmucwj32z3792imuyps14.jpg\" title=\"imm_sev_video_03-1024&#215;1024\" alt=\"imm_sev_video_03-1024x1024\" loading=\"lazy\" \/>\t\t\t\t\t\t\t\t\t\t\t\t\t<\/div>\n\t\t\t\t<\/div>\n\t\t\t\t<div class=\"elementor-element elementor-element-iyzxfqv elementor-widget elementor-widget-text-editor\" data-id=\"iyzxfqv\" data-element_type=\"widget\" data-widget_type=\"text-editor.default\">\n\t\t\t\t<div class=\"elementor-widget-container\">\n\t\t\t\t\t\t\tA una prima occhiata, decisamente verde, verrebbe da rivolgersi a lei &#8211; sterminata e silenziosa &#8211; all\u2019imperfetto. La valle di Seren da l\u00ec, attaccata alle \u201ccotole\u201d del Montegrappa, non si \u00e8 mai mossa. Da l\u00ec per\u00f2 si sono mossi in tanti, molti. Quasi tutti. Si sono mossi e se ne sono andati gli abitanti. La gente di Seren, che dalla seconda met\u00e0 dll\u2019800 in poi, tra tre guerre (mondiale, mondiale e fredda) e nuovi cicli, hanno lasciato i tanti paesi arroccati tra abeti e faggi e non sono pi\u00f9 tornati. Erano in duemila, sono in quaranta.\r\n\r\nRivolgersi e raccontare la valle al passato per\u00f2 sarebbe un errore, nonch\u00e9 un\u2019indelicatezza nei confronti di quei 40, di chi \u00e8 tornato e di chi da l\u00ec non si \u00e8 mai mosso. Chi, deciso, sicuro e ben piantato come un fojarol &#8211; le abitazioni di pietra con il tetto ricoperto di fasci di faggio, tipiche della zona &#8211; in valle \u00e8 nato e in valle \u00e8 rimasto. \u00c8 rimasto Elio, ambasciatore del \u201candar a scale\u201d nonch\u00e9 unico abitante di Col de la Fontana e sono tornati i coniugi Turrin, 170 anni in due con gli occhi di ha chi ha un futuro eterno. E nel frattempo, aspettandolo, distilla. O Andrea, che dei Turrin \u00e8 figlio, che con Rosemary ha deciso di fare della valle la culla del biodinamico applicato a viti e erbe officinali.\r\n\r\nInsomma la valle c\u2019\u00e8, ancora o di nuovo. E sul suo futuro ha deciso di investire Oscar, tedesco innamorato di quel fitto silenzio, che insieme ad altri, coinvolgendo enti e istituzioni, ha dato vita alla Fondazione Val di Seren, in cui ha preso la casa che fu dei Bof, come il colle. Nella valle credono anche Leonardo e Beatrice, che negli anni \u201980 hanno deciso di creare l\u00ec il proprio domani; tornando, lavorando, ricostruendo e iniziando l\u2019avventura de L\u2019albero degli alberi, che \u00e8 agriturismo e orto didattico, luogo dalla corteccia dura, resistente e vero.\r\n\r\nL\u00ec, tra i 120 chilometri di strade che aggrovigliano i paesi e imbrogliano i turisti, la gente lavora, spera, immagina. E si interroga, cercando di capire da che parte andr\u00e0 il tempo. Se dalla loro o &#8211; di nuovo &#8211; lontano da l\u00ec. Questa \u00e8 la val di Seren, che ha saputo mantenere viva la fiammella dell\u2019esistenza coprendola con la mano degli antichi saperi, dell\u2019artigianato, di un entusiasmo di poche parole, intimo, ma puro. Baster\u00e0 ad accendere una comunit\u00e0?\t\t\t\t\t\t<\/div>\n\t\t\t\t<\/div>\n\t\t\t\t\t<\/div>\n\t\t<\/div>\n\t\t\t\t\t<\/div>\n\t\t<\/section>\n\t\t\t\t<\/div>\n\t\t","protected":false},"excerpt":{"rendered":"<p>A una prima occhiata, decisamente verde, verrebbe da rivolgersi a lei &#8211; sterminata e silenziosa &#8211; all\u2019imperfetto. La valle di Seren da l\u00ec, attaccata alle \u201ccotole\u201d del Montegrappa, non si \u00e8 mai mossa. Da l\u00ec per\u00f2 si sono mossi in tanti, molti. Quasi tutti. Si sono mossi e se ne sono andati gli abitanti. La[&#8230;..]<\/p>\n","protected":false},"author":3,"featured_media":0,"parent":2067,"menu_order":6,"comment_status":"closed","ping_status":"closed","template":"page-template-sidebar.php","meta":{"footnotes":""},"categories":[],"tags":[],"class_list":["post-2436","page","type-page","status-publish","hentry"],"yoast_head":"<!-- This site is optimized with the Yoast SEO plugin v25.7 - https:\/\/yoast.com\/wordpress\/plugins\/seo\/ -->\n<title>Se non sar\u00e0 Seren.. ma forse si - GAL Prealpi e Dolomiti<\/title>\n<meta name=\"robots\" content=\"index, follow, max-snippet:-1, max-image-preview:large, max-video-preview:-1\" \/>\n<link rel=\"canonical\" href=\"https:\/\/galprealpidolomiti.it\/facciamolo-noi\/i-post\/non-sara-seren-forse-si\/\" \/>\n<meta property=\"og:locale\" content=\"it_IT\" \/>\n<meta property=\"og:type\" content=\"article\" \/>\n<meta property=\"og:title\" content=\"Se non sar\u00e0 Seren.. ma forse si - GAL Prealpi e Dolomiti\" \/>\n<meta property=\"og:description\" content=\"A una prima occhiata, decisamente verde, verrebbe da rivolgersi a lei &#8211; sterminata e silenziosa &#8211; all\u2019imperfetto. La valle di Seren da l\u00ec, attaccata alle \u201ccotole\u201d del Montegrappa, non si \u00e8 mai mossa. Da l\u00ec per\u00f2 si sono mossi in tanti, molti. Quasi tutti. Si sono mossi e se ne sono andati gli abitanti. La[.....]\" \/>\n<meta property=\"og:url\" content=\"https:\/\/galprealpidolomiti.it\/facciamolo-noi\/i-post\/non-sara-seren-forse-si\/\" \/>\n<meta property=\"og:site_name\" content=\"GAL Prealpi e Dolomiti\" \/>\n<meta property=\"article:modified_time\" content=\"2017-04-26T14:21:21+00:00\" \/>\n<meta property=\"og:image\" content=\"https:\/\/galprealpidolomiti.it\/wp-content\/uploads\/elementor\/thumbs\/imm_sev_video_03-1024x1024-n7n6tcbkqb1i2rm8ykha7pols3yaq7adtis1lt03s8.jpg\" \/>\n<meta name=\"twitter:card\" content=\"summary_large_image\" \/>\n<meta name=\"twitter:label1\" content=\"Tempo di lettura stimato\" \/>\n\t<meta name=\"twitter:data1\" content=\"2 minuti\" \/>\n<script type=\"application\/ld+json\" class=\"yoast-schema-graph\">{\"@context\":\"https:\/\/schema.org\",\"@graph\":[{\"@type\":\"WebPage\",\"@id\":\"https:\/\/galprealpidolomiti.it\/facciamolo-noi\/i-post\/non-sara-seren-forse-si\/\",\"url\":\"https:\/\/galprealpidolomiti.it\/facciamolo-noi\/i-post\/non-sara-seren-forse-si\/\",\"name\":\"Se non sar\u00e0 Seren.. ma forse si - GAL Prealpi e Dolomiti\",\"isPartOf\":{\"@id\":\"https:\/\/galprealpidolomiti.it\/#website\"},\"primaryImageOfPage\":{\"@id\":\"https:\/\/galprealpidolomiti.it\/facciamolo-noi\/i-post\/non-sara-seren-forse-si\/#primaryimage\"},\"image\":{\"@id\":\"https:\/\/galprealpidolomiti.it\/facciamolo-noi\/i-post\/non-sara-seren-forse-si\/#primaryimage\"},\"thumbnailUrl\":\"https:\/\/galprealpidolomiti.it\/wp-content\/uploads\/elementor\/thumbs\/imm_sev_video_03-1024x1024-n7n6tcbkqb1i2rm8ykha7pols3yaq7adtis1lt03s8.jpg\",\"datePublished\":\"2017-04-26T06:52:14+00:00\",\"dateModified\":\"2017-04-26T14:21:21+00:00\",\"breadcrumb\":{\"@id\":\"https:\/\/galprealpidolomiti.it\/facciamolo-noi\/i-post\/non-sara-seren-forse-si\/#breadcrumb\"},\"inLanguage\":\"it-IT\",\"potentialAction\":[{\"@type\":\"ReadAction\",\"target\":[\"https:\/\/galprealpidolomiti.it\/facciamolo-noi\/i-post\/non-sara-seren-forse-si\/\"]}]},{\"@type\":\"ImageObject\",\"inLanguage\":\"it-IT\",\"@id\":\"https:\/\/galprealpidolomiti.it\/facciamolo-noi\/i-post\/non-sara-seren-forse-si\/#primaryimage\",\"url\":\"https:\/\/galprealpidolomiti.it\/wp-content\/uploads\/elementor\/thumbs\/imm_sev_video_03-1024x1024-n7n6tcbkqb1i2rm8ykha7pols3yaq7adtis1lt03s8.jpg\",\"contentUrl\":\"https:\/\/galprealpidolomiti.it\/wp-content\/uploads\/elementor\/thumbs\/imm_sev_video_03-1024x1024-n7n6tcbkqb1i2rm8ykha7pols3yaq7adtis1lt03s8.jpg\"},{\"@type\":\"BreadcrumbList\",\"@id\":\"https:\/\/galprealpidolomiti.it\/facciamolo-noi\/i-post\/non-sara-seren-forse-si\/#breadcrumb\",\"itemListElement\":[{\"@type\":\"ListItem\",\"position\":1,\"name\":\"Home\",\"item\":\"https:\/\/galprealpidolomiti.it\/\"},{\"@type\":\"ListItem\",\"position\":2,\"name\":\"Facciamolo noi 2007-2013\",\"item\":\"https:\/\/galprealpidolomiti.it\/facciamolo-noi\/\"},{\"@type\":\"ListItem\",\"position\":3,\"name\":\"I Post\",\"item\":\"https:\/\/galprealpidolomiti.it\/facciamolo-noi\/i-post\/\"},{\"@type\":\"ListItem\",\"position\":4,\"name\":\"Se non sar\u00e0 Seren.. ma forse si\"}]},{\"@type\":\"WebSite\",\"@id\":\"https:\/\/galprealpidolomiti.it\/#website\",\"url\":\"https:\/\/galprealpidolomiti.it\/\",\"name\":\"GAL Prealpi e Dolomiti\",\"description\":\"Gruppo di Azione Locale\",\"publisher\":{\"@id\":\"https:\/\/galprealpidolomiti.it\/#organization\"},\"potentialAction\":[{\"@type\":\"SearchAction\",\"target\":{\"@type\":\"EntryPoint\",\"urlTemplate\":\"https:\/\/galprealpidolomiti.it\/?s={search_term_string}\"},\"query-input\":{\"@type\":\"PropertyValueSpecification\",\"valueRequired\":true,\"valueName\":\"search_term_string\"}}],\"inLanguage\":\"it-IT\"},{\"@type\":\"Organization\",\"@id\":\"https:\/\/galprealpidolomiti.it\/#organization\",\"name\":\"GAL Prealpi e Dolomiti\",\"url\":\"https:\/\/galprealpidolomiti.it\/\",\"logo\":{\"@type\":\"ImageObject\",\"inLanguage\":\"it-IT\",\"@id\":\"https:\/\/galprealpidolomiti.it\/#\/schema\/logo\/image\/\",\"url\":\"https:\/\/www.galprealpidolomiti.it\/old\/wp-content\/uploads\/2020\/03\/striscia-5-loghi.png\",\"contentUrl\":\"https:\/\/www.galprealpidolomiti.it\/old\/wp-content\/uploads\/2020\/03\/striscia-5-loghi.png\",\"width\":1177,\"height\":228,\"caption\":\"GAL Prealpi e Dolomiti\"},\"image\":{\"@id\":\"https:\/\/galprealpidolomiti.it\/#\/schema\/logo\/image\/\"}}]}<\/script>\n<!-- \/ Yoast SEO plugin. -->","yoast_head_json":{"title":"Se non sar\u00e0 Seren.. ma forse si - GAL Prealpi e Dolomiti","robots":{"index":"index","follow":"follow","max-snippet":"max-snippet:-1","max-image-preview":"max-image-preview:large","max-video-preview":"max-video-preview:-1"},"canonical":"https:\/\/galprealpidolomiti.it\/facciamolo-noi\/i-post\/non-sara-seren-forse-si\/","og_locale":"it_IT","og_type":"article","og_title":"Se non sar\u00e0 Seren.. ma forse si - GAL Prealpi e Dolomiti","og_description":"A una prima occhiata, decisamente verde, verrebbe da rivolgersi a lei &#8211; sterminata e silenziosa &#8211; all\u2019imperfetto. La valle di Seren da l\u00ec, attaccata alle \u201ccotole\u201d del Montegrappa, non si \u00e8 mai mossa. Da l\u00ec per\u00f2 si sono mossi in tanti, molti. Quasi tutti. Si sono mossi e se ne sono andati gli abitanti. La[.....]","og_url":"https:\/\/galprealpidolomiti.it\/facciamolo-noi\/i-post\/non-sara-seren-forse-si\/","og_site_name":"GAL Prealpi e Dolomiti","article_modified_time":"2017-04-26T14:21:21+00:00","og_image":[{"url":"https:\/\/galprealpidolomiti.it\/wp-content\/uploads\/elementor\/thumbs\/imm_sev_video_03-1024x1024-n7n6tcbkqb1i2rm8ykha7pols3yaq7adtis1lt03s8.jpg","type":"","width":"","height":""}],"twitter_card":"summary_large_image","twitter_misc":{"Tempo di lettura stimato":"2 minuti"},"schema":{"@context":"https:\/\/schema.org","@graph":[{"@type":"WebPage","@id":"https:\/\/galprealpidolomiti.it\/facciamolo-noi\/i-post\/non-sara-seren-forse-si\/","url":"https:\/\/galprealpidolomiti.it\/facciamolo-noi\/i-post\/non-sara-seren-forse-si\/","name":"Se non sar\u00e0 Seren.. ma forse si - GAL Prealpi e Dolomiti","isPartOf":{"@id":"https:\/\/galprealpidolomiti.it\/#website"},"primaryImageOfPage":{"@id":"https:\/\/galprealpidolomiti.it\/facciamolo-noi\/i-post\/non-sara-seren-forse-si\/#primaryimage"},"image":{"@id":"https:\/\/galprealpidolomiti.it\/facciamolo-noi\/i-post\/non-sara-seren-forse-si\/#primaryimage"},"thumbnailUrl":"https:\/\/galprealpidolomiti.it\/wp-content\/uploads\/elementor\/thumbs\/imm_sev_video_03-1024x1024-n7n6tcbkqb1i2rm8ykha7pols3yaq7adtis1lt03s8.jpg","datePublished":"2017-04-26T06:52:14+00:00","dateModified":"2017-04-26T14:21:21+00:00","breadcrumb":{"@id":"https:\/\/galprealpidolomiti.it\/facciamolo-noi\/i-post\/non-sara-seren-forse-si\/#breadcrumb"},"inLanguage":"it-IT","potentialAction":[{"@type":"ReadAction","target":["https:\/\/galprealpidolomiti.it\/facciamolo-noi\/i-post\/non-sara-seren-forse-si\/"]}]},{"@type":"ImageObject","inLanguage":"it-IT","@id":"https:\/\/galprealpidolomiti.it\/facciamolo-noi\/i-post\/non-sara-seren-forse-si\/#primaryimage","url":"https:\/\/galprealpidolomiti.it\/wp-content\/uploads\/elementor\/thumbs\/imm_sev_video_03-1024x1024-n7n6tcbkqb1i2rm8ykha7pols3yaq7adtis1lt03s8.jpg","contentUrl":"https:\/\/galprealpidolomiti.it\/wp-content\/uploads\/elementor\/thumbs\/imm_sev_video_03-1024x1024-n7n6tcbkqb1i2rm8ykha7pols3yaq7adtis1lt03s8.jpg"},{"@type":"BreadcrumbList","@id":"https:\/\/galprealpidolomiti.it\/facciamolo-noi\/i-post\/non-sara-seren-forse-si\/#breadcrumb","itemListElement":[{"@type":"ListItem","position":1,"name":"Home","item":"https:\/\/galprealpidolomiti.it\/"},{"@type":"ListItem","position":2,"name":"Facciamolo noi 2007-2013","item":"https:\/\/galprealpidolomiti.it\/facciamolo-noi\/"},{"@type":"ListItem","position":3,"name":"I Post","item":"https:\/\/galprealpidolomiti.it\/facciamolo-noi\/i-post\/"},{"@type":"ListItem","position":4,"name":"Se non sar\u00e0 Seren.. ma forse si"}]},{"@type":"WebSite","@id":"https:\/\/galprealpidolomiti.it\/#website","url":"https:\/\/galprealpidolomiti.it\/","name":"GAL Prealpi e Dolomiti","description":"Gruppo di Azione Locale","publisher":{"@id":"https:\/\/galprealpidolomiti.it\/#organization"},"potentialAction":[{"@type":"SearchAction","target":{"@type":"EntryPoint","urlTemplate":"https:\/\/galprealpidolomiti.it\/?s={search_term_string}"},"query-input":{"@type":"PropertyValueSpecification","valueRequired":true,"valueName":"search_term_string"}}],"inLanguage":"it-IT"},{"@type":"Organization","@id":"https:\/\/galprealpidolomiti.it\/#organization","name":"GAL Prealpi e Dolomiti","url":"https:\/\/galprealpidolomiti.it\/","logo":{"@type":"ImageObject","inLanguage":"it-IT","@id":"https:\/\/galprealpidolomiti.it\/#\/schema\/logo\/image\/","url":"https:\/\/www.galprealpidolomiti.it\/old\/wp-content\/uploads\/2020\/03\/striscia-5-loghi.png","contentUrl":"https:\/\/www.galprealpidolomiti.it\/old\/wp-content\/uploads\/2020\/03\/striscia-5-loghi.png","width":1177,"height":228,"caption":"GAL Prealpi e Dolomiti"},"image":{"@id":"https:\/\/galprealpidolomiti.it\/#\/schema\/logo\/image\/"}}]}},"_links":{"self":[{"href":"https:\/\/www.galprealpidolomiti.it\/old\/wp-json\/wp\/v2\/pages\/2436","targetHints":{"allow":["GET"]}}],"collection":[{"href":"https:\/\/www.galprealpidolomiti.it\/old\/wp-json\/wp\/v2\/pages"}],"about":[{"href":"https:\/\/www.galprealpidolomiti.it\/old\/wp-json\/wp\/v2\/types\/page"}],"author":[{"embeddable":true,"href":"https:\/\/www.galprealpidolomiti.it\/old\/wp-json\/wp\/v2\/users\/3"}],"replies":[{"embeddable":true,"href":"https:\/\/www.galprealpidolomiti.it\/old\/wp-json\/wp\/v2\/comments?post=2436"}],"version-history":[{"count":0,"href":"https:\/\/www.galprealpidolomiti.it\/old\/wp-json\/wp\/v2\/pages\/2436\/revisions"}],"up":[{"embeddable":true,"href":"https:\/\/www.galprealpidolomiti.it\/old\/wp-json\/wp\/v2\/pages\/2067"}],"wp:attachment":[{"href":"https:\/\/www.galprealpidolomiti.it\/old\/wp-json\/wp\/v2\/media?parent=2436"}],"wp:term":[{"taxonomy":"category","embeddable":true,"href":"https:\/\/www.galprealpidolomiti.it\/old\/wp-json\/wp\/v2\/categories?post=2436"},{"taxonomy":"post_tag","embeddable":true,"href":"https:\/\/www.galprealpidolomiti.it\/old\/wp-json\/wp\/v2\/tags?post=2436"}],"curies":[{"name":"wp","href":"https:\/\/api.w.org\/{rel}","templated":true}]}}