{"id":2370,"date":"2017-04-21T16:40:52","date_gmt":"2017-04-21T14:40:52","guid":{"rendered":"https:\/\/galprealpidolomiti.it\/?page_id=2370"},"modified":"2017-04-26T16:13:06","modified_gmt":"2017-04-26T14:13:06","slug":"nuove-strade-pacifici-assalti","status":"publish","type":"page","link":"https:\/\/www.galprealpidolomiti.it\/old\/facciamolo-noi\/i-post\/nuove-strade-pacifici-assalti\/","title":{"rendered":"Nuove strade per pacifici assalti"},"content":{"rendered":"\t\t<div data-elementor-type=\"wp-post\" data-elementor-id=\"2370\" class=\"elementor elementor-2370 elementor-bc-flex-widget\" data-elementor-post-type=\"page\">\n\t\t\t\t\t\t<section class=\"elementor-section elementor-top-section elementor-element elementor-element-ciubegk elementor-section-boxed elementor-section-height-default elementor-section-height-default\" data-id=\"ciubegk\" data-element_type=\"section\" data-settings=\"{&quot;jet_parallax_layout_list&quot;:[]}\">\n\t\t\t\t\t\t<div class=\"elementor-container elementor-column-gap-default\">\n\t\t\t\t\t<div class=\"elementor-column elementor-col-100 elementor-top-column elementor-element elementor-element-vrxnghj\" data-id=\"vrxnghj\" data-element_type=\"column\">\n\t\t\t<div class=\"elementor-widget-wrap elementor-element-populated\">\n\t\t\t\t\t\t<div class=\"elementor-element elementor-element-z51isxl elementor-widget elementor-widget-image\" data-id=\"z51isxl\" data-element_type=\"widget\" data-widget_type=\"image.default\">\n\t\t\t\t<div class=\"elementor-widget-container\">\n\t\t\t\t\t\t\t\t\t\t\t\t\t<img decoding=\"async\" src=\"https:\/\/www.galprealpidolomiti.it\/old\/wp-content\/uploads\/elementor\/thumbs\/500_gal_facciamolo_noi_zumelle-1024x1024-nl38gn8u3jcnpbioh0nh5d2c618ld6bh3la7kkhk4o.jpg\" title=\"500_gal_facciamolo_noi_zumelle-1024&#215;1024\" alt=\"500_gal_facciamolo_noi_zumelle-1024x1024\" loading=\"lazy\" \/>\t\t\t\t\t\t\t\t\t\t\t\t\t<\/div>\n\t\t\t\t<\/div>\n\t\t\t\t<div class=\"elementor-element elementor-element-ugtvlim elementor-widget elementor-widget-text-editor\" data-id=\"ugtvlim\" data-element_type=\"widget\" data-widget_type=\"text-editor.default\">\n\t\t\t\t<div class=\"elementor-widget-container\">\n\t\t\t\t\t\t\tLui \u00e8 l\u00e0, in alto come tutti i suoi simili. E lass\u00f9, con i suoi mattoni a erigerlo sentinella della valle, \u00e8 da circa 1970 anni. Da quando, nel 46 dopo Cristo, fu costruito lungo il corso del torrente Terche, in cima a un colle, per non perdersi un solo viandante, milite o cavallo in transito sulla via Claudia Au-gusta Altinate. \u00c8 il castello di Zumelle, in assoluto il castello meglio conservato di tutta la Valbelluna.\r\n\r\nMerli in ordine, mura solide, torre robusta e ben piantata. Pure il tetto \u00e8 in regola. Nate con i Roma-ni, in quasi due mila anni di storia quelle mura ne hanno visto e passate parecchie. I barbari lo han-no conosciuto, gli anni lo hanno rovinato, i Goti lo hanno aggiustato e l\u2019intero Medioevo lo ha pre-servato. Sempre lass\u00f9, tra proprietari e visitatori, il castello non si \u00e8 fatto mancare nulla, nemmeno la leggenda di rito. Genserico, la bella Eudosia, la nascita dei due gemelli. Zumelle.\r\nFino ad oggi, divenuto propriet\u00e0 del\r\n\r\nComune di Mel e aperto al pubblico in tutto il suo splendore e ordine. Centro culturale con aree espositive per mostre, sale riunioni e aree dedicate alle scola-resche per laboratori e attivit\u00e0 didattiche varie, il castello \u00e8 indubbiamente un bene prezioso dell\u2019intera vallata. A un castello per\u00f2, lass\u00f9, bisogna poter arrivare. E non solo attraverso il ponte le-vatoio, piuttosto che fossati o boschi circostanti. Per arrivare ci vuole una strada, sia essa per ca-valli, per piedi o per ruote. Cos\u00ec, qualche anno fa, la vecchia gestione del castello di Zumelle ha de-ciso di metter mano alle vie che a lui conducono, cercando il pi\u00f9 possibile di riportarle alla loro origi-naria natura, struttura e importanza. Sono stati cos\u00ec sistemati il primo tratto di strada di accesso al castello e il tratto in prossimit\u00e0 del castello stesso. Quindi, parallelamente, ecco sistemato pure l\u2019intero percorso pedonale perimetrale. E il castello, in tutto il suo riconosciuto e rinomato splendore, \u00e8 tornato ad essere facile terra d\u2019approdo. Non pi\u00f9 di barbari, ma di turisti.\t\t\t\t\t\t<\/div>\n\t\t\t\t<\/div>\n\t\t\t\t\t<\/div>\n\t\t<\/div>\n\t\t\t\t\t<\/div>\n\t\t<\/section>\n\t\t\t\t<\/div>\n\t\t","protected":false},"excerpt":{"rendered":"<p>Lui \u00e8 l\u00e0, in alto come tutti i suoi simili. E lass\u00f9, con i suoi mattoni a erigerlo sentinella della valle, \u00e8 da circa 1970 anni. Da quando, nel 46 dopo Cristo, fu costruito lungo il corso del torrente Terche, in cima a un colle, per non perdersi un solo viandante, milite o cavallo in[&#8230;..]<\/p>\n","protected":false},"author":3,"featured_media":0,"parent":2067,"menu_order":6,"comment_status":"closed","ping_status":"closed","template":"page-template-sidebar.php","meta":{"footnotes":""},"categories":[],"tags":[],"class_list":["post-2370","page","type-page","status-publish","hentry"],"yoast_head":"<!-- This site is optimized with the Yoast SEO plugin v25.7 - https:\/\/yoast.com\/wordpress\/plugins\/seo\/ -->\n<title>Nuove strade per pacifici assalti - GAL Prealpi e Dolomiti<\/title>\n<meta name=\"robots\" content=\"index, follow, max-snippet:-1, max-image-preview:large, max-video-preview:-1\" \/>\n<link rel=\"canonical\" href=\"https:\/\/galprealpidolomiti.it\/facciamolo-noi\/i-post\/nuove-strade-pacifici-assalti\/\" \/>\n<meta property=\"og:locale\" content=\"it_IT\" \/>\n<meta property=\"og:type\" content=\"article\" \/>\n<meta property=\"og:title\" content=\"Nuove strade per pacifici assalti - GAL Prealpi e Dolomiti\" \/>\n<meta property=\"og:description\" content=\"Lui \u00e8 l\u00e0, in alto come tutti i suoi simili. E lass\u00f9, con i suoi mattoni a erigerlo sentinella della valle, \u00e8 da circa 1970 anni. Da quando, nel 46 dopo Cristo, fu costruito lungo il corso del torrente Terche, in cima a un colle, per non perdersi un solo viandante, milite o cavallo in[.....]\" \/>\n<meta property=\"og:url\" content=\"https:\/\/galprealpidolomiti.it\/facciamolo-noi\/i-post\/nuove-strade-pacifici-assalti\/\" \/>\n<meta property=\"og:site_name\" content=\"GAL Prealpi e Dolomiti\" \/>\n<meta property=\"article:modified_time\" content=\"2017-04-26T14:13:06+00:00\" \/>\n<meta property=\"og:image\" content=\"https:\/\/galprealpidolomiti.it\/wp-content\/uploads\/elementor\/thumbs\/500_gal_facciamolo_noi_zumelle-1024x1024-n7eluhqy26p6pu6dl5mbf0xatp26xzciwj1y3uyn8o.jpg\" \/>\n<meta name=\"twitter:card\" content=\"summary_large_image\" \/>\n<meta name=\"twitter:label1\" content=\"Tempo di lettura stimato\" \/>\n\t<meta name=\"twitter:data1\" content=\"2 minuti\" \/>\n<script type=\"application\/ld+json\" class=\"yoast-schema-graph\">{\"@context\":\"https:\/\/schema.org\",\"@graph\":[{\"@type\":\"WebPage\",\"@id\":\"https:\/\/galprealpidolomiti.it\/facciamolo-noi\/i-post\/nuove-strade-pacifici-assalti\/\",\"url\":\"https:\/\/galprealpidolomiti.it\/facciamolo-noi\/i-post\/nuove-strade-pacifici-assalti\/\",\"name\":\"Nuove strade per pacifici assalti - GAL Prealpi e Dolomiti\",\"isPartOf\":{\"@id\":\"https:\/\/galprealpidolomiti.it\/#website\"},\"primaryImageOfPage\":{\"@id\":\"https:\/\/galprealpidolomiti.it\/facciamolo-noi\/i-post\/nuove-strade-pacifici-assalti\/#primaryimage\"},\"image\":{\"@id\":\"https:\/\/galprealpidolomiti.it\/facciamolo-noi\/i-post\/nuove-strade-pacifici-assalti\/#primaryimage\"},\"thumbnailUrl\":\"https:\/\/galprealpidolomiti.it\/wp-content\/uploads\/elementor\/thumbs\/500_gal_facciamolo_noi_zumelle-1024x1024-n7eluhqy26p6pu6dl5mbf0xatp26xzciwj1y3uyn8o.jpg\",\"datePublished\":\"2017-04-21T14:40:52+00:00\",\"dateModified\":\"2017-04-26T14:13:06+00:00\",\"breadcrumb\":{\"@id\":\"https:\/\/galprealpidolomiti.it\/facciamolo-noi\/i-post\/nuove-strade-pacifici-assalti\/#breadcrumb\"},\"inLanguage\":\"it-IT\",\"potentialAction\":[{\"@type\":\"ReadAction\",\"target\":[\"https:\/\/galprealpidolomiti.it\/facciamolo-noi\/i-post\/nuove-strade-pacifici-assalti\/\"]}]},{\"@type\":\"ImageObject\",\"inLanguage\":\"it-IT\",\"@id\":\"https:\/\/galprealpidolomiti.it\/facciamolo-noi\/i-post\/nuove-strade-pacifici-assalti\/#primaryimage\",\"url\":\"https:\/\/galprealpidolomiti.it\/wp-content\/uploads\/elementor\/thumbs\/500_gal_facciamolo_noi_zumelle-1024x1024-n7eluhqy26p6pu6dl5mbf0xatp26xzciwj1y3uyn8o.jpg\",\"contentUrl\":\"https:\/\/galprealpidolomiti.it\/wp-content\/uploads\/elementor\/thumbs\/500_gal_facciamolo_noi_zumelle-1024x1024-n7eluhqy26p6pu6dl5mbf0xatp26xzciwj1y3uyn8o.jpg\"},{\"@type\":\"BreadcrumbList\",\"@id\":\"https:\/\/galprealpidolomiti.it\/facciamolo-noi\/i-post\/nuove-strade-pacifici-assalti\/#breadcrumb\",\"itemListElement\":[{\"@type\":\"ListItem\",\"position\":1,\"name\":\"Home\",\"item\":\"https:\/\/galprealpidolomiti.it\/\"},{\"@type\":\"ListItem\",\"position\":2,\"name\":\"Facciamolo noi 2007-2013\",\"item\":\"https:\/\/galprealpidolomiti.it\/facciamolo-noi\/\"},{\"@type\":\"ListItem\",\"position\":3,\"name\":\"I Post\",\"item\":\"https:\/\/galprealpidolomiti.it\/facciamolo-noi\/i-post\/\"},{\"@type\":\"ListItem\",\"position\":4,\"name\":\"Nuove strade per pacifici assalti\"}]},{\"@type\":\"WebSite\",\"@id\":\"https:\/\/galprealpidolomiti.it\/#website\",\"url\":\"https:\/\/galprealpidolomiti.it\/\",\"name\":\"GAL Prealpi e Dolomiti\",\"description\":\"Gruppo di Azione Locale\",\"publisher\":{\"@id\":\"https:\/\/galprealpidolomiti.it\/#organization\"},\"potentialAction\":[{\"@type\":\"SearchAction\",\"target\":{\"@type\":\"EntryPoint\",\"urlTemplate\":\"https:\/\/galprealpidolomiti.it\/?s={search_term_string}\"},\"query-input\":{\"@type\":\"PropertyValueSpecification\",\"valueRequired\":true,\"valueName\":\"search_term_string\"}}],\"inLanguage\":\"it-IT\"},{\"@type\":\"Organization\",\"@id\":\"https:\/\/galprealpidolomiti.it\/#organization\",\"name\":\"GAL Prealpi e Dolomiti\",\"url\":\"https:\/\/galprealpidolomiti.it\/\",\"logo\":{\"@type\":\"ImageObject\",\"inLanguage\":\"it-IT\",\"@id\":\"https:\/\/galprealpidolomiti.it\/#\/schema\/logo\/image\/\",\"url\":\"https:\/\/www.galprealpidolomiti.it\/old\/wp-content\/uploads\/2020\/03\/striscia-5-loghi.png\",\"contentUrl\":\"https:\/\/www.galprealpidolomiti.it\/old\/wp-content\/uploads\/2020\/03\/striscia-5-loghi.png\",\"width\":1177,\"height\":228,\"caption\":\"GAL Prealpi e Dolomiti\"},\"image\":{\"@id\":\"https:\/\/galprealpidolomiti.it\/#\/schema\/logo\/image\/\"}}]}<\/script>\n<!-- \/ Yoast SEO plugin. -->","yoast_head_json":{"title":"Nuove strade per pacifici assalti - GAL Prealpi e Dolomiti","robots":{"index":"index","follow":"follow","max-snippet":"max-snippet:-1","max-image-preview":"max-image-preview:large","max-video-preview":"max-video-preview:-1"},"canonical":"https:\/\/galprealpidolomiti.it\/facciamolo-noi\/i-post\/nuove-strade-pacifici-assalti\/","og_locale":"it_IT","og_type":"article","og_title":"Nuove strade per pacifici assalti - GAL Prealpi e Dolomiti","og_description":"Lui \u00e8 l\u00e0, in alto come tutti i suoi simili. E lass\u00f9, con i suoi mattoni a erigerlo sentinella della valle, \u00e8 da circa 1970 anni. Da quando, nel 46 dopo Cristo, fu costruito lungo il corso del torrente Terche, in cima a un colle, per non perdersi un solo viandante, milite o cavallo in[.....]","og_url":"https:\/\/galprealpidolomiti.it\/facciamolo-noi\/i-post\/nuove-strade-pacifici-assalti\/","og_site_name":"GAL Prealpi e Dolomiti","article_modified_time":"2017-04-26T14:13:06+00:00","og_image":[{"url":"https:\/\/galprealpidolomiti.it\/wp-content\/uploads\/elementor\/thumbs\/500_gal_facciamolo_noi_zumelle-1024x1024-n7eluhqy26p6pu6dl5mbf0xatp26xzciwj1y3uyn8o.jpg","type":"","width":"","height":""}],"twitter_card":"summary_large_image","twitter_misc":{"Tempo di lettura stimato":"2 minuti"},"schema":{"@context":"https:\/\/schema.org","@graph":[{"@type":"WebPage","@id":"https:\/\/galprealpidolomiti.it\/facciamolo-noi\/i-post\/nuove-strade-pacifici-assalti\/","url":"https:\/\/galprealpidolomiti.it\/facciamolo-noi\/i-post\/nuove-strade-pacifici-assalti\/","name":"Nuove strade per pacifici assalti - GAL Prealpi e Dolomiti","isPartOf":{"@id":"https:\/\/galprealpidolomiti.it\/#website"},"primaryImageOfPage":{"@id":"https:\/\/galprealpidolomiti.it\/facciamolo-noi\/i-post\/nuove-strade-pacifici-assalti\/#primaryimage"},"image":{"@id":"https:\/\/galprealpidolomiti.it\/facciamolo-noi\/i-post\/nuove-strade-pacifici-assalti\/#primaryimage"},"thumbnailUrl":"https:\/\/galprealpidolomiti.it\/wp-content\/uploads\/elementor\/thumbs\/500_gal_facciamolo_noi_zumelle-1024x1024-n7eluhqy26p6pu6dl5mbf0xatp26xzciwj1y3uyn8o.jpg","datePublished":"2017-04-21T14:40:52+00:00","dateModified":"2017-04-26T14:13:06+00:00","breadcrumb":{"@id":"https:\/\/galprealpidolomiti.it\/facciamolo-noi\/i-post\/nuove-strade-pacifici-assalti\/#breadcrumb"},"inLanguage":"it-IT","potentialAction":[{"@type":"ReadAction","target":["https:\/\/galprealpidolomiti.it\/facciamolo-noi\/i-post\/nuove-strade-pacifici-assalti\/"]}]},{"@type":"ImageObject","inLanguage":"it-IT","@id":"https:\/\/galprealpidolomiti.it\/facciamolo-noi\/i-post\/nuove-strade-pacifici-assalti\/#primaryimage","url":"https:\/\/galprealpidolomiti.it\/wp-content\/uploads\/elementor\/thumbs\/500_gal_facciamolo_noi_zumelle-1024x1024-n7eluhqy26p6pu6dl5mbf0xatp26xzciwj1y3uyn8o.jpg","contentUrl":"https:\/\/galprealpidolomiti.it\/wp-content\/uploads\/elementor\/thumbs\/500_gal_facciamolo_noi_zumelle-1024x1024-n7eluhqy26p6pu6dl5mbf0xatp26xzciwj1y3uyn8o.jpg"},{"@type":"BreadcrumbList","@id":"https:\/\/galprealpidolomiti.it\/facciamolo-noi\/i-post\/nuove-strade-pacifici-assalti\/#breadcrumb","itemListElement":[{"@type":"ListItem","position":1,"name":"Home","item":"https:\/\/galprealpidolomiti.it\/"},{"@type":"ListItem","position":2,"name":"Facciamolo noi 2007-2013","item":"https:\/\/galprealpidolomiti.it\/facciamolo-noi\/"},{"@type":"ListItem","position":3,"name":"I Post","item":"https:\/\/galprealpidolomiti.it\/facciamolo-noi\/i-post\/"},{"@type":"ListItem","position":4,"name":"Nuove strade per pacifici assalti"}]},{"@type":"WebSite","@id":"https:\/\/galprealpidolomiti.it\/#website","url":"https:\/\/galprealpidolomiti.it\/","name":"GAL Prealpi e Dolomiti","description":"Gruppo di Azione Locale","publisher":{"@id":"https:\/\/galprealpidolomiti.it\/#organization"},"potentialAction":[{"@type":"SearchAction","target":{"@type":"EntryPoint","urlTemplate":"https:\/\/galprealpidolomiti.it\/?s={search_term_string}"},"query-input":{"@type":"PropertyValueSpecification","valueRequired":true,"valueName":"search_term_string"}}],"inLanguage":"it-IT"},{"@type":"Organization","@id":"https:\/\/galprealpidolomiti.it\/#organization","name":"GAL Prealpi e Dolomiti","url":"https:\/\/galprealpidolomiti.it\/","logo":{"@type":"ImageObject","inLanguage":"it-IT","@id":"https:\/\/galprealpidolomiti.it\/#\/schema\/logo\/image\/","url":"https:\/\/www.galprealpidolomiti.it\/old\/wp-content\/uploads\/2020\/03\/striscia-5-loghi.png","contentUrl":"https:\/\/www.galprealpidolomiti.it\/old\/wp-content\/uploads\/2020\/03\/striscia-5-loghi.png","width":1177,"height":228,"caption":"GAL Prealpi e Dolomiti"},"image":{"@id":"https:\/\/galprealpidolomiti.it\/#\/schema\/logo\/image\/"}}]}},"_links":{"self":[{"href":"https:\/\/www.galprealpidolomiti.it\/old\/wp-json\/wp\/v2\/pages\/2370","targetHints":{"allow":["GET"]}}],"collection":[{"href":"https:\/\/www.galprealpidolomiti.it\/old\/wp-json\/wp\/v2\/pages"}],"about":[{"href":"https:\/\/www.galprealpidolomiti.it\/old\/wp-json\/wp\/v2\/types\/page"}],"author":[{"embeddable":true,"href":"https:\/\/www.galprealpidolomiti.it\/old\/wp-json\/wp\/v2\/users\/3"}],"replies":[{"embeddable":true,"href":"https:\/\/www.galprealpidolomiti.it\/old\/wp-json\/wp\/v2\/comments?post=2370"}],"version-history":[{"count":0,"href":"https:\/\/www.galprealpidolomiti.it\/old\/wp-json\/wp\/v2\/pages\/2370\/revisions"}],"up":[{"embeddable":true,"href":"https:\/\/www.galprealpidolomiti.it\/old\/wp-json\/wp\/v2\/pages\/2067"}],"wp:attachment":[{"href":"https:\/\/www.galprealpidolomiti.it\/old\/wp-json\/wp\/v2\/media?parent=2370"}],"wp:term":[{"taxonomy":"category","embeddable":true,"href":"https:\/\/www.galprealpidolomiti.it\/old\/wp-json\/wp\/v2\/categories?post=2370"},{"taxonomy":"post_tag","embeddable":true,"href":"https:\/\/www.galprealpidolomiti.it\/old\/wp-json\/wp\/v2\/tags?post=2370"}],"curies":[{"name":"wp","href":"https:\/\/api.w.org\/{rel}","templated":true}]}}