{"id":2349,"date":"2017-04-21T16:15:21","date_gmt":"2017-04-21T14:15:21","guid":{"rendered":"https:\/\/galprealpidolomiti.it\/?page_id=2349"},"modified":"2017-04-26T16:10:19","modified_gmt":"2017-04-26T14:10:19","slug":"la-vecchia-scuola-sara","status":"publish","type":"page","link":"https:\/\/www.galprealpidolomiti.it\/old\/facciamolo-noi\/i-post\/la-vecchia-scuola-sara\/","title":{"rendered":"La vecchia scuola che sar\u00e0"},"content":{"rendered":"\t\t<div data-elementor-type=\"wp-post\" data-elementor-id=\"2349\" class=\"elementor elementor-2349 elementor-bc-flex-widget\" data-elementor-post-type=\"page\">\n\t\t\t\t\t\t<section class=\"elementor-section elementor-top-section elementor-element elementor-element-innfdso elementor-section-boxed elementor-section-height-default elementor-section-height-default\" data-id=\"innfdso\" data-element_type=\"section\" data-settings=\"{&quot;jet_parallax_layout_list&quot;:[]}\">\n\t\t\t\t\t\t<div class=\"elementor-container elementor-column-gap-default\">\n\t\t\t\t\t<div class=\"elementor-column elementor-col-100 elementor-top-column elementor-element elementor-element-cbfaqxv\" data-id=\"cbfaqxv\" data-element_type=\"column\">\n\t\t\t<div class=\"elementor-widget-wrap elementor-element-populated\">\n\t\t\t\t\t\t<div class=\"elementor-element elementor-element-99wofvs elementor-widget elementor-widget-image\" data-id=\"99wofvs\" data-element_type=\"widget\" data-widget_type=\"image.default\">\n\t\t\t\t<div class=\"elementor-widget-container\">\n\t\t\t\t\t\t\t\t\t\t\t\t\t<img decoding=\"async\" src=\"https:\/\/www.galprealpidolomiti.it\/old\/wp-content\/uploads\/elementor\/thumbs\/image-nl36szfmb3ogsc6huq8ydx22slavssgt8alpzay52g.jpg\" title=\"image\" alt=\"image\" loading=\"lazy\" \/>\t\t\t\t\t\t\t\t\t\t\t\t\t<\/div>\n\t\t\t\t<\/div>\n\t\t\t\t<div class=\"elementor-element elementor-element-idijytk elementor-widget elementor-widget-text-editor\" data-id=\"idijytk\" data-element_type=\"widget\" data-widget_type=\"text-editor.default\">\n\t\t\t\t<div class=\"elementor-widget-container\">\n\t\t\t\t\t\t\tLa vecchia scuola elementare di Gron \u00e8 stata chiusa negli anni Ottanta. La nuova scuola si \u00e8 trasferita in centro a Sospirolo e le altalene di questa struttura compatta, bianco e pesca, sono rimaste inutilizzate per un bel po&#8217;.\r\nGrazie a una serie di finanziamenti, il comune di Sospirolo sta ristrutturando l&#8217;edificio, che si trova nella sua frazione pi\u00f9 popolata \u2013 un po&#8217; pi\u00f9 di mille persone, quando ci passi per\u00f2 non lo diresti, perch\u00e9 di mattina, in un tranquillo mercoled\u00ec estivo, qui non vola una mosca. Il cielo \u00e8 carico di pioggia e le case sembrano soffocare nel verde della vegetazione e nel grigio esasperato delle nuvole.\r\n\r\nLa vecchia scuola di Gron \u00e8 un casermone a tre piani \u2013 il piano terra \u00e8 troppo basso per essere utilizzato altrimenti che come magazzino \u2013 con una rampa quasi elegante sulla destra e una serie di persiane rosse che rallegrano la vista. Al momento \u00e8 ancora chiusa: i lavori non sono ancora finiti, anche se il primo piano \u00e8 gi\u00e0 agibile. Di fianco all&#8217;ingresso, le targhe della Pro loco Monti del Sole e del circolo AUSER, su cui campeggiano un pugno di stelle alpine intagliate.\r\n\r\nNon si pu\u00f2 raccontare la nuova scuola di Gron, perch\u00e9 ancora non esiste. Esiste l&#8217;involucro \u2013 l&#8217;edificio silenzioso con le persiane rosse \u2013 ma manca tutto il resto. Manca il signor Mario, pensionato, che ogni giorno trascorrer\u00e0 un paio d&#8217;ore nella sala lettura \u2013 finalmente non dipender\u00e0 pi\u00f9 dagli orari della biblioteca di Sospirolo. Manca il gruppo di amici che si trover\u00e0 un po&#8217; di volte alla settimana, la sera, per il torneo di carte. Mancano le chiacchierate sui bei tempi andati e i ricordi in bianco e nero di ex soldati e ballerini, mancano i progetti e le avventure condivise dei ragazzini dei dintorni, la sala polifunzionale piena di persone che festeggiano compleanni, seguono presentazioni di libri, ascoltano storie di viaggio aiutandosi con fotografie di luoghi remoti e diversissimi.\r\n\r\nQuando la vecchia scuola sar\u00e0 terminata, gli abitanti di Gron e di Sospirolo tutta avranno un luogo dove trovarsi e cercarsi. Il Comune gestir\u00e0 lo spazio assieme ad alcune associazioni del territorio, compresa la Pro loco, che qui fa anche da sportello IAT: \u201cCos\u00ec per il turista che arriva da Montebelluna, o pi\u00f9 in gi\u00f9 \u2013 riflette il sindaco, Mario De Bon \u2013 non sar\u00e0 pi\u00f9 necessario lasciare la\t\t\t\t\t\t<\/div>\n\t\t\t\t<\/div>\n\t\t\t\t\t<\/div>\n\t\t<\/div>\n\t\t\t\t\t<\/div>\n\t\t<\/section>\n\t\t\t\t<\/div>\n\t\t","protected":false},"excerpt":{"rendered":"<p>La vecchia scuola elementare di Gron \u00e8 stata chiusa negli anni Ottanta. La nuova scuola si \u00e8 trasferita in centro a Sospirolo e le altalene di questa struttura compatta, bianco e pesca, sono rimaste inutilizzate per un bel po&#8217;. Grazie a una serie di finanziamenti, il comune di Sospirolo sta ristrutturando l&#8217;edificio, che si trova[&#8230;..]<\/p>\n","protected":false},"author":3,"featured_media":0,"parent":2067,"menu_order":6,"comment_status":"closed","ping_status":"closed","template":"page-template-sidebar.php","meta":{"footnotes":""},"categories":[],"tags":[],"class_list":["post-2349","page","type-page","status-publish","hentry"],"yoast_head":"<!-- This site is optimized with the Yoast SEO plugin v25.7 - https:\/\/yoast.com\/wordpress\/plugins\/seo\/ -->\n<title>La vecchia scuola che sar\u00e0 - GAL Prealpi e Dolomiti<\/title>\n<meta name=\"robots\" content=\"index, follow, max-snippet:-1, max-image-preview:large, max-video-preview:-1\" \/>\n<link rel=\"canonical\" href=\"https:\/\/galprealpidolomiti.it\/facciamolo-noi\/i-post\/la-vecchia-scuola-sara\/\" \/>\n<meta property=\"og:locale\" content=\"it_IT\" \/>\n<meta property=\"og:type\" content=\"article\" \/>\n<meta property=\"og:title\" content=\"La vecchia scuola che sar\u00e0 - GAL Prealpi e Dolomiti\" \/>\n<meta property=\"og:description\" content=\"La vecchia scuola elementare di Gron \u00e8 stata chiusa negli anni Ottanta. La nuova scuola si \u00e8 trasferita in centro a Sospirolo e le altalene di questa struttura compatta, bianco e pesca, sono rimaste inutilizzate per un bel po&#8217;. Grazie a una serie di finanziamenti, il comune di Sospirolo sta ristrutturando l&#8217;edificio, che si trova[.....]\" \/>\n<meta property=\"og:url\" content=\"https:\/\/galprealpidolomiti.it\/facciamolo-noi\/i-post\/la-vecchia-scuola-sara\/\" \/>\n<meta property=\"og:site_name\" content=\"GAL Prealpi e Dolomiti\" \/>\n<meta property=\"article:modified_time\" content=\"2017-04-26T14:10:19+00:00\" \/>\n<meta property=\"og:image\" content=\"https:\/\/galprealpidolomiti.it\/wp-content\/uploads\/elementor\/thumbs\/image-n7n6o9yvwg3viez4jdnnrzp6jcx38x6ggg7ui4ihbc.jpg\" \/>\n<meta name=\"twitter:card\" content=\"summary_large_image\" \/>\n<meta name=\"twitter:label1\" content=\"Tempo di lettura stimato\" \/>\n\t<meta name=\"twitter:data1\" content=\"2 minuti\" \/>\n<script type=\"application\/ld+json\" class=\"yoast-schema-graph\">{\"@context\":\"https:\/\/schema.org\",\"@graph\":[{\"@type\":\"WebPage\",\"@id\":\"https:\/\/galprealpidolomiti.it\/facciamolo-noi\/i-post\/la-vecchia-scuola-sara\/\",\"url\":\"https:\/\/galprealpidolomiti.it\/facciamolo-noi\/i-post\/la-vecchia-scuola-sara\/\",\"name\":\"La vecchia scuola che sar\u00e0 - GAL Prealpi e Dolomiti\",\"isPartOf\":{\"@id\":\"https:\/\/galprealpidolomiti.it\/#website\"},\"primaryImageOfPage\":{\"@id\":\"https:\/\/galprealpidolomiti.it\/facciamolo-noi\/i-post\/la-vecchia-scuola-sara\/#primaryimage\"},\"image\":{\"@id\":\"https:\/\/galprealpidolomiti.it\/facciamolo-noi\/i-post\/la-vecchia-scuola-sara\/#primaryimage\"},\"thumbnailUrl\":\"https:\/\/galprealpidolomiti.it\/wp-content\/uploads\/elementor\/thumbs\/image-n7n6o9yvwg3viez4jdnnrzp6jcx38x6ggg7ui4ihbc.jpg\",\"datePublished\":\"2017-04-21T14:15:21+00:00\",\"dateModified\":\"2017-04-26T14:10:19+00:00\",\"breadcrumb\":{\"@id\":\"https:\/\/galprealpidolomiti.it\/facciamolo-noi\/i-post\/la-vecchia-scuola-sara\/#breadcrumb\"},\"inLanguage\":\"it-IT\",\"potentialAction\":[{\"@type\":\"ReadAction\",\"target\":[\"https:\/\/galprealpidolomiti.it\/facciamolo-noi\/i-post\/la-vecchia-scuola-sara\/\"]}]},{\"@type\":\"ImageObject\",\"inLanguage\":\"it-IT\",\"@id\":\"https:\/\/galprealpidolomiti.it\/facciamolo-noi\/i-post\/la-vecchia-scuola-sara\/#primaryimage\",\"url\":\"https:\/\/galprealpidolomiti.it\/wp-content\/uploads\/elementor\/thumbs\/image-n7n6o9yvwg3viez4jdnnrzp6jcx38x6ggg7ui4ihbc.jpg\",\"contentUrl\":\"https:\/\/galprealpidolomiti.it\/wp-content\/uploads\/elementor\/thumbs\/image-n7n6o9yvwg3viez4jdnnrzp6jcx38x6ggg7ui4ihbc.jpg\"},{\"@type\":\"BreadcrumbList\",\"@id\":\"https:\/\/galprealpidolomiti.it\/facciamolo-noi\/i-post\/la-vecchia-scuola-sara\/#breadcrumb\",\"itemListElement\":[{\"@type\":\"ListItem\",\"position\":1,\"name\":\"Home\",\"item\":\"https:\/\/galprealpidolomiti.it\/\"},{\"@type\":\"ListItem\",\"position\":2,\"name\":\"Facciamolo noi 2007-2013\",\"item\":\"https:\/\/galprealpidolomiti.it\/facciamolo-noi\/\"},{\"@type\":\"ListItem\",\"position\":3,\"name\":\"I Post\",\"item\":\"https:\/\/galprealpidolomiti.it\/facciamolo-noi\/i-post\/\"},{\"@type\":\"ListItem\",\"position\":4,\"name\":\"La vecchia scuola che sar\u00e0\"}]},{\"@type\":\"WebSite\",\"@id\":\"https:\/\/galprealpidolomiti.it\/#website\",\"url\":\"https:\/\/galprealpidolomiti.it\/\",\"name\":\"GAL Prealpi e Dolomiti\",\"description\":\"Gruppo di Azione Locale\",\"publisher\":{\"@id\":\"https:\/\/galprealpidolomiti.it\/#organization\"},\"potentialAction\":[{\"@type\":\"SearchAction\",\"target\":{\"@type\":\"EntryPoint\",\"urlTemplate\":\"https:\/\/galprealpidolomiti.it\/?s={search_term_string}\"},\"query-input\":{\"@type\":\"PropertyValueSpecification\",\"valueRequired\":true,\"valueName\":\"search_term_string\"}}],\"inLanguage\":\"it-IT\"},{\"@type\":\"Organization\",\"@id\":\"https:\/\/galprealpidolomiti.it\/#organization\",\"name\":\"GAL Prealpi e Dolomiti\",\"url\":\"https:\/\/galprealpidolomiti.it\/\",\"logo\":{\"@type\":\"ImageObject\",\"inLanguage\":\"it-IT\",\"@id\":\"https:\/\/galprealpidolomiti.it\/#\/schema\/logo\/image\/\",\"url\":\"https:\/\/www.galprealpidolomiti.it\/old\/wp-content\/uploads\/2020\/03\/striscia-5-loghi.png\",\"contentUrl\":\"https:\/\/www.galprealpidolomiti.it\/old\/wp-content\/uploads\/2020\/03\/striscia-5-loghi.png\",\"width\":1177,\"height\":228,\"caption\":\"GAL Prealpi e Dolomiti\"},\"image\":{\"@id\":\"https:\/\/galprealpidolomiti.it\/#\/schema\/logo\/image\/\"}}]}<\/script>\n<!-- \/ Yoast SEO plugin. -->","yoast_head_json":{"title":"La vecchia scuola che sar\u00e0 - GAL Prealpi e Dolomiti","robots":{"index":"index","follow":"follow","max-snippet":"max-snippet:-1","max-image-preview":"max-image-preview:large","max-video-preview":"max-video-preview:-1"},"canonical":"https:\/\/galprealpidolomiti.it\/facciamolo-noi\/i-post\/la-vecchia-scuola-sara\/","og_locale":"it_IT","og_type":"article","og_title":"La vecchia scuola che sar\u00e0 - GAL Prealpi e Dolomiti","og_description":"La vecchia scuola elementare di Gron \u00e8 stata chiusa negli anni Ottanta. La nuova scuola si \u00e8 trasferita in centro a Sospirolo e le altalene di questa struttura compatta, bianco e pesca, sono rimaste inutilizzate per un bel po&#8217;. Grazie a una serie di finanziamenti, il comune di Sospirolo sta ristrutturando l&#8217;edificio, che si trova[.....]","og_url":"https:\/\/galprealpidolomiti.it\/facciamolo-noi\/i-post\/la-vecchia-scuola-sara\/","og_site_name":"GAL Prealpi e Dolomiti","article_modified_time":"2017-04-26T14:10:19+00:00","og_image":[{"url":"https:\/\/galprealpidolomiti.it\/wp-content\/uploads\/elementor\/thumbs\/image-n7n6o9yvwg3viez4jdnnrzp6jcx38x6ggg7ui4ihbc.jpg","type":"","width":"","height":""}],"twitter_card":"summary_large_image","twitter_misc":{"Tempo di lettura stimato":"2 minuti"},"schema":{"@context":"https:\/\/schema.org","@graph":[{"@type":"WebPage","@id":"https:\/\/galprealpidolomiti.it\/facciamolo-noi\/i-post\/la-vecchia-scuola-sara\/","url":"https:\/\/galprealpidolomiti.it\/facciamolo-noi\/i-post\/la-vecchia-scuola-sara\/","name":"La vecchia scuola che sar\u00e0 - GAL Prealpi e Dolomiti","isPartOf":{"@id":"https:\/\/galprealpidolomiti.it\/#website"},"primaryImageOfPage":{"@id":"https:\/\/galprealpidolomiti.it\/facciamolo-noi\/i-post\/la-vecchia-scuola-sara\/#primaryimage"},"image":{"@id":"https:\/\/galprealpidolomiti.it\/facciamolo-noi\/i-post\/la-vecchia-scuola-sara\/#primaryimage"},"thumbnailUrl":"https:\/\/galprealpidolomiti.it\/wp-content\/uploads\/elementor\/thumbs\/image-n7n6o9yvwg3viez4jdnnrzp6jcx38x6ggg7ui4ihbc.jpg","datePublished":"2017-04-21T14:15:21+00:00","dateModified":"2017-04-26T14:10:19+00:00","breadcrumb":{"@id":"https:\/\/galprealpidolomiti.it\/facciamolo-noi\/i-post\/la-vecchia-scuola-sara\/#breadcrumb"},"inLanguage":"it-IT","potentialAction":[{"@type":"ReadAction","target":["https:\/\/galprealpidolomiti.it\/facciamolo-noi\/i-post\/la-vecchia-scuola-sara\/"]}]},{"@type":"ImageObject","inLanguage":"it-IT","@id":"https:\/\/galprealpidolomiti.it\/facciamolo-noi\/i-post\/la-vecchia-scuola-sara\/#primaryimage","url":"https:\/\/galprealpidolomiti.it\/wp-content\/uploads\/elementor\/thumbs\/image-n7n6o9yvwg3viez4jdnnrzp6jcx38x6ggg7ui4ihbc.jpg","contentUrl":"https:\/\/galprealpidolomiti.it\/wp-content\/uploads\/elementor\/thumbs\/image-n7n6o9yvwg3viez4jdnnrzp6jcx38x6ggg7ui4ihbc.jpg"},{"@type":"BreadcrumbList","@id":"https:\/\/galprealpidolomiti.it\/facciamolo-noi\/i-post\/la-vecchia-scuola-sara\/#breadcrumb","itemListElement":[{"@type":"ListItem","position":1,"name":"Home","item":"https:\/\/galprealpidolomiti.it\/"},{"@type":"ListItem","position":2,"name":"Facciamolo noi 2007-2013","item":"https:\/\/galprealpidolomiti.it\/facciamolo-noi\/"},{"@type":"ListItem","position":3,"name":"I Post","item":"https:\/\/galprealpidolomiti.it\/facciamolo-noi\/i-post\/"},{"@type":"ListItem","position":4,"name":"La vecchia scuola che sar\u00e0"}]},{"@type":"WebSite","@id":"https:\/\/galprealpidolomiti.it\/#website","url":"https:\/\/galprealpidolomiti.it\/","name":"GAL Prealpi e Dolomiti","description":"Gruppo di Azione Locale","publisher":{"@id":"https:\/\/galprealpidolomiti.it\/#organization"},"potentialAction":[{"@type":"SearchAction","target":{"@type":"EntryPoint","urlTemplate":"https:\/\/galprealpidolomiti.it\/?s={search_term_string}"},"query-input":{"@type":"PropertyValueSpecification","valueRequired":true,"valueName":"search_term_string"}}],"inLanguage":"it-IT"},{"@type":"Organization","@id":"https:\/\/galprealpidolomiti.it\/#organization","name":"GAL Prealpi e Dolomiti","url":"https:\/\/galprealpidolomiti.it\/","logo":{"@type":"ImageObject","inLanguage":"it-IT","@id":"https:\/\/galprealpidolomiti.it\/#\/schema\/logo\/image\/","url":"https:\/\/www.galprealpidolomiti.it\/old\/wp-content\/uploads\/2020\/03\/striscia-5-loghi.png","contentUrl":"https:\/\/www.galprealpidolomiti.it\/old\/wp-content\/uploads\/2020\/03\/striscia-5-loghi.png","width":1177,"height":228,"caption":"GAL Prealpi e Dolomiti"},"image":{"@id":"https:\/\/galprealpidolomiti.it\/#\/schema\/logo\/image\/"}}]}},"_links":{"self":[{"href":"https:\/\/www.galprealpidolomiti.it\/old\/wp-json\/wp\/v2\/pages\/2349","targetHints":{"allow":["GET"]}}],"collection":[{"href":"https:\/\/www.galprealpidolomiti.it\/old\/wp-json\/wp\/v2\/pages"}],"about":[{"href":"https:\/\/www.galprealpidolomiti.it\/old\/wp-json\/wp\/v2\/types\/page"}],"author":[{"embeddable":true,"href":"https:\/\/www.galprealpidolomiti.it\/old\/wp-json\/wp\/v2\/users\/3"}],"replies":[{"embeddable":true,"href":"https:\/\/www.galprealpidolomiti.it\/old\/wp-json\/wp\/v2\/comments?post=2349"}],"version-history":[{"count":0,"href":"https:\/\/www.galprealpidolomiti.it\/old\/wp-json\/wp\/v2\/pages\/2349\/revisions"}],"up":[{"embeddable":true,"href":"https:\/\/www.galprealpidolomiti.it\/old\/wp-json\/wp\/v2\/pages\/2067"}],"wp:attachment":[{"href":"https:\/\/www.galprealpidolomiti.it\/old\/wp-json\/wp\/v2\/media?parent=2349"}],"wp:term":[{"taxonomy":"category","embeddable":true,"href":"https:\/\/www.galprealpidolomiti.it\/old\/wp-json\/wp\/v2\/categories?post=2349"},{"taxonomy":"post_tag","embeddable":true,"href":"https:\/\/www.galprealpidolomiti.it\/old\/wp-json\/wp\/v2\/tags?post=2349"}],"curies":[{"name":"wp","href":"https:\/\/api.w.org\/{rel}","templated":true}]}}