{"id":2338,"date":"2017-04-21T15:45:51","date_gmt":"2017-04-21T13:45:51","guid":{"rendered":"https:\/\/galprealpidolomiti.it\/?page_id=2338"},"modified":"2017-04-26T16:09:39","modified_gmt":"2017-04-26T14:09:39","slug":"la-biblioteca-del-gigante-trascurato","status":"publish","type":"page","link":"https:\/\/www.galprealpidolomiti.it\/old\/facciamolo-noi\/i-post\/la-biblioteca-del-gigante-trascurato\/","title":{"rendered":"La biblioteca del gigante trascurato"},"content":{"rendered":"\t\t<div data-elementor-type=\"wp-post\" data-elementor-id=\"2338\" class=\"elementor elementor-2338 elementor-bc-flex-widget\" data-elementor-post-type=\"page\">\n\t\t\t\t\t\t<section class=\"elementor-section elementor-top-section elementor-element elementor-element-nrmbrpe elementor-section-boxed elementor-section-height-default elementor-section-height-default\" data-id=\"nrmbrpe\" data-element_type=\"section\" data-settings=\"{&quot;jet_parallax_layout_list&quot;:[]}\">\n\t\t\t\t\t\t<div class=\"elementor-container elementor-column-gap-default\">\n\t\t\t\t\t<div class=\"elementor-column elementor-col-100 elementor-top-column elementor-element elementor-element-ouccvvu\" data-id=\"ouccvvu\" data-element_type=\"column\">\n\t\t\t<div class=\"elementor-widget-wrap elementor-element-populated\">\n\t\t\t\t\t\t<div class=\"elementor-element elementor-element-3fgb1qo elementor-widget elementor-widget-image\" data-id=\"3fgb1qo\" data-element_type=\"widget\" data-widget_type=\"image.default\">\n\t\t\t\t<div class=\"elementor-widget-container\">\n\t\t\t\t\t\t\t\t\t\t\t\t\t<img decoding=\"async\" src=\"https:\/\/www.galprealpidolomiti.it\/old\/wp-content\/uploads\/elementor\/thumbs\/17535-nl37xcm3syxrdhjo56e6gqcp6acccupu436dx33huw.jpg\" title=\"17535\" alt=\"17535\" loading=\"lazy\" \/>\t\t\t\t\t\t\t\t\t\t\t\t\t<\/div>\n\t\t\t\t<\/div>\n\t\t\t\t<div class=\"elementor-element elementor-element-hpignwj elementor-widget elementor-widget-text-editor\" data-id=\"hpignwj\" data-element_type=\"widget\" data-widget_type=\"text-editor.default\">\n\t\t\t\t<div class=\"elementor-widget-container\">\n\t\t\t\t\t\t\tChi lo sa che a Feltre c&#8217;\u00e8 il Centro studi Buzzati, dove ogni anno decine di studenti, studiosi e professionisti vari si rifugiano per fare ricerca e ricerche sullo scrittore bellunese per eccellenza? Non tanti, probabilmente, e ancora meno sapranno dove si trova, perch\u00e9 il Centro studi Buzzati sono due stanzucce ricavate nel mezzanino di un antico freddo palazzo del centro storico.\r\n\r\nL&#8217;atrio di Palazzo Borgasio sembra l&#8217;ingresso di una scuderia, cupo, rimbombante, con un paio di presse per la stampa Panfilo Castaldi che paiono fare la guardia a chiss\u00e0 quali segreti ai piani superiori. C&#8217;\u00e8 giusto una piccola insegna a indicare la via per il Centro studi Buzzati, poi certo le stampe blu notte dello scrittore dipanano qualunque dubbio, eccolo, \u00e8 qui.\r\n\r\nCome dice la responsabile della ricerca Patrizia Dalla Rosa, uno potrebbe pensare, tutto qui?, perch\u00e9 si tratta davvero di due stanzette, qualche computer, libri agli scaffali \u2013 ma neanche moltissimi, volendo \u2013 splendide locandine di conferenze e convegni tematici (una \u00e8 in giapponese, per dire), un bel po&#8217; di faldoni e un grazioso giardinetto rialzato, fuori dalla segreteria, invaso dalle erbacce.\r\n\r\nPoi, se ci si incuriosisce, si scoprono cose. Il deserto dei Tartari in ebraico ed estone, per esempio, e altri testi nelle lingue pi\u00f9 disparate, \u201cdono di Almerina Buzzati\u201d, la giovane moglie dello scrittore che tuttora risiede a Milano. Un&#8217;infinit\u00e0 di pagine e ritagli di giornale divisi per anni, il grosso della produzione giornalistica di Buzzati al Corriere della Sera, ma non solo: e quanto scriveva di montagna, negli anni Trenta. Nel quaderno-firme la testimonianza del passaggio di laureandi e dottorandi dall&#8217;Irlanda e da Venezia, dalla Romania, da L&#8217;Aquila, Pavia, Bologna, Berlino\u2026 E questo solo nell&#8217;ultima pagina.\r\n\r\n\u201cA prima vista si potr\u00e0 anche pensare, tutto qui?, ma questo posto \u00e8 davvero una ricchezza per gli studi e la valorizzazione di Buzzati. Ci sono molte chicche, qui dentro, a saperle riconoscere. Il Centro studi \u00e8 stato creato da Nella Giannetto, quando Feltre era una citt\u00e0 universitaria frequentata da centinaia di studenti e Buzzati non era quasi per nulla studiato nelle scuole: un gigante trascurato. Oggi qui arrivano studiosi da tutta Europa e anche oltre\u201d.\r\n\r\nIl Centro studi Buzzati \u00e8 un organo permanente dell&#8217;Associazione internazionale Dino Buzzati \u2013 fondata nell&#8217;88, centinaia di soci sparsi in tutti i continenti. Tra le altre attivit\u00e0, produce anche una rivista annuale di Studi buzzatiani, tradotta in quattro lingue, una delle rare riviste italiane dedicate a un unico autore.\r\nIl Centro studi vive di volontari. \u00c8 aperto solo alcuni pomeriggi a settimana, e si trova \u2013 da due anni \u2013 in quello che dovrebbe diventare, insieme con le Scuderie napoleoniche, il polo bibliotecario comunale.\r\n\r\nNella porta di ingresso di Palazzo Borgasio \u00e8 appeso un avviso sbiadito, scritto a mano, forse per il custode: \u201cNei pomeriggi di marted\u00ec, mercoled\u00ec e gioved\u00ec non chiudere a chiave: c&#8217;\u00e8 una biblioteca aperta al pubblico\u201d. Ci si pu\u00f2 davvero dimenticare dell&#8217;esistenza di una biblioteca? Dino Buzzati probabilmente ne scriverebbe un racconto surreale.\t\t\t\t\t\t<\/div>\n\t\t\t\t<\/div>\n\t\t\t\t\t<\/div>\n\t\t<\/div>\n\t\t\t\t\t<\/div>\n\t\t<\/section>\n\t\t\t\t<\/div>\n\t\t","protected":false},"excerpt":{"rendered":"<p>Chi lo sa che a Feltre c&#8217;\u00e8 il Centro studi Buzzati, dove ogni anno decine di studenti, studiosi e professionisti vari si rifugiano per fare ricerca e ricerche sullo scrittore bellunese per eccellenza? Non tanti, probabilmente, e ancora meno sapranno dove si trova, perch\u00e9 il Centro studi Buzzati sono due stanzucce ricavate nel mezzanino di[&#8230;..]<\/p>\n","protected":false},"author":3,"featured_media":0,"parent":2067,"menu_order":6,"comment_status":"closed","ping_status":"closed","template":"page-template-sidebar.php","meta":{"footnotes":""},"categories":[],"tags":[],"class_list":["post-2338","page","type-page","status-publish","hentry"],"yoast_head":"<!-- This site is optimized with the Yoast SEO plugin v25.7 - https:\/\/yoast.com\/wordpress\/plugins\/seo\/ -->\n<title>La biblioteca del gigante trascurato - GAL Prealpi e Dolomiti<\/title>\n<meta name=\"robots\" content=\"index, follow, max-snippet:-1, max-image-preview:large, max-video-preview:-1\" \/>\n<link rel=\"canonical\" href=\"https:\/\/galprealpidolomiti.it\/facciamolo-noi\/i-post\/la-biblioteca-del-gigante-trascurato\/\" \/>\n<meta property=\"og:locale\" content=\"it_IT\" \/>\n<meta property=\"og:type\" content=\"article\" \/>\n<meta property=\"og:title\" content=\"La biblioteca del gigante trascurato - GAL Prealpi e Dolomiti\" \/>\n<meta property=\"og:description\" content=\"Chi lo sa che a Feltre c&#8217;\u00e8 il Centro studi Buzzati, dove ogni anno decine di studenti, studiosi e professionisti vari si rifugiano per fare ricerca e ricerche sullo scrittore bellunese per eccellenza? Non tanti, probabilmente, e ancora meno sapranno dove si trova, perch\u00e9 il Centro studi Buzzati sono due stanzucce ricavate nel mezzanino di[.....]\" \/>\n<meta property=\"og:url\" content=\"https:\/\/galprealpidolomiti.it\/facciamolo-noi\/i-post\/la-biblioteca-del-gigante-trascurato\/\" \/>\n<meta property=\"og:site_name\" content=\"GAL Prealpi e Dolomiti\" \/>\n<meta property=\"article:modified_time\" content=\"2017-04-26T14:09:39+00:00\" \/>\n<meta property=\"og:image\" content=\"https:\/\/galprealpidolomiti.it\/wp-content\/uploads\/elementor\/thumbs\/17535-n7n6n4lzjqj9bkn78vs2qa4weekxu8m9mrihdy7sx4.jpg\" \/>\n<meta name=\"twitter:card\" content=\"summary_large_image\" \/>\n<meta name=\"twitter:label1\" content=\"Tempo di lettura stimato\" \/>\n\t<meta name=\"twitter:data1\" content=\"2 minuti\" \/>\n<script type=\"application\/ld+json\" class=\"yoast-schema-graph\">{\"@context\":\"https:\/\/schema.org\",\"@graph\":[{\"@type\":\"WebPage\",\"@id\":\"https:\/\/galprealpidolomiti.it\/facciamolo-noi\/i-post\/la-biblioteca-del-gigante-trascurato\/\",\"url\":\"https:\/\/galprealpidolomiti.it\/facciamolo-noi\/i-post\/la-biblioteca-del-gigante-trascurato\/\",\"name\":\"La biblioteca del gigante trascurato - GAL Prealpi e Dolomiti\",\"isPartOf\":{\"@id\":\"https:\/\/galprealpidolomiti.it\/#website\"},\"primaryImageOfPage\":{\"@id\":\"https:\/\/galprealpidolomiti.it\/facciamolo-noi\/i-post\/la-biblioteca-del-gigante-trascurato\/#primaryimage\"},\"image\":{\"@id\":\"https:\/\/galprealpidolomiti.it\/facciamolo-noi\/i-post\/la-biblioteca-del-gigante-trascurato\/#primaryimage\"},\"thumbnailUrl\":\"https:\/\/galprealpidolomiti.it\/wp-content\/uploads\/elementor\/thumbs\/17535-n7n6n4lzjqj9bkn78vs2qa4weekxu8m9mrihdy7sx4.jpg\",\"datePublished\":\"2017-04-21T13:45:51+00:00\",\"dateModified\":\"2017-04-26T14:09:39+00:00\",\"breadcrumb\":{\"@id\":\"https:\/\/galprealpidolomiti.it\/facciamolo-noi\/i-post\/la-biblioteca-del-gigante-trascurato\/#breadcrumb\"},\"inLanguage\":\"it-IT\",\"potentialAction\":[{\"@type\":\"ReadAction\",\"target\":[\"https:\/\/galprealpidolomiti.it\/facciamolo-noi\/i-post\/la-biblioteca-del-gigante-trascurato\/\"]}]},{\"@type\":\"ImageObject\",\"inLanguage\":\"it-IT\",\"@id\":\"https:\/\/galprealpidolomiti.it\/facciamolo-noi\/i-post\/la-biblioteca-del-gigante-trascurato\/#primaryimage\",\"url\":\"https:\/\/galprealpidolomiti.it\/wp-content\/uploads\/elementor\/thumbs\/17535-n7n6n4lzjqj9bkn78vs2qa4weekxu8m9mrihdy7sx4.jpg\",\"contentUrl\":\"https:\/\/galprealpidolomiti.it\/wp-content\/uploads\/elementor\/thumbs\/17535-n7n6n4lzjqj9bkn78vs2qa4weekxu8m9mrihdy7sx4.jpg\"},{\"@type\":\"BreadcrumbList\",\"@id\":\"https:\/\/galprealpidolomiti.it\/facciamolo-noi\/i-post\/la-biblioteca-del-gigante-trascurato\/#breadcrumb\",\"itemListElement\":[{\"@type\":\"ListItem\",\"position\":1,\"name\":\"Home\",\"item\":\"https:\/\/galprealpidolomiti.it\/\"},{\"@type\":\"ListItem\",\"position\":2,\"name\":\"Facciamolo noi 2007-2013\",\"item\":\"https:\/\/galprealpidolomiti.it\/facciamolo-noi\/\"},{\"@type\":\"ListItem\",\"position\":3,\"name\":\"I Post\",\"item\":\"https:\/\/galprealpidolomiti.it\/facciamolo-noi\/i-post\/\"},{\"@type\":\"ListItem\",\"position\":4,\"name\":\"La biblioteca del gigante trascurato\"}]},{\"@type\":\"WebSite\",\"@id\":\"https:\/\/galprealpidolomiti.it\/#website\",\"url\":\"https:\/\/galprealpidolomiti.it\/\",\"name\":\"GAL Prealpi e Dolomiti\",\"description\":\"Gruppo di Azione Locale\",\"publisher\":{\"@id\":\"https:\/\/galprealpidolomiti.it\/#organization\"},\"potentialAction\":[{\"@type\":\"SearchAction\",\"target\":{\"@type\":\"EntryPoint\",\"urlTemplate\":\"https:\/\/galprealpidolomiti.it\/?s={search_term_string}\"},\"query-input\":{\"@type\":\"PropertyValueSpecification\",\"valueRequired\":true,\"valueName\":\"search_term_string\"}}],\"inLanguage\":\"it-IT\"},{\"@type\":\"Organization\",\"@id\":\"https:\/\/galprealpidolomiti.it\/#organization\",\"name\":\"GAL Prealpi e Dolomiti\",\"url\":\"https:\/\/galprealpidolomiti.it\/\",\"logo\":{\"@type\":\"ImageObject\",\"inLanguage\":\"it-IT\",\"@id\":\"https:\/\/galprealpidolomiti.it\/#\/schema\/logo\/image\/\",\"url\":\"https:\/\/www.galprealpidolomiti.it\/old\/wp-content\/uploads\/2020\/03\/striscia-5-loghi.png\",\"contentUrl\":\"https:\/\/www.galprealpidolomiti.it\/old\/wp-content\/uploads\/2020\/03\/striscia-5-loghi.png\",\"width\":1177,\"height\":228,\"caption\":\"GAL Prealpi e Dolomiti\"},\"image\":{\"@id\":\"https:\/\/galprealpidolomiti.it\/#\/schema\/logo\/image\/\"}}]}<\/script>\n<!-- \/ Yoast SEO plugin. -->","yoast_head_json":{"title":"La biblioteca del gigante trascurato - GAL Prealpi e Dolomiti","robots":{"index":"index","follow":"follow","max-snippet":"max-snippet:-1","max-image-preview":"max-image-preview:large","max-video-preview":"max-video-preview:-1"},"canonical":"https:\/\/galprealpidolomiti.it\/facciamolo-noi\/i-post\/la-biblioteca-del-gigante-trascurato\/","og_locale":"it_IT","og_type":"article","og_title":"La biblioteca del gigante trascurato - GAL Prealpi e Dolomiti","og_description":"Chi lo sa che a Feltre c&#8217;\u00e8 il Centro studi Buzzati, dove ogni anno decine di studenti, studiosi e professionisti vari si rifugiano per fare ricerca e ricerche sullo scrittore bellunese per eccellenza? Non tanti, probabilmente, e ancora meno sapranno dove si trova, perch\u00e9 il Centro studi Buzzati sono due stanzucce ricavate nel mezzanino di[.....]","og_url":"https:\/\/galprealpidolomiti.it\/facciamolo-noi\/i-post\/la-biblioteca-del-gigante-trascurato\/","og_site_name":"GAL Prealpi e Dolomiti","article_modified_time":"2017-04-26T14:09:39+00:00","og_image":[{"url":"https:\/\/galprealpidolomiti.it\/wp-content\/uploads\/elementor\/thumbs\/17535-n7n6n4lzjqj9bkn78vs2qa4weekxu8m9mrihdy7sx4.jpg","type":"","width":"","height":""}],"twitter_card":"summary_large_image","twitter_misc":{"Tempo di lettura stimato":"2 minuti"},"schema":{"@context":"https:\/\/schema.org","@graph":[{"@type":"WebPage","@id":"https:\/\/galprealpidolomiti.it\/facciamolo-noi\/i-post\/la-biblioteca-del-gigante-trascurato\/","url":"https:\/\/galprealpidolomiti.it\/facciamolo-noi\/i-post\/la-biblioteca-del-gigante-trascurato\/","name":"La biblioteca del gigante trascurato - GAL Prealpi e Dolomiti","isPartOf":{"@id":"https:\/\/galprealpidolomiti.it\/#website"},"primaryImageOfPage":{"@id":"https:\/\/galprealpidolomiti.it\/facciamolo-noi\/i-post\/la-biblioteca-del-gigante-trascurato\/#primaryimage"},"image":{"@id":"https:\/\/galprealpidolomiti.it\/facciamolo-noi\/i-post\/la-biblioteca-del-gigante-trascurato\/#primaryimage"},"thumbnailUrl":"https:\/\/galprealpidolomiti.it\/wp-content\/uploads\/elementor\/thumbs\/17535-n7n6n4lzjqj9bkn78vs2qa4weekxu8m9mrihdy7sx4.jpg","datePublished":"2017-04-21T13:45:51+00:00","dateModified":"2017-04-26T14:09:39+00:00","breadcrumb":{"@id":"https:\/\/galprealpidolomiti.it\/facciamolo-noi\/i-post\/la-biblioteca-del-gigante-trascurato\/#breadcrumb"},"inLanguage":"it-IT","potentialAction":[{"@type":"ReadAction","target":["https:\/\/galprealpidolomiti.it\/facciamolo-noi\/i-post\/la-biblioteca-del-gigante-trascurato\/"]}]},{"@type":"ImageObject","inLanguage":"it-IT","@id":"https:\/\/galprealpidolomiti.it\/facciamolo-noi\/i-post\/la-biblioteca-del-gigante-trascurato\/#primaryimage","url":"https:\/\/galprealpidolomiti.it\/wp-content\/uploads\/elementor\/thumbs\/17535-n7n6n4lzjqj9bkn78vs2qa4weekxu8m9mrihdy7sx4.jpg","contentUrl":"https:\/\/galprealpidolomiti.it\/wp-content\/uploads\/elementor\/thumbs\/17535-n7n6n4lzjqj9bkn78vs2qa4weekxu8m9mrihdy7sx4.jpg"},{"@type":"BreadcrumbList","@id":"https:\/\/galprealpidolomiti.it\/facciamolo-noi\/i-post\/la-biblioteca-del-gigante-trascurato\/#breadcrumb","itemListElement":[{"@type":"ListItem","position":1,"name":"Home","item":"https:\/\/galprealpidolomiti.it\/"},{"@type":"ListItem","position":2,"name":"Facciamolo noi 2007-2013","item":"https:\/\/galprealpidolomiti.it\/facciamolo-noi\/"},{"@type":"ListItem","position":3,"name":"I Post","item":"https:\/\/galprealpidolomiti.it\/facciamolo-noi\/i-post\/"},{"@type":"ListItem","position":4,"name":"La biblioteca del gigante trascurato"}]},{"@type":"WebSite","@id":"https:\/\/galprealpidolomiti.it\/#website","url":"https:\/\/galprealpidolomiti.it\/","name":"GAL Prealpi e Dolomiti","description":"Gruppo di Azione Locale","publisher":{"@id":"https:\/\/galprealpidolomiti.it\/#organization"},"potentialAction":[{"@type":"SearchAction","target":{"@type":"EntryPoint","urlTemplate":"https:\/\/galprealpidolomiti.it\/?s={search_term_string}"},"query-input":{"@type":"PropertyValueSpecification","valueRequired":true,"valueName":"search_term_string"}}],"inLanguage":"it-IT"},{"@type":"Organization","@id":"https:\/\/galprealpidolomiti.it\/#organization","name":"GAL Prealpi e Dolomiti","url":"https:\/\/galprealpidolomiti.it\/","logo":{"@type":"ImageObject","inLanguage":"it-IT","@id":"https:\/\/galprealpidolomiti.it\/#\/schema\/logo\/image\/","url":"https:\/\/www.galprealpidolomiti.it\/old\/wp-content\/uploads\/2020\/03\/striscia-5-loghi.png","contentUrl":"https:\/\/www.galprealpidolomiti.it\/old\/wp-content\/uploads\/2020\/03\/striscia-5-loghi.png","width":1177,"height":228,"caption":"GAL Prealpi e Dolomiti"},"image":{"@id":"https:\/\/galprealpidolomiti.it\/#\/schema\/logo\/image\/"}}]}},"_links":{"self":[{"href":"https:\/\/www.galprealpidolomiti.it\/old\/wp-json\/wp\/v2\/pages\/2338","targetHints":{"allow":["GET"]}}],"collection":[{"href":"https:\/\/www.galprealpidolomiti.it\/old\/wp-json\/wp\/v2\/pages"}],"about":[{"href":"https:\/\/www.galprealpidolomiti.it\/old\/wp-json\/wp\/v2\/types\/page"}],"author":[{"embeddable":true,"href":"https:\/\/www.galprealpidolomiti.it\/old\/wp-json\/wp\/v2\/users\/3"}],"replies":[{"embeddable":true,"href":"https:\/\/www.galprealpidolomiti.it\/old\/wp-json\/wp\/v2\/comments?post=2338"}],"version-history":[{"count":0,"href":"https:\/\/www.galprealpidolomiti.it\/old\/wp-json\/wp\/v2\/pages\/2338\/revisions"}],"up":[{"embeddable":true,"href":"https:\/\/www.galprealpidolomiti.it\/old\/wp-json\/wp\/v2\/pages\/2067"}],"wp:attachment":[{"href":"https:\/\/www.galprealpidolomiti.it\/old\/wp-json\/wp\/v2\/media?parent=2338"}],"wp:term":[{"taxonomy":"category","embeddable":true,"href":"https:\/\/www.galprealpidolomiti.it\/old\/wp-json\/wp\/v2\/categories?post=2338"},{"taxonomy":"post_tag","embeddable":true,"href":"https:\/\/www.galprealpidolomiti.it\/old\/wp-json\/wp\/v2\/tags?post=2338"}],"curies":[{"name":"wp","href":"https:\/\/api.w.org\/{rel}","templated":true}]}}