{"id":2328,"date":"2017-04-21T15:23:05","date_gmt":"2017-04-21T13:23:05","guid":{"rendered":"https:\/\/galprealpidolomiti.it\/?page_id=2328"},"modified":"2017-04-28T11:32:19","modified_gmt":"2017-04-28T09:32:19","slug":"buonissimi-investimenti-bianco","status":"publish","type":"page","link":"https:\/\/www.galprealpidolomiti.it\/old\/facciamolo-noi\/i-post\/buonissimi-investimenti-bianco\/","title":{"rendered":"Buonissimi investimenti in bianco"},"content":{"rendered":"<p><img decoding=\"async\" title=\"500_facciamolonoi_gal_latte_01-1024\u00d71024\" src=\"https:\/\/galprealpidolomiti.it\/wp-content\/uploads\/elementor\/thumbs\/500_facciamolonoi_gal_latte_01-1024x1024-n7n6kwppethvwpv97f8sccapwniqnyt2zs27lfi9m0.jpg\" alt=\"500_facciamolonoi_gal_latte_01-1024x1024\" \/><br \/>\nSe sei un bambino e vivi in provincia facile che il latte, per te, sia il Lattebusche. Quasi quel \u201cbusche\u201d facesse parte del nome stesso del contenuto della tazza di ogni santa colazione. Solo negli anni, o la prima volta che passerai di l\u00ec in auto in direzione Feltre, scoprirai che Busche \u00e8 un paese e che dunque qualcosa non torna. Lattebusche, gi\u00e0 Latteria Sociale Cooperativa della Vallata Feltrino \u00e8 da decenni una solidissima realt\u00e0 locale. Che in questi decenni, puntuale, ha piazzato nel frigo e nella tavola dei bellunesi latte, yogurt, formaggio, gelato e tutto ci\u00f2 che ha a che fare con il bianco sapore. Nata nel 1954 per volont\u00e0 e forza dei 36 soci fondatori, a oltre sessant\u2019anni di et\u00e0 \u00e8 diventa-ta una protagonista del suo settore in tutto il Paese riuscendo a ritagliarsi un ottimo spazio pure all\u2019estero.<br \/>\nCi sono i suoi oltre 200 dipendenti, sparpagliati nei quattro stabilimenti produttivi e nei spacci aziendali, e ci sono i suoi 400 soci, che ogni anno mungono e consegnano il proprio latte allo stabilimento. I numeri? Pi\u00f9 di un milione di ettolitri all\u2019anno, di cui quasi il 50% (450.000 circa) consegnati alla sede centrale proprio l\u00ec, a Busche. Dividete questa bianca cascata per i giorni lavorativi et voil\u00e0 i 3 mila litri di quotidiana lavorazione che ogni giorno danno vita ai cartoni azzurri e viola, alle mozzarelle, agli yogurt, al gelato e alla vasta variet\u00e0 di formaggi distribuita in tutta Italia. Dal Montasio all\u2019imperdibile Piave. E se c\u2019\u00e8 qualcosa che nell\u2019ultimo decennio ha sempre pi\u00f9 stuzzicato il palato dei bellunesi, e delle buone forchette in genere, queste sono le mozzarelle e il gelato Lattebusche.<br \/>\nTanto che l\u2019azienda, dovendo far fronte a un produzione di oltre 400 tonnellate di mozzarelle e oltre 30 di gelato, con un incremento tra il 36% e il 50% rispetto alle annate precedenti, ha deciso di irrobustire braccia e muscoli mettendo mano ai propri impianti. Interventi che hanno permesso a Lattebusche di potenziare l\u2019impianto di produzione della mozzarella e rifare completa-mente l\u2019intero reparto gelato confezionato. Il tutto operando in direzione dell\u2019aggiornamento tecnologico riuscire ad abbassare i costi di produzione garantendo per\u00f2 allo stesso tempo la stessa identica, se non migliore, qualit\u00e0 al cliente. Perch\u00e9 quel gusto, in 60 anni, i bellunesi lo hanno imparato bene.<\/p>\n","protected":false},"excerpt":{"rendered":"<p>Se sei un bambino e vivi in provincia facile che il latte, per te, sia il Lattebusche. Quasi quel \u201cbusche\u201d facesse parte del nome stesso del contenuto della tazza di ogni santa colazione. Solo negli anni, o la prima volta che passerai di l\u00ec in auto in direzione Feltre, scoprirai che Busche \u00e8 un paese[&#8230;..]<\/p>\n","protected":false},"author":3,"featured_media":0,"parent":2067,"menu_order":6,"comment_status":"closed","ping_status":"closed","template":"page-template-sidebar.php","meta":{"footnotes":""},"categories":[],"tags":[],"class_list":["post-2328","page","type-page","status-publish","hentry"],"yoast_head":"<!-- This site is optimized with the Yoast SEO plugin v25.7 - https:\/\/yoast.com\/wordpress\/plugins\/seo\/ -->\n<title>Buonissimi investimenti in bianco - GAL Prealpi e Dolomiti<\/title>\n<meta name=\"robots\" content=\"index, follow, max-snippet:-1, max-image-preview:large, max-video-preview:-1\" \/>\n<link rel=\"canonical\" href=\"https:\/\/galprealpidolomiti.it\/facciamolo-noi\/i-post\/buonissimi-investimenti-bianco\/\" \/>\n<meta property=\"og:locale\" content=\"it_IT\" \/>\n<meta property=\"og:type\" content=\"article\" \/>\n<meta property=\"og:title\" content=\"Buonissimi investimenti in bianco - GAL Prealpi e Dolomiti\" \/>\n<meta property=\"og:description\" content=\"Se sei un bambino e vivi in provincia facile che il latte, per te, sia il Lattebusche. Quasi quel \u201cbusche\u201d facesse parte del nome stesso del contenuto della tazza di ogni santa colazione. Solo negli anni, o la prima volta che passerai di l\u00ec in auto in direzione Feltre, scoprirai che Busche \u00e8 un paese[.....]\" \/>\n<meta property=\"og:url\" content=\"https:\/\/galprealpidolomiti.it\/facciamolo-noi\/i-post\/buonissimi-investimenti-bianco\/\" \/>\n<meta property=\"og:site_name\" content=\"GAL Prealpi e Dolomiti\" \/>\n<meta property=\"article:modified_time\" content=\"2017-04-28T09:32:19+00:00\" \/>\n<meta property=\"og:image\" content=\"https:\/\/galprealpidolomiti.it\/wp-content\/uploads\/elementor\/thumbs\/500_facciamolonoi_gal_latte_01-1024x1024-n7n6kwppethvwpv97f8sccapwniqnyt2zs27lfi9m0.jpg\" \/>\n<meta name=\"twitter:card\" content=\"summary_large_image\" \/>\n<meta name=\"twitter:label1\" content=\"Tempo di lettura stimato\" \/>\n\t<meta name=\"twitter:data1\" content=\"2 minuti\" \/>\n<script type=\"application\/ld+json\" class=\"yoast-schema-graph\">{\"@context\":\"https:\/\/schema.org\",\"@graph\":[{\"@type\":\"WebPage\",\"@id\":\"https:\/\/galprealpidolomiti.it\/facciamolo-noi\/i-post\/buonissimi-investimenti-bianco\/\",\"url\":\"https:\/\/galprealpidolomiti.it\/facciamolo-noi\/i-post\/buonissimi-investimenti-bianco\/\",\"name\":\"Buonissimi investimenti in bianco - GAL Prealpi e Dolomiti\",\"isPartOf\":{\"@id\":\"https:\/\/galprealpidolomiti.it\/#website\"},\"primaryImageOfPage\":{\"@id\":\"https:\/\/galprealpidolomiti.it\/facciamolo-noi\/i-post\/buonissimi-investimenti-bianco\/#primaryimage\"},\"image\":{\"@id\":\"https:\/\/galprealpidolomiti.it\/facciamolo-noi\/i-post\/buonissimi-investimenti-bianco\/#primaryimage\"},\"thumbnailUrl\":\"https:\/\/galprealpidolomiti.it\/wp-content\/uploads\/elementor\/thumbs\/500_facciamolonoi_gal_latte_01-1024x1024-n7n6kwppethvwpv97f8sccapwniqnyt2zs27lfi9m0.jpg\",\"datePublished\":\"2017-04-21T13:23:05+00:00\",\"dateModified\":\"2017-04-28T09:32:19+00:00\",\"breadcrumb\":{\"@id\":\"https:\/\/galprealpidolomiti.it\/facciamolo-noi\/i-post\/buonissimi-investimenti-bianco\/#breadcrumb\"},\"inLanguage\":\"it-IT\",\"potentialAction\":[{\"@type\":\"ReadAction\",\"target\":[\"https:\/\/galprealpidolomiti.it\/facciamolo-noi\/i-post\/buonissimi-investimenti-bianco\/\"]}]},{\"@type\":\"ImageObject\",\"inLanguage\":\"it-IT\",\"@id\":\"https:\/\/galprealpidolomiti.it\/facciamolo-noi\/i-post\/buonissimi-investimenti-bianco\/#primaryimage\",\"url\":\"https:\/\/galprealpidolomiti.it\/wp-content\/uploads\/elementor\/thumbs\/500_facciamolonoi_gal_latte_01-1024x1024-n7n6kwppethvwpv97f8sccapwniqnyt2zs27lfi9m0.jpg\",\"contentUrl\":\"https:\/\/galprealpidolomiti.it\/wp-content\/uploads\/elementor\/thumbs\/500_facciamolonoi_gal_latte_01-1024x1024-n7n6kwppethvwpv97f8sccapwniqnyt2zs27lfi9m0.jpg\"},{\"@type\":\"BreadcrumbList\",\"@id\":\"https:\/\/galprealpidolomiti.it\/facciamolo-noi\/i-post\/buonissimi-investimenti-bianco\/#breadcrumb\",\"itemListElement\":[{\"@type\":\"ListItem\",\"position\":1,\"name\":\"Home\",\"item\":\"https:\/\/galprealpidolomiti.it\/\"},{\"@type\":\"ListItem\",\"position\":2,\"name\":\"Facciamolo noi 2007-2013\",\"item\":\"https:\/\/galprealpidolomiti.it\/facciamolo-noi\/\"},{\"@type\":\"ListItem\",\"position\":3,\"name\":\"I Post\",\"item\":\"https:\/\/galprealpidolomiti.it\/facciamolo-noi\/i-post\/\"},{\"@type\":\"ListItem\",\"position\":4,\"name\":\"Buonissimi investimenti in bianco\"}]},{\"@type\":\"WebSite\",\"@id\":\"https:\/\/galprealpidolomiti.it\/#website\",\"url\":\"https:\/\/galprealpidolomiti.it\/\",\"name\":\"GAL Prealpi e Dolomiti\",\"description\":\"Gruppo di Azione Locale\",\"publisher\":{\"@id\":\"https:\/\/galprealpidolomiti.it\/#organization\"},\"potentialAction\":[{\"@type\":\"SearchAction\",\"target\":{\"@type\":\"EntryPoint\",\"urlTemplate\":\"https:\/\/galprealpidolomiti.it\/?s={search_term_string}\"},\"query-input\":{\"@type\":\"PropertyValueSpecification\",\"valueRequired\":true,\"valueName\":\"search_term_string\"}}],\"inLanguage\":\"it-IT\"},{\"@type\":\"Organization\",\"@id\":\"https:\/\/galprealpidolomiti.it\/#organization\",\"name\":\"GAL Prealpi e Dolomiti\",\"url\":\"https:\/\/galprealpidolomiti.it\/\",\"logo\":{\"@type\":\"ImageObject\",\"inLanguage\":\"it-IT\",\"@id\":\"https:\/\/galprealpidolomiti.it\/#\/schema\/logo\/image\/\",\"url\":\"https:\/\/www.galprealpidolomiti.it\/old\/wp-content\/uploads\/2020\/03\/striscia-5-loghi.png\",\"contentUrl\":\"https:\/\/www.galprealpidolomiti.it\/old\/wp-content\/uploads\/2020\/03\/striscia-5-loghi.png\",\"width\":1177,\"height\":228,\"caption\":\"GAL Prealpi e Dolomiti\"},\"image\":{\"@id\":\"https:\/\/galprealpidolomiti.it\/#\/schema\/logo\/image\/\"}}]}<\/script>\n<!-- \/ Yoast SEO plugin. -->","yoast_head_json":{"title":"Buonissimi investimenti in bianco - GAL Prealpi e Dolomiti","robots":{"index":"index","follow":"follow","max-snippet":"max-snippet:-1","max-image-preview":"max-image-preview:large","max-video-preview":"max-video-preview:-1"},"canonical":"https:\/\/galprealpidolomiti.it\/facciamolo-noi\/i-post\/buonissimi-investimenti-bianco\/","og_locale":"it_IT","og_type":"article","og_title":"Buonissimi investimenti in bianco - GAL Prealpi e Dolomiti","og_description":"Se sei un bambino e vivi in provincia facile che il latte, per te, sia il Lattebusche. Quasi quel \u201cbusche\u201d facesse parte del nome stesso del contenuto della tazza di ogni santa colazione. Solo negli anni, o la prima volta che passerai di l\u00ec in auto in direzione Feltre, scoprirai che Busche \u00e8 un paese[.....]","og_url":"https:\/\/galprealpidolomiti.it\/facciamolo-noi\/i-post\/buonissimi-investimenti-bianco\/","og_site_name":"GAL Prealpi e Dolomiti","article_modified_time":"2017-04-28T09:32:19+00:00","og_image":[{"url":"https:\/\/galprealpidolomiti.it\/wp-content\/uploads\/elementor\/thumbs\/500_facciamolonoi_gal_latte_01-1024x1024-n7n6kwppethvwpv97f8sccapwniqnyt2zs27lfi9m0.jpg","type":"","width":"","height":""}],"twitter_card":"summary_large_image","twitter_misc":{"Tempo di lettura stimato":"2 minuti"},"schema":{"@context":"https:\/\/schema.org","@graph":[{"@type":"WebPage","@id":"https:\/\/galprealpidolomiti.it\/facciamolo-noi\/i-post\/buonissimi-investimenti-bianco\/","url":"https:\/\/galprealpidolomiti.it\/facciamolo-noi\/i-post\/buonissimi-investimenti-bianco\/","name":"Buonissimi investimenti in bianco - GAL Prealpi e Dolomiti","isPartOf":{"@id":"https:\/\/galprealpidolomiti.it\/#website"},"primaryImageOfPage":{"@id":"https:\/\/galprealpidolomiti.it\/facciamolo-noi\/i-post\/buonissimi-investimenti-bianco\/#primaryimage"},"image":{"@id":"https:\/\/galprealpidolomiti.it\/facciamolo-noi\/i-post\/buonissimi-investimenti-bianco\/#primaryimage"},"thumbnailUrl":"https:\/\/galprealpidolomiti.it\/wp-content\/uploads\/elementor\/thumbs\/500_facciamolonoi_gal_latte_01-1024x1024-n7n6kwppethvwpv97f8sccapwniqnyt2zs27lfi9m0.jpg","datePublished":"2017-04-21T13:23:05+00:00","dateModified":"2017-04-28T09:32:19+00:00","breadcrumb":{"@id":"https:\/\/galprealpidolomiti.it\/facciamolo-noi\/i-post\/buonissimi-investimenti-bianco\/#breadcrumb"},"inLanguage":"it-IT","potentialAction":[{"@type":"ReadAction","target":["https:\/\/galprealpidolomiti.it\/facciamolo-noi\/i-post\/buonissimi-investimenti-bianco\/"]}]},{"@type":"ImageObject","inLanguage":"it-IT","@id":"https:\/\/galprealpidolomiti.it\/facciamolo-noi\/i-post\/buonissimi-investimenti-bianco\/#primaryimage","url":"https:\/\/galprealpidolomiti.it\/wp-content\/uploads\/elementor\/thumbs\/500_facciamolonoi_gal_latte_01-1024x1024-n7n6kwppethvwpv97f8sccapwniqnyt2zs27lfi9m0.jpg","contentUrl":"https:\/\/galprealpidolomiti.it\/wp-content\/uploads\/elementor\/thumbs\/500_facciamolonoi_gal_latte_01-1024x1024-n7n6kwppethvwpv97f8sccapwniqnyt2zs27lfi9m0.jpg"},{"@type":"BreadcrumbList","@id":"https:\/\/galprealpidolomiti.it\/facciamolo-noi\/i-post\/buonissimi-investimenti-bianco\/#breadcrumb","itemListElement":[{"@type":"ListItem","position":1,"name":"Home","item":"https:\/\/galprealpidolomiti.it\/"},{"@type":"ListItem","position":2,"name":"Facciamolo noi 2007-2013","item":"https:\/\/galprealpidolomiti.it\/facciamolo-noi\/"},{"@type":"ListItem","position":3,"name":"I Post","item":"https:\/\/galprealpidolomiti.it\/facciamolo-noi\/i-post\/"},{"@type":"ListItem","position":4,"name":"Buonissimi investimenti in bianco"}]},{"@type":"WebSite","@id":"https:\/\/galprealpidolomiti.it\/#website","url":"https:\/\/galprealpidolomiti.it\/","name":"GAL Prealpi e Dolomiti","description":"Gruppo di Azione Locale","publisher":{"@id":"https:\/\/galprealpidolomiti.it\/#organization"},"potentialAction":[{"@type":"SearchAction","target":{"@type":"EntryPoint","urlTemplate":"https:\/\/galprealpidolomiti.it\/?s={search_term_string}"},"query-input":{"@type":"PropertyValueSpecification","valueRequired":true,"valueName":"search_term_string"}}],"inLanguage":"it-IT"},{"@type":"Organization","@id":"https:\/\/galprealpidolomiti.it\/#organization","name":"GAL Prealpi e Dolomiti","url":"https:\/\/galprealpidolomiti.it\/","logo":{"@type":"ImageObject","inLanguage":"it-IT","@id":"https:\/\/galprealpidolomiti.it\/#\/schema\/logo\/image\/","url":"https:\/\/www.galprealpidolomiti.it\/old\/wp-content\/uploads\/2020\/03\/striscia-5-loghi.png","contentUrl":"https:\/\/www.galprealpidolomiti.it\/old\/wp-content\/uploads\/2020\/03\/striscia-5-loghi.png","width":1177,"height":228,"caption":"GAL Prealpi e Dolomiti"},"image":{"@id":"https:\/\/galprealpidolomiti.it\/#\/schema\/logo\/image\/"}}]}},"_links":{"self":[{"href":"https:\/\/www.galprealpidolomiti.it\/old\/wp-json\/wp\/v2\/pages\/2328","targetHints":{"allow":["GET"]}}],"collection":[{"href":"https:\/\/www.galprealpidolomiti.it\/old\/wp-json\/wp\/v2\/pages"}],"about":[{"href":"https:\/\/www.galprealpidolomiti.it\/old\/wp-json\/wp\/v2\/types\/page"}],"author":[{"embeddable":true,"href":"https:\/\/www.galprealpidolomiti.it\/old\/wp-json\/wp\/v2\/users\/3"}],"replies":[{"embeddable":true,"href":"https:\/\/www.galprealpidolomiti.it\/old\/wp-json\/wp\/v2\/comments?post=2328"}],"version-history":[{"count":0,"href":"https:\/\/www.galprealpidolomiti.it\/old\/wp-json\/wp\/v2\/pages\/2328\/revisions"}],"up":[{"embeddable":true,"href":"https:\/\/www.galprealpidolomiti.it\/old\/wp-json\/wp\/v2\/pages\/2067"}],"wp:attachment":[{"href":"https:\/\/www.galprealpidolomiti.it\/old\/wp-json\/wp\/v2\/media?parent=2328"}],"wp:term":[{"taxonomy":"category","embeddable":true,"href":"https:\/\/www.galprealpidolomiti.it\/old\/wp-json\/wp\/v2\/categories?post=2328"},{"taxonomy":"post_tag","embeddable":true,"href":"https:\/\/www.galprealpidolomiti.it\/old\/wp-json\/wp\/v2\/tags?post=2328"}],"curies":[{"name":"wp","href":"https:\/\/api.w.org\/{rel}","templated":true}]}}