{"id":231,"date":"2017-03-09T18:21:34","date_gmt":"2017-03-09T17:21:34","guid":{"rendered":"http:\/\/gal.larindev.com\/?page_id=231"},"modified":"2025-10-20T14:29:08","modified_gmt":"2025-10-20T12:29:08","slug":"ipa-prealpi-bellunesi","status":"publish","type":"page","link":"https:\/\/www.galprealpidolomiti.it\/old\/ipa-prealpi-bellunesi\/","title":{"rendered":"IPA Prealpi Bellunesi"},"content":{"rendered":"<h3>L\u2019Intesa Programmatica d\u2019Area Prealpi Bellunesi<\/h3>\n<p>La presente sezione ripercorre la storia e la genesi dell&#8217;IPA Prealpi Bellunesi, costituita a seguito della novella all\u2019art. 25 della LR 35\/01 operato dall\u2019art. 22 della LR 2\/20, che ha aperto alla possibilit\u00e0 di trasformare l&#8217;IPA in\u00a0 soggetto giuridico autonomo. In tal senso il territorio ha assegnando tale funzione all\u2019associazione giuridicamente riconosciuta Gal Prealpi e Dolomiti e ha approvato il Documento Programmatico d&#8217;Area 2023-2027.<\/p>\n<p>Di seguito alcune informazioni sulla precedente struttura:<\/p>\n<p>L\u2019<strong>Intesa Programmatica d\u2019Area (IPA) Prealpi Bellunesi<\/strong> nasce nel 2010 in seguito alla fusione dell\u2019IPA del Feltrino e dell\u2019IPA Prealpi Bellunesi. Attualmente il territorio comprende tutti i comuni delle quattro Unioni Montane (Alpago, Bellunese, Valbelluna e Feltrina) coincidendo perfettamente con l\u2019ambito territoriale del Gruppo di Azione Locale (GAL) Prealpi e Dolomiti.<\/p>\n<p>L\u2019intesa nasce secondo i dettami della Legge Regionale n. 35 del 2001 ovvero come un luogo di programmazione e condivisione di linee e percorsi di sviluppo, raccolti in un documento denominato <strong>Documento Programmatico<\/strong>. Il Tavolo di Concertazione, questo \u00e8 il luogo dove il territorio si confronta, \u00e8 il cuore pulsante dell\u2019Intesa ed \u00e8 costituito dalle parti socio economiche ed istituzionali rappresentative del territorio. Complessivamente vi partecipano <strong>trenta soggetti<\/strong>: Comuni, Unioni Montane, Provincia, altri enti e associazioni di categoria del mondo socio-economico.<\/p>\n<p>Il <strong>soggetto responsabile<\/strong> dell\u2019Intesa, a cui spetta il compito di presiedere il Tavolo di Concertazione, \u00e8 l\u2019Unione Montana Valbelluna mentre la <strong>segreteria tecnica<\/strong> \u00e8 ricoperta dal Gal Prealpi e Dolomiti.<\/p>\n<p>Fin dalla sua nascita l\u2019IPA Prealpi Bellunesi ha inteso cogliere ogni specifica opportunit\u00e0 che la Regione del Veneto ha reso disponibile in merito al finanziamento di interventi infrastrutturali ricompresi nelle politiche di sviluppo condivise ed approvate dal territorio.<\/p>\n<p>A tal proposito dal 2010 sono stati tre i <strong>Bandi di finanziamento<\/strong> aperti dalla Regione Veneto a cui l\u2019IPA ha partecipato, nello specifico questi hanno riguardato le annualit\u00e0 2010, 2013 e 2014. Per ognuna delle annualit\u00e0 il Tavolo di Concertazione si \u00e8 riunito ed ha individuato alcuni specifici progetti che, per la loro particolare rilevanza e ricaduta territoriale, sono stati candidati al successivo finanziamento.<\/p>\n<p><strong>Di seguito i progetti finanziati attraverso l&#8217;IPA<\/strong>:<\/p>\n\n<table id=\"tablepress-7\" class=\"tablepress tablepress-id-7\">\n<thead>\n<tr class=\"row-1\">\n\t<th class=\"column-1\">Anno bando<\/th><th class=\"column-2\">Soggetto attuatore<\/th><th class=\"column-3\">Titolo progetto<\/th><th class=\"column-4\">Costo <\/th><th class=\"column-5\">Contributo<\/th>\n<\/tr>\n<\/thead>\n<tbody class=\"row-striping row-hover\">\n<tr class=\"row-2\">\n\t<td class=\"column-1\">2010<\/td><td class=\"column-2\">Comunit\u00e0 Montana dell'Alpago<\/td><td class=\"column-3\"><em>Percorso tra Ponte nelle Alpi e il Lago di Santa Croce<em><\/td><td class=\"column-4\">880.000 \u20ac<\/td><td class=\"column-5\">748.000 \u20ac<\/td>\n<\/tr>\n<tr class=\"row-3\">\n\t<td class=\"column-1\">2013<\/td><td class=\"column-2\">Mel<\/td><td class=\"column-3\"><em>Nuove prospettive urbane in sinistra Piave - Mel, Lentiai, Vas<\/em><\/td><td class=\"column-4\">880.000 \u20ac<\/td><td class=\"column-5\">880.000 \u20ac<\/td>\n<\/tr>\n<tr class=\"row-4\">\n\t<td class=\"column-1\">2014<\/td><td class=\"column-2\">Feltre<\/td><td class=\"column-3\"><em>Recupero funzione attrattiva dei centri urbani<\/em><\/td><td class=\"column-4\">1.177.500 \u20ac<\/td><td class=\"column-5\">999.697 \u20ac<\/td>\n<\/tr>\n<tr class=\"row-5\">\n\t<td class=\"column-1\">2014<\/td><td class=\"column-2\">Unione Montana Bellunese<\/td><td class=\"column-3\"><em>Riqualificazione dei percorsi e degli spazi urbani<\/em><\/td><td class=\"column-4\">1.100.000 \u20ac<\/td><td class=\"column-5\">924.000 \u20ac<\/td>\n<\/tr>\n<tr class=\"row-6\">\n\t<td class=\"column-1\">2014<\/td><td class=\"column-2\">Provincia di Belluno<\/td><td class=\"column-3\"><em>Sensi: musei senza barriere - accessibilit\u00e0 fisica<\/em><\/td><td class=\"column-4\">440.000 \u20ac<\/td><td class=\"column-5\">396.000 \u20ac<\/td>\n<\/tr>\n<tr class=\"row-7\">\n\t<td class=\"column-1\">2014<\/td><td class=\"column-2\">Provincia di Belluno<\/td><td class=\"column-3\"><em>Sensi: musei senza barriere - sistemi tecnologici<\/em><\/td><td class=\"column-4\">339.676 \u20ac<\/td><td class=\"column-5\">305.708 \u20ac<\/td>\n<\/tr>\n<\/tbody>\n<tfoot>\n<tr class=\"row-8\">\n\t<td class=\"column-1\"><\/td><td class=\"column-2\"><\/td><th class=\"column-3\"><strong>Totale<\/strong><\/th><th class=\"column-4\"><strong> 4.817.176 \u20ac <\/strong><br \/>\n<\/th><th class=\"column-5\"><strong>4.253.405 \u20ac <\/strong><br \/>\n<\/th>\n<\/tr>\n<\/tfoot>\n<\/table>\n<!-- #tablepress-7 from cache -->\n<p>&nbsp;<\/p>\n","protected":false},"excerpt":{"rendered":"<p>L\u2019Intesa Programmatica d\u2019Area Prealpi Bellunesi La presente sezione ripercorre la storia e la genesi dell&#8217;IPA Prealpi Bellunesi, costituita a seguito della novella all\u2019art. 25 della LR 35\/01 operato dall\u2019art. 22 della LR 2\/20, che ha aperto alla possibilit\u00e0 di trasformare l&#8217;IPA in\u00a0 soggetto giuridico autonomo. In tal senso il territorio ha assegnando tale funzione all\u2019associazione[&#8230;..]<\/p>\n","protected":false},"author":1,"featured_media":0,"parent":0,"menu_order":17,"comment_status":"closed","ping_status":"closed","template":"","meta":{"footnotes":""},"categories":[],"tags":[],"class_list":["post-231","page","type-page","status-publish","hentry"],"yoast_head":"<!-- This site is optimized with the Yoast SEO plugin v25.7 - https:\/\/yoast.com\/wordpress\/plugins\/seo\/ -->\n<title>IPA Prealpi Bellunesi - GAL Prealpi e Dolomiti<\/title>\n<meta name=\"robots\" content=\"index, follow, max-snippet:-1, max-image-preview:large, max-video-preview:-1\" \/>\n<link rel=\"canonical\" href=\"https:\/\/galprealpidolomiti.it\/ipa-prealpi-bellunesi\/\" \/>\n<meta property=\"og:locale\" content=\"it_IT\" \/>\n<meta property=\"og:type\" content=\"article\" \/>\n<meta property=\"og:title\" content=\"IPA Prealpi Bellunesi - GAL Prealpi e Dolomiti\" \/>\n<meta property=\"og:description\" content=\"L\u2019Intesa Programmatica d\u2019Area Prealpi Bellunesi La presente sezione ripercorre la storia e la genesi dell&#8217;IPA Prealpi Bellunesi, costituita a seguito della novella all\u2019art. 25 della LR 35\/01 operato dall\u2019art. 22 della LR 2\/20, che ha aperto alla possibilit\u00e0 di trasformare l&#8217;IPA in\u00a0 soggetto giuridico autonomo. In tal senso il territorio ha assegnando tale funzione all\u2019associazione[.....]\" \/>\n<meta property=\"og:url\" content=\"https:\/\/galprealpidolomiti.it\/ipa-prealpi-bellunesi\/\" \/>\n<meta property=\"og:site_name\" content=\"GAL Prealpi e Dolomiti\" \/>\n<meta property=\"article:modified_time\" content=\"2025-10-20T12:29:08+00:00\" \/>\n<meta name=\"twitter:card\" content=\"summary_large_image\" \/>\n<meta name=\"twitter:label1\" content=\"Tempo di lettura stimato\" \/>\n\t<meta name=\"twitter:data1\" content=\"2 minuti\" \/>\n<script type=\"application\/ld+json\" class=\"yoast-schema-graph\">{\"@context\":\"https:\/\/schema.org\",\"@graph\":[{\"@type\":\"WebPage\",\"@id\":\"https:\/\/galprealpidolomiti.it\/ipa-prealpi-bellunesi\/\",\"url\":\"https:\/\/galprealpidolomiti.it\/ipa-prealpi-bellunesi\/\",\"name\":\"IPA Prealpi Bellunesi - GAL Prealpi e Dolomiti\",\"isPartOf\":{\"@id\":\"https:\/\/galprealpidolomiti.it\/#website\"},\"datePublished\":\"2017-03-09T17:21:34+00:00\",\"dateModified\":\"2025-10-20T12:29:08+00:00\",\"breadcrumb\":{\"@id\":\"https:\/\/galprealpidolomiti.it\/ipa-prealpi-bellunesi\/#breadcrumb\"},\"inLanguage\":\"it-IT\",\"potentialAction\":[{\"@type\":\"ReadAction\",\"target\":[\"https:\/\/galprealpidolomiti.it\/ipa-prealpi-bellunesi\/\"]}]},{\"@type\":\"BreadcrumbList\",\"@id\":\"https:\/\/galprealpidolomiti.it\/ipa-prealpi-bellunesi\/#breadcrumb\",\"itemListElement\":[{\"@type\":\"ListItem\",\"position\":1,\"name\":\"Home\",\"item\":\"https:\/\/galprealpidolomiti.it\/\"},{\"@type\":\"ListItem\",\"position\":2,\"name\":\"IPA Prealpi Bellunesi\"}]},{\"@type\":\"WebSite\",\"@id\":\"https:\/\/galprealpidolomiti.it\/#website\",\"url\":\"https:\/\/galprealpidolomiti.it\/\",\"name\":\"GAL Prealpi e Dolomiti\",\"description\":\"Gruppo di Azione Locale\",\"publisher\":{\"@id\":\"https:\/\/galprealpidolomiti.it\/#organization\"},\"potentialAction\":[{\"@type\":\"SearchAction\",\"target\":{\"@type\":\"EntryPoint\",\"urlTemplate\":\"https:\/\/galprealpidolomiti.it\/?s={search_term_string}\"},\"query-input\":{\"@type\":\"PropertyValueSpecification\",\"valueRequired\":true,\"valueName\":\"search_term_string\"}}],\"inLanguage\":\"it-IT\"},{\"@type\":\"Organization\",\"@id\":\"https:\/\/galprealpidolomiti.it\/#organization\",\"name\":\"GAL Prealpi e Dolomiti\",\"url\":\"https:\/\/galprealpidolomiti.it\/\",\"logo\":{\"@type\":\"ImageObject\",\"inLanguage\":\"it-IT\",\"@id\":\"https:\/\/galprealpidolomiti.it\/#\/schema\/logo\/image\/\",\"url\":\"https:\/\/www.galprealpidolomiti.it\/old\/wp-content\/uploads\/2020\/03\/striscia-5-loghi.png\",\"contentUrl\":\"https:\/\/www.galprealpidolomiti.it\/old\/wp-content\/uploads\/2020\/03\/striscia-5-loghi.png\",\"width\":1177,\"height\":228,\"caption\":\"GAL Prealpi e Dolomiti\"},\"image\":{\"@id\":\"https:\/\/galprealpidolomiti.it\/#\/schema\/logo\/image\/\"}}]}<\/script>\n<!-- \/ Yoast SEO plugin. -->","yoast_head_json":{"title":"IPA Prealpi Bellunesi - GAL Prealpi e Dolomiti","robots":{"index":"index","follow":"follow","max-snippet":"max-snippet:-1","max-image-preview":"max-image-preview:large","max-video-preview":"max-video-preview:-1"},"canonical":"https:\/\/galprealpidolomiti.it\/ipa-prealpi-bellunesi\/","og_locale":"it_IT","og_type":"article","og_title":"IPA Prealpi Bellunesi - GAL Prealpi e Dolomiti","og_description":"L\u2019Intesa Programmatica d\u2019Area Prealpi Bellunesi La presente sezione ripercorre la storia e la genesi dell&#8217;IPA Prealpi Bellunesi, costituita a seguito della novella all\u2019art. 25 della LR 35\/01 operato dall\u2019art. 22 della LR 2\/20, che ha aperto alla possibilit\u00e0 di trasformare l&#8217;IPA in\u00a0 soggetto giuridico autonomo. In tal senso il territorio ha assegnando tale funzione all\u2019associazione[.....]","og_url":"https:\/\/galprealpidolomiti.it\/ipa-prealpi-bellunesi\/","og_site_name":"GAL Prealpi e Dolomiti","article_modified_time":"2025-10-20T12:29:08+00:00","twitter_card":"summary_large_image","twitter_misc":{"Tempo di lettura stimato":"2 minuti"},"schema":{"@context":"https:\/\/schema.org","@graph":[{"@type":"WebPage","@id":"https:\/\/galprealpidolomiti.it\/ipa-prealpi-bellunesi\/","url":"https:\/\/galprealpidolomiti.it\/ipa-prealpi-bellunesi\/","name":"IPA Prealpi Bellunesi - GAL Prealpi e Dolomiti","isPartOf":{"@id":"https:\/\/galprealpidolomiti.it\/#website"},"datePublished":"2017-03-09T17:21:34+00:00","dateModified":"2025-10-20T12:29:08+00:00","breadcrumb":{"@id":"https:\/\/galprealpidolomiti.it\/ipa-prealpi-bellunesi\/#breadcrumb"},"inLanguage":"it-IT","potentialAction":[{"@type":"ReadAction","target":["https:\/\/galprealpidolomiti.it\/ipa-prealpi-bellunesi\/"]}]},{"@type":"BreadcrumbList","@id":"https:\/\/galprealpidolomiti.it\/ipa-prealpi-bellunesi\/#breadcrumb","itemListElement":[{"@type":"ListItem","position":1,"name":"Home","item":"https:\/\/galprealpidolomiti.it\/"},{"@type":"ListItem","position":2,"name":"IPA Prealpi Bellunesi"}]},{"@type":"WebSite","@id":"https:\/\/galprealpidolomiti.it\/#website","url":"https:\/\/galprealpidolomiti.it\/","name":"GAL Prealpi e Dolomiti","description":"Gruppo di Azione Locale","publisher":{"@id":"https:\/\/galprealpidolomiti.it\/#organization"},"potentialAction":[{"@type":"SearchAction","target":{"@type":"EntryPoint","urlTemplate":"https:\/\/galprealpidolomiti.it\/?s={search_term_string}"},"query-input":{"@type":"PropertyValueSpecification","valueRequired":true,"valueName":"search_term_string"}}],"inLanguage":"it-IT"},{"@type":"Organization","@id":"https:\/\/galprealpidolomiti.it\/#organization","name":"GAL Prealpi e Dolomiti","url":"https:\/\/galprealpidolomiti.it\/","logo":{"@type":"ImageObject","inLanguage":"it-IT","@id":"https:\/\/galprealpidolomiti.it\/#\/schema\/logo\/image\/","url":"https:\/\/www.galprealpidolomiti.it\/old\/wp-content\/uploads\/2020\/03\/striscia-5-loghi.png","contentUrl":"https:\/\/www.galprealpidolomiti.it\/old\/wp-content\/uploads\/2020\/03\/striscia-5-loghi.png","width":1177,"height":228,"caption":"GAL Prealpi e Dolomiti"},"image":{"@id":"https:\/\/galprealpidolomiti.it\/#\/schema\/logo\/image\/"}}]}},"_links":{"self":[{"href":"https:\/\/www.galprealpidolomiti.it\/old\/wp-json\/wp\/v2\/pages\/231","targetHints":{"allow":["GET"]}}],"collection":[{"href":"https:\/\/www.galprealpidolomiti.it\/old\/wp-json\/wp\/v2\/pages"}],"about":[{"href":"https:\/\/www.galprealpidolomiti.it\/old\/wp-json\/wp\/v2\/types\/page"}],"author":[{"embeddable":true,"href":"https:\/\/www.galprealpidolomiti.it\/old\/wp-json\/wp\/v2\/users\/1"}],"replies":[{"embeddable":true,"href":"https:\/\/www.galprealpidolomiti.it\/old\/wp-json\/wp\/v2\/comments?post=231"}],"version-history":[{"count":17,"href":"https:\/\/www.galprealpidolomiti.it\/old\/wp-json\/wp\/v2\/pages\/231\/revisions"}],"predecessor-version":[{"id":29009,"href":"https:\/\/www.galprealpidolomiti.it\/old\/wp-json\/wp\/v2\/pages\/231\/revisions\/29009"}],"wp:attachment":[{"href":"https:\/\/www.galprealpidolomiti.it\/old\/wp-json\/wp\/v2\/media?parent=231"}],"wp:term":[{"taxonomy":"category","embeddable":true,"href":"https:\/\/www.galprealpidolomiti.it\/old\/wp-json\/wp\/v2\/categories?post=231"},{"taxonomy":"post_tag","embeddable":true,"href":"https:\/\/www.galprealpidolomiti.it\/old\/wp-json\/wp\/v2\/tags?post=231"}],"curies":[{"name":"wp","href":"https:\/\/api.w.org\/{rel}","templated":true}]}}