{"id":2269,"date":"2017-04-21T11:52:08","date_gmt":"2017-04-21T09:52:08","guid":{"rendered":"https:\/\/galprealpidolomiti.it\/?page_id=2269"},"modified":"2017-04-28T11:42:02","modified_gmt":"2017-04-28T09:42:02","slug":"castagne-merletti-resistere-allo-spopolamento","status":"publish","type":"page","link":"https:\/\/www.galprealpidolomiti.it\/old\/facciamolo-noi\/i-post\/castagne-merletti-resistere-allo-spopolamento\/","title":{"rendered":"Castagne e merletti: resistere allo spopolamento"},"content":{"rendered":"<p><img decoding=\"async\" title=\"1200_facciamolonoi_gal_prealpi_cesio_01\" src=\"https:\/\/galprealpidolomiti.it\/wp-content\/uploads\/elementor\/thumbs\/1200_facciamolonoi_gal_prealpi_cesio_01-n7e9bt2r6vqu0mtm9ueze95x5sfjah5p9udtep74mg.jpg\" alt=\"1200_facciamolonoi_gal_prealpi_cesio_01\" \/><br \/>\nIn tutto il Feltrino erano diffusi un tempo i moron\u00e8r, i castagni: Cesiominore, una piccola frazione di Cesiomaggiore fatta di campi, stalle e splendidi cortivi, non era da meno. I ragazzini salivano i pendii sopra l&#8217;abitato \u2013 in un attimo dalla pianura dolce, all&#8217;inglese, ci si ritrova tra crode selvagge e silenziose \u2013 e facevano cadere dagli alberi i ricci con i mor\u00f2ni. I marroni migliori si vendevano bene durante le feste e le sagre, e i ragazzini riuscivano cos\u00ec a mettere via o spendere qualche soldino.<br \/>\nOggi a Cesiominore di ragazzini ce ne sono molti meno che un tempo: l&#8217;emigrazione \u00e8 stata crudele e il piccolo borgo della Pedemontana non \u00e8 diventato, come invece altri, un paese di ritorni. Nessuna grossa azienda nei paraggi ad attrarre lavoratori \u2013 come la Luxottica a Sedico, per dire. Gli splendidi cortili di Cesiominore sono sempre meno vissuti.<br \/>\nC&#8217;\u00e8 per\u00f2 chi non si arrende, chi ha scelto di continuare a vivere qui nonostante prima la bocciofila, poi la macelleria, poi anche l&#8217;ultimo bar abbiano chiuso i battenti. Dal 2005 a Cesiominore si \u00e8 formato un comitato: la riunione settimanale sembra un po&#8217; una serata di fil\u00f2, con il vino e i dolcetti che arrivano in tavola dopo ore di chiacchiere e riflessioni sul futuro del paese. Perch\u00e9 s\u00ec, a Cesiominore si ragiona di futuro. Sembra un paradosso, tra le vecchie case con i ballatoi esterni, eppure.<br \/>\nVenendo da Feltre, sulla sinistra appena prima di entrare in paese, c&#8217;\u00e8 una piccola chiesetta. Un unico locale di pochi metri quadrati \u2013 risale al Quattrocento, probabilmente. Il muro a sinistra \u00e8 due volte affrescato: un martire sofferente, una santa e la Madonna nello strato inferiore, l&#8217;Ultima cena in quello superiore. Nel Seicento la chiesa venne tutta intonacata durante una terribile epidemia di peste. Gli affreschi sono stati riscoperti nel 2010, durante i lavori della Soprintendenza di Venezia. Nel 2014 si \u00e8 concluso il restauro e oggi la chiesetta di San Leonardo \u2013 protettore di agricoltori, fruttivendoli, fabbri ferrai e fabbricanti di catene, ma anche di prigionieri e partorienti, invocato contro i briganti e la grandine \u2013 \u00e8 nuova di zecca.<br \/>\nIl comitato di Cesiominore festeggia nel 2015 i suoi dieci anni con un primo progetto portato a termine: le signore del comitato hanno cucito ricamato fatto la maglia per anni, per vendere alle feste e alle sagre non pi\u00f9 i mor\u00f2ni dell&#8217;infanzia ma calzini di lana, tovaglie e lenzuola di canapa, copritavola e asciugapiatti, borse, coperte, e chi pi\u00f9 ne ha pi\u00f9 ne metta. I ricavati delle vendite hanno contribuito, anch&#8217;essi, al recupero della chiesetta. Ora si guarda avanti: dopo la pubblicazione di un libro su \u201cCivilt\u00e0 contadina e storie di emigrazione\u201d, il comitato ha adocchiato la vecchia fontana della piazza dell&#8217;ex osteria, che pende tutta da un lato e rischia di venir gi\u00f9, prima o poi. Altri mor\u00f2ni da raccogliere, tutti gli abitanti di Cesiominore sono invitati.<\/p>\n","protected":false},"excerpt":{"rendered":"<p>In tutto il Feltrino erano diffusi un tempo i moron\u00e8r, i castagni: Cesiominore, una piccola frazione di Cesiomaggiore fatta di campi, stalle e splendidi cortivi, non era da meno. I ragazzini salivano i pendii sopra l&#8217;abitato \u2013 in un attimo dalla pianura dolce, all&#8217;inglese, ci si ritrova tra crode selvagge e silenziose \u2013 e facevano[&#8230;..]<\/p>\n","protected":false},"author":3,"featured_media":0,"parent":2067,"menu_order":6,"comment_status":"closed","ping_status":"closed","template":"page-template-sidebar.php","meta":{"footnotes":""},"categories":[],"tags":[],"class_list":["post-2269","page","type-page","status-publish","hentry"],"yoast_head":"<!-- This site is optimized with the Yoast SEO plugin v25.7 - https:\/\/yoast.com\/wordpress\/plugins\/seo\/ -->\n<title>Castagne e merletti: resistere allo spopolamento - GAL Prealpi e Dolomiti<\/title>\n<meta name=\"robots\" content=\"index, follow, max-snippet:-1, max-image-preview:large, max-video-preview:-1\" \/>\n<link rel=\"canonical\" href=\"https:\/\/galprealpidolomiti.it\/facciamolo-noi\/i-post\/castagne-merletti-resistere-allo-spopolamento\/\" \/>\n<meta property=\"og:locale\" content=\"it_IT\" \/>\n<meta property=\"og:type\" content=\"article\" \/>\n<meta property=\"og:title\" content=\"Castagne e merletti: resistere allo spopolamento - GAL Prealpi e Dolomiti\" \/>\n<meta property=\"og:description\" content=\"In tutto il Feltrino erano diffusi un tempo i moron\u00e8r, i castagni: Cesiominore, una piccola frazione di Cesiomaggiore fatta di campi, stalle e splendidi cortivi, non era da meno. I ragazzini salivano i pendii sopra l&#8217;abitato \u2013 in un attimo dalla pianura dolce, all&#8217;inglese, ci si ritrova tra crode selvagge e silenziose \u2013 e facevano[.....]\" \/>\n<meta property=\"og:url\" content=\"https:\/\/galprealpidolomiti.it\/facciamolo-noi\/i-post\/castagne-merletti-resistere-allo-spopolamento\/\" \/>\n<meta property=\"og:site_name\" content=\"GAL Prealpi e Dolomiti\" \/>\n<meta property=\"article:modified_time\" content=\"2017-04-28T09:42:02+00:00\" \/>\n<meta property=\"og:image\" content=\"https:\/\/galprealpidolomiti.it\/wp-content\/uploads\/elementor\/thumbs\/1200_facciamolonoi_gal_prealpi_cesio_01-n7e9bt2r6vqu0mtm9ueze95x5sfjah5p9udtep74mg.jpg\" \/>\n<meta name=\"twitter:card\" content=\"summary_large_image\" \/>\n<meta name=\"twitter:label1\" content=\"Tempo di lettura stimato\" \/>\n\t<meta name=\"twitter:data1\" content=\"2 minuti\" \/>\n<script type=\"application\/ld+json\" class=\"yoast-schema-graph\">{\"@context\":\"https:\/\/schema.org\",\"@graph\":[{\"@type\":\"WebPage\",\"@id\":\"https:\/\/galprealpidolomiti.it\/facciamolo-noi\/i-post\/castagne-merletti-resistere-allo-spopolamento\/\",\"url\":\"https:\/\/galprealpidolomiti.it\/facciamolo-noi\/i-post\/castagne-merletti-resistere-allo-spopolamento\/\",\"name\":\"Castagne e merletti: resistere allo spopolamento - GAL Prealpi e Dolomiti\",\"isPartOf\":{\"@id\":\"https:\/\/galprealpidolomiti.it\/#website\"},\"primaryImageOfPage\":{\"@id\":\"https:\/\/galprealpidolomiti.it\/facciamolo-noi\/i-post\/castagne-merletti-resistere-allo-spopolamento\/#primaryimage\"},\"image\":{\"@id\":\"https:\/\/galprealpidolomiti.it\/facciamolo-noi\/i-post\/castagne-merletti-resistere-allo-spopolamento\/#primaryimage\"},\"thumbnailUrl\":\"https:\/\/galprealpidolomiti.it\/wp-content\/uploads\/elementor\/thumbs\/1200_facciamolonoi_gal_prealpi_cesio_01-n7e9bt2r6vqu0mtm9ueze95x5sfjah5p9udtep74mg.jpg\",\"datePublished\":\"2017-04-21T09:52:08+00:00\",\"dateModified\":\"2017-04-28T09:42:02+00:00\",\"breadcrumb\":{\"@id\":\"https:\/\/galprealpidolomiti.it\/facciamolo-noi\/i-post\/castagne-merletti-resistere-allo-spopolamento\/#breadcrumb\"},\"inLanguage\":\"it-IT\",\"potentialAction\":[{\"@type\":\"ReadAction\",\"target\":[\"https:\/\/galprealpidolomiti.it\/facciamolo-noi\/i-post\/castagne-merletti-resistere-allo-spopolamento\/\"]}]},{\"@type\":\"ImageObject\",\"inLanguage\":\"it-IT\",\"@id\":\"https:\/\/galprealpidolomiti.it\/facciamolo-noi\/i-post\/castagne-merletti-resistere-allo-spopolamento\/#primaryimage\",\"url\":\"https:\/\/galprealpidolomiti.it\/wp-content\/uploads\/elementor\/thumbs\/1200_facciamolonoi_gal_prealpi_cesio_01-n7e9bt2r6vqu0mtm9ueze95x5sfjah5p9udtep74mg.jpg\",\"contentUrl\":\"https:\/\/galprealpidolomiti.it\/wp-content\/uploads\/elementor\/thumbs\/1200_facciamolonoi_gal_prealpi_cesio_01-n7e9bt2r6vqu0mtm9ueze95x5sfjah5p9udtep74mg.jpg\"},{\"@type\":\"BreadcrumbList\",\"@id\":\"https:\/\/galprealpidolomiti.it\/facciamolo-noi\/i-post\/castagne-merletti-resistere-allo-spopolamento\/#breadcrumb\",\"itemListElement\":[{\"@type\":\"ListItem\",\"position\":1,\"name\":\"Home\",\"item\":\"https:\/\/galprealpidolomiti.it\/\"},{\"@type\":\"ListItem\",\"position\":2,\"name\":\"Facciamolo noi 2007-2013\",\"item\":\"https:\/\/galprealpidolomiti.it\/facciamolo-noi\/\"},{\"@type\":\"ListItem\",\"position\":3,\"name\":\"I Post\",\"item\":\"https:\/\/galprealpidolomiti.it\/facciamolo-noi\/i-post\/\"},{\"@type\":\"ListItem\",\"position\":4,\"name\":\"Castagne e merletti: resistere allo spopolamento\"}]},{\"@type\":\"WebSite\",\"@id\":\"https:\/\/galprealpidolomiti.it\/#website\",\"url\":\"https:\/\/galprealpidolomiti.it\/\",\"name\":\"GAL Prealpi e Dolomiti\",\"description\":\"Gruppo di Azione Locale\",\"publisher\":{\"@id\":\"https:\/\/galprealpidolomiti.it\/#organization\"},\"potentialAction\":[{\"@type\":\"SearchAction\",\"target\":{\"@type\":\"EntryPoint\",\"urlTemplate\":\"https:\/\/galprealpidolomiti.it\/?s={search_term_string}\"},\"query-input\":{\"@type\":\"PropertyValueSpecification\",\"valueRequired\":true,\"valueName\":\"search_term_string\"}}],\"inLanguage\":\"it-IT\"},{\"@type\":\"Organization\",\"@id\":\"https:\/\/galprealpidolomiti.it\/#organization\",\"name\":\"GAL Prealpi e Dolomiti\",\"url\":\"https:\/\/galprealpidolomiti.it\/\",\"logo\":{\"@type\":\"ImageObject\",\"inLanguage\":\"it-IT\",\"@id\":\"https:\/\/galprealpidolomiti.it\/#\/schema\/logo\/image\/\",\"url\":\"https:\/\/www.galprealpidolomiti.it\/old\/wp-content\/uploads\/2020\/03\/striscia-5-loghi.png\",\"contentUrl\":\"https:\/\/www.galprealpidolomiti.it\/old\/wp-content\/uploads\/2020\/03\/striscia-5-loghi.png\",\"width\":1177,\"height\":228,\"caption\":\"GAL Prealpi e Dolomiti\"},\"image\":{\"@id\":\"https:\/\/galprealpidolomiti.it\/#\/schema\/logo\/image\/\"}}]}<\/script>\n<!-- \/ Yoast SEO plugin. -->","yoast_head_json":{"title":"Castagne e merletti: resistere allo spopolamento - GAL Prealpi e Dolomiti","robots":{"index":"index","follow":"follow","max-snippet":"max-snippet:-1","max-image-preview":"max-image-preview:large","max-video-preview":"max-video-preview:-1"},"canonical":"https:\/\/galprealpidolomiti.it\/facciamolo-noi\/i-post\/castagne-merletti-resistere-allo-spopolamento\/","og_locale":"it_IT","og_type":"article","og_title":"Castagne e merletti: resistere allo spopolamento - GAL Prealpi e Dolomiti","og_description":"In tutto il Feltrino erano diffusi un tempo i moron\u00e8r, i castagni: Cesiominore, una piccola frazione di Cesiomaggiore fatta di campi, stalle e splendidi cortivi, non era da meno. I ragazzini salivano i pendii sopra l&#8217;abitato \u2013 in un attimo dalla pianura dolce, all&#8217;inglese, ci si ritrova tra crode selvagge e silenziose \u2013 e facevano[.....]","og_url":"https:\/\/galprealpidolomiti.it\/facciamolo-noi\/i-post\/castagne-merletti-resistere-allo-spopolamento\/","og_site_name":"GAL Prealpi e Dolomiti","article_modified_time":"2017-04-28T09:42:02+00:00","og_image":[{"url":"https:\/\/galprealpidolomiti.it\/wp-content\/uploads\/elementor\/thumbs\/1200_facciamolonoi_gal_prealpi_cesio_01-n7e9bt2r6vqu0mtm9ueze95x5sfjah5p9udtep74mg.jpg","type":"","width":"","height":""}],"twitter_card":"summary_large_image","twitter_misc":{"Tempo di lettura stimato":"2 minuti"},"schema":{"@context":"https:\/\/schema.org","@graph":[{"@type":"WebPage","@id":"https:\/\/galprealpidolomiti.it\/facciamolo-noi\/i-post\/castagne-merletti-resistere-allo-spopolamento\/","url":"https:\/\/galprealpidolomiti.it\/facciamolo-noi\/i-post\/castagne-merletti-resistere-allo-spopolamento\/","name":"Castagne e merletti: resistere allo spopolamento - GAL Prealpi e Dolomiti","isPartOf":{"@id":"https:\/\/galprealpidolomiti.it\/#website"},"primaryImageOfPage":{"@id":"https:\/\/galprealpidolomiti.it\/facciamolo-noi\/i-post\/castagne-merletti-resistere-allo-spopolamento\/#primaryimage"},"image":{"@id":"https:\/\/galprealpidolomiti.it\/facciamolo-noi\/i-post\/castagne-merletti-resistere-allo-spopolamento\/#primaryimage"},"thumbnailUrl":"https:\/\/galprealpidolomiti.it\/wp-content\/uploads\/elementor\/thumbs\/1200_facciamolonoi_gal_prealpi_cesio_01-n7e9bt2r6vqu0mtm9ueze95x5sfjah5p9udtep74mg.jpg","datePublished":"2017-04-21T09:52:08+00:00","dateModified":"2017-04-28T09:42:02+00:00","breadcrumb":{"@id":"https:\/\/galprealpidolomiti.it\/facciamolo-noi\/i-post\/castagne-merletti-resistere-allo-spopolamento\/#breadcrumb"},"inLanguage":"it-IT","potentialAction":[{"@type":"ReadAction","target":["https:\/\/galprealpidolomiti.it\/facciamolo-noi\/i-post\/castagne-merletti-resistere-allo-spopolamento\/"]}]},{"@type":"ImageObject","inLanguage":"it-IT","@id":"https:\/\/galprealpidolomiti.it\/facciamolo-noi\/i-post\/castagne-merletti-resistere-allo-spopolamento\/#primaryimage","url":"https:\/\/galprealpidolomiti.it\/wp-content\/uploads\/elementor\/thumbs\/1200_facciamolonoi_gal_prealpi_cesio_01-n7e9bt2r6vqu0mtm9ueze95x5sfjah5p9udtep74mg.jpg","contentUrl":"https:\/\/galprealpidolomiti.it\/wp-content\/uploads\/elementor\/thumbs\/1200_facciamolonoi_gal_prealpi_cesio_01-n7e9bt2r6vqu0mtm9ueze95x5sfjah5p9udtep74mg.jpg"},{"@type":"BreadcrumbList","@id":"https:\/\/galprealpidolomiti.it\/facciamolo-noi\/i-post\/castagne-merletti-resistere-allo-spopolamento\/#breadcrumb","itemListElement":[{"@type":"ListItem","position":1,"name":"Home","item":"https:\/\/galprealpidolomiti.it\/"},{"@type":"ListItem","position":2,"name":"Facciamolo noi 2007-2013","item":"https:\/\/galprealpidolomiti.it\/facciamolo-noi\/"},{"@type":"ListItem","position":3,"name":"I Post","item":"https:\/\/galprealpidolomiti.it\/facciamolo-noi\/i-post\/"},{"@type":"ListItem","position":4,"name":"Castagne e merletti: resistere allo spopolamento"}]},{"@type":"WebSite","@id":"https:\/\/galprealpidolomiti.it\/#website","url":"https:\/\/galprealpidolomiti.it\/","name":"GAL Prealpi e Dolomiti","description":"Gruppo di Azione Locale","publisher":{"@id":"https:\/\/galprealpidolomiti.it\/#organization"},"potentialAction":[{"@type":"SearchAction","target":{"@type":"EntryPoint","urlTemplate":"https:\/\/galprealpidolomiti.it\/?s={search_term_string}"},"query-input":{"@type":"PropertyValueSpecification","valueRequired":true,"valueName":"search_term_string"}}],"inLanguage":"it-IT"},{"@type":"Organization","@id":"https:\/\/galprealpidolomiti.it\/#organization","name":"GAL Prealpi e Dolomiti","url":"https:\/\/galprealpidolomiti.it\/","logo":{"@type":"ImageObject","inLanguage":"it-IT","@id":"https:\/\/galprealpidolomiti.it\/#\/schema\/logo\/image\/","url":"https:\/\/www.galprealpidolomiti.it\/old\/wp-content\/uploads\/2020\/03\/striscia-5-loghi.png","contentUrl":"https:\/\/www.galprealpidolomiti.it\/old\/wp-content\/uploads\/2020\/03\/striscia-5-loghi.png","width":1177,"height":228,"caption":"GAL Prealpi e Dolomiti"},"image":{"@id":"https:\/\/galprealpidolomiti.it\/#\/schema\/logo\/image\/"}}]}},"_links":{"self":[{"href":"https:\/\/www.galprealpidolomiti.it\/old\/wp-json\/wp\/v2\/pages\/2269","targetHints":{"allow":["GET"]}}],"collection":[{"href":"https:\/\/www.galprealpidolomiti.it\/old\/wp-json\/wp\/v2\/pages"}],"about":[{"href":"https:\/\/www.galprealpidolomiti.it\/old\/wp-json\/wp\/v2\/types\/page"}],"author":[{"embeddable":true,"href":"https:\/\/www.galprealpidolomiti.it\/old\/wp-json\/wp\/v2\/users\/3"}],"replies":[{"embeddable":true,"href":"https:\/\/www.galprealpidolomiti.it\/old\/wp-json\/wp\/v2\/comments?post=2269"}],"version-history":[{"count":0,"href":"https:\/\/www.galprealpidolomiti.it\/old\/wp-json\/wp\/v2\/pages\/2269\/revisions"}],"up":[{"embeddable":true,"href":"https:\/\/www.galprealpidolomiti.it\/old\/wp-json\/wp\/v2\/pages\/2067"}],"wp:attachment":[{"href":"https:\/\/www.galprealpidolomiti.it\/old\/wp-json\/wp\/v2\/media?parent=2269"}],"wp:term":[{"taxonomy":"category","embeddable":true,"href":"https:\/\/www.galprealpidolomiti.it\/old\/wp-json\/wp\/v2\/categories?post=2269"},{"taxonomy":"post_tag","embeddable":true,"href":"https:\/\/www.galprealpidolomiti.it\/old\/wp-json\/wp\/v2\/tags?post=2269"}],"curies":[{"name":"wp","href":"https:\/\/api.w.org\/{rel}","templated":true}]}}