{"id":2240,"date":"2017-04-21T10:46:04","date_gmt":"2017-04-21T08:46:04","guid":{"rendered":"https:\/\/galprealpidolomiti.it\/?page_id=2240"},"modified":"2017-04-26T15:27:17","modified_gmt":"2017-04-26T13:27:17","slug":"bike-no-limits","status":"publish","type":"page","link":"https:\/\/www.galprealpidolomiti.it\/old\/facciamolo-noi\/i-post\/bike-no-limits\/","title":{"rendered":"Bike no limits"},"content":{"rendered":"\t\t<div data-elementor-type=\"wp-post\" data-elementor-id=\"2240\" class=\"elementor elementor-2240 elementor-bc-flex-widget\" data-elementor-post-type=\"page\">\n\t\t\t\t\t\t<section class=\"elementor-section elementor-top-section elementor-element elementor-element-sznlbgu elementor-section-boxed elementor-section-height-default elementor-section-height-default\" data-id=\"sznlbgu\" data-element_type=\"section\" data-settings=\"{&quot;jet_parallax_layout_list&quot;:[]}\">\n\t\t\t\t\t\t<div class=\"elementor-container elementor-column-gap-default\">\n\t\t\t\t\t<div class=\"elementor-column elementor-col-100 elementor-top-column elementor-element elementor-element-keskapy\" data-id=\"keskapy\" data-element_type=\"column\">\n\t\t\t<div class=\"elementor-widget-wrap elementor-element-populated\">\n\t\t\t\t\t\t<div class=\"elementor-element elementor-element-q4z6eak elementor-widget elementor-widget-image\" data-id=\"q4z6eak\" data-element_type=\"widget\" data-widget_type=\"image.default\">\n\t\t\t\t<div class=\"elementor-widget-container\">\n\t\t\t\t\t\t\t\t\t\t\t\t\t<img decoding=\"async\" src=\"https:\/\/www.galprealpidolomiti.it\/old\/wp-content\/uploads\/elementor\/thumbs\/1200_facciamolonoi_gal_bike_01-nl37lwwsnja64a5ox8fl4m8szipkpfbejhfppw1xk8.jpg\" title=\"1200_facciamolonoi_gal_bike_01\" alt=\"1200_facciamolonoi_gal_bike_01\" loading=\"lazy\" \/>\t\t\t\t\t\t\t\t\t\t\t\t\t<\/div>\n\t\t\t\t<\/div>\n\t\t\t\t<div class=\"elementor-element elementor-element-jbvmloz elementor-widget elementor-widget-text-editor\" data-id=\"jbvmloz\" data-element_type=\"widget\" data-widget_type=\"text-editor.default\">\n\t\t\t\t<div class=\"elementor-widget-container\">\n\t\t\t\t\t\t\tQuando varchi la porta di Bike no limits la prima cosa che noti \u2013 prima della sfilza di biciclette allineate sulla sinistra, prima del bancone di mattoni chiari \u2013 \u00e8 il profumo di ruota. O meglio, dei petrolchimici e dei solventi con cui sono fatte le ruote delle biciclette. Federico Del Fabbro, che ha aperto questo negozietto a Belluno nel 2012, ormai all&#8217;odore non ci fa pi\u00f9 caso: \u201cLa gente entra qui e mi fa, che buon odore, e io sono come i panettieri, non lo sento pi\u00f9, fa parte di me\u201d.\r\n\r\nFederico ha studiato relazioni pubbliche. Per\u00f2 aveva una passione: la bici da corsa. E un giorno ha pensato, perch\u00e9 non farne un lavoro. Cos\u00ec ha aperto un negozio specializzato a Feltre: \u201cTenevo solo bici da corsa, avevo scelto di farne un negozio dedicato, avevo una clientela ben precisa\u201d.\r\n\r\nPoi Federico si \u00e8 sposato, e si \u00e8 spostato a Belluno: \u201cE quass\u00f9 ho un negozio diverso: ho un po&#8217; di tutto, dalla mountain bike alla bici da signora. Ho diversificato il prodotto\u201d. Lo noti subito, entrando da Bike no limits: se anche da fuori pu\u00f2 sembrare un luogo per soli appassionati, poi vedi le biciclettine da bambini di fianco alle bici dal telaio affusolato, a quelle con le ruote grosse o con gli ammortizzatori da montagna. \u201cMi arrivano gli appassionati di MTB come le signore che abitano qui attorno e devono riparare il cestino. A volte ti d\u00e0 pi\u00f9 soddisfazione vendere una biciclettina a un bambino che deve imparare ad andare senza rotelle, ho scoperto\u201d.\r\n\r\nDa Bike no limits si vendono biciclette, ovvio, ma non solo: oltre al servizio di assistenza e riparazione Federico offre anche studi di consulenza biomeccanica. Da qualche tempo ha acquistato una vasca all&#8217;avanguardia per sgrassare e lavare le biciclette. Sta nel retrobottega \u2013 uno spazio stretto infestato fin sul soffitto di ruote di tutte le larghezze e attrezzi vari \u2013 e dentro c&#8217;\u00e8 un telaio bianco in ammollo. Fa impressione quanto piccole diventano le bici senza le ruote: la vasca \u00e8 stretta e profonda, e qui le bici vengono controllate pezzo per pezzo e pulite a fondo, lubrificate per la nuova stagione.\t\t\t\t\t\t<\/div>\n\t\t\t\t<\/div>\n\t\t\t\t\t<\/div>\n\t\t<\/div>\n\t\t\t\t\t<\/div>\n\t\t<\/section>\n\t\t\t\t<\/div>\n\t\t","protected":false},"excerpt":{"rendered":"<p>Quando varchi la porta di Bike no limits la prima cosa che noti \u2013 prima della sfilza di biciclette allineate sulla sinistra, prima del bancone di mattoni chiari \u2013 \u00e8 il profumo di ruota. O meglio, dei petrolchimici e dei solventi con cui sono fatte le ruote delle biciclette. Federico Del Fabbro, che ha aperto[&#8230;..]<\/p>\n","protected":false},"author":3,"featured_media":2241,"parent":2067,"menu_order":6,"comment_status":"closed","ping_status":"closed","template":"page-template-sidebar.php","meta":{"footnotes":""},"categories":[],"tags":[],"class_list":["post-2240","page","type-page","status-publish","has-post-thumbnail","hentry"],"yoast_head":"<!-- This site is optimized with the Yoast SEO plugin v25.7 - https:\/\/yoast.com\/wordpress\/plugins\/seo\/ -->\n<title>Bike no limits - GAL Prealpi e Dolomiti<\/title>\n<meta name=\"robots\" content=\"index, follow, max-snippet:-1, max-image-preview:large, max-video-preview:-1\" \/>\n<link rel=\"canonical\" href=\"https:\/\/galprealpidolomiti.it\/facciamolo-noi\/i-post\/bike-no-limits\/\" \/>\n<meta property=\"og:locale\" content=\"it_IT\" \/>\n<meta property=\"og:type\" content=\"article\" \/>\n<meta property=\"og:title\" content=\"Bike no limits - GAL Prealpi e Dolomiti\" \/>\n<meta property=\"og:description\" content=\"Quando varchi la porta di Bike no limits la prima cosa che noti \u2013 prima della sfilza di biciclette allineate sulla sinistra, prima del bancone di mattoni chiari \u2013 \u00e8 il profumo di ruota. O meglio, dei petrolchimici e dei solventi con cui sono fatte le ruote delle biciclette. Federico Del Fabbro, che ha aperto[.....]\" \/>\n<meta property=\"og:url\" content=\"https:\/\/galprealpidolomiti.it\/facciamolo-noi\/i-post\/bike-no-limits\/\" \/>\n<meta property=\"og:site_name\" content=\"GAL Prealpi e Dolomiti\" \/>\n<meta property=\"article:modified_time\" content=\"2017-04-26T13:27:17+00:00\" \/>\n<meta property=\"og:image\" content=\"https:\/\/galprealpidolomiti.it\/wp-content\/uploads\/2017\/04\/1200_facciamolonoi_gal_bike_01.jpg\" \/>\n\t<meta property=\"og:image:width\" content=\"1200\" \/>\n\t<meta property=\"og:image:height\" content=\"598\" \/>\n\t<meta property=\"og:image:type\" content=\"image\/jpeg\" \/>\n<meta name=\"twitter:card\" content=\"summary_large_image\" \/>\n<meta name=\"twitter:label1\" content=\"Tempo di lettura stimato\" \/>\n\t<meta name=\"twitter:data1\" content=\"2 minuti\" \/>\n<script type=\"application\/ld+json\" class=\"yoast-schema-graph\">{\"@context\":\"https:\/\/schema.org\",\"@graph\":[{\"@type\":\"WebPage\",\"@id\":\"https:\/\/galprealpidolomiti.it\/facciamolo-noi\/i-post\/bike-no-limits\/\",\"url\":\"https:\/\/galprealpidolomiti.it\/facciamolo-noi\/i-post\/bike-no-limits\/\",\"name\":\"Bike no limits - GAL Prealpi e Dolomiti\",\"isPartOf\":{\"@id\":\"https:\/\/galprealpidolomiti.it\/#website\"},\"primaryImageOfPage\":{\"@id\":\"https:\/\/galprealpidolomiti.it\/facciamolo-noi\/i-post\/bike-no-limits\/#primaryimage\"},\"image\":{\"@id\":\"https:\/\/galprealpidolomiti.it\/facciamolo-noi\/i-post\/bike-no-limits\/#primaryimage\"},\"thumbnailUrl\":\"https:\/\/www.galprealpidolomiti.it\/old\/wp-content\/uploads\/2017\/04\/1200_facciamolonoi_gal_bike_01.jpg\",\"datePublished\":\"2017-04-21T08:46:04+00:00\",\"dateModified\":\"2017-04-26T13:27:17+00:00\",\"breadcrumb\":{\"@id\":\"https:\/\/galprealpidolomiti.it\/facciamolo-noi\/i-post\/bike-no-limits\/#breadcrumb\"},\"inLanguage\":\"it-IT\",\"potentialAction\":[{\"@type\":\"ReadAction\",\"target\":[\"https:\/\/galprealpidolomiti.it\/facciamolo-noi\/i-post\/bike-no-limits\/\"]}]},{\"@type\":\"ImageObject\",\"inLanguage\":\"it-IT\",\"@id\":\"https:\/\/galprealpidolomiti.it\/facciamolo-noi\/i-post\/bike-no-limits\/#primaryimage\",\"url\":\"https:\/\/www.galprealpidolomiti.it\/old\/wp-content\/uploads\/2017\/04\/1200_facciamolonoi_gal_bike_01.jpg\",\"contentUrl\":\"https:\/\/www.galprealpidolomiti.it\/old\/wp-content\/uploads\/2017\/04\/1200_facciamolonoi_gal_bike_01.jpg\",\"width\":1200,\"height\":598},{\"@type\":\"BreadcrumbList\",\"@id\":\"https:\/\/galprealpidolomiti.it\/facciamolo-noi\/i-post\/bike-no-limits\/#breadcrumb\",\"itemListElement\":[{\"@type\":\"ListItem\",\"position\":1,\"name\":\"Home\",\"item\":\"https:\/\/galprealpidolomiti.it\/\"},{\"@type\":\"ListItem\",\"position\":2,\"name\":\"Facciamolo noi 2007-2013\",\"item\":\"https:\/\/galprealpidolomiti.it\/facciamolo-noi\/\"},{\"@type\":\"ListItem\",\"position\":3,\"name\":\"I Post\",\"item\":\"https:\/\/galprealpidolomiti.it\/facciamolo-noi\/i-post\/\"},{\"@type\":\"ListItem\",\"position\":4,\"name\":\"Bike no limits\"}]},{\"@type\":\"WebSite\",\"@id\":\"https:\/\/galprealpidolomiti.it\/#website\",\"url\":\"https:\/\/galprealpidolomiti.it\/\",\"name\":\"GAL Prealpi e Dolomiti\",\"description\":\"Gruppo di Azione Locale\",\"publisher\":{\"@id\":\"https:\/\/galprealpidolomiti.it\/#organization\"},\"potentialAction\":[{\"@type\":\"SearchAction\",\"target\":{\"@type\":\"EntryPoint\",\"urlTemplate\":\"https:\/\/galprealpidolomiti.it\/?s={search_term_string}\"},\"query-input\":{\"@type\":\"PropertyValueSpecification\",\"valueRequired\":true,\"valueName\":\"search_term_string\"}}],\"inLanguage\":\"it-IT\"},{\"@type\":\"Organization\",\"@id\":\"https:\/\/galprealpidolomiti.it\/#organization\",\"name\":\"GAL Prealpi e Dolomiti\",\"url\":\"https:\/\/galprealpidolomiti.it\/\",\"logo\":{\"@type\":\"ImageObject\",\"inLanguage\":\"it-IT\",\"@id\":\"https:\/\/galprealpidolomiti.it\/#\/schema\/logo\/image\/\",\"url\":\"https:\/\/www.galprealpidolomiti.it\/old\/wp-content\/uploads\/2020\/03\/striscia-5-loghi.png\",\"contentUrl\":\"https:\/\/www.galprealpidolomiti.it\/old\/wp-content\/uploads\/2020\/03\/striscia-5-loghi.png\",\"width\":1177,\"height\":228,\"caption\":\"GAL Prealpi e Dolomiti\"},\"image\":{\"@id\":\"https:\/\/galprealpidolomiti.it\/#\/schema\/logo\/image\/\"}}]}<\/script>\n<!-- \/ Yoast SEO plugin. -->","yoast_head_json":{"title":"Bike no limits - GAL Prealpi e Dolomiti","robots":{"index":"index","follow":"follow","max-snippet":"max-snippet:-1","max-image-preview":"max-image-preview:large","max-video-preview":"max-video-preview:-1"},"canonical":"https:\/\/galprealpidolomiti.it\/facciamolo-noi\/i-post\/bike-no-limits\/","og_locale":"it_IT","og_type":"article","og_title":"Bike no limits - GAL Prealpi e Dolomiti","og_description":"Quando varchi la porta di Bike no limits la prima cosa che noti \u2013 prima della sfilza di biciclette allineate sulla sinistra, prima del bancone di mattoni chiari \u2013 \u00e8 il profumo di ruota. O meglio, dei petrolchimici e dei solventi con cui sono fatte le ruote delle biciclette. Federico Del Fabbro, che ha aperto[.....]","og_url":"https:\/\/galprealpidolomiti.it\/facciamolo-noi\/i-post\/bike-no-limits\/","og_site_name":"GAL Prealpi e Dolomiti","article_modified_time":"2017-04-26T13:27:17+00:00","og_image":[{"width":1200,"height":598,"url":"https:\/\/galprealpidolomiti.it\/wp-content\/uploads\/2017\/04\/1200_facciamolonoi_gal_bike_01.jpg","type":"image\/jpeg"}],"twitter_card":"summary_large_image","twitter_misc":{"Tempo di lettura stimato":"2 minuti"},"schema":{"@context":"https:\/\/schema.org","@graph":[{"@type":"WebPage","@id":"https:\/\/galprealpidolomiti.it\/facciamolo-noi\/i-post\/bike-no-limits\/","url":"https:\/\/galprealpidolomiti.it\/facciamolo-noi\/i-post\/bike-no-limits\/","name":"Bike no limits - GAL Prealpi e Dolomiti","isPartOf":{"@id":"https:\/\/galprealpidolomiti.it\/#website"},"primaryImageOfPage":{"@id":"https:\/\/galprealpidolomiti.it\/facciamolo-noi\/i-post\/bike-no-limits\/#primaryimage"},"image":{"@id":"https:\/\/galprealpidolomiti.it\/facciamolo-noi\/i-post\/bike-no-limits\/#primaryimage"},"thumbnailUrl":"https:\/\/www.galprealpidolomiti.it\/old\/wp-content\/uploads\/2017\/04\/1200_facciamolonoi_gal_bike_01.jpg","datePublished":"2017-04-21T08:46:04+00:00","dateModified":"2017-04-26T13:27:17+00:00","breadcrumb":{"@id":"https:\/\/galprealpidolomiti.it\/facciamolo-noi\/i-post\/bike-no-limits\/#breadcrumb"},"inLanguage":"it-IT","potentialAction":[{"@type":"ReadAction","target":["https:\/\/galprealpidolomiti.it\/facciamolo-noi\/i-post\/bike-no-limits\/"]}]},{"@type":"ImageObject","inLanguage":"it-IT","@id":"https:\/\/galprealpidolomiti.it\/facciamolo-noi\/i-post\/bike-no-limits\/#primaryimage","url":"https:\/\/www.galprealpidolomiti.it\/old\/wp-content\/uploads\/2017\/04\/1200_facciamolonoi_gal_bike_01.jpg","contentUrl":"https:\/\/www.galprealpidolomiti.it\/old\/wp-content\/uploads\/2017\/04\/1200_facciamolonoi_gal_bike_01.jpg","width":1200,"height":598},{"@type":"BreadcrumbList","@id":"https:\/\/galprealpidolomiti.it\/facciamolo-noi\/i-post\/bike-no-limits\/#breadcrumb","itemListElement":[{"@type":"ListItem","position":1,"name":"Home","item":"https:\/\/galprealpidolomiti.it\/"},{"@type":"ListItem","position":2,"name":"Facciamolo noi 2007-2013","item":"https:\/\/galprealpidolomiti.it\/facciamolo-noi\/"},{"@type":"ListItem","position":3,"name":"I Post","item":"https:\/\/galprealpidolomiti.it\/facciamolo-noi\/i-post\/"},{"@type":"ListItem","position":4,"name":"Bike no limits"}]},{"@type":"WebSite","@id":"https:\/\/galprealpidolomiti.it\/#website","url":"https:\/\/galprealpidolomiti.it\/","name":"GAL Prealpi e Dolomiti","description":"Gruppo di Azione Locale","publisher":{"@id":"https:\/\/galprealpidolomiti.it\/#organization"},"potentialAction":[{"@type":"SearchAction","target":{"@type":"EntryPoint","urlTemplate":"https:\/\/galprealpidolomiti.it\/?s={search_term_string}"},"query-input":{"@type":"PropertyValueSpecification","valueRequired":true,"valueName":"search_term_string"}}],"inLanguage":"it-IT"},{"@type":"Organization","@id":"https:\/\/galprealpidolomiti.it\/#organization","name":"GAL Prealpi e Dolomiti","url":"https:\/\/galprealpidolomiti.it\/","logo":{"@type":"ImageObject","inLanguage":"it-IT","@id":"https:\/\/galprealpidolomiti.it\/#\/schema\/logo\/image\/","url":"https:\/\/www.galprealpidolomiti.it\/old\/wp-content\/uploads\/2020\/03\/striscia-5-loghi.png","contentUrl":"https:\/\/www.galprealpidolomiti.it\/old\/wp-content\/uploads\/2020\/03\/striscia-5-loghi.png","width":1177,"height":228,"caption":"GAL Prealpi e Dolomiti"},"image":{"@id":"https:\/\/galprealpidolomiti.it\/#\/schema\/logo\/image\/"}}]}},"_links":{"self":[{"href":"https:\/\/www.galprealpidolomiti.it\/old\/wp-json\/wp\/v2\/pages\/2240","targetHints":{"allow":["GET"]}}],"collection":[{"href":"https:\/\/www.galprealpidolomiti.it\/old\/wp-json\/wp\/v2\/pages"}],"about":[{"href":"https:\/\/www.galprealpidolomiti.it\/old\/wp-json\/wp\/v2\/types\/page"}],"author":[{"embeddable":true,"href":"https:\/\/www.galprealpidolomiti.it\/old\/wp-json\/wp\/v2\/users\/3"}],"replies":[{"embeddable":true,"href":"https:\/\/www.galprealpidolomiti.it\/old\/wp-json\/wp\/v2\/comments?post=2240"}],"version-history":[{"count":0,"href":"https:\/\/www.galprealpidolomiti.it\/old\/wp-json\/wp\/v2\/pages\/2240\/revisions"}],"up":[{"embeddable":true,"href":"https:\/\/www.galprealpidolomiti.it\/old\/wp-json\/wp\/v2\/pages\/2067"}],"wp:featuredmedia":[{"embeddable":true,"href":"https:\/\/www.galprealpidolomiti.it\/old\/wp-json\/wp\/v2\/media\/2241"}],"wp:attachment":[{"href":"https:\/\/www.galprealpidolomiti.it\/old\/wp-json\/wp\/v2\/media?parent=2240"}],"wp:term":[{"taxonomy":"category","embeddable":true,"href":"https:\/\/www.galprealpidolomiti.it\/old\/wp-json\/wp\/v2\/categories?post=2240"},{"taxonomy":"post_tag","embeddable":true,"href":"https:\/\/www.galprealpidolomiti.it\/old\/wp-json\/wp\/v2\/tags?post=2240"}],"curies":[{"name":"wp","href":"https:\/\/api.w.org\/{rel}","templated":true}]}}