{"id":2238,"date":"2017-04-21T10:41:34","date_gmt":"2017-04-21T08:41:34","guid":{"rendered":"https:\/\/galprealpidolomiti.it\/?page_id=2238"},"modified":"2017-04-26T15:29:25","modified_gmt":"2017-04-26T13:29:25","slug":"benvenuti-nel-selvarego","status":"publish","type":"page","link":"https:\/\/www.galprealpidolomiti.it\/old\/facciamolo-noi\/i-post\/benvenuti-nel-selvarego\/","title":{"rendered":"Benvenuti nel selvarego"},"content":{"rendered":"\t\t<div data-elementor-type=\"wp-post\" data-elementor-id=\"2238\" class=\"elementor elementor-2238 elementor-bc-flex-widget\" data-elementor-post-type=\"page\">\n\t\t\t\t\t\t<section class=\"elementor-section elementor-top-section elementor-element elementor-element-kxwjdig elementor-section-boxed elementor-section-height-default elementor-section-height-default\" data-id=\"kxwjdig\" data-element_type=\"section\" data-settings=\"{&quot;jet_parallax_layout_list&quot;:[]}\">\n\t\t\t\t\t\t<div class=\"elementor-container elementor-column-gap-default\">\n\t\t\t\t\t<div class=\"elementor-column elementor-col-100 elementor-top-column elementor-element elementor-element-phkhixi\" data-id=\"phkhixi\" data-element_type=\"column\">\n\t\t\t<div class=\"elementor-widget-wrap elementor-element-populated\">\n\t\t\t\t\t\t<div class=\"elementor-element elementor-element-yiw9086 elementor-widget elementor-widget-image\" data-id=\"yiw9086\" data-element_type=\"widget\" data-widget_type=\"image.default\">\n\t\t\t\t<div class=\"elementor-widget-container\">\n\t\t\t\t\t\t\t\t\t\t\t\t\t<img decoding=\"async\" src=\"https:\/\/www.galprealpidolomiti.it\/old\/wp-content\/uploads\/elementor\/thumbs\/1300_gal_facciamolo_noi_mis-1024x1024-nl37qice2dkmvnhe37xxbghxjc26c5k5u8966l8n54.jpg\" title=\"1300_gal_facciamolo_noi_mis-1024&#215;1024\" alt=\"1300_gal_facciamolo_noi_mis-1024x1024\" loading=\"lazy\" \/>\t\t\t\t\t\t\t\t\t\t\t\t\t<\/div>\n\t\t\t\t<\/div>\n\t\t\t\t<div class=\"elementor-element elementor-element-tuowito elementor-widget elementor-widget-text-editor\" data-id=\"tuowito\" data-element_type=\"widget\" data-widget_type=\"text-editor.default\">\n\t\t\t\t<div class=\"elementor-widget-container\">\n\t\t\t\t\t\t\tAlzi la mano chi \u2013 diciamo sopra i 25 anni \u2013 non \u00e8 mai stato a fare il bagno al Mis. Quando faceva molto molto caldo, a Belluno, non c&#8217;era niente di meglio che rifugiarsi in Val del Mis \u2013 un luogo deserto, arcano \u2013 per tuffarsi uno dopo l&#8217;altro nei cadini, delle pozze naturali dove tuttora scorre cangiante l&#8217;acqua del torrente Brent\u00f2n. Oggi il bagno qui non si pu\u00f2 pi\u00f9 fare (pianti e malinconia), ma la Val del Mis rimane il posto migliore per le estati pi\u00f9 faticose.\r\n\r\nLa Val del Mis \u00e8 uno dei punti d&#8217;accesso turistici del Parco Nazionale delle Dolomiti Bellunesi. Non sono molte le aree del Parco in bassa quota, a parte il Mis c&#8217;\u00e8 la Val Cordevole: perci\u00f2 fin dall&#8217;inizio questa \u00e8 stata individuata come area votata all&#8217;accoglienza. Da qualche anno la zona di Pian Falcina, sulla destra orografica del lago del Mis, \u00e8 diventata area camper e pic-nic, oltre che punto di ristoro e informazioni del Parco.\r\n\r\nPrima di essere acquistata dal Parco Nazionale delle Dolomiti Bellunesi, quest&#8217;area era di propriet\u00e0 dell&#8217;ENEL: il lago non \u00e8 naturale, venne creato alla fine degli anni Cinquanta quando un po&#8217; in tutto il Bellunese sorsero dighe e invasi artificiali per sfruttare una delle maggiori ricchezze del territorio dolomitico, l&#8217;acqua. \r\nPrima del lago \u2013 che oggi giustamente affascina i turisti \u2013 la Val del Mis non era un luogo spettacolare, selvaggio e disabitato com&#8217;\u00e8 oggi. Spettacolare e selvaggio, a dire il vero s\u00ec: per\u00f2 c&#8217;era chi abitava i paesi a castello di Gena Bassa, Gena Media, Gena Alta. Gena Bassa, insieme ad altri paesi di fondovalle, alla vecchia strada e a gran parte degli spazi coltivabili, \u00e8 stata inghiottita dall&#8217;acqua. L&#8217;alluvione del 1966 e la trasformazione economica della Provincia hanno fatto il resto: oggi il bar alla Soffia \u2013 insieme al punto di ristoro del Parco \u2013 \u00e8 l&#8217;ultimo avamposto prima del bosco e del silenzio screziato  solo dei rumori della natura.\r\n\r\nLa Val del Mis \u00e8 un luogo prezioso e misterioso \u2013 non a caso ne scrissero abbacinati sia Dino Buzzati che Luigi Meneghello, e si continua a scriverne. \u00c8 il posto perfetto per accogliere chi intende visitare le Dolomiti Bellunesi: \u201cQueste Dolomiti \u2013 sembra sussurrare l&#8217;acqua \u2013 non sono quelle da cartolina dei giornali nazionali, delle Olimpiadi di Sofia Loren e Ernest Hemingway: sono le Dolomiti selvareghe, quelle della natura potente e intoccata, delle avventure in solitudine e della fatica da coltivare come una conquista personale\u201d.  \r\n\t\t\t\t\t\t<\/div>\n\t\t\t\t<\/div>\n\t\t\t\t\t<\/div>\n\t\t<\/div>\n\t\t\t\t\t<\/div>\n\t\t<\/section>\n\t\t\t\t<\/div>\n\t\t","protected":false},"excerpt":{"rendered":"<p>Alzi la mano chi \u2013 diciamo sopra i 25 anni \u2013 non \u00e8 mai stato a fare il bagno al Mis. Quando faceva molto molto caldo, a Belluno, non c&#8217;era niente di meglio che rifugiarsi in Val del Mis \u2013 un luogo deserto, arcano \u2013 per tuffarsi uno dopo l&#8217;altro nei cadini, delle pozze naturali[&#8230;..]<\/p>\n","protected":false},"author":3,"featured_media":0,"parent":2067,"menu_order":6,"comment_status":"closed","ping_status":"closed","template":"page-template-sidebar.php","meta":{"footnotes":""},"categories":[],"tags":[],"class_list":["post-2238","page","type-page","status-publish","hentry"],"yoast_head":"<!-- This site is optimized with the Yoast SEO plugin v25.7 - https:\/\/yoast.com\/wordpress\/plugins\/seo\/ -->\n<title>Benvenuti nel selvarego - GAL Prealpi e Dolomiti<\/title>\n<meta name=\"robots\" content=\"index, follow, max-snippet:-1, max-image-preview:large, max-video-preview:-1\" \/>\n<link rel=\"canonical\" href=\"https:\/\/galprealpidolomiti.it\/facciamolo-noi\/i-post\/benvenuti-nel-selvarego\/\" \/>\n<meta property=\"og:locale\" content=\"it_IT\" \/>\n<meta property=\"og:type\" content=\"article\" \/>\n<meta property=\"og:title\" content=\"Benvenuti nel selvarego - GAL Prealpi e Dolomiti\" \/>\n<meta property=\"og:description\" content=\"Alzi la mano chi \u2013 diciamo sopra i 25 anni \u2013 non \u00e8 mai stato a fare il bagno al Mis. Quando faceva molto molto caldo, a Belluno, non c&#8217;era niente di meglio che rifugiarsi in Val del Mis \u2013 un luogo deserto, arcano \u2013 per tuffarsi uno dopo l&#8217;altro nei cadini, delle pozze naturali[.....]\" \/>\n<meta property=\"og:url\" content=\"https:\/\/galprealpidolomiti.it\/facciamolo-noi\/i-post\/benvenuti-nel-selvarego\/\" \/>\n<meta property=\"og:site_name\" content=\"GAL Prealpi e Dolomiti\" \/>\n<meta property=\"article:modified_time\" content=\"2017-04-26T13:29:25+00:00\" \/>\n<meta property=\"og:image\" content=\"https:\/\/galprealpidolomiti.it\/wp-content\/uploads\/elementor\/thumbs\/1300_gal_facciamolo_noi_mis-1024x1024-n7n7ylgkojijmnp02eftnawwcwm8jz2a5pj7uzu2p4.jpg\" \/>\n<meta name=\"twitter:card\" content=\"summary_large_image\" \/>\n<meta name=\"twitter:label1\" content=\"Tempo di lettura stimato\" \/>\n\t<meta name=\"twitter:data1\" content=\"2 minuti\" \/>\n<script type=\"application\/ld+json\" class=\"yoast-schema-graph\">{\"@context\":\"https:\/\/schema.org\",\"@graph\":[{\"@type\":\"WebPage\",\"@id\":\"https:\/\/galprealpidolomiti.it\/facciamolo-noi\/i-post\/benvenuti-nel-selvarego\/\",\"url\":\"https:\/\/galprealpidolomiti.it\/facciamolo-noi\/i-post\/benvenuti-nel-selvarego\/\",\"name\":\"Benvenuti nel selvarego - GAL Prealpi e Dolomiti\",\"isPartOf\":{\"@id\":\"https:\/\/galprealpidolomiti.it\/#website\"},\"primaryImageOfPage\":{\"@id\":\"https:\/\/galprealpidolomiti.it\/facciamolo-noi\/i-post\/benvenuti-nel-selvarego\/#primaryimage\"},\"image\":{\"@id\":\"https:\/\/galprealpidolomiti.it\/facciamolo-noi\/i-post\/benvenuti-nel-selvarego\/#primaryimage\"},\"thumbnailUrl\":\"https:\/\/galprealpidolomiti.it\/wp-content\/uploads\/elementor\/thumbs\/1300_gal_facciamolo_noi_mis-1024x1024-n7n7ylgkojijmnp02eftnawwcwm8jz2a5pj7uzu2p4.jpg\",\"datePublished\":\"2017-04-21T08:41:34+00:00\",\"dateModified\":\"2017-04-26T13:29:25+00:00\",\"breadcrumb\":{\"@id\":\"https:\/\/galprealpidolomiti.it\/facciamolo-noi\/i-post\/benvenuti-nel-selvarego\/#breadcrumb\"},\"inLanguage\":\"it-IT\",\"potentialAction\":[{\"@type\":\"ReadAction\",\"target\":[\"https:\/\/galprealpidolomiti.it\/facciamolo-noi\/i-post\/benvenuti-nel-selvarego\/\"]}]},{\"@type\":\"ImageObject\",\"inLanguage\":\"it-IT\",\"@id\":\"https:\/\/galprealpidolomiti.it\/facciamolo-noi\/i-post\/benvenuti-nel-selvarego\/#primaryimage\",\"url\":\"https:\/\/galprealpidolomiti.it\/wp-content\/uploads\/elementor\/thumbs\/1300_gal_facciamolo_noi_mis-1024x1024-n7n7ylgkojijmnp02eftnawwcwm8jz2a5pj7uzu2p4.jpg\",\"contentUrl\":\"https:\/\/galprealpidolomiti.it\/wp-content\/uploads\/elementor\/thumbs\/1300_gal_facciamolo_noi_mis-1024x1024-n7n7ylgkojijmnp02eftnawwcwm8jz2a5pj7uzu2p4.jpg\"},{\"@type\":\"BreadcrumbList\",\"@id\":\"https:\/\/galprealpidolomiti.it\/facciamolo-noi\/i-post\/benvenuti-nel-selvarego\/#breadcrumb\",\"itemListElement\":[{\"@type\":\"ListItem\",\"position\":1,\"name\":\"Home\",\"item\":\"https:\/\/galprealpidolomiti.it\/\"},{\"@type\":\"ListItem\",\"position\":2,\"name\":\"Facciamolo noi 2007-2013\",\"item\":\"https:\/\/galprealpidolomiti.it\/facciamolo-noi\/\"},{\"@type\":\"ListItem\",\"position\":3,\"name\":\"I Post\",\"item\":\"https:\/\/galprealpidolomiti.it\/facciamolo-noi\/i-post\/\"},{\"@type\":\"ListItem\",\"position\":4,\"name\":\"Benvenuti nel selvarego\"}]},{\"@type\":\"WebSite\",\"@id\":\"https:\/\/galprealpidolomiti.it\/#website\",\"url\":\"https:\/\/galprealpidolomiti.it\/\",\"name\":\"GAL Prealpi e Dolomiti\",\"description\":\"Gruppo di Azione Locale\",\"publisher\":{\"@id\":\"https:\/\/galprealpidolomiti.it\/#organization\"},\"potentialAction\":[{\"@type\":\"SearchAction\",\"target\":{\"@type\":\"EntryPoint\",\"urlTemplate\":\"https:\/\/galprealpidolomiti.it\/?s={search_term_string}\"},\"query-input\":{\"@type\":\"PropertyValueSpecification\",\"valueRequired\":true,\"valueName\":\"search_term_string\"}}],\"inLanguage\":\"it-IT\"},{\"@type\":\"Organization\",\"@id\":\"https:\/\/galprealpidolomiti.it\/#organization\",\"name\":\"GAL Prealpi e Dolomiti\",\"url\":\"https:\/\/galprealpidolomiti.it\/\",\"logo\":{\"@type\":\"ImageObject\",\"inLanguage\":\"it-IT\",\"@id\":\"https:\/\/galprealpidolomiti.it\/#\/schema\/logo\/image\/\",\"url\":\"https:\/\/www.galprealpidolomiti.it\/old\/wp-content\/uploads\/2020\/03\/striscia-5-loghi.png\",\"contentUrl\":\"https:\/\/www.galprealpidolomiti.it\/old\/wp-content\/uploads\/2020\/03\/striscia-5-loghi.png\",\"width\":1177,\"height\":228,\"caption\":\"GAL Prealpi e Dolomiti\"},\"image\":{\"@id\":\"https:\/\/galprealpidolomiti.it\/#\/schema\/logo\/image\/\"}}]}<\/script>\n<!-- \/ Yoast SEO plugin. -->","yoast_head_json":{"title":"Benvenuti nel selvarego - GAL Prealpi e Dolomiti","robots":{"index":"index","follow":"follow","max-snippet":"max-snippet:-1","max-image-preview":"max-image-preview:large","max-video-preview":"max-video-preview:-1"},"canonical":"https:\/\/galprealpidolomiti.it\/facciamolo-noi\/i-post\/benvenuti-nel-selvarego\/","og_locale":"it_IT","og_type":"article","og_title":"Benvenuti nel selvarego - GAL Prealpi e Dolomiti","og_description":"Alzi la mano chi \u2013 diciamo sopra i 25 anni \u2013 non \u00e8 mai stato a fare il bagno al Mis. Quando faceva molto molto caldo, a Belluno, non c&#8217;era niente di meglio che rifugiarsi in Val del Mis \u2013 un luogo deserto, arcano \u2013 per tuffarsi uno dopo l&#8217;altro nei cadini, delle pozze naturali[.....]","og_url":"https:\/\/galprealpidolomiti.it\/facciamolo-noi\/i-post\/benvenuti-nel-selvarego\/","og_site_name":"GAL Prealpi e Dolomiti","article_modified_time":"2017-04-26T13:29:25+00:00","og_image":[{"url":"https:\/\/galprealpidolomiti.it\/wp-content\/uploads\/elementor\/thumbs\/1300_gal_facciamolo_noi_mis-1024x1024-n7n7ylgkojijmnp02eftnawwcwm8jz2a5pj7uzu2p4.jpg","type":"","width":"","height":""}],"twitter_card":"summary_large_image","twitter_misc":{"Tempo di lettura stimato":"2 minuti"},"schema":{"@context":"https:\/\/schema.org","@graph":[{"@type":"WebPage","@id":"https:\/\/galprealpidolomiti.it\/facciamolo-noi\/i-post\/benvenuti-nel-selvarego\/","url":"https:\/\/galprealpidolomiti.it\/facciamolo-noi\/i-post\/benvenuti-nel-selvarego\/","name":"Benvenuti nel selvarego - GAL Prealpi e Dolomiti","isPartOf":{"@id":"https:\/\/galprealpidolomiti.it\/#website"},"primaryImageOfPage":{"@id":"https:\/\/galprealpidolomiti.it\/facciamolo-noi\/i-post\/benvenuti-nel-selvarego\/#primaryimage"},"image":{"@id":"https:\/\/galprealpidolomiti.it\/facciamolo-noi\/i-post\/benvenuti-nel-selvarego\/#primaryimage"},"thumbnailUrl":"https:\/\/galprealpidolomiti.it\/wp-content\/uploads\/elementor\/thumbs\/1300_gal_facciamolo_noi_mis-1024x1024-n7n7ylgkojijmnp02eftnawwcwm8jz2a5pj7uzu2p4.jpg","datePublished":"2017-04-21T08:41:34+00:00","dateModified":"2017-04-26T13:29:25+00:00","breadcrumb":{"@id":"https:\/\/galprealpidolomiti.it\/facciamolo-noi\/i-post\/benvenuti-nel-selvarego\/#breadcrumb"},"inLanguage":"it-IT","potentialAction":[{"@type":"ReadAction","target":["https:\/\/galprealpidolomiti.it\/facciamolo-noi\/i-post\/benvenuti-nel-selvarego\/"]}]},{"@type":"ImageObject","inLanguage":"it-IT","@id":"https:\/\/galprealpidolomiti.it\/facciamolo-noi\/i-post\/benvenuti-nel-selvarego\/#primaryimage","url":"https:\/\/galprealpidolomiti.it\/wp-content\/uploads\/elementor\/thumbs\/1300_gal_facciamolo_noi_mis-1024x1024-n7n7ylgkojijmnp02eftnawwcwm8jz2a5pj7uzu2p4.jpg","contentUrl":"https:\/\/galprealpidolomiti.it\/wp-content\/uploads\/elementor\/thumbs\/1300_gal_facciamolo_noi_mis-1024x1024-n7n7ylgkojijmnp02eftnawwcwm8jz2a5pj7uzu2p4.jpg"},{"@type":"BreadcrumbList","@id":"https:\/\/galprealpidolomiti.it\/facciamolo-noi\/i-post\/benvenuti-nel-selvarego\/#breadcrumb","itemListElement":[{"@type":"ListItem","position":1,"name":"Home","item":"https:\/\/galprealpidolomiti.it\/"},{"@type":"ListItem","position":2,"name":"Facciamolo noi 2007-2013","item":"https:\/\/galprealpidolomiti.it\/facciamolo-noi\/"},{"@type":"ListItem","position":3,"name":"I Post","item":"https:\/\/galprealpidolomiti.it\/facciamolo-noi\/i-post\/"},{"@type":"ListItem","position":4,"name":"Benvenuti nel selvarego"}]},{"@type":"WebSite","@id":"https:\/\/galprealpidolomiti.it\/#website","url":"https:\/\/galprealpidolomiti.it\/","name":"GAL Prealpi e Dolomiti","description":"Gruppo di Azione Locale","publisher":{"@id":"https:\/\/galprealpidolomiti.it\/#organization"},"potentialAction":[{"@type":"SearchAction","target":{"@type":"EntryPoint","urlTemplate":"https:\/\/galprealpidolomiti.it\/?s={search_term_string}"},"query-input":{"@type":"PropertyValueSpecification","valueRequired":true,"valueName":"search_term_string"}}],"inLanguage":"it-IT"},{"@type":"Organization","@id":"https:\/\/galprealpidolomiti.it\/#organization","name":"GAL Prealpi e Dolomiti","url":"https:\/\/galprealpidolomiti.it\/","logo":{"@type":"ImageObject","inLanguage":"it-IT","@id":"https:\/\/galprealpidolomiti.it\/#\/schema\/logo\/image\/","url":"https:\/\/www.galprealpidolomiti.it\/old\/wp-content\/uploads\/2020\/03\/striscia-5-loghi.png","contentUrl":"https:\/\/www.galprealpidolomiti.it\/old\/wp-content\/uploads\/2020\/03\/striscia-5-loghi.png","width":1177,"height":228,"caption":"GAL Prealpi e Dolomiti"},"image":{"@id":"https:\/\/galprealpidolomiti.it\/#\/schema\/logo\/image\/"}}]}},"_links":{"self":[{"href":"https:\/\/www.galprealpidolomiti.it\/old\/wp-json\/wp\/v2\/pages\/2238","targetHints":{"allow":["GET"]}}],"collection":[{"href":"https:\/\/www.galprealpidolomiti.it\/old\/wp-json\/wp\/v2\/pages"}],"about":[{"href":"https:\/\/www.galprealpidolomiti.it\/old\/wp-json\/wp\/v2\/types\/page"}],"author":[{"embeddable":true,"href":"https:\/\/www.galprealpidolomiti.it\/old\/wp-json\/wp\/v2\/users\/3"}],"replies":[{"embeddable":true,"href":"https:\/\/www.galprealpidolomiti.it\/old\/wp-json\/wp\/v2\/comments?post=2238"}],"version-history":[{"count":0,"href":"https:\/\/www.galprealpidolomiti.it\/old\/wp-json\/wp\/v2\/pages\/2238\/revisions"}],"up":[{"embeddable":true,"href":"https:\/\/www.galprealpidolomiti.it\/old\/wp-json\/wp\/v2\/pages\/2067"}],"wp:attachment":[{"href":"https:\/\/www.galprealpidolomiti.it\/old\/wp-json\/wp\/v2\/media?parent=2238"}],"wp:term":[{"taxonomy":"category","embeddable":true,"href":"https:\/\/www.galprealpidolomiti.it\/old\/wp-json\/wp\/v2\/categories?post=2238"},{"taxonomy":"post_tag","embeddable":true,"href":"https:\/\/www.galprealpidolomiti.it\/old\/wp-json\/wp\/v2\/tags?post=2238"}],"curies":[{"name":"wp","href":"https:\/\/api.w.org\/{rel}","templated":true}]}}