{"id":2234,"date":"2017-04-21T10:32:18","date_gmt":"2017-04-21T08:32:18","guid":{"rendered":"https:\/\/galprealpidolomiti.it\/?page_id=2234"},"modified":"2017-04-28T11:47:03","modified_gmt":"2017-04-28T09:47:03","slug":"armonie-passeggiate-un-auditorium-pietra","status":"publish","type":"page","link":"https:\/\/www.galprealpidolomiti.it\/old\/facciamolo-noi\/i-post\/armonie-passeggiate-un-auditorium-pietra\/","title":{"rendered":"Armonie passeggiate un auditorium pietra"},"content":{"rendered":"<p><img decoding=\"async\" title=\"Cosenude-Gal-Bus del Buson-30\" src=\"https:\/\/galprealpidolomiti.it\/wp-content\/uploads\/elementor\/thumbs\/Cosenude-Gal-Bus-del-Buson-30-n7n636haib86xhmbq9d3tbcqk0wihhfc813iqjskyw.jpg\" alt=\"Cosenude-Gal-Bus del Buson-30\" \/><br \/>\nA Belluno c&#8217;\u00e8 un auditorium di pietra scavato da un torrente che non c&#8217;\u00e8 pi\u00f9. L&#8217;Ardo ha rosicchiato questa gola goccia a goccia, poi si \u00e8 stufato ed \u00e8 scivolato 150 metri pi\u00f9 in basso, dove continua a scorrere anche oggi. Il Bus del Buson \u00e8 una forra sinuosa di 250 metri, poco lontano dalla localit\u00e0 Case Bortot, ai piedi della Schiara.<br \/>\nPer arrivarci si prende un bel sentiero ad anello che \u00e8 stato risistemato nel 2013.<br \/>\n\u201cHanno allargato e addolcito il percorso \u2013 racconta Elisa Marchese \u2013 ed \u00e8 un bene, perch\u00e9 la parte a valle era davvero molto ripida, hanno aggiunto la cartellonistica e messo in sicurezza i tratti un po&#8217; instabili\u201d.<br \/>\nElisa \u00e8 di qui \u2013 di Gioz, per la precisione \u2013 ma lavora a Bologna, nel teatro, da parecchio tempo. Qualche anno fa, nel 2011, ha messo in piedi con un&#8217;altra bellunese a Bologna, Manuela Diana, la rassegna musicale del Bus del Buson, Armonie.<br \/>\n\u201c\u00c8 un posto spettacolare: il budello d&#8217;accesso cos\u00ec stretto sembra la navata di una chiesa, e l&#8217;auditorium si apre dentro un grande invaso stratificato \u2013 come un tiramis\u00f9. Ci pareva incredibile che nessuno sfruttasse un luogo del genere per farci musica, l&#8217;acustica \u00e8 eccellente\u201d.<br \/>\nE cos\u00ec ci hanno pensato loro: da anni invitano musicisti di ogni genere a suonare al Bus del Buson e in altri luoghi dell&#8217;Ardo \u2013 che in quanto a scenograficit\u00e0 ha una serie di location da far invidia a qualunque organizzatore di eventi. \u201cSenza la comunit\u00e0 di Bolzano Bellunese per\u00f2 questa rassegna non ci sarebbe mai stata, e non avrebbe nemmeno senso: del resto non \u00e8 un caso se siamo riusciti a realizzare Armonie proprio qui, proprio allora. In un certo senso, erano tutti pronti\u201d.<br \/>\nNel 2011 \u00e8 andata in scena la prima edizione, grazie all&#8217;interessamento e all&#8217;aiuto dell&#8217;allora presidente del CAI di Belluno, Alessandro Farinazzo, e poi all&#8217;Associazione ricreativa e all&#8217;associazione volontari del sangue di Bolzano Bellunese: le Dolomiti erano da poco state riconosciute Patrimonio dell&#8217;umanit\u00e0 dall&#8217;Unesco, c&#8217;era la voglia di valorizzare questi posti spettacolari per chi ci vive, oltre che per i turisti.<br \/>\n\u201cCi siamo caricati a vicenda: poco dopo Armonie \u00e8 partito il progetto dell&#8217;ospitalit\u00e0 diffusa, il Parco Nazionale delle Dolomiti Bellunesi ha risistemato il sentiero, e anno dopo anno la rassegna \u00e8 cresciuta. \u00c8 una soddisfazione vedere come il pubblico diventa sempre pi\u00f9 vario: ci sono gli abitanti di qui attorno, ragazzi giovani, appassionati di musica e di montagna&#8230; L&#8217;anno scorso \u00e8 arrivata anche una comitiva di nordic walker da Treviso, hanno fatto passeggiata e picnic e poi sono venuti ad ascoltare la musica\u201d.<\/p>\n","protected":false},"excerpt":{"rendered":"<p>A Belluno c&#8217;\u00e8 un auditorium di pietra scavato da un torrente che non c&#8217;\u00e8 pi\u00f9. L&#8217;Ardo ha rosicchiato questa gola goccia a goccia, poi si \u00e8 stufato ed \u00e8 scivolato 150 metri pi\u00f9 in basso, dove continua a scorrere anche oggi. Il Bus del Buson \u00e8 una forra sinuosa di 250 metri, poco lontano dalla[&#8230;..]<\/p>\n","protected":false},"author":3,"featured_media":2235,"parent":2067,"menu_order":6,"comment_status":"closed","ping_status":"closed","template":"page-template-sidebar.php","meta":{"footnotes":""},"categories":[],"tags":[],"class_list":["post-2234","page","type-page","status-publish","has-post-thumbnail","hentry"],"yoast_head":"<!-- This site is optimized with the Yoast SEO plugin v25.7 - https:\/\/yoast.com\/wordpress\/plugins\/seo\/ -->\n<title>Armonie passeggiate un auditorium pietra - GAL Prealpi e Dolomiti<\/title>\n<meta name=\"robots\" content=\"index, follow, max-snippet:-1, max-image-preview:large, max-video-preview:-1\" \/>\n<link rel=\"canonical\" href=\"https:\/\/galprealpidolomiti.it\/facciamolo-noi\/i-post\/armonie-passeggiate-un-auditorium-pietra\/\" \/>\n<meta property=\"og:locale\" content=\"it_IT\" \/>\n<meta property=\"og:type\" content=\"article\" \/>\n<meta property=\"og:title\" content=\"Armonie passeggiate un auditorium pietra - GAL Prealpi e Dolomiti\" \/>\n<meta property=\"og:description\" content=\"A Belluno c&#8217;\u00e8 un auditorium di pietra scavato da un torrente che non c&#8217;\u00e8 pi\u00f9. L&#8217;Ardo ha rosicchiato questa gola goccia a goccia, poi si \u00e8 stufato ed \u00e8 scivolato 150 metri pi\u00f9 in basso, dove continua a scorrere anche oggi. Il Bus del Buson \u00e8 una forra sinuosa di 250 metri, poco lontano dalla[.....]\" \/>\n<meta property=\"og:url\" content=\"https:\/\/galprealpidolomiti.it\/facciamolo-noi\/i-post\/armonie-passeggiate-un-auditorium-pietra\/\" \/>\n<meta property=\"og:site_name\" content=\"GAL Prealpi e Dolomiti\" \/>\n<meta property=\"article:modified_time\" content=\"2017-04-28T09:47:03+00:00\" \/>\n<meta property=\"og:image\" content=\"https:\/\/galprealpidolomiti.it\/wp-content\/uploads\/2017\/04\/1500_facciamolonoi_gal_prealpi_acqua_01.jpg\" \/>\n\t<meta property=\"og:image:width\" content=\"1500\" \/>\n\t<meta property=\"og:image:height\" content=\"650\" \/>\n\t<meta property=\"og:image:type\" content=\"image\/jpeg\" \/>\n<meta name=\"twitter:card\" content=\"summary_large_image\" \/>\n<meta name=\"twitter:label1\" content=\"Tempo di lettura stimato\" \/>\n\t<meta name=\"twitter:data1\" content=\"2 minuti\" \/>\n<script type=\"application\/ld+json\" class=\"yoast-schema-graph\">{\"@context\":\"https:\/\/schema.org\",\"@graph\":[{\"@type\":\"WebPage\",\"@id\":\"https:\/\/galprealpidolomiti.it\/facciamolo-noi\/i-post\/armonie-passeggiate-un-auditorium-pietra\/\",\"url\":\"https:\/\/galprealpidolomiti.it\/facciamolo-noi\/i-post\/armonie-passeggiate-un-auditorium-pietra\/\",\"name\":\"Armonie passeggiate un auditorium pietra - GAL Prealpi e Dolomiti\",\"isPartOf\":{\"@id\":\"https:\/\/galprealpidolomiti.it\/#website\"},\"primaryImageOfPage\":{\"@id\":\"https:\/\/galprealpidolomiti.it\/facciamolo-noi\/i-post\/armonie-passeggiate-un-auditorium-pietra\/#primaryimage\"},\"image\":{\"@id\":\"https:\/\/galprealpidolomiti.it\/facciamolo-noi\/i-post\/armonie-passeggiate-un-auditorium-pietra\/#primaryimage\"},\"thumbnailUrl\":\"https:\/\/www.galprealpidolomiti.it\/old\/wp-content\/uploads\/2017\/04\/1500_facciamolonoi_gal_prealpi_acqua_01.jpg\",\"datePublished\":\"2017-04-21T08:32:18+00:00\",\"dateModified\":\"2017-04-28T09:47:03+00:00\",\"breadcrumb\":{\"@id\":\"https:\/\/galprealpidolomiti.it\/facciamolo-noi\/i-post\/armonie-passeggiate-un-auditorium-pietra\/#breadcrumb\"},\"inLanguage\":\"it-IT\",\"potentialAction\":[{\"@type\":\"ReadAction\",\"target\":[\"https:\/\/galprealpidolomiti.it\/facciamolo-noi\/i-post\/armonie-passeggiate-un-auditorium-pietra\/\"]}]},{\"@type\":\"ImageObject\",\"inLanguage\":\"it-IT\",\"@id\":\"https:\/\/galprealpidolomiti.it\/facciamolo-noi\/i-post\/armonie-passeggiate-un-auditorium-pietra\/#primaryimage\",\"url\":\"https:\/\/www.galprealpidolomiti.it\/old\/wp-content\/uploads\/2017\/04\/1500_facciamolonoi_gal_prealpi_acqua_01.jpg\",\"contentUrl\":\"https:\/\/www.galprealpidolomiti.it\/old\/wp-content\/uploads\/2017\/04\/1500_facciamolonoi_gal_prealpi_acqua_01.jpg\",\"width\":1500,\"height\":650},{\"@type\":\"BreadcrumbList\",\"@id\":\"https:\/\/galprealpidolomiti.it\/facciamolo-noi\/i-post\/armonie-passeggiate-un-auditorium-pietra\/#breadcrumb\",\"itemListElement\":[{\"@type\":\"ListItem\",\"position\":1,\"name\":\"Home\",\"item\":\"https:\/\/galprealpidolomiti.it\/\"},{\"@type\":\"ListItem\",\"position\":2,\"name\":\"Facciamolo noi 2007-2013\",\"item\":\"https:\/\/galprealpidolomiti.it\/facciamolo-noi\/\"},{\"@type\":\"ListItem\",\"position\":3,\"name\":\"I Post\",\"item\":\"https:\/\/galprealpidolomiti.it\/facciamolo-noi\/i-post\/\"},{\"@type\":\"ListItem\",\"position\":4,\"name\":\"Armonie passeggiate un auditorium pietra\"}]},{\"@type\":\"WebSite\",\"@id\":\"https:\/\/galprealpidolomiti.it\/#website\",\"url\":\"https:\/\/galprealpidolomiti.it\/\",\"name\":\"GAL Prealpi e Dolomiti\",\"description\":\"Gruppo di Azione Locale\",\"publisher\":{\"@id\":\"https:\/\/galprealpidolomiti.it\/#organization\"},\"potentialAction\":[{\"@type\":\"SearchAction\",\"target\":{\"@type\":\"EntryPoint\",\"urlTemplate\":\"https:\/\/galprealpidolomiti.it\/?s={search_term_string}\"},\"query-input\":{\"@type\":\"PropertyValueSpecification\",\"valueRequired\":true,\"valueName\":\"search_term_string\"}}],\"inLanguage\":\"it-IT\"},{\"@type\":\"Organization\",\"@id\":\"https:\/\/galprealpidolomiti.it\/#organization\",\"name\":\"GAL Prealpi e Dolomiti\",\"url\":\"https:\/\/galprealpidolomiti.it\/\",\"logo\":{\"@type\":\"ImageObject\",\"inLanguage\":\"it-IT\",\"@id\":\"https:\/\/galprealpidolomiti.it\/#\/schema\/logo\/image\/\",\"url\":\"https:\/\/www.galprealpidolomiti.it\/old\/wp-content\/uploads\/2020\/03\/striscia-5-loghi.png\",\"contentUrl\":\"https:\/\/www.galprealpidolomiti.it\/old\/wp-content\/uploads\/2020\/03\/striscia-5-loghi.png\",\"width\":1177,\"height\":228,\"caption\":\"GAL Prealpi e Dolomiti\"},\"image\":{\"@id\":\"https:\/\/galprealpidolomiti.it\/#\/schema\/logo\/image\/\"}}]}<\/script>\n<!-- \/ Yoast SEO plugin. -->","yoast_head_json":{"title":"Armonie passeggiate un auditorium pietra - GAL Prealpi e Dolomiti","robots":{"index":"index","follow":"follow","max-snippet":"max-snippet:-1","max-image-preview":"max-image-preview:large","max-video-preview":"max-video-preview:-1"},"canonical":"https:\/\/galprealpidolomiti.it\/facciamolo-noi\/i-post\/armonie-passeggiate-un-auditorium-pietra\/","og_locale":"it_IT","og_type":"article","og_title":"Armonie passeggiate un auditorium pietra - GAL Prealpi e Dolomiti","og_description":"A Belluno c&#8217;\u00e8 un auditorium di pietra scavato da un torrente che non c&#8217;\u00e8 pi\u00f9. L&#8217;Ardo ha rosicchiato questa gola goccia a goccia, poi si \u00e8 stufato ed \u00e8 scivolato 150 metri pi\u00f9 in basso, dove continua a scorrere anche oggi. Il Bus del Buson \u00e8 una forra sinuosa di 250 metri, poco lontano dalla[.....]","og_url":"https:\/\/galprealpidolomiti.it\/facciamolo-noi\/i-post\/armonie-passeggiate-un-auditorium-pietra\/","og_site_name":"GAL Prealpi e Dolomiti","article_modified_time":"2017-04-28T09:47:03+00:00","og_image":[{"width":1500,"height":650,"url":"https:\/\/galprealpidolomiti.it\/wp-content\/uploads\/2017\/04\/1500_facciamolonoi_gal_prealpi_acqua_01.jpg","type":"image\/jpeg"}],"twitter_card":"summary_large_image","twitter_misc":{"Tempo di lettura stimato":"2 minuti"},"schema":{"@context":"https:\/\/schema.org","@graph":[{"@type":"WebPage","@id":"https:\/\/galprealpidolomiti.it\/facciamolo-noi\/i-post\/armonie-passeggiate-un-auditorium-pietra\/","url":"https:\/\/galprealpidolomiti.it\/facciamolo-noi\/i-post\/armonie-passeggiate-un-auditorium-pietra\/","name":"Armonie passeggiate un auditorium pietra - GAL Prealpi e Dolomiti","isPartOf":{"@id":"https:\/\/galprealpidolomiti.it\/#website"},"primaryImageOfPage":{"@id":"https:\/\/galprealpidolomiti.it\/facciamolo-noi\/i-post\/armonie-passeggiate-un-auditorium-pietra\/#primaryimage"},"image":{"@id":"https:\/\/galprealpidolomiti.it\/facciamolo-noi\/i-post\/armonie-passeggiate-un-auditorium-pietra\/#primaryimage"},"thumbnailUrl":"https:\/\/www.galprealpidolomiti.it\/old\/wp-content\/uploads\/2017\/04\/1500_facciamolonoi_gal_prealpi_acqua_01.jpg","datePublished":"2017-04-21T08:32:18+00:00","dateModified":"2017-04-28T09:47:03+00:00","breadcrumb":{"@id":"https:\/\/galprealpidolomiti.it\/facciamolo-noi\/i-post\/armonie-passeggiate-un-auditorium-pietra\/#breadcrumb"},"inLanguage":"it-IT","potentialAction":[{"@type":"ReadAction","target":["https:\/\/galprealpidolomiti.it\/facciamolo-noi\/i-post\/armonie-passeggiate-un-auditorium-pietra\/"]}]},{"@type":"ImageObject","inLanguage":"it-IT","@id":"https:\/\/galprealpidolomiti.it\/facciamolo-noi\/i-post\/armonie-passeggiate-un-auditorium-pietra\/#primaryimage","url":"https:\/\/www.galprealpidolomiti.it\/old\/wp-content\/uploads\/2017\/04\/1500_facciamolonoi_gal_prealpi_acqua_01.jpg","contentUrl":"https:\/\/www.galprealpidolomiti.it\/old\/wp-content\/uploads\/2017\/04\/1500_facciamolonoi_gal_prealpi_acqua_01.jpg","width":1500,"height":650},{"@type":"BreadcrumbList","@id":"https:\/\/galprealpidolomiti.it\/facciamolo-noi\/i-post\/armonie-passeggiate-un-auditorium-pietra\/#breadcrumb","itemListElement":[{"@type":"ListItem","position":1,"name":"Home","item":"https:\/\/galprealpidolomiti.it\/"},{"@type":"ListItem","position":2,"name":"Facciamolo noi 2007-2013","item":"https:\/\/galprealpidolomiti.it\/facciamolo-noi\/"},{"@type":"ListItem","position":3,"name":"I Post","item":"https:\/\/galprealpidolomiti.it\/facciamolo-noi\/i-post\/"},{"@type":"ListItem","position":4,"name":"Armonie passeggiate un auditorium pietra"}]},{"@type":"WebSite","@id":"https:\/\/galprealpidolomiti.it\/#website","url":"https:\/\/galprealpidolomiti.it\/","name":"GAL Prealpi e Dolomiti","description":"Gruppo di Azione Locale","publisher":{"@id":"https:\/\/galprealpidolomiti.it\/#organization"},"potentialAction":[{"@type":"SearchAction","target":{"@type":"EntryPoint","urlTemplate":"https:\/\/galprealpidolomiti.it\/?s={search_term_string}"},"query-input":{"@type":"PropertyValueSpecification","valueRequired":true,"valueName":"search_term_string"}}],"inLanguage":"it-IT"},{"@type":"Organization","@id":"https:\/\/galprealpidolomiti.it\/#organization","name":"GAL Prealpi e Dolomiti","url":"https:\/\/galprealpidolomiti.it\/","logo":{"@type":"ImageObject","inLanguage":"it-IT","@id":"https:\/\/galprealpidolomiti.it\/#\/schema\/logo\/image\/","url":"https:\/\/www.galprealpidolomiti.it\/old\/wp-content\/uploads\/2020\/03\/striscia-5-loghi.png","contentUrl":"https:\/\/www.galprealpidolomiti.it\/old\/wp-content\/uploads\/2020\/03\/striscia-5-loghi.png","width":1177,"height":228,"caption":"GAL Prealpi e Dolomiti"},"image":{"@id":"https:\/\/galprealpidolomiti.it\/#\/schema\/logo\/image\/"}}]}},"_links":{"self":[{"href":"https:\/\/www.galprealpidolomiti.it\/old\/wp-json\/wp\/v2\/pages\/2234","targetHints":{"allow":["GET"]}}],"collection":[{"href":"https:\/\/www.galprealpidolomiti.it\/old\/wp-json\/wp\/v2\/pages"}],"about":[{"href":"https:\/\/www.galprealpidolomiti.it\/old\/wp-json\/wp\/v2\/types\/page"}],"author":[{"embeddable":true,"href":"https:\/\/www.galprealpidolomiti.it\/old\/wp-json\/wp\/v2\/users\/3"}],"replies":[{"embeddable":true,"href":"https:\/\/www.galprealpidolomiti.it\/old\/wp-json\/wp\/v2\/comments?post=2234"}],"version-history":[{"count":0,"href":"https:\/\/www.galprealpidolomiti.it\/old\/wp-json\/wp\/v2\/pages\/2234\/revisions"}],"up":[{"embeddable":true,"href":"https:\/\/www.galprealpidolomiti.it\/old\/wp-json\/wp\/v2\/pages\/2067"}],"wp:featuredmedia":[{"embeddable":true,"href":"https:\/\/www.galprealpidolomiti.it\/old\/wp-json\/wp\/v2\/media\/2235"}],"wp:attachment":[{"href":"https:\/\/www.galprealpidolomiti.it\/old\/wp-json\/wp\/v2\/media?parent=2234"}],"wp:term":[{"taxonomy":"category","embeddable":true,"href":"https:\/\/www.galprealpidolomiti.it\/old\/wp-json\/wp\/v2\/categories?post=2234"},{"taxonomy":"post_tag","embeddable":true,"href":"https:\/\/www.galprealpidolomiti.it\/old\/wp-json\/wp\/v2\/tags?post=2234"}],"curies":[{"name":"wp","href":"https:\/\/api.w.org\/{rel}","templated":true}]}}