{"id":2114,"date":"2017-04-20T12:36:32","date_gmt":"2017-04-20T10:36:32","guid":{"rendered":"https:\/\/galprealpidolomiti.it\/?page_id=2114"},"modified":"2017-04-26T16:35:34","modified_gmt":"2017-04-26T14:35:34","slug":"post-1","status":"publish","type":"page","link":"https:\/\/www.galprealpidolomiti.it\/old\/facciamolo-noi\/i-post\/post-1\/","title":{"rendered":"Andar per funghi, tra rogge e antiche segherie"},"content":{"rendered":"\t\t<div data-elementor-type=\"wp-post\" data-elementor-id=\"2114\" class=\"elementor elementor-2114 elementor-bc-flex-widget\" data-elementor-post-type=\"page\">\n\t\t\t\t\t\t<section class=\"elementor-section elementor-top-section elementor-element elementor-element-molfsio elementor-section-boxed elementor-section-height-default elementor-section-height-default\" data-id=\"molfsio\" data-element_type=\"section\" data-settings=\"{&quot;jet_parallax_layout_list&quot;:[]}\">\n\t\t\t\t\t\t<div class=\"elementor-container elementor-column-gap-default\">\n\t\t\t\t\t<div class=\"elementor-column elementor-col-100 elementor-top-column elementor-element elementor-element-zvuzidc\" data-id=\"zvuzidc\" data-element_type=\"column\">\n\t\t\t<div class=\"elementor-widget-wrap elementor-element-populated\">\n\t\t\t\t\t\t<div class=\"elementor-element elementor-element-rnatz90 elementor-widget elementor-widget-image\" data-id=\"rnatz90\" data-element_type=\"widget\" data-widget_type=\"image.default\">\n\t\t\t\t<div class=\"elementor-widget-container\">\n\t\t\t\t\t\t\t\t\t\t\t\t\t<img decoding=\"async\" src=\"https:\/\/www.galprealpidolomiti.it\/old\/wp-content\/uploads\/elementor\/thumbs\/1200_facciamolonoi_gal_rogge-nl37q9vucv91z5togmaa70ms6v7vevmkt2dsv3l6p4.jpg\" title=\"1200_facciamolonoi_gal_rogge\" alt=\"1200_facciamolonoi_gal_rogge\" loading=\"lazy\" \/>\t\t\t\t\t\t\t\t\t\t\t\t\t<\/div>\n\t\t\t\t<\/div>\n\t\t\t\t<div class=\"elementor-element elementor-element-gnfkwhb elementor-widget elementor-widget-text-editor\" data-id=\"gnfkwhb\" data-element_type=\"widget\" data-widget_type=\"text-editor.default\">\n\t\t\t\t<div class=\"elementor-widget-container\">\n\t\t\t\t\t\t\t<p style=\"text-align: left;\">Guido ha la sua et\u00e0, ormai, e non esce quasi pi\u00f9 di casa. L&#8217;unica cosa che continua a piacergli, fuori, \u00e8 andare a funghi. \u00c8 una sua passione fin da quando era un ragazzino, e tutto, qui, era diverso.<\/p><p style=\"text-align: left;\">Da qualche tempo hanno tracciato un sentiero, proprio dietro casa, e sono comparsi dei cartelli che raccontano delle \u201cantiche rogge\u201d. Ci sono anche i disegni delle decine e decine di canali che portavano l&#8217;acqua dal Cordevole alle segherie, ai mulini, alle officine. Alcune cose Guido se le ricorda da quando era bambino. A volte, quando va a caccia di chiodini, pensa con nostalgia ai bagni ai <em>boioi<\/em>, sotto la Levada, ma poi gli tornano in mente anche la fame e la fatica, e ha un po&#8217; meno nostalgia.<\/p><p style=\"text-align: left;\">Le figlie di Guido ora lavorano in Luxottica \u2013 come molti altri, qui in paese. Sedico \u00e8 fatta di aziende. \u00c8 il quarto comune bellunese per numero di imprese: a parte la Luxottica, ce ne sono quasi 600, 200 delle quali artigiane. Nessuna novit\u00e0: fin dal Medioevo il basso Cordevole \u00e8 stato un&#8217;area industriale. Fino alla prima met\u00e0 del Novecento era segnato da un fitto reticolo di rogge (canali artificiali) che alimentavano le attivit\u00e0 pi\u00f9 disparate: Sedico era costellata di opifici, segherie, mulini, fucine, perfino una cartiera, da met\u00e0 Ottocento.<\/p><p style=\"text-align: left;\">L&#8217;acqua era il motore principale dell&#8217;economia lungo il Cordevole. L&#8217;acqua, e il legno. Il legname scendeva lungo il torrente dall&#8217;Agordino. Ciascun tronco era inciso con un segno che lo destinava a una delle tante segherie sorte nei secoli vicino al Cordevole. Nei pressi della segheria i tronchi (o meglio, le <em>taie<\/em>) venivano deviati in un canale la cui acqua faceva confluire la materia prima nello stabilimento e forniva l&#8217;energia idraulica necessaria per il funzionamento delle seghe (le <em>m\u00e8le<\/em>).<\/p><p style=\"text-align: left;\">Agli inizi del Novecento scendevano dall&#8217;Agordino diecimila <em>taie<\/em> all&#8217;anno. Prima, anche fino a ventimila. I tronchi lavorati venivano poi rimessi in acqua in forma di zattere e portati fino a Venezia. Tuttora \u2013 non a caso \u2013 molte aziende della zona sono legate alla lavorazione del legname.<\/p><p style=\"text-align: left;\">Le lame per le <em>m\u00e8le <\/em>lavorate dai Buzzati \u2013 ricchi commercianti della zona \u2013 erano rinomate anche all&#8217;estero fin dal Cinquecento. A Briban\u00e9t i Buzzati fecero costruire nel XVI secolo un piccolo oratorio: c&#8217;\u00e8 ancora, naturalmente rimaneggiato. Sull&#8217;architrave del portale d&#8217;ingresso spicca lo stemma di famiglia, una lama per sega. L&#8217;oratorio \u00e8 dedicato a san Nicol\u00f2, patrono di chi lavora o va per le acque: protettore di marinai, zattieri e <em>menad\u00e0s <\/em>(i <em>menad\u00e0s<\/em> si occupavano della fluitazione dei tronchi).<\/p><p style=\"text-align: left;\">Da qualche mese Anna \u2013 anche lei lavora in Luxottica \u2013 va a correre lungo il sentiero delle rogge. Vive a Sedico da sempre, ma prima che venisse creato il percorso non sapeva nemmeno cosa fossero, le rogge. I cartelli raccontano la storia industriosa di questi luoghi oggi semi abbandonati ai tanti che ormai non possono averne pi\u00f9 alcun ricordo. Tra boschi e campi si intravedono qui i resti del mulino, l\u00ec le antiche segherie, l&#8217;intelaiatura di una vecchia porta per deviare il corso del fiume, le tracce di un canale. Chiss\u00e0 che prima o poi non torni anche l&#8217;acqua, nelle antiche rogge.<\/p>\t\t\t\t\t\t<\/div>\n\t\t\t\t<\/div>\n\t\t\t\t\t<\/div>\n\t\t<\/div>\n\t\t\t\t\t<\/div>\n\t\t<\/section>\n\t\t\t\t<\/div>\n\t\t","protected":false},"excerpt":{"rendered":"<p>Guido ha la sua et\u00e0, ormai, e non esce quasi pi\u00f9 di casa. L&#8217;unica cosa che continua a piacergli, fuori, \u00e8 andare a funghi. \u00c8 una sua passione fin da quando era un ragazzino, e tutto, qui, era diverso. Da qualche tempo hanno tracciato un sentiero, proprio dietro casa, e sono comparsi dei cartelli che[&#8230;..]<\/p>\n","protected":false},"author":3,"featured_media":1903,"parent":2067,"menu_order":6,"comment_status":"closed","ping_status":"closed","template":"page-template-sidebar.php","meta":{"footnotes":""},"categories":[],"tags":[],"class_list":["post-2114","page","type-page","status-publish","has-post-thumbnail","hentry"],"yoast_head":"<!-- This site is optimized with the Yoast SEO plugin v25.7 - https:\/\/yoast.com\/wordpress\/plugins\/seo\/ -->\n<title>Andar per funghi, tra rogge e antiche segherie - GAL Prealpi e Dolomiti<\/title>\n<meta name=\"robots\" content=\"index, follow, max-snippet:-1, max-image-preview:large, max-video-preview:-1\" \/>\n<link rel=\"canonical\" href=\"https:\/\/galprealpidolomiti.it\/facciamolo-noi\/i-post\/post-1\/\" \/>\n<meta property=\"og:locale\" content=\"it_IT\" \/>\n<meta property=\"og:type\" content=\"article\" \/>\n<meta property=\"og:title\" content=\"Andar per funghi, tra rogge e antiche segherie - GAL Prealpi e Dolomiti\" \/>\n<meta property=\"og:description\" content=\"Guido ha la sua et\u00e0, ormai, e non esce quasi pi\u00f9 di casa. L&#8217;unica cosa che continua a piacergli, fuori, \u00e8 andare a funghi. \u00c8 una sua passione fin da quando era un ragazzino, e tutto, qui, era diverso. Da qualche tempo hanno tracciato un sentiero, proprio dietro casa, e sono comparsi dei cartelli che[.....]\" \/>\n<meta property=\"og:url\" content=\"https:\/\/galprealpidolomiti.it\/facciamolo-noi\/i-post\/post-1\/\" \/>\n<meta property=\"og:site_name\" content=\"GAL Prealpi e Dolomiti\" \/>\n<meta property=\"article:modified_time\" content=\"2017-04-26T14:35:34+00:00\" \/>\n<meta property=\"og:image\" content=\"https:\/\/galprealpidolomiti.it\/wp-content\/uploads\/2017\/04\/mt-sample-background.jpg\" \/>\n\t<meta property=\"og:image:width\" content=\"1920\" \/>\n\t<meta property=\"og:image:height\" content=\"1280\" \/>\n\t<meta property=\"og:image:type\" content=\"image\/jpeg\" \/>\n<meta name=\"twitter:card\" content=\"summary_large_image\" \/>\n<meta name=\"twitter:label1\" content=\"Tempo di lettura stimato\" \/>\n\t<meta name=\"twitter:data1\" content=\"3 minuti\" \/>\n<script type=\"application\/ld+json\" class=\"yoast-schema-graph\">{\"@context\":\"https:\/\/schema.org\",\"@graph\":[{\"@type\":\"WebPage\",\"@id\":\"https:\/\/galprealpidolomiti.it\/facciamolo-noi\/i-post\/post-1\/\",\"url\":\"https:\/\/galprealpidolomiti.it\/facciamolo-noi\/i-post\/post-1\/\",\"name\":\"Andar per funghi, tra rogge e antiche segherie - GAL Prealpi e Dolomiti\",\"isPartOf\":{\"@id\":\"https:\/\/galprealpidolomiti.it\/#website\"},\"primaryImageOfPage\":{\"@id\":\"https:\/\/galprealpidolomiti.it\/facciamolo-noi\/i-post\/post-1\/#primaryimage\"},\"image\":{\"@id\":\"https:\/\/galprealpidolomiti.it\/facciamolo-noi\/i-post\/post-1\/#primaryimage\"},\"thumbnailUrl\":\"https:\/\/www.galprealpidolomiti.it\/old\/wp-content\/uploads\/2017\/04\/mt-sample-background.jpg\",\"datePublished\":\"2017-04-20T10:36:32+00:00\",\"dateModified\":\"2017-04-26T14:35:34+00:00\",\"breadcrumb\":{\"@id\":\"https:\/\/galprealpidolomiti.it\/facciamolo-noi\/i-post\/post-1\/#breadcrumb\"},\"inLanguage\":\"it-IT\",\"potentialAction\":[{\"@type\":\"ReadAction\",\"target\":[\"https:\/\/galprealpidolomiti.it\/facciamolo-noi\/i-post\/post-1\/\"]}]},{\"@type\":\"ImageObject\",\"inLanguage\":\"it-IT\",\"@id\":\"https:\/\/galprealpidolomiti.it\/facciamolo-noi\/i-post\/post-1\/#primaryimage\",\"url\":\"https:\/\/www.galprealpidolomiti.it\/old\/wp-content\/uploads\/2017\/04\/mt-sample-background.jpg\",\"contentUrl\":\"https:\/\/www.galprealpidolomiti.it\/old\/wp-content\/uploads\/2017\/04\/mt-sample-background.jpg\",\"width\":1920,\"height\":1280},{\"@type\":\"BreadcrumbList\",\"@id\":\"https:\/\/galprealpidolomiti.it\/facciamolo-noi\/i-post\/post-1\/#breadcrumb\",\"itemListElement\":[{\"@type\":\"ListItem\",\"position\":1,\"name\":\"Home\",\"item\":\"https:\/\/galprealpidolomiti.it\/\"},{\"@type\":\"ListItem\",\"position\":2,\"name\":\"Facciamolo noi 2007-2013\",\"item\":\"https:\/\/galprealpidolomiti.it\/facciamolo-noi\/\"},{\"@type\":\"ListItem\",\"position\":3,\"name\":\"I Post\",\"item\":\"https:\/\/galprealpidolomiti.it\/facciamolo-noi\/i-post\/\"},{\"@type\":\"ListItem\",\"position\":4,\"name\":\"Andar per funghi, tra rogge e antiche segherie\"}]},{\"@type\":\"WebSite\",\"@id\":\"https:\/\/galprealpidolomiti.it\/#website\",\"url\":\"https:\/\/galprealpidolomiti.it\/\",\"name\":\"GAL Prealpi e Dolomiti\",\"description\":\"Gruppo di Azione Locale\",\"publisher\":{\"@id\":\"https:\/\/galprealpidolomiti.it\/#organization\"},\"potentialAction\":[{\"@type\":\"SearchAction\",\"target\":{\"@type\":\"EntryPoint\",\"urlTemplate\":\"https:\/\/galprealpidolomiti.it\/?s={search_term_string}\"},\"query-input\":{\"@type\":\"PropertyValueSpecification\",\"valueRequired\":true,\"valueName\":\"search_term_string\"}}],\"inLanguage\":\"it-IT\"},{\"@type\":\"Organization\",\"@id\":\"https:\/\/galprealpidolomiti.it\/#organization\",\"name\":\"GAL Prealpi e Dolomiti\",\"url\":\"https:\/\/galprealpidolomiti.it\/\",\"logo\":{\"@type\":\"ImageObject\",\"inLanguage\":\"it-IT\",\"@id\":\"https:\/\/galprealpidolomiti.it\/#\/schema\/logo\/image\/\",\"url\":\"https:\/\/www.galprealpidolomiti.it\/old\/wp-content\/uploads\/2020\/03\/striscia-5-loghi.png\",\"contentUrl\":\"https:\/\/www.galprealpidolomiti.it\/old\/wp-content\/uploads\/2020\/03\/striscia-5-loghi.png\",\"width\":1177,\"height\":228,\"caption\":\"GAL Prealpi e Dolomiti\"},\"image\":{\"@id\":\"https:\/\/galprealpidolomiti.it\/#\/schema\/logo\/image\/\"}}]}<\/script>\n<!-- \/ Yoast SEO plugin. -->","yoast_head_json":{"title":"Andar per funghi, tra rogge e antiche segherie - GAL Prealpi e Dolomiti","robots":{"index":"index","follow":"follow","max-snippet":"max-snippet:-1","max-image-preview":"max-image-preview:large","max-video-preview":"max-video-preview:-1"},"canonical":"https:\/\/galprealpidolomiti.it\/facciamolo-noi\/i-post\/post-1\/","og_locale":"it_IT","og_type":"article","og_title":"Andar per funghi, tra rogge e antiche segherie - GAL Prealpi e Dolomiti","og_description":"Guido ha la sua et\u00e0, ormai, e non esce quasi pi\u00f9 di casa. L&#8217;unica cosa che continua a piacergli, fuori, \u00e8 andare a funghi. \u00c8 una sua passione fin da quando era un ragazzino, e tutto, qui, era diverso. Da qualche tempo hanno tracciato un sentiero, proprio dietro casa, e sono comparsi dei cartelli che[.....]","og_url":"https:\/\/galprealpidolomiti.it\/facciamolo-noi\/i-post\/post-1\/","og_site_name":"GAL Prealpi e Dolomiti","article_modified_time":"2017-04-26T14:35:34+00:00","og_image":[{"width":1920,"height":1280,"url":"https:\/\/galprealpidolomiti.it\/wp-content\/uploads\/2017\/04\/mt-sample-background.jpg","type":"image\/jpeg"}],"twitter_card":"summary_large_image","twitter_misc":{"Tempo di lettura stimato":"3 minuti"},"schema":{"@context":"https:\/\/schema.org","@graph":[{"@type":"WebPage","@id":"https:\/\/galprealpidolomiti.it\/facciamolo-noi\/i-post\/post-1\/","url":"https:\/\/galprealpidolomiti.it\/facciamolo-noi\/i-post\/post-1\/","name":"Andar per funghi, tra rogge e antiche segherie - GAL Prealpi e Dolomiti","isPartOf":{"@id":"https:\/\/galprealpidolomiti.it\/#website"},"primaryImageOfPage":{"@id":"https:\/\/galprealpidolomiti.it\/facciamolo-noi\/i-post\/post-1\/#primaryimage"},"image":{"@id":"https:\/\/galprealpidolomiti.it\/facciamolo-noi\/i-post\/post-1\/#primaryimage"},"thumbnailUrl":"https:\/\/www.galprealpidolomiti.it\/old\/wp-content\/uploads\/2017\/04\/mt-sample-background.jpg","datePublished":"2017-04-20T10:36:32+00:00","dateModified":"2017-04-26T14:35:34+00:00","breadcrumb":{"@id":"https:\/\/galprealpidolomiti.it\/facciamolo-noi\/i-post\/post-1\/#breadcrumb"},"inLanguage":"it-IT","potentialAction":[{"@type":"ReadAction","target":["https:\/\/galprealpidolomiti.it\/facciamolo-noi\/i-post\/post-1\/"]}]},{"@type":"ImageObject","inLanguage":"it-IT","@id":"https:\/\/galprealpidolomiti.it\/facciamolo-noi\/i-post\/post-1\/#primaryimage","url":"https:\/\/www.galprealpidolomiti.it\/old\/wp-content\/uploads\/2017\/04\/mt-sample-background.jpg","contentUrl":"https:\/\/www.galprealpidolomiti.it\/old\/wp-content\/uploads\/2017\/04\/mt-sample-background.jpg","width":1920,"height":1280},{"@type":"BreadcrumbList","@id":"https:\/\/galprealpidolomiti.it\/facciamolo-noi\/i-post\/post-1\/#breadcrumb","itemListElement":[{"@type":"ListItem","position":1,"name":"Home","item":"https:\/\/galprealpidolomiti.it\/"},{"@type":"ListItem","position":2,"name":"Facciamolo noi 2007-2013","item":"https:\/\/galprealpidolomiti.it\/facciamolo-noi\/"},{"@type":"ListItem","position":3,"name":"I Post","item":"https:\/\/galprealpidolomiti.it\/facciamolo-noi\/i-post\/"},{"@type":"ListItem","position":4,"name":"Andar per funghi, tra rogge e antiche segherie"}]},{"@type":"WebSite","@id":"https:\/\/galprealpidolomiti.it\/#website","url":"https:\/\/galprealpidolomiti.it\/","name":"GAL Prealpi e Dolomiti","description":"Gruppo di Azione Locale","publisher":{"@id":"https:\/\/galprealpidolomiti.it\/#organization"},"potentialAction":[{"@type":"SearchAction","target":{"@type":"EntryPoint","urlTemplate":"https:\/\/galprealpidolomiti.it\/?s={search_term_string}"},"query-input":{"@type":"PropertyValueSpecification","valueRequired":true,"valueName":"search_term_string"}}],"inLanguage":"it-IT"},{"@type":"Organization","@id":"https:\/\/galprealpidolomiti.it\/#organization","name":"GAL Prealpi e Dolomiti","url":"https:\/\/galprealpidolomiti.it\/","logo":{"@type":"ImageObject","inLanguage":"it-IT","@id":"https:\/\/galprealpidolomiti.it\/#\/schema\/logo\/image\/","url":"https:\/\/www.galprealpidolomiti.it\/old\/wp-content\/uploads\/2020\/03\/striscia-5-loghi.png","contentUrl":"https:\/\/www.galprealpidolomiti.it\/old\/wp-content\/uploads\/2020\/03\/striscia-5-loghi.png","width":1177,"height":228,"caption":"GAL Prealpi e Dolomiti"},"image":{"@id":"https:\/\/galprealpidolomiti.it\/#\/schema\/logo\/image\/"}}]}},"_links":{"self":[{"href":"https:\/\/www.galprealpidolomiti.it\/old\/wp-json\/wp\/v2\/pages\/2114","targetHints":{"allow":["GET"]}}],"collection":[{"href":"https:\/\/www.galprealpidolomiti.it\/old\/wp-json\/wp\/v2\/pages"}],"about":[{"href":"https:\/\/www.galprealpidolomiti.it\/old\/wp-json\/wp\/v2\/types\/page"}],"author":[{"embeddable":true,"href":"https:\/\/www.galprealpidolomiti.it\/old\/wp-json\/wp\/v2\/users\/3"}],"replies":[{"embeddable":true,"href":"https:\/\/www.galprealpidolomiti.it\/old\/wp-json\/wp\/v2\/comments?post=2114"}],"version-history":[{"count":0,"href":"https:\/\/www.galprealpidolomiti.it\/old\/wp-json\/wp\/v2\/pages\/2114\/revisions"}],"up":[{"embeddable":true,"href":"https:\/\/www.galprealpidolomiti.it\/old\/wp-json\/wp\/v2\/pages\/2067"}],"wp:featuredmedia":[{"embeddable":true,"href":"https:\/\/www.galprealpidolomiti.it\/old\/wp-json\/wp\/v2\/media\/1903"}],"wp:attachment":[{"href":"https:\/\/www.galprealpidolomiti.it\/old\/wp-json\/wp\/v2\/media?parent=2114"}],"wp:term":[{"taxonomy":"category","embeddable":true,"href":"https:\/\/www.galprealpidolomiti.it\/old\/wp-json\/wp\/v2\/categories?post=2114"},{"taxonomy":"post_tag","embeddable":true,"href":"https:\/\/www.galprealpidolomiti.it\/old\/wp-json\/wp\/v2\/tags?post=2114"}],"curies":[{"name":"wp","href":"https:\/\/api.w.org\/{rel}","templated":true}]}}