{"id":1832,"date":"2017-04-12T09:40:05","date_gmt":"2017-04-12T07:40:05","guid":{"rendered":"http:\/\/gal.larindev.com\/?page_id=1832"},"modified":"2019-02-06T16:42:57","modified_gmt":"2019-02-06T15:42:57","slug":"ruolo-progetti-chiave","status":"publish","type":"page","link":"https:\/\/www.galprealpidolomiti.it\/old\/ruolo-progetti-chiave\/","title":{"rendered":"Il ruolo dei Progetti Chiave"},"content":{"rendered":"\t\t<div data-elementor-type=\"wp-post\" data-elementor-id=\"1832\" class=\"elementor elementor-1832 elementor-bc-flex-widget\" data-elementor-post-type=\"page\">\n\t\t\t\t\t\t<section class=\"elementor-section elementor-top-section elementor-element elementor-element-jemclcq elementor-section-boxed elementor-section-height-default elementor-section-height-default\" data-id=\"jemclcq\" data-element_type=\"section\" data-settings=\"{&quot;jet_parallax_layout_list&quot;:[]}\">\n\t\t\t\t\t\t<div class=\"elementor-container elementor-column-gap-default\">\n\t\t\t\t\t<div class=\"elementor-column elementor-col-100 elementor-top-column elementor-element elementor-element-jatxkcs\" data-id=\"jatxkcs\" data-element_type=\"column\">\n\t\t\t<div class=\"elementor-widget-wrap elementor-element-populated\">\n\t\t\t\t\t\t<div class=\"elementor-element elementor-element-xwnlgfq elementor-widget elementor-widget-text-editor\" data-id=\"xwnlgfq\" data-element_type=\"widget\" data-widget_type=\"text-editor.default\">\n\t\t\t\t<div class=\"elementor-widget-container\">\n\t\t\t\t\t\t\t<p>Tra gli obiettivi generali che il GAL Prealpi e Dolomiti si pone con il suo PSL 2014 -2020, in coerenza con i principali fabbisogni espressi dal territorio, vi \u00e8 quello inerente lo sviluppo di un <strong>turismo sostenibile<\/strong>. Per raggiungere tale obiettivo il PSL utilizzer\u00e0 una nuova modalit\u00e0 operativa denominata <a href=\"https:\/\/galprealpidolomiti.it\/i-4-progetti-chiave\/\">Progetti Chiave<\/a>.<\/p><p>Il forte carattere innovativo dei Progetti Chiave nonch\u00e9 i loro ambiziosi obiettivi richiedono un\u2019adeguata <strong>preparazione del territorio<\/strong> affinch\u00e9 questo sia in grado di utilizzare tali strumenti nel migliore dei modi. Per questa ragione il GAL Prealpi Dolomiti ha organizzato in collaborazione con ricercatori e professori dell\u2019Universit\u00e0 di Padova dei <strong>corsi di formazione<\/strong> con approccio multidisciplinare orientato al risultato e alla concretezza. Al termine degli incontri formativi il partecipante \u00e8 entrato in possesso di strumenti per comprendere le potenzialit\u00e0 che i Progetti Chiave potranno esprimere, anche attivando altre risorse-progettualit\u00e0.<\/p>\t\t\t\t\t\t<\/div>\n\t\t\t\t<\/div>\n\t\t\t\t<div class=\"elementor-element elementor-element-y0c904e elementor-widget elementor-widget-image-gallery\" data-id=\"y0c904e\" data-element_type=\"widget\" data-widget_type=\"image-gallery.default\">\n\t\t\t\t<div class=\"elementor-widget-container\">\n\t\t\t\t\t<div class=\"elementor-image-gallery\">\n\t\t\t<div id=\"6a007d73aa355\" class=\"gg_gallery_wrap gg_true_gallery gg_standard_gallery gid_1832 gg_hidden_ol gg_ol_bottom_mode gg_main_ol_show_on_h \" data-gg_ol=\"\"  data-ggom_fx=\"\" data-ggom_timing=\"300\" rel=\"1832\" data-nores-txt=\"Nessuna immagine trovata\">      <div class=\"gg_loader\">  <div class=\"ggl_1\"><\/div>  <div class=\"ggl_2\"><\/div>  <div class=\"ggl_3\"><\/div>  <div class=\"ggl_4\"><\/div><\/div>  <div class=\"gg_container\"><div class=\"gg_img \" data-gg-url=\"https:\/\/www.galprealpidolomiti.it\/old\/wp-content\/uploads\/2017\/04\/20161013_170615.jpg\" data-gg-title=\"20161013_170615\" data-gg-author=\"\" data-gg-descr=\"\" data-img-id=\"0\" rel=\"1832\">  <div class=\"gg_img_inner\"><div class=\"gg_main_img_wrap\"><img decoding=\"async\" src=\"\" data-gg-lazy-src=\"\/\/www.galprealpidolomiti.it\/old\/wp-content\/uploads\/ewpt_cache\/275x210_100_1_c_FFFFFF_5b4cdd3075a77eea8768b85d40591478.jpg\" alt=\"20161013_170615\" class=\"gg_photo gg_main_thumb\" \/><noscript><img decoding=\"async\" src=\"https:\/\/www.galprealpidolomiti.it\/old\/wp-content\/uploads\/2017\/04\/20161013_170615.jpg\" alt=\"20161013_170615\" \/><\/noscript><\/div><div class=\"gg_overlays\"><\/div><\/div><\/div><div class=\"gg_img \" data-gg-url=\"https:\/\/www.galprealpidolomiti.it\/old\/wp-content\/uploads\/2017\/04\/20161013_133008.jpg\" data-gg-title=\"20161013_133008\" data-gg-author=\"\" data-gg-descr=\"\" data-img-id=\"1\" rel=\"1832\">  <div class=\"gg_img_inner\"><div class=\"gg_main_img_wrap\"><img decoding=\"async\" src=\"\" data-gg-lazy-src=\"\/\/www.galprealpidolomiti.it\/old\/wp-content\/uploads\/ewpt_cache\/275x210_100_1_c_FFFFFF_789225e8592fec789a5418de47722a04.jpg\" alt=\"20161013_133008\" class=\"gg_photo gg_main_thumb\" \/><noscript><img decoding=\"async\" src=\"https:\/\/www.galprealpidolomiti.it\/old\/wp-content\/uploads\/2017\/04\/20161013_133008.jpg\" alt=\"20161013_133008\" \/><\/noscript><\/div><div class=\"gg_overlays\"><\/div><\/div><\/div><div class=\"gg_img \" data-gg-url=\"https:\/\/www.galprealpidolomiti.it\/old\/wp-content\/uploads\/2017\/04\/2-1.jpg\" data-gg-title=\"2\" data-gg-author=\"\" data-gg-descr=\"\" data-img-id=\"2\" rel=\"1832\">  <div class=\"gg_img_inner\"><div class=\"gg_main_img_wrap\"><img decoding=\"async\" src=\"\" data-gg-lazy-src=\"\/\/www.galprealpidolomiti.it\/old\/wp-content\/uploads\/ewpt_cache\/275x210_100_1_c_FFFFFF_7c6733f806bccb369257e82ecb8635f4.jpg\" alt=\"2\" class=\"gg_photo gg_main_thumb\" \/><noscript><img decoding=\"async\" src=\"https:\/\/www.galprealpidolomiti.it\/old\/wp-content\/uploads\/2017\/04\/2-1.jpg\" alt=\"2\" \/><\/noscript><\/div><div class=\"gg_overlays\"><\/div><\/div><\/div><div class=\"gg_img \" data-gg-url=\"https:\/\/www.galprealpidolomiti.it\/old\/wp-content\/uploads\/2017\/04\/5-3.jpg\" data-gg-title=\"5\" data-gg-author=\"\" data-gg-descr=\"\" data-img-id=\"3\" rel=\"1832\">  <div class=\"gg_img_inner\"><div class=\"gg_main_img_wrap\"><img decoding=\"async\" src=\"\" data-gg-lazy-src=\"\/\/www.galprealpidolomiti.it\/old\/wp-content\/uploads\/ewpt_cache\/275x210_100_1_c_FFFFFF_f41d18951882d91d69323c98eae159fd.jpg\" alt=\"5\" class=\"gg_photo gg_main_thumb\" \/><noscript><img decoding=\"async\" src=\"https:\/\/www.galprealpidolomiti.it\/old\/wp-content\/uploads\/2017\/04\/5-3.jpg\" alt=\"5\" \/><\/noscript><\/div><div class=\"gg_overlays\"><\/div><\/div><\/div><div class=\"gg_img \" data-gg-url=\"https:\/\/www.galprealpidolomiti.it\/old\/wp-content\/uploads\/2017\/04\/4-1.jpg\" data-gg-title=\"4\" data-gg-author=\"\" data-gg-descr=\"\" data-img-id=\"4\" rel=\"1832\">  <div class=\"gg_img_inner\"><div class=\"gg_main_img_wrap\"><img decoding=\"async\" src=\"\" data-gg-lazy-src=\"\/\/www.galprealpidolomiti.it\/old\/wp-content\/uploads\/ewpt_cache\/275x210_100_1_c_FFFFFF_3c9e16329fbddc90a6d4746fe2f5e92d.jpg\" alt=\"4\" class=\"gg_photo gg_main_thumb\" \/><noscript><img decoding=\"async\" src=\"https:\/\/www.galprealpidolomiti.it\/old\/wp-content\/uploads\/2017\/04\/4-1.jpg\" alt=\"4\" \/><\/noscript><\/div><div class=\"gg_overlays\"><\/div><\/div><\/div><div class=\"gg_img \" data-gg-url=\"https:\/\/www.galprealpidolomiti.it\/old\/wp-content\/uploads\/2017\/04\/5-2.jpg\" data-gg-title=\"5\" data-gg-author=\"\" data-gg-descr=\"\" data-img-id=\"5\" rel=\"1832\">  <div class=\"gg_img_inner\"><div class=\"gg_main_img_wrap\"><img decoding=\"async\" src=\"\" data-gg-lazy-src=\"\/\/www.galprealpidolomiti.it\/old\/wp-content\/uploads\/ewpt_cache\/275x210_100_1_c_FFFFFF_c538ed2868016753dc8ede72d320a976.jpg\" alt=\"5\" class=\"gg_photo gg_main_thumb\" \/><noscript><img decoding=\"async\" src=\"https:\/\/www.galprealpidolomiti.it\/old\/wp-content\/uploads\/2017\/04\/5-2.jpg\" alt=\"5\" \/><\/noscript><\/div><div class=\"gg_overlays\"><\/div><\/div><\/div><div class=\"gg_img \" data-gg-url=\"https:\/\/www.galprealpidolomiti.it\/old\/wp-content\/uploads\/2017\/04\/5-1.jpg\" data-gg-title=\"5\" data-gg-author=\"\" data-gg-descr=\"\" data-img-id=\"6\" rel=\"1832\">  <div class=\"gg_img_inner\"><div class=\"gg_main_img_wrap\"><img decoding=\"async\" src=\"\" data-gg-lazy-src=\"\/\/www.galprealpidolomiti.it\/old\/wp-content\/uploads\/ewpt_cache\/275x210_100_1_c_FFFFFF_3759aadb687a998c7a025ce6b1dab95e.jpg\" alt=\"5\" class=\"gg_photo gg_main_thumb\" \/><noscript><img decoding=\"async\" src=\"https:\/\/www.galprealpidolomiti.it\/old\/wp-content\/uploads\/2017\/04\/5-1.jpg\" alt=\"5\" \/><\/noscript><\/div><div class=\"gg_overlays\"><\/div><\/div><\/div><div class=\"gg_img \" data-gg-url=\"https:\/\/www.galprealpidolomiti.it\/old\/wp-content\/uploads\/2017\/04\/g.jpg\" data-gg-title=\"g\" data-gg-author=\"\" data-gg-descr=\"\" data-img-id=\"7\" rel=\"1832\">  <div class=\"gg_img_inner\"><div class=\"gg_main_img_wrap\"><img decoding=\"async\" src=\"\" data-gg-lazy-src=\"\/\/www.galprealpidolomiti.it\/old\/wp-content\/uploads\/ewpt_cache\/275x210_100_1_c_FFFFFF_5d72c89fa7528cb77b44f789a431fecf.jpg\" alt=\"g\" class=\"gg_photo gg_main_thumb\" \/><noscript><img decoding=\"async\" src=\"https:\/\/www.galprealpidolomiti.it\/old\/wp-content\/uploads\/2017\/04\/g.jpg\" alt=\"g\" \/><\/noscript><\/div><div class=\"gg_overlays\"><\/div><\/div><\/div><\/div><div style=\"clear: both;\"><\/div><\/div><script type=\"text\/javascript\"> jQuery(document).ready(function($) { if(typeof(gg_galleries_init) == \"function\") {gg_galleries_init(\"6a007d73aa355\"); }});<\/script>\t\t<\/div>\n\t\t\t\t<\/div>\n\t\t\t\t<\/div>\n\t\t\t\t<div class=\"elementor-element elementor-element-n26865u elementor-widget elementor-widget-text-editor\" data-id=\"n26865u\" data-element_type=\"widget\" data-widget_type=\"text-editor.default\">\n\t\t\t\t<div class=\"elementor-widget-container\">\n\t\t\t\t\t\t\t<p>Gli incontri sono stai organizzati in <strong>3 MODULI<\/strong>;<\/p><ol><li style=\"list-style-type: none;\"><ol><li style=\"list-style-type: none;\"><ol><li>MODULO &#8211; <strong>Innovazione e qualit\u00e0 per lo sviluppo locale: il ruolo dei progetti chiave<\/strong><\/li><li>MODULO &#8211; <strong>I tematismi ed i prodotti turistici<\/strong><\/li><li>MODULO &#8211; <strong>Il ruolo delle reti di imprese per lo sviluppo locale<\/strong><\/li><\/ol><\/li><\/ol><\/li><\/ol><p style=\"text-align: center;\"><em>Tutta la documentazione relativa ai corsi \u00e8 disponibile nelle pagine relative ad ogni singolo modulo:<\/em><\/p>\t\t\t\t\t\t<\/div>\n\t\t\t\t<\/div>\n\t\t\t\t\t<\/div>\n\t\t<\/div>\n\t\t\t\t\t<\/div>\n\t\t<\/section>\n\t\t\t\t<\/div>\n\t\t","protected":false},"excerpt":{"rendered":"<p>Tra gli obiettivi generali che il GAL Prealpi e Dolomiti si pone con il suo PSL 2014 -2020, in coerenza con i principali fabbisogni espressi dal territorio, vi \u00e8 quello inerente lo sviluppo di un turismo sostenibile. Per raggiungere tale obiettivo il PSL utilizzer\u00e0 una nuova modalit\u00e0 operativa denominata Progetti Chiave. Il forte carattere innovativo[&#8230;..]<\/p>\n","protected":false},"author":1,"featured_media":0,"parent":0,"menu_order":11,"comment_status":"closed","ping_status":"closed","template":"","meta":{"footnotes":""},"categories":[],"tags":[],"class_list":["post-1832","page","type-page","status-publish","hentry"],"yoast_head":"<!-- This site is optimized with the Yoast SEO plugin v25.7 - https:\/\/yoast.com\/wordpress\/plugins\/seo\/ -->\n<title>Il ruolo dei Progetti Chiave - GAL Prealpi e Dolomiti<\/title>\n<meta name=\"robots\" content=\"index, follow, max-snippet:-1, max-image-preview:large, max-video-preview:-1\" \/>\n<link rel=\"canonical\" href=\"https:\/\/galprealpidolomiti.it\/ruolo-progetti-chiave\/\" \/>\n<meta property=\"og:locale\" content=\"it_IT\" \/>\n<meta property=\"og:type\" content=\"article\" \/>\n<meta property=\"og:title\" content=\"Il ruolo dei Progetti Chiave - GAL Prealpi e Dolomiti\" \/>\n<meta property=\"og:description\" content=\"Tra gli obiettivi generali che il GAL Prealpi e Dolomiti si pone con il suo PSL 2014 -2020, in coerenza con i principali fabbisogni espressi dal territorio, vi \u00e8 quello inerente lo sviluppo di un turismo sostenibile. Per raggiungere tale obiettivo il PSL utilizzer\u00e0 una nuova modalit\u00e0 operativa denominata Progetti Chiave. Il forte carattere innovativo[.....]\" \/>\n<meta property=\"og:url\" content=\"https:\/\/galprealpidolomiti.it\/ruolo-progetti-chiave\/\" \/>\n<meta property=\"og:site_name\" content=\"GAL Prealpi e Dolomiti\" \/>\n<meta property=\"article:modified_time\" content=\"2019-02-06T15:42:57+00:00\" \/>\n<meta property=\"og:image\" content=\"https:\/\/galprealpidolomiti.it\/wp-content\/uploads\/2017\/04\/20161013_170615.jpg\" \/>\n<meta name=\"twitter:card\" content=\"summary_large_image\" \/>\n<meta name=\"twitter:label1\" content=\"Tempo di lettura stimato\" \/>\n\t<meta name=\"twitter:data1\" content=\"1 minuto\" \/>\n<script type=\"application\/ld+json\" class=\"yoast-schema-graph\">{\"@context\":\"https:\/\/schema.org\",\"@graph\":[{\"@type\":\"WebPage\",\"@id\":\"https:\/\/galprealpidolomiti.it\/ruolo-progetti-chiave\/\",\"url\":\"https:\/\/galprealpidolomiti.it\/ruolo-progetti-chiave\/\",\"name\":\"Il ruolo dei Progetti Chiave - GAL Prealpi e Dolomiti\",\"isPartOf\":{\"@id\":\"https:\/\/galprealpidolomiti.it\/#website\"},\"primaryImageOfPage\":{\"@id\":\"https:\/\/galprealpidolomiti.it\/ruolo-progetti-chiave\/#primaryimage\"},\"image\":{\"@id\":\"https:\/\/galprealpidolomiti.it\/ruolo-progetti-chiave\/#primaryimage\"},\"thumbnailUrl\":\"https:\/\/galprealpidolomiti.it\/wp-content\/uploads\/2017\/04\/20161013_170615.jpg\",\"datePublished\":\"2017-04-12T07:40:05+00:00\",\"dateModified\":\"2019-02-06T15:42:57+00:00\",\"breadcrumb\":{\"@id\":\"https:\/\/galprealpidolomiti.it\/ruolo-progetti-chiave\/#breadcrumb\"},\"inLanguage\":\"it-IT\",\"potentialAction\":[{\"@type\":\"ReadAction\",\"target\":[\"https:\/\/galprealpidolomiti.it\/ruolo-progetti-chiave\/\"]}]},{\"@type\":\"ImageObject\",\"inLanguage\":\"it-IT\",\"@id\":\"https:\/\/galprealpidolomiti.it\/ruolo-progetti-chiave\/#primaryimage\",\"url\":\"https:\/\/galprealpidolomiti.it\/wp-content\/uploads\/2017\/04\/20161013_170615.jpg\",\"contentUrl\":\"https:\/\/galprealpidolomiti.it\/wp-content\/uploads\/2017\/04\/20161013_170615.jpg\"},{\"@type\":\"BreadcrumbList\",\"@id\":\"https:\/\/galprealpidolomiti.it\/ruolo-progetti-chiave\/#breadcrumb\",\"itemListElement\":[{\"@type\":\"ListItem\",\"position\":1,\"name\":\"Home\",\"item\":\"https:\/\/galprealpidolomiti.it\/\"},{\"@type\":\"ListItem\",\"position\":2,\"name\":\"Il ruolo dei Progetti Chiave\"}]},{\"@type\":\"WebSite\",\"@id\":\"https:\/\/galprealpidolomiti.it\/#website\",\"url\":\"https:\/\/galprealpidolomiti.it\/\",\"name\":\"GAL Prealpi e Dolomiti\",\"description\":\"Gruppo di Azione Locale\",\"publisher\":{\"@id\":\"https:\/\/galprealpidolomiti.it\/#organization\"},\"potentialAction\":[{\"@type\":\"SearchAction\",\"target\":{\"@type\":\"EntryPoint\",\"urlTemplate\":\"https:\/\/galprealpidolomiti.it\/?s={search_term_string}\"},\"query-input\":{\"@type\":\"PropertyValueSpecification\",\"valueRequired\":true,\"valueName\":\"search_term_string\"}}],\"inLanguage\":\"it-IT\"},{\"@type\":\"Organization\",\"@id\":\"https:\/\/galprealpidolomiti.it\/#organization\",\"name\":\"GAL Prealpi e Dolomiti\",\"url\":\"https:\/\/galprealpidolomiti.it\/\",\"logo\":{\"@type\":\"ImageObject\",\"inLanguage\":\"it-IT\",\"@id\":\"https:\/\/galprealpidolomiti.it\/#\/schema\/logo\/image\/\",\"url\":\"https:\/\/www.galprealpidolomiti.it\/old\/wp-content\/uploads\/2020\/03\/striscia-5-loghi.png\",\"contentUrl\":\"https:\/\/www.galprealpidolomiti.it\/old\/wp-content\/uploads\/2020\/03\/striscia-5-loghi.png\",\"width\":1177,\"height\":228,\"caption\":\"GAL Prealpi e Dolomiti\"},\"image\":{\"@id\":\"https:\/\/galprealpidolomiti.it\/#\/schema\/logo\/image\/\"}}]}<\/script>\n<!-- \/ Yoast SEO plugin. -->","yoast_head_json":{"title":"Il ruolo dei Progetti Chiave - GAL Prealpi e Dolomiti","robots":{"index":"index","follow":"follow","max-snippet":"max-snippet:-1","max-image-preview":"max-image-preview:large","max-video-preview":"max-video-preview:-1"},"canonical":"https:\/\/galprealpidolomiti.it\/ruolo-progetti-chiave\/","og_locale":"it_IT","og_type":"article","og_title":"Il ruolo dei Progetti Chiave - GAL Prealpi e Dolomiti","og_description":"Tra gli obiettivi generali che il GAL Prealpi e Dolomiti si pone con il suo PSL 2014 -2020, in coerenza con i principali fabbisogni espressi dal territorio, vi \u00e8 quello inerente lo sviluppo di un turismo sostenibile. Per raggiungere tale obiettivo il PSL utilizzer\u00e0 una nuova modalit\u00e0 operativa denominata Progetti Chiave. Il forte carattere innovativo[.....]","og_url":"https:\/\/galprealpidolomiti.it\/ruolo-progetti-chiave\/","og_site_name":"GAL Prealpi e Dolomiti","article_modified_time":"2019-02-06T15:42:57+00:00","og_image":[{"url":"https:\/\/galprealpidolomiti.it\/wp-content\/uploads\/2017\/04\/20161013_170615.jpg","type":"","width":"","height":""}],"twitter_card":"summary_large_image","twitter_misc":{"Tempo di lettura stimato":"1 minuto"},"schema":{"@context":"https:\/\/schema.org","@graph":[{"@type":"WebPage","@id":"https:\/\/galprealpidolomiti.it\/ruolo-progetti-chiave\/","url":"https:\/\/galprealpidolomiti.it\/ruolo-progetti-chiave\/","name":"Il ruolo dei Progetti Chiave - GAL Prealpi e Dolomiti","isPartOf":{"@id":"https:\/\/galprealpidolomiti.it\/#website"},"primaryImageOfPage":{"@id":"https:\/\/galprealpidolomiti.it\/ruolo-progetti-chiave\/#primaryimage"},"image":{"@id":"https:\/\/galprealpidolomiti.it\/ruolo-progetti-chiave\/#primaryimage"},"thumbnailUrl":"https:\/\/galprealpidolomiti.it\/wp-content\/uploads\/2017\/04\/20161013_170615.jpg","datePublished":"2017-04-12T07:40:05+00:00","dateModified":"2019-02-06T15:42:57+00:00","breadcrumb":{"@id":"https:\/\/galprealpidolomiti.it\/ruolo-progetti-chiave\/#breadcrumb"},"inLanguage":"it-IT","potentialAction":[{"@type":"ReadAction","target":["https:\/\/galprealpidolomiti.it\/ruolo-progetti-chiave\/"]}]},{"@type":"ImageObject","inLanguage":"it-IT","@id":"https:\/\/galprealpidolomiti.it\/ruolo-progetti-chiave\/#primaryimage","url":"https:\/\/galprealpidolomiti.it\/wp-content\/uploads\/2017\/04\/20161013_170615.jpg","contentUrl":"https:\/\/galprealpidolomiti.it\/wp-content\/uploads\/2017\/04\/20161013_170615.jpg"},{"@type":"BreadcrumbList","@id":"https:\/\/galprealpidolomiti.it\/ruolo-progetti-chiave\/#breadcrumb","itemListElement":[{"@type":"ListItem","position":1,"name":"Home","item":"https:\/\/galprealpidolomiti.it\/"},{"@type":"ListItem","position":2,"name":"Il ruolo dei Progetti Chiave"}]},{"@type":"WebSite","@id":"https:\/\/galprealpidolomiti.it\/#website","url":"https:\/\/galprealpidolomiti.it\/","name":"GAL Prealpi e Dolomiti","description":"Gruppo di Azione Locale","publisher":{"@id":"https:\/\/galprealpidolomiti.it\/#organization"},"potentialAction":[{"@type":"SearchAction","target":{"@type":"EntryPoint","urlTemplate":"https:\/\/galprealpidolomiti.it\/?s={search_term_string}"},"query-input":{"@type":"PropertyValueSpecification","valueRequired":true,"valueName":"search_term_string"}}],"inLanguage":"it-IT"},{"@type":"Organization","@id":"https:\/\/galprealpidolomiti.it\/#organization","name":"GAL Prealpi e Dolomiti","url":"https:\/\/galprealpidolomiti.it\/","logo":{"@type":"ImageObject","inLanguage":"it-IT","@id":"https:\/\/galprealpidolomiti.it\/#\/schema\/logo\/image\/","url":"https:\/\/www.galprealpidolomiti.it\/old\/wp-content\/uploads\/2020\/03\/striscia-5-loghi.png","contentUrl":"https:\/\/www.galprealpidolomiti.it\/old\/wp-content\/uploads\/2020\/03\/striscia-5-loghi.png","width":1177,"height":228,"caption":"GAL Prealpi e Dolomiti"},"image":{"@id":"https:\/\/galprealpidolomiti.it\/#\/schema\/logo\/image\/"}}]}},"_links":{"self":[{"href":"https:\/\/www.galprealpidolomiti.it\/old\/wp-json\/wp\/v2\/pages\/1832","targetHints":{"allow":["GET"]}}],"collection":[{"href":"https:\/\/www.galprealpidolomiti.it\/old\/wp-json\/wp\/v2\/pages"}],"about":[{"href":"https:\/\/www.galprealpidolomiti.it\/old\/wp-json\/wp\/v2\/types\/page"}],"author":[{"embeddable":true,"href":"https:\/\/www.galprealpidolomiti.it\/old\/wp-json\/wp\/v2\/users\/1"}],"replies":[{"embeddable":true,"href":"https:\/\/www.galprealpidolomiti.it\/old\/wp-json\/wp\/v2\/comments?post=1832"}],"version-history":[{"count":0,"href":"https:\/\/www.galprealpidolomiti.it\/old\/wp-json\/wp\/v2\/pages\/1832\/revisions"}],"wp:attachment":[{"href":"https:\/\/www.galprealpidolomiti.it\/old\/wp-json\/wp\/v2\/media?parent=1832"}],"wp:term":[{"taxonomy":"category","embeddable":true,"href":"https:\/\/www.galprealpidolomiti.it\/old\/wp-json\/wp\/v2\/categories?post=1832"},{"taxonomy":"post_tag","embeddable":true,"href":"https:\/\/www.galprealpidolomiti.it\/old\/wp-json\/wp\/v2\/tags?post=1832"}],"curies":[{"name":"wp","href":"https:\/\/api.w.org\/{rel}","templated":true}]}}