{"id":15968,"date":"2021-09-30T10:40:16","date_gmt":"2021-09-30T08:40:16","guid":{"rendered":"https:\/\/galprealpidolomiti.it\/?page_id=15968"},"modified":"2021-09-30T10:46:40","modified_gmt":"2021-09-30T08:46:40","slug":"moduli-percorso-formativo","status":"publish","type":"page","link":"https:\/\/www.galprealpidolomiti.it\/old\/moduli-percorso-formativo\/","title":{"rendered":"Moduli percorso formativo"},"content":{"rendered":"<p><strong>MODULI DEL PERCORSO FORMATIVO<\/strong><\/p>\n<p><strong>1 &#8211; Conflitto di interesse.<\/strong> Docente Prof. Emiliano di Carlo (2 giornate\/8 ore)<\/p>\n<p>Il percorso \u00e8 volto ad ampliare la consapevolezza etica e tecnica adottando un approccio pi\u00f9 strutturato e consapevole per il presidio costante del sistema di misurazione e valutazione del conflitto di interesse.<\/p>\n<ol>\n<li>principi ed etica del conflitto interesse<\/li>\n<li>problematiche conflitto interesse rispetto all\u2019attivit\u00e0 svolta dai GAL<\/li>\n<li>analisi di casi reali nell\u2019applicazione dei regolamenti<\/li>\n<\/ol>\n<p><strong>2 &#8211; Leadership dell\u2019innovazione<\/strong>. Docente Dott.ssa Silvia Toffolon (4 giornate\/8 ore)<\/p>\n<p>Il corso vuole accompagnare gli operatori dei GAL verso una mentalit\u00e0 aperta, predisposta al miglioramento e al cambio di paradigma.<\/p>\n<ol>\n<li>il mindset dei leader innovatori &#8211; l\u2019innovazione \u00e8\u00a0un\u2019attivit\u00e0 al plurale e di crescita;<\/li>\n<li>affrontare il cambiamento e gestire l\u2019incertezza &#8211; &#8220;mi prendo il\u00a0rischio di cambiare&#8221;;<\/li>\n<li>come creare le condizioni per mettere le\u00a0persone nelle condizioni di partecipare e contribuire;<\/li>\n<li>il piano d\u2019azione come strumento per allenarsi a creare nuove abitudini &#8211; attivit\u00e0 pratica.<\/li>\n<\/ol>\n<p><strong>3 &#8211; Regole e tecniche per la scrittura di atti amministrativi<\/strong>. Docente Dott.ssa Gennj Chiesura (3 ore)<\/p>\n<p>Il percorso intende migliorare le abilit\u00e0 di redazione dei provvedimenti e degli atti amministrativi.<\/p>\n<ol>\n<li>la costruzione dell\u2019atto amministrativo (iter, elementi essenziali, vizi)<\/li>\n<li>le novit\u00e0 del \u201cdecreto semplificazioni\u201d sulla legge del procedimento amministrativo<\/li>\n<li>la deliberazione e la determinazione<\/li>\n<li>l\u2019importanza della motivazione del provvedimento<\/li>\n<li>esempi pratici di scrittura<\/li>\n<\/ol>\n<p><strong>4 &#8211; Misurazione e valutazione degli standard organizzativi. <\/strong>Docente Dott.ssa Denita CepiKu (2 giornate\/8 ore)<\/p>\n<p>Il corso ha la finalit\u00e0 di accompagnare gli operatori dei GAL ad adottare un approccio e un metodo strutturato e consapevole per il presidio costante del sistema di misurazione e valutazione delle prestazioni e della carta dei servizi<\/p>\n<ol>\n<li>la qualit\u00e0 dei servizi pubblici: concetti teorici (qualit\u00e0 erogata e qualit\u00e0 percepita; determinanti; dimensioni della qualit\u00e0)<\/li>\n<li>quadro normativo. La qualit\u00e0 all\u2019interno dei sistemi di performance ex d.lgs. 150\/2009.<\/li>\n<li>gli strumenti per la misurazione e la gestione della qualit\u00e0 (CAF, servqual, carta dei servizi, customer satisfaction, valutazione partecipativa)<\/li>\n<li>focus sulla carta dei servizi<\/li>\n<\/ol>\n<p><strong>5 &#8211; I processi decisionali e partecipativi: strumenti e nuove tecniche<\/strong>. Docente Dott. Riccardo Da Re (2 giornate\/7 ore)<\/p>\n<p>I partecipanti avranno modo di capire cosa significa programmare e mettere in pratica un processo partecipativo, qual \u00e8 il ruolo del facilitatore, chi \u00e8 opportuno coinvolgere e quali strumenti di stakeholder analisi utilizzare per selezionare i partecipanti, quale livello di coinvolgimento si vuole ottenere, e quali tecniche applicare.<\/p>\n<ol>\n<li>riflettere sull\u2019utilizzo dei processi decisionali partecipativi, con un focus sulle dinamiche online<\/li>\n<li>conoscere vari strumenti di mappatura e analisi degli stakeholders<\/li>\n<li>sperimentare alcune tecniche partecipative attraverso strumenti online<\/li>\n<\/ol>\n<p><strong>\u00a0<\/strong><strong>6 &#8211; Project Management<\/strong>. Docente Dott. Federico Porcedda (5 giornate\/20 ore)<\/p>\n<p>Il percorso vuole ampliare la conoscenza di contesto e della governance dei progetti e dei processi, delle strutture organizzative, delle fasi e ciclo di vita dei progetti.<\/p>\n<ol>\n<li>Modello input-output<\/li>\n<\/ol>\n<ul>\n<li>Progetti operations<\/li>\n<li>Progetti, Programmi e Portfolio<\/li>\n<li>Strutture organizzativa<\/li>\n<li>Governance di progetto<\/li>\n<li>Modello input-output vs quadro strategico fondi europei<\/li>\n<\/ul>\n<ol start=\"2\">\n<li>Avvio, Pianificazione, Esecuzione, Controllo, Chiusura<\/li>\n<\/ol>\n<ul>\n<li>La gestione dell\u2019ambito (esercitazione)<\/li>\n<li>La gestione delle risorse<\/li>\n<li>La gestione dei rischi (esercitazione)<\/li>\n<li>La gestione dei costi (esercitazione)<\/li>\n<li>monitoraggio e controllo (il metodo earned value)<\/li>\n<li>La gestione della qualit\u00e0<\/li>\n<li>La gestione dei tempi<\/li>\n<\/ul>\n","protected":false},"excerpt":{"rendered":"<p>MODULI DEL PERCORSO FORMATIVO 1 &#8211; Conflitto di interesse. Docente Prof. Emiliano di Carlo (2 giornate\/8 ore) Il percorso \u00e8 volto ad ampliare la consapevolezza etica e tecnica adottando un approccio pi\u00f9 strutturato e consapevole per il presidio costante del sistema di misurazione e valutazione del conflitto di interesse. principi ed etica del conflitto interesse[&#8230;..]<\/p>\n","protected":false},"author":3,"featured_media":0,"parent":0,"menu_order":0,"comment_status":"closed","ping_status":"closed","template":"","meta":{"footnotes":""},"categories":[],"tags":[],"class_list":["post-15968","page","type-page","status-publish","hentry"],"yoast_head":"<!-- This site is optimized with the Yoast SEO plugin v25.7 - https:\/\/yoast.com\/wordpress\/plugins\/seo\/ -->\n<title>Moduli percorso formativo - GAL Prealpi e Dolomiti<\/title>\n<meta name=\"robots\" content=\"index, follow, max-snippet:-1, max-image-preview:large, max-video-preview:-1\" \/>\n<link rel=\"canonical\" href=\"https:\/\/galprealpidolomiti.it\/moduli-percorso-formativo\/\" \/>\n<meta property=\"og:locale\" content=\"it_IT\" \/>\n<meta property=\"og:type\" content=\"article\" \/>\n<meta property=\"og:title\" content=\"Moduli percorso formativo - GAL Prealpi e Dolomiti\" \/>\n<meta property=\"og:description\" content=\"MODULI DEL PERCORSO FORMATIVO 1 &#8211; Conflitto di interesse. Docente Prof. Emiliano di Carlo (2 giornate\/8 ore) Il percorso \u00e8 volto ad ampliare la consapevolezza etica e tecnica adottando un approccio pi\u00f9 strutturato e consapevole per il presidio costante del sistema di misurazione e valutazione del conflitto di interesse. principi ed etica del conflitto interesse[.....]\" \/>\n<meta property=\"og:url\" content=\"https:\/\/galprealpidolomiti.it\/moduli-percorso-formativo\/\" \/>\n<meta property=\"og:site_name\" content=\"GAL Prealpi e Dolomiti\" \/>\n<meta property=\"article:modified_time\" content=\"2021-09-30T08:46:40+00:00\" \/>\n<meta name=\"twitter:card\" content=\"summary_large_image\" \/>\n<meta name=\"twitter:label1\" content=\"Tempo di lettura stimato\" \/>\n\t<meta name=\"twitter:data1\" content=\"3 minuti\" \/>\n<script type=\"application\/ld+json\" class=\"yoast-schema-graph\">{\"@context\":\"https:\/\/schema.org\",\"@graph\":[{\"@type\":\"WebPage\",\"@id\":\"https:\/\/galprealpidolomiti.it\/moduli-percorso-formativo\/\",\"url\":\"https:\/\/galprealpidolomiti.it\/moduli-percorso-formativo\/\",\"name\":\"Moduli percorso formativo - GAL Prealpi e Dolomiti\",\"isPartOf\":{\"@id\":\"https:\/\/galprealpidolomiti.it\/#website\"},\"datePublished\":\"2021-09-30T08:40:16+00:00\",\"dateModified\":\"2021-09-30T08:46:40+00:00\",\"breadcrumb\":{\"@id\":\"https:\/\/galprealpidolomiti.it\/moduli-percorso-formativo\/#breadcrumb\"},\"inLanguage\":\"it-IT\",\"potentialAction\":[{\"@type\":\"ReadAction\",\"target\":[\"https:\/\/galprealpidolomiti.it\/moduli-percorso-formativo\/\"]}]},{\"@type\":\"BreadcrumbList\",\"@id\":\"https:\/\/galprealpidolomiti.it\/moduli-percorso-formativo\/#breadcrumb\",\"itemListElement\":[{\"@type\":\"ListItem\",\"position\":1,\"name\":\"Home\",\"item\":\"https:\/\/galprealpidolomiti.it\/\"},{\"@type\":\"ListItem\",\"position\":2,\"name\":\"Moduli percorso formativo\"}]},{\"@type\":\"WebSite\",\"@id\":\"https:\/\/galprealpidolomiti.it\/#website\",\"url\":\"https:\/\/galprealpidolomiti.it\/\",\"name\":\"GAL Prealpi e Dolomiti\",\"description\":\"Gruppo di Azione Locale\",\"publisher\":{\"@id\":\"https:\/\/galprealpidolomiti.it\/#organization\"},\"potentialAction\":[{\"@type\":\"SearchAction\",\"target\":{\"@type\":\"EntryPoint\",\"urlTemplate\":\"https:\/\/galprealpidolomiti.it\/?s={search_term_string}\"},\"query-input\":{\"@type\":\"PropertyValueSpecification\",\"valueRequired\":true,\"valueName\":\"search_term_string\"}}],\"inLanguage\":\"it-IT\"},{\"@type\":\"Organization\",\"@id\":\"https:\/\/galprealpidolomiti.it\/#organization\",\"name\":\"GAL Prealpi e Dolomiti\",\"url\":\"https:\/\/galprealpidolomiti.it\/\",\"logo\":{\"@type\":\"ImageObject\",\"inLanguage\":\"it-IT\",\"@id\":\"https:\/\/galprealpidolomiti.it\/#\/schema\/logo\/image\/\",\"url\":\"https:\/\/www.galprealpidolomiti.it\/old\/wp-content\/uploads\/2020\/03\/striscia-5-loghi.png\",\"contentUrl\":\"https:\/\/www.galprealpidolomiti.it\/old\/wp-content\/uploads\/2020\/03\/striscia-5-loghi.png\",\"width\":1177,\"height\":228,\"caption\":\"GAL Prealpi e Dolomiti\"},\"image\":{\"@id\":\"https:\/\/galprealpidolomiti.it\/#\/schema\/logo\/image\/\"}}]}<\/script>\n<!-- \/ Yoast SEO plugin. -->","yoast_head_json":{"title":"Moduli percorso formativo - GAL Prealpi e Dolomiti","robots":{"index":"index","follow":"follow","max-snippet":"max-snippet:-1","max-image-preview":"max-image-preview:large","max-video-preview":"max-video-preview:-1"},"canonical":"https:\/\/galprealpidolomiti.it\/moduli-percorso-formativo\/","og_locale":"it_IT","og_type":"article","og_title":"Moduli percorso formativo - GAL Prealpi e Dolomiti","og_description":"MODULI DEL PERCORSO FORMATIVO 1 &#8211; Conflitto di interesse. Docente Prof. Emiliano di Carlo (2 giornate\/8 ore) Il percorso \u00e8 volto ad ampliare la consapevolezza etica e tecnica adottando un approccio pi\u00f9 strutturato e consapevole per il presidio costante del sistema di misurazione e valutazione del conflitto di interesse. principi ed etica del conflitto interesse[.....]","og_url":"https:\/\/galprealpidolomiti.it\/moduli-percorso-formativo\/","og_site_name":"GAL Prealpi e Dolomiti","article_modified_time":"2021-09-30T08:46:40+00:00","twitter_card":"summary_large_image","twitter_misc":{"Tempo di lettura stimato":"3 minuti"},"schema":{"@context":"https:\/\/schema.org","@graph":[{"@type":"WebPage","@id":"https:\/\/galprealpidolomiti.it\/moduli-percorso-formativo\/","url":"https:\/\/galprealpidolomiti.it\/moduli-percorso-formativo\/","name":"Moduli percorso formativo - GAL Prealpi e Dolomiti","isPartOf":{"@id":"https:\/\/galprealpidolomiti.it\/#website"},"datePublished":"2021-09-30T08:40:16+00:00","dateModified":"2021-09-30T08:46:40+00:00","breadcrumb":{"@id":"https:\/\/galprealpidolomiti.it\/moduli-percorso-formativo\/#breadcrumb"},"inLanguage":"it-IT","potentialAction":[{"@type":"ReadAction","target":["https:\/\/galprealpidolomiti.it\/moduli-percorso-formativo\/"]}]},{"@type":"BreadcrumbList","@id":"https:\/\/galprealpidolomiti.it\/moduli-percorso-formativo\/#breadcrumb","itemListElement":[{"@type":"ListItem","position":1,"name":"Home","item":"https:\/\/galprealpidolomiti.it\/"},{"@type":"ListItem","position":2,"name":"Moduli percorso formativo"}]},{"@type":"WebSite","@id":"https:\/\/galprealpidolomiti.it\/#website","url":"https:\/\/galprealpidolomiti.it\/","name":"GAL Prealpi e Dolomiti","description":"Gruppo di Azione Locale","publisher":{"@id":"https:\/\/galprealpidolomiti.it\/#organization"},"potentialAction":[{"@type":"SearchAction","target":{"@type":"EntryPoint","urlTemplate":"https:\/\/galprealpidolomiti.it\/?s={search_term_string}"},"query-input":{"@type":"PropertyValueSpecification","valueRequired":true,"valueName":"search_term_string"}}],"inLanguage":"it-IT"},{"@type":"Organization","@id":"https:\/\/galprealpidolomiti.it\/#organization","name":"GAL Prealpi e Dolomiti","url":"https:\/\/galprealpidolomiti.it\/","logo":{"@type":"ImageObject","inLanguage":"it-IT","@id":"https:\/\/galprealpidolomiti.it\/#\/schema\/logo\/image\/","url":"https:\/\/www.galprealpidolomiti.it\/old\/wp-content\/uploads\/2020\/03\/striscia-5-loghi.png","contentUrl":"https:\/\/www.galprealpidolomiti.it\/old\/wp-content\/uploads\/2020\/03\/striscia-5-loghi.png","width":1177,"height":228,"caption":"GAL Prealpi e Dolomiti"},"image":{"@id":"https:\/\/galprealpidolomiti.it\/#\/schema\/logo\/image\/"}}]}},"_links":{"self":[{"href":"https:\/\/www.galprealpidolomiti.it\/old\/wp-json\/wp\/v2\/pages\/15968","targetHints":{"allow":["GET"]}}],"collection":[{"href":"https:\/\/www.galprealpidolomiti.it\/old\/wp-json\/wp\/v2\/pages"}],"about":[{"href":"https:\/\/www.galprealpidolomiti.it\/old\/wp-json\/wp\/v2\/types\/page"}],"author":[{"embeddable":true,"href":"https:\/\/www.galprealpidolomiti.it\/old\/wp-json\/wp\/v2\/users\/3"}],"replies":[{"embeddable":true,"href":"https:\/\/www.galprealpidolomiti.it\/old\/wp-json\/wp\/v2\/comments?post=15968"}],"version-history":[{"count":3,"href":"https:\/\/www.galprealpidolomiti.it\/old\/wp-json\/wp\/v2\/pages\/15968\/revisions"}],"predecessor-version":[{"id":15973,"href":"https:\/\/www.galprealpidolomiti.it\/old\/wp-json\/wp\/v2\/pages\/15968\/revisions\/15973"}],"wp:attachment":[{"href":"https:\/\/www.galprealpidolomiti.it\/old\/wp-json\/wp\/v2\/media?parent=15968"}],"wp:term":[{"taxonomy":"category","embeddable":true,"href":"https:\/\/www.galprealpidolomiti.it\/old\/wp-json\/wp\/v2\/categories?post=15968"},{"taxonomy":"post_tag","embeddable":true,"href":"https:\/\/www.galprealpidolomiti.it\/old\/wp-json\/wp\/v2\/tags?post=15968"}],"curies":[{"name":"wp","href":"https:\/\/api.w.org\/{rel}","templated":true}]}}