{"id":142,"date":"2017-03-08T16:37:46","date_gmt":"2017-03-08T15:37:46","guid":{"rendered":"http:\/\/gal.larindev.com\/?page_id=142"},"modified":"2018-07-18T10:29:27","modified_gmt":"2018-07-18T08:29:27","slug":"privacy","status":"publish","type":"page","link":"https:\/\/www.galprealpidolomiti.it\/old\/privacy\/","title":{"rendered":"Privacy"},"content":{"rendered":"<h2>Informativa sul trattamento dei dati personali<\/h2>\n<p>In questa pagina si descrivono le modalit\u00e0 di gestione del sito in riferimento al trattamento dei dati personali degli utenti che lo consultano.<\/p>\n<p>Si tratta di un\u2019informativa che \u00e8 resa anche ai sensi dell&#8217;art. 13 del GDPR\u00a0\u00a0a coloro che interagiscono con i servizi <em>web<\/em> del sito, accessibili per via telematica a partire dall\u2019indirizzo: \u00a0\u00a0\u00a0\u00a0\u00a0\u00a0\u00a0\u00a0\u00a0\u00a0\u00a0\u00a0\u00a0\u00a0\u00a0\u00a0\u00a0\u00a0\u00a0\u00a0\u00a0\u00a0\u00a0\u00a0\u00a0\u00a0\u00a0\u00a0\u00a0\u00a0\u00a0\u00a0\u00a0\u00a0\u00a0\u00a0\u00a0\u00a0\u00a0\u00a0\u00a0\u00a0\u00a0\u00a0\u00a0\u00a0 https:\/\/galprealpidolomiti.it<\/p>\n<p>L\u2019informativa \u00e8 resa solo per il sito principale e non anche per altri siti <em>web<\/em> eventualmente consultati dall\u2019utente tramite <em>link<\/em>.<\/p>\n<p>L\u2019informativa si ispira anche alla Raccomandazione n. 2\/2001 che le autorit\u00e0 europee per la protezione dei dati personali, riunite nel Gruppo istituito dall\u2019art. 29 della direttiva n. 95\/46\/CE\u00a0, hanno adottato il 17 maggio 2001 per individuare alcuni requisiti minimi per la raccolta di dati personali <em>on-line<\/em>, e, in particolare, le modalit\u00e0, i tempi e la natura delle informazioni che i titolari del trattamento devono fornire agli utenti quando questi si collegano a pagine <em>web<\/em>, indipendentemente dagli scopi del collegamento.<\/p>\n<p>In questa ottica e secondo il GDPR predetto Vi informiamo di quanto segue:<\/p>\n<ol>\n<li>I dati in nostro possesso, ottenuti in corrispondenza ai rapporti contrattuali sono raccolti presso l\u2019interessato. Tutti i dati raccolti saranno trattati nel rispetto della normativa vigente, e comunque, con la dovuta riservatezza.<\/li>\n<li>Finalit\u00e0 di trattamento: i dati personali sono raccolti al fine di provvedere agli adempimenti connessi all\u2019attivit\u00e0 dell\u2019ente ed in particolare per: esigenze preliminari alla stipulazione di un contratto; adempiere agli obblighi contrattuali nei confronti dell\u2019interessato dando esecuzione ad un atto, insieme d\u2019atti od operazioni necessarie all\u2019adempimento dei predetti obblighi; dare esecuzione presso ogni ente pubblico o privato agli adempimenti connessi o strumentali al contratto; dare esecuzione a adempimenti di obblighi di legge.<\/li>\n<li>Modalit\u00e0 di trattamento: In relazione alle indicate finalit\u00e0, il trattamento dei dati personali avviene mediante strumenti manuali, informatici e telematici con logiche strettamente correlate alle finalit\u00e0 stesse e, comunque, in modo da garantire la sicurezza e la riservatezza dei dati stessi nel rispetto della citata legge.<\/li>\n<li>Conferimento dei dati: Per la stipulazione ed esecuzione del rapporto contrattuale la raccolta dei dati personali ha anche natura obbligatoria dovendosi dare corso agli adempimenti di legge e fiscali, il rifiuto di fornire tali dati comporter\u00e0 l\u2019impossibilit\u00e0 di instaurare rapporti con la societ\u00e0. Il relativo trattamento non richiede il consenso dell\u2019interessato.<\/li>\n<li>Diffusione dei dati: I dati personali ed il relativo trattamento potr\u00e0 essere oggetto di comunicazione ad enti collegati, per l\u2019assolvimento di norme di legge. I dati potranno essere diffusi. Potranno venire a conoscenza dei Vostri dati il responsabile del trattamento e le seguenti categorie di soggetti incaricati del trattamento: Dipendenti e collaboratori.<\/li>\n<li>Dati di navigazione: I sistemi informatici e le procedure software preposte al funzionamento di questo sito web acquisiscono, nel corso del loro normale esercizio, alcuni dati personali la cui trasmissione \u00e8 implicita nell\u2019uso dei protocolli di comunicazione di Internet.<br \/>\nSi tratta d&#8217;informazioni che non sono raccolte per essere associate a interessati identificati, ma che per loro stessa natura potrebbero, attraverso elaborazioni ed associazioni con dati detenuti da terzi, permettere di identificare gli utenti. In questa categoria di dati rientrano gli indirizzi IP o i nomi a dominio dei computer utilizzati dagli utenti che si connettono al sito, gli indirizzi in notazione URI (Uniform Resource Identifier) delle risorse richieste, l&#8217;orario della richiesta, il metodo utilizzato nel sottoporre la richiesta al server, la dimensione del file ottenuto in risposta, il codice numerico indicante lo stato della risposta data dal server (buon fine, errore, ecc) ed altri parametri relativi al sistema operativo e all&#8217;ambiente informatico dell&#8217;utente.<br \/>\nQuesti dati vengono utilizzati al solo fine di ricavare informazioni statistiche anonime sull&#8217;uso del sito e per controllarne il corretto funzionamento. I dati potrebbero essere utilizzati per l&#8217;accertamento di responsabilit\u00e0 in caso di ipotetici reati informatici ai danni del sito: salva questa eventualit\u00e0, allo stato i dati sui contatti web non persistono per pi\u00f9 di sette giorni.<\/li>\n<\/ol>\n<h3>Titolare del Trattamento dei Dati<\/h3>\n<p>G.A.L. Prealpi e Dolomiti &#8211; Piazza della Vittoria, 21 32036 Sedico (BL), nella persona del suo legale rappresentante.<\/p>\n<h3>Tipologie di Dati raccolti<\/h3>\n<p>Fra i Dati Personali raccolti da questa Applicazione, in modo autonomo o tramite terze parti, ci sono: Email, Cookie e Dati di utilizzo. Altri Dati Personali raccolti potrebbero essere indicati in altre sezioni di questa privacy policy o mediante testi informativi visualizzati contestualmente alla raccolta dei Dati stessi. I Dati Personali possono essere inseriti volontariamente dall\u2019Utente, oppure raccolti in modo automatico durante l\u2019uso di questa Applicazione.<\/p>\n<p>L\u2019eventuale utilizzo di Cookie \u2013 o di altri strumenti di tracciamento \u2013 da parte di questa Applicazione o dei titolari dei servizi terzi utilizzati da questa Applicazione, ove non diversamente precisato, ha la finalit\u00e0 di identificare l\u2019Utente e registrare le relative preferenze per finalit\u00e0 strettamente legate all\u2019erogazione del servizio richiesto dall\u2019Utente. Il mancato conferimento da parte dell\u2019Utente di alcuni Dati Personali potrebbe impedire a questa Applicazione di erogare i propri servizi. L\u2019Utente si assume la responsabilit\u00e0 dei Dati Personali di terzi pubblicati o condivisi mediante questa Applicazione e garantisce di avere il diritto di comunicarli o diffonderli, liberando il Titolare da qualsiasi responsabilit\u00e0 verso terzi.<\/p>\n<h3>Modalit\u00e0 e luogo del trattamento dei Dati raccolti<\/h3>\n<p><strong>Modalit\u00e0 di trattamento<\/strong><\/p>\n<p>Il Titolare tratta i Dati Personali degli Utenti adottando le opportune misure di sicurezza volte ad impedire l\u2019accesso, la divulgazione, la modifica o la distruzione non autorizzate dei Dati Personali. L\u2019accesso ai Dati potrebbe essere disponibile a Responsabili del Trattamento, come dipendenti coinvolti nel trattamento, o a soggetti esterni che forniscono servizi al Titolare, fornitori di servizi tecnici terzi, corrieri postali, hosting provider, societ\u00e0 informatiche, agenzie di comunicazione. L\u2019elenco aggiornato dei soggetti potr\u00e0 sempre essere richiesto al Titolare del Trattamento.<\/p>\n<p><strong>Luogo<\/strong><\/p>\n<p>I Dati sono trattati presso la sede del Titolare del Trattamento, salvo quanto altrimenti specificato nel resto del documento.<\/p>\n<p><strong>Tempi<\/strong><\/p>\n<p>I Dati sono trattati per il tempo necessario allo svolgimento del servizio richiesto dall\u2019Utente, o richiesto dalle finalit\u00e0 descritte in questo documento, e l\u2019Utente pu\u00f2 sempre chiedere l\u2019interruzione del Trattamento o la cancellazione dei Dati.<\/p>\n<h3>Finalit\u00e0 del Trattamento dei Dati raccolti<\/h3>\n<p>I Dati dell\u2019Utente sono raccolti per consentire all\u2019applicazione di fornire i propri servizi, cos\u00ec come per le seguenti finalit\u00e0 : Gestione indirizzi e invio di messaggi email, Interazione con social network e piattaforme esterne, Commento dei contenuti e Statistica. Le tipologie di Dati Personali utilizzati per ciascuna finalit\u00e0 sono indicati nelle sezioni specifiche di questo documento.<\/p>\n<h3>Dettagli sul trattamento dei Dati Personali<\/h3>\n<p>I Dati Personali sono raccolti per le seguenti finalit\u00e0 ed utilizzando i seguenti servizi:<\/p>\n<p><strong>Interazione con social network e piattaforme esterne<\/strong><\/p>\n<p>Questi servizi permettono di effettuare interazioni con i social network, o con altre piattaforme esterne, direttamente dalle pagine di questa Applicazione. Le interazioni e le informazioni acquisite da questa Applicazione sono in ogni caso soggette alle impostazioni privacy dell\u2019Utente relative ad ogni social network. Nel caso in cui sia installato un servizio di interazione con i social network, \u00e8 possibile che, anche nel caso gli Utenti non utilizzino il servizio, lo stesso raccolga dati di traffico relativi alle pagine in cui \u00e8 installato.<\/p>\n<p><strong>Statistica<\/strong><\/p>\n<p>I servizi contenuti nella presente sezione permettono al Titolare del Trattamento di monitorare e analizzare i dati di traffico e servono a tener traccia del comportamento dell\u2019utente.<\/p>\n<p>Google Analytics (Google)<\/p>\n<p>Google Analytics \u00e8 un servizio di analisi web fornito da Google Inc.. Google utilizza i Dati Personali raccolti allo scopo di tracciare ed esaminare l\u2019utilizzo di questa Applicazione, compilare report e condividerli con gli altri servizi sviluppati da Google. Google potrebbe utilizzare i Dati Personali per contestualizzare e personalizzare gli annunci del proprio network pubblicitario. Per l\u2019opt-out: tools.google.com\/dlpage\/gaoptout?hl=it. Dati personali raccolti: Cookie e Dati di utilizzo. Luogo del trattamento: USA \u2013 Privacy Policy<\/p>\n<h3>Ulteriori informazioni sul trattamento<\/h3>\n<p><strong>Difesa in giudizio<\/strong><\/p>\n<p>I Dati Personali dell\u2019Utente possono essere utilizzati per la difesa da parte del Titolare in giudizio o nelle fasi propedeutiche alla sua eventuale instaurazione, da abusi nell\u2019utilizzo della stessa o dei servizi connessi da parte dell\u2019Utente.<\/p>\n<p><strong>Informative specifiche<\/strong><\/p>\n<p>In aggiunta alle informazioni contenute in questa privacy policy, questa Applicazione potrebbe fornire all\u2019Utente delle informative contestuali riguardanti servizi specifici, o la raccolta ed il trattamento di Dati Personali.<\/p>\n<p><strong>Log di sistema e manutenzione<\/strong><\/p>\n<p>Per necessit\u00e0 legate al funzionamento ed alla manutenzione, questa Applicazione e gli eventuali servizi terzi da essa utilizzati potrebbero raccogliere Log di sistema, ossia file che registrano le interazioni e che possono contenere anche Dati Personali, quali l\u2019indirizzo IP. Utente<\/p>\n<p><strong>Informazioni non contenute in questa policy<\/strong><\/p>\n<p>Maggiori informazioni in relazione al trattamento dei Dati Personali potranno essere richieste in qualsiasi momento al Titolare del Trattamento utilizzando le informazioni di contatto.<\/p>\n<p><strong>Esercizio dei diritti da parte degli Utenti<\/strong><\/p>\n<p>I soggetti cui si riferiscono i Dati Personali hanno il diritto in qualunque momento di ottenere la conferma dell\u2019esistenza o meno degli stessi presso il Titolare del Trattamento, di conoscerne il contenuto e l\u2019origine, di verificarne l\u2019esattezza o chiederne l\u2019integrazione, la cancellazione, l\u2019aggiornamento, la rettifica, la trasformazione in forma anonima o il blocco dei Dati Personali trattati in violazione di legge, nonch\u00e9 di opporsi in ogni caso, per motivi legittimi, al loro trattamento. Le richieste vanno rivolte al Titolare del Trattamento. Hanno anche il diritto di proporre reclamo all&#8217;autorit\u00e0 di controllo (Garante Privacy). Le richieste vanno rivolte al Titolare del trattamento.<\/p>\n<h3>Modifiche a questa privacy policy<\/h3>\n<p>Il Titolare del Trattamento si riserva il diritto di apportare modifiche alla presente privacy policy in qualunque momento dandone pubblicit\u00e0 agli Utenti su questa pagina. Si prega dunque di consultare spesso questa pagina, prendendo come riferimento la data di ultima modifica indicata in fondo. Nel caso di mancata accettazione delle modifiche apportate alla presente privacy policy, l\u2019Utente \u00e8 tenuto a cessare l\u2019utilizzo di questa Applicazione e pu\u00f2 richiedere al Titolare del Trattamento di cancellare i propri Dati Personali. Salvo quanto diversamente specificato, la precedente privacy policy continuer\u00e0 ad applicarsi ai Dati Personali sino a quel momento raccolti.<\/p>\n<h3>Informazioni su questa privacy policy<\/h3>\n<p>Il Titolare del Trattamento dei Dati responsabile per questa privacy policy, redatta partendo da moduli predisposti da Iubenda e conservati sui suoi server.<\/p>\n<h3>Definizioni e riferimenti legali<\/h3>\n<p><strong>Dati Personali (o Dati)<\/strong><\/p>\n<p>Costituisce dato personale qualunque informazione relativa a persona fisica, identificata o identificabile, anche indirettamente, mediante riferimento a qualsiasi altra informazione, ivi compreso un numero di identificazione personale.<\/p>\n<p><strong>Dati di Utilizzo<\/strong><\/p>\n<p>Sono i dati personali raccolti in maniera automatica dall\u2019Applicazione (o dalle applicazioni di parti terze che la stessa utilizza), tra i quali: gli indirizzi IP o i nomi a dominio dei computer utilizzati dall\u2019utente che si connette all\u2019Applicazione, gli indirizzi in notazione URI (Uniform Resource Identifier), l\u2019orario della richiesta, il metodo utilizzato nel sottoporre la richiesta al server, la dimensione del file ottenuto in risposta, il codice numerico indicante lo stato della risposta dal server (buon fine, errore, ecc.) il Paese di provenienza, le caratteristiche del browser e del sistema operativo utilizzati dal visitatore, le varie connotazioni temporali della visita (ad esempio il tempo di permanenza su ciascuna pagina) e i dettagli relativi all\u2019itinerario seguito all\u2019interno dell\u2019Applicazione, con particolare riferimento alla sequenza delle pagine consultate, ai parametri relativi al sistema operativo e all\u2019ambiente informatico dell\u2019Utente.<\/p>\n<p><strong>Utente<\/strong><\/p>\n<p>L\u2019individuo che utilizza questa Applicazione, che deve coincidere con l\u2019Interessato o essere da questo autorizzato ed i cui Dati Personali sono oggetto del trattamento.<\/p>\n<p><strong>Interessato<\/strong><\/p>\n<p>La persona fisica o giuridica cui si riferiscono i Dati Personali.<\/p>\n<p><strong>Responsabile del Trattamento (o Responsabile)<\/strong><\/p>\n<p>La persona fisica, giuridica, la pubblica amministrazione e qualsiasi altro ente, associazione od organismo preposti dal Titolare al trattamento dei Dati Personali, secondo quanto predisposto dalla presente privacy policy.<\/p>\n<p><strong>Titolare del Trattamento (o Titolare)<\/strong><\/p>\n<p>La persona fisica, giuridica, la pubblica amministrazione e qualsiasi altro ente, associazione od organismo cui competono, anche unitamente ad altro titolare, le decisioni in ordine alle finalit\u00e0 , alle modalit\u00e0 del trattamento di dati personali ed agli strumenti utilizzati, ivi compreso il profilo della sicurezza, in relazione al funzionamento e alla fruizione di questa Applicazione. Il Titolare del Trattamento, salvo quanto diversamente specificato, \u00e8 il proprietario di questa Applicazione.<\/p>\n<p><strong>Questa Applicazione<\/strong><\/p>\n<p>Lo strumento hardware o software mediante il quale sono raccolti i Dati Personali degli Utenti.<\/p>\n<p><strong>Cookie<\/strong><\/p>\n<p>Piccola porzione di dati conservata all\u2019interno del dispositivo dell\u2019Utente.<\/p>\n<h3>Riferimenti legali<\/h3>\n<p>Avviso agli Utenti europei: la presente informativa privacy redatta in adempimento degli obblighi previsti dall\u2019Art. 10 della Direttiva n. 95\/46\/CE, nonch\u00e9 a quanto previsto dalla Direttiva 2002\/58\/CE, come aggiornata dalla Direttiva 2009\/136\/CE, in materia di Cookie. Questa informativa privacy riguarda esclusivamente questa Applicazione.<\/p>\n<p><strong>Ultima modifica: 25 Maggio 2018<\/strong><\/p>\n","protected":false},"excerpt":{"rendered":"<p>Informativa sul trattamento dei dati personali In questa pagina si descrivono le modalit\u00e0 di gestione del sito in riferimento al trattamento dei dati personali degli utenti che lo consultano. Si tratta di un\u2019informativa che \u00e8 resa anche ai sensi dell&#8217;art. 13 del GDPR\u00a0\u00a0a coloro che interagiscono con i servizi web del sito, accessibili per via[&#8230;..]<\/p>\n","protected":false},"author":1,"featured_media":0,"parent":0,"menu_order":17,"comment_status":"closed","ping_status":"closed","template":"","meta":{"footnotes":""},"categories":[],"tags":[],"class_list":["post-142","page","type-page","status-publish","hentry"],"yoast_head":"<!-- This site is optimized with the Yoast SEO plugin v25.7 - https:\/\/yoast.com\/wordpress\/plugins\/seo\/ -->\n<title>Privacy - GAL Prealpi e Dolomiti<\/title>\n<meta name=\"robots\" content=\"index, follow, max-snippet:-1, max-image-preview:large, max-video-preview:-1\" \/>\n<link rel=\"canonical\" href=\"https:\/\/galprealpidolomiti.it\/privacy\/\" \/>\n<meta property=\"og:locale\" content=\"it_IT\" \/>\n<meta property=\"og:type\" content=\"article\" \/>\n<meta property=\"og:title\" content=\"Privacy - GAL Prealpi e Dolomiti\" \/>\n<meta property=\"og:description\" content=\"Informativa sul trattamento dei dati personali In questa pagina si descrivono le modalit\u00e0 di gestione del sito in riferimento al trattamento dei dati personali degli utenti che lo consultano. Si tratta di un\u2019informativa che \u00e8 resa anche ai sensi dell&#8217;art. 13 del GDPR\u00a0\u00a0a coloro che interagiscono con i servizi web del sito, accessibili per via[.....]\" \/>\n<meta property=\"og:url\" content=\"https:\/\/galprealpidolomiti.it\/privacy\/\" \/>\n<meta property=\"og:site_name\" content=\"GAL Prealpi e Dolomiti\" \/>\n<meta property=\"article:modified_time\" content=\"2018-07-18T08:29:27+00:00\" \/>\n<meta name=\"twitter:card\" content=\"summary_large_image\" \/>\n<meta name=\"twitter:label1\" content=\"Tempo di lettura stimato\" \/>\n\t<meta name=\"twitter:data1\" content=\"10 minuti\" \/>\n<script type=\"application\/ld+json\" class=\"yoast-schema-graph\">{\"@context\":\"https:\/\/schema.org\",\"@graph\":[{\"@type\":\"WebPage\",\"@id\":\"https:\/\/galprealpidolomiti.it\/privacy\/\",\"url\":\"https:\/\/galprealpidolomiti.it\/privacy\/\",\"name\":\"Privacy - GAL Prealpi e Dolomiti\",\"isPartOf\":{\"@id\":\"https:\/\/galprealpidolomiti.it\/#website\"},\"datePublished\":\"2017-03-08T15:37:46+00:00\",\"dateModified\":\"2018-07-18T08:29:27+00:00\",\"breadcrumb\":{\"@id\":\"https:\/\/galprealpidolomiti.it\/privacy\/#breadcrumb\"},\"inLanguage\":\"it-IT\",\"potentialAction\":[{\"@type\":\"ReadAction\",\"target\":[\"https:\/\/galprealpidolomiti.it\/privacy\/\"]}]},{\"@type\":\"BreadcrumbList\",\"@id\":\"https:\/\/galprealpidolomiti.it\/privacy\/#breadcrumb\",\"itemListElement\":[{\"@type\":\"ListItem\",\"position\":1,\"name\":\"Home\",\"item\":\"https:\/\/galprealpidolomiti.it\/\"},{\"@type\":\"ListItem\",\"position\":2,\"name\":\"Privacy\"}]},{\"@type\":\"WebSite\",\"@id\":\"https:\/\/galprealpidolomiti.it\/#website\",\"url\":\"https:\/\/galprealpidolomiti.it\/\",\"name\":\"GAL Prealpi e Dolomiti\",\"description\":\"Gruppo di Azione Locale\",\"publisher\":{\"@id\":\"https:\/\/galprealpidolomiti.it\/#organization\"},\"potentialAction\":[{\"@type\":\"SearchAction\",\"target\":{\"@type\":\"EntryPoint\",\"urlTemplate\":\"https:\/\/galprealpidolomiti.it\/?s={search_term_string}\"},\"query-input\":{\"@type\":\"PropertyValueSpecification\",\"valueRequired\":true,\"valueName\":\"search_term_string\"}}],\"inLanguage\":\"it-IT\"},{\"@type\":\"Organization\",\"@id\":\"https:\/\/galprealpidolomiti.it\/#organization\",\"name\":\"GAL Prealpi e Dolomiti\",\"url\":\"https:\/\/galprealpidolomiti.it\/\",\"logo\":{\"@type\":\"ImageObject\",\"inLanguage\":\"it-IT\",\"@id\":\"https:\/\/galprealpidolomiti.it\/#\/schema\/logo\/image\/\",\"url\":\"https:\/\/www.galprealpidolomiti.it\/old\/wp-content\/uploads\/2020\/03\/striscia-5-loghi.png\",\"contentUrl\":\"https:\/\/www.galprealpidolomiti.it\/old\/wp-content\/uploads\/2020\/03\/striscia-5-loghi.png\",\"width\":1177,\"height\":228,\"caption\":\"GAL Prealpi e Dolomiti\"},\"image\":{\"@id\":\"https:\/\/galprealpidolomiti.it\/#\/schema\/logo\/image\/\"}}]}<\/script>\n<!-- \/ Yoast SEO plugin. -->","yoast_head_json":{"title":"Privacy - GAL Prealpi e Dolomiti","robots":{"index":"index","follow":"follow","max-snippet":"max-snippet:-1","max-image-preview":"max-image-preview:large","max-video-preview":"max-video-preview:-1"},"canonical":"https:\/\/galprealpidolomiti.it\/privacy\/","og_locale":"it_IT","og_type":"article","og_title":"Privacy - GAL Prealpi e Dolomiti","og_description":"Informativa sul trattamento dei dati personali In questa pagina si descrivono le modalit\u00e0 di gestione del sito in riferimento al trattamento dei dati personali degli utenti che lo consultano. Si tratta di un\u2019informativa che \u00e8 resa anche ai sensi dell&#8217;art. 13 del GDPR\u00a0\u00a0a coloro che interagiscono con i servizi web del sito, accessibili per via[.....]","og_url":"https:\/\/galprealpidolomiti.it\/privacy\/","og_site_name":"GAL Prealpi e Dolomiti","article_modified_time":"2018-07-18T08:29:27+00:00","twitter_card":"summary_large_image","twitter_misc":{"Tempo di lettura stimato":"10 minuti"},"schema":{"@context":"https:\/\/schema.org","@graph":[{"@type":"WebPage","@id":"https:\/\/galprealpidolomiti.it\/privacy\/","url":"https:\/\/galprealpidolomiti.it\/privacy\/","name":"Privacy - GAL Prealpi e Dolomiti","isPartOf":{"@id":"https:\/\/galprealpidolomiti.it\/#website"},"datePublished":"2017-03-08T15:37:46+00:00","dateModified":"2018-07-18T08:29:27+00:00","breadcrumb":{"@id":"https:\/\/galprealpidolomiti.it\/privacy\/#breadcrumb"},"inLanguage":"it-IT","potentialAction":[{"@type":"ReadAction","target":["https:\/\/galprealpidolomiti.it\/privacy\/"]}]},{"@type":"BreadcrumbList","@id":"https:\/\/galprealpidolomiti.it\/privacy\/#breadcrumb","itemListElement":[{"@type":"ListItem","position":1,"name":"Home","item":"https:\/\/galprealpidolomiti.it\/"},{"@type":"ListItem","position":2,"name":"Privacy"}]},{"@type":"WebSite","@id":"https:\/\/galprealpidolomiti.it\/#website","url":"https:\/\/galprealpidolomiti.it\/","name":"GAL Prealpi e Dolomiti","description":"Gruppo di Azione Locale","publisher":{"@id":"https:\/\/galprealpidolomiti.it\/#organization"},"potentialAction":[{"@type":"SearchAction","target":{"@type":"EntryPoint","urlTemplate":"https:\/\/galprealpidolomiti.it\/?s={search_term_string}"},"query-input":{"@type":"PropertyValueSpecification","valueRequired":true,"valueName":"search_term_string"}}],"inLanguage":"it-IT"},{"@type":"Organization","@id":"https:\/\/galprealpidolomiti.it\/#organization","name":"GAL Prealpi e Dolomiti","url":"https:\/\/galprealpidolomiti.it\/","logo":{"@type":"ImageObject","inLanguage":"it-IT","@id":"https:\/\/galprealpidolomiti.it\/#\/schema\/logo\/image\/","url":"https:\/\/www.galprealpidolomiti.it\/old\/wp-content\/uploads\/2020\/03\/striscia-5-loghi.png","contentUrl":"https:\/\/www.galprealpidolomiti.it\/old\/wp-content\/uploads\/2020\/03\/striscia-5-loghi.png","width":1177,"height":228,"caption":"GAL Prealpi e Dolomiti"},"image":{"@id":"https:\/\/galprealpidolomiti.it\/#\/schema\/logo\/image\/"}}]}},"_links":{"self":[{"href":"https:\/\/www.galprealpidolomiti.it\/old\/wp-json\/wp\/v2\/pages\/142","targetHints":{"allow":["GET"]}}],"collection":[{"href":"https:\/\/www.galprealpidolomiti.it\/old\/wp-json\/wp\/v2\/pages"}],"about":[{"href":"https:\/\/www.galprealpidolomiti.it\/old\/wp-json\/wp\/v2\/types\/page"}],"author":[{"embeddable":true,"href":"https:\/\/www.galprealpidolomiti.it\/old\/wp-json\/wp\/v2\/users\/1"}],"replies":[{"embeddable":true,"href":"https:\/\/www.galprealpidolomiti.it\/old\/wp-json\/wp\/v2\/comments?post=142"}],"version-history":[{"count":0,"href":"https:\/\/www.galprealpidolomiti.it\/old\/wp-json\/wp\/v2\/pages\/142\/revisions"}],"wp:attachment":[{"href":"https:\/\/www.galprealpidolomiti.it\/old\/wp-json\/wp\/v2\/media?parent=142"}],"wp:term":[{"taxonomy":"category","embeddable":true,"href":"https:\/\/www.galprealpidolomiti.it\/old\/wp-json\/wp\/v2\/categories?post=142"},{"taxonomy":"post_tag","embeddable":true,"href":"https:\/\/www.galprealpidolomiti.it\/old\/wp-json\/wp\/v2\/tags?post=142"}],"curies":[{"name":"wp","href":"https:\/\/api.w.org\/{rel}","templated":true}]}}