{"id":27454,"date":"2025-02-24T12:04:38","date_gmt":"2025-02-24T11:04:38","guid":{"rendered":"https:\/\/galprealpidolomiti.it\/interreg-vi-a-italia-austria-2021-2027\/"},"modified":"2025-06-10T12:48:39","modified_gmt":"2025-06-10T10:48:39","slug":"interreg-vi-a-italia-austria-2021-2027","status":"publish","type":"page","link":"https:\/\/www.galprealpidolomiti.it\/old\/de\/interreg-vi-a-italia-austria-2021-2027\/","title":{"rendered":"INTERREG VI-A ITALIEN-\u00d6STERREICH 2021-2027"},"content":{"rendered":"\t\t<div data-elementor-type=\"wp-page\" data-elementor-id=\"27454\" class=\"elementor elementor-27454 elementor-26231\" data-elementor-post-type=\"page\">\n\t\t\t\t\t\t<section class=\"elementor-section elementor-top-section elementor-element elementor-element-e83d204 elementor-section-boxed elementor-section-height-default elementor-section-height-default\" data-id=\"e83d204\" data-element_type=\"section\" data-settings=\"{&quot;jet_parallax_layout_list&quot;:[]}\">\n\t\t\t\t\t\t<div class=\"elementor-container elementor-column-gap-default\">\n\t\t\t\t\t<div class=\"elementor-column elementor-col-100 elementor-top-column elementor-element elementor-element-6c0b917\" data-id=\"6c0b917\" data-element_type=\"column\">\n\t\t\t<div class=\"elementor-widget-wrap elementor-element-populated\">\n\t\t\t\t\t\t<div class=\"elementor-element elementor-element-994014e elementor-widget elementor-widget-heading\" data-id=\"994014e\" data-element_type=\"widget\" data-widget_type=\"heading.default\">\n\t\t\t\t<div class=\"elementor-widget-container\">\n\t\t\t<h2 class=\"elementor-heading-title elementor-size-default\">CONNATURALP: CONnecting NATURe and heALth in the AlPs<\/h2>\t\t<\/div>\n\t\t\t\t<\/div>\n\t\t\t\t<div class=\"elementor-element elementor-element-a780333 elementor-widget elementor-widget-image\" data-id=\"a780333\" data-element_type=\"widget\" data-widget_type=\"image.default\">\n\t\t\t\t<div class=\"elementor-widget-container\">\n\t\t\t\t\t\t\t\t\t\t\t\t\t<img fetchpriority=\"high\" decoding=\"async\" width=\"640\" height=\"154\" src=\"https:\/\/www.galprealpidolomiti.it\/old\/wp-content\/uploads\/2025\/03\/Logo_INT_Project_3_Pr2_page-0001-1024x246.jpg\" class=\"attachment-large size-large wp-image-27461\" alt=\"\" srcset=\"https:\/\/www.galprealpidolomiti.it\/old\/wp-content\/uploads\/2025\/03\/Logo_INT_Project_3_Pr2_page-0001-1024x246.jpg 1024w, https:\/\/www.galprealpidolomiti.it\/old\/wp-content\/uploads\/2025\/03\/Logo_INT_Project_3_Pr2_page-0001-300x72.jpg 300w, https:\/\/www.galprealpidolomiti.it\/old\/wp-content\/uploads\/2025\/03\/Logo_INT_Project_3_Pr2_page-0001-1536x369.jpg 1536w, https:\/\/www.galprealpidolomiti.it\/old\/wp-content\/uploads\/2025\/03\/Logo_INT_Project_3_Pr2_page-0001-2048x492.jpg 2048w\" sizes=\"(max-width: 640px) 100vw, 640px\" \/>\t\t\t\t\t\t\t\t\t\t\t\t\t<\/div>\n\t\t\t\t<\/div>\n\t\t\t\t\t<\/div>\n\t\t<\/div>\n\t\t\t\t\t<\/div>\n\t\t<\/section>\n\t\t\t\t<section class=\"elementor-section elementor-top-section elementor-element elementor-element-e428875 elementor-section-boxed elementor-section-height-default elementor-section-height-default\" data-id=\"e428875\" data-element_type=\"section\" data-settings=\"{&quot;jet_parallax_layout_list&quot;:[]}\">\n\t\t\t\t\t\t<div class=\"elementor-container elementor-column-gap-default\">\n\t\t\t\t\t<div class=\"elementor-column elementor-col-50 elementor-top-column elementor-element elementor-element-e7b626e\" data-id=\"e7b626e\" data-element_type=\"column\">\n\t\t\t<div class=\"elementor-widget-wrap elementor-element-populated\">\n\t\t\t\t\t\t<div class=\"elementor-element elementor-element-3d88d91 elementor-widget elementor-widget-text-editor\" data-id=\"3d88d91\" data-element_type=\"widget\" data-widget_type=\"text-editor.default\">\n\t\t\t\t<div class=\"elementor-widget-container\">\n\t\t\t\t\t\t\t<p class=\"whitespace-normal break-words\">CONNATURALP ist ein innovatives Projekt, das einen integrierten Ansatz zur F\u00f6rderung des Schutzes und der F\u00f6rderung der Gesundheit von \u00d6kosystemen und Menschen anstrebt, um Strategien zu entwickeln, die zum Schutz beider beitragen k\u00f6nnen. Durch den One Health-Ansatz und eine multidisziplin\u00e4re Partnerschaft beabsichtigt Connaturalp, das Verst\u00e4ndnis der Beziehungen zwischen der Gesundheit von \u00d6kosystemen und Biodiversit\u00e4t und der menschlichen Gesundheit durch den Einsatz naturbasierter Therapien (NbTs) zu verbessern.<\/p><p class=\"whitespace-pre-wrap break-words\">Das Projekt sieht daher vor: i) spezifische Parameter zur Messung des Gesundheitszustands von \u00d6kosystemen und des \u00f6kologischen Fu\u00dfabdrucks, den NbTs auf die Biodiversit\u00e4t haben, zu identifizieren ii) klinische Protokolle zur Bewertung der Auswirkungen von NbTs auf vulnerable Zielgruppen zu entwickeln und zu implementieren iii) ein gemeinsames Protokoll f\u00fcr die Umsetzung von NbTs zu erstellen iv) das umweltfreundliche Verhalten der beteiligten Patienten und B\u00fcrger, die Parks und Biosph\u00e4renreservate besuchen, zu untersuchen<\/p><p class=\"whitespace-normal break-words\">Durch Kommunikations- und Informationsaktivit\u00e4ten im Gebiet werden Empfehlungen f\u00fcr politische Ma\u00dfnahmen zur Verbesserung der Biodiversit\u00e4t und gleichzeitig der menschlichen Gesundheit zur Verf\u00fcgung gestellt.<\/p><h3><strong>Referenzprogramm<\/strong><\/h3><p><strong>Grenz\u00fcberschreitendes Kooperationsprogramm Interreg VI-A Italien-\u00d6sterreich 2021-2027<\/strong> \u2013 Zweite Ausschreibung<\/p><p><strong>Priorit\u00e4t 2: Klimawandel und Biodiversit\u00e4t<\/strong><\/p><p><strong>Spezifisches Ziel: RSO2.7<\/strong> &#8211; St\u00e4rkung des Schutzes und der Erhaltung der Natur, der Biodiversit\u00e4t und der gr\u00fcnen Infrastrukturen, auch in st\u00e4dtischen Gebieten, und Reduzierung aller Formen der Umweltverschmutzun<\/p><p><strong>Projektcode: ITAT-27-009<\/strong><\/p><h3><strong>Projektpartner<\/strong><\/h3><ul><li>LP \u00a0 \u00a0\u2013\u00a0GAL Prealpi e Dolomiti<\/li><li>PP1 \u2013 Paracelsus Medizinische Privatuniversit\u00e4t Salzburg &#8211; Privatstiftung<\/li><li>PP2 \u2013 Universit\u00e0 degli Studi di Padova<\/li><li>PP3 \u2013 UNESCO Biosph\u00e4renpark Salzburger Lungau<\/li><li>PP4 \u2013Universit\u00e0 degli Studi di Trieste<\/li><li>PP5 \u2013 I.P.A. Terre di Asolo e Monte Grappa<\/li><li>PP6 &#8211; K\u00e4rntner Nationalparkfonds Hohe Tauern<\/li><li>PP7 &#8211; ANGOLO OdV-Associazione Nazionale Guariti O Lungoviventi Oncologici<\/li><\/ul><h3><strong>Durata<\/strong><\/h3><p>Projektbeginn: 20.02.2025<br \/>Projektende: 15.02.2027<\/p><h3><strong>Valore complessivo del progetto<\/strong><\/h3><p><strong>1.228.607,90 \u20ac <\/strong>(davon EU-Finanzierung 982.885,83 \u20ac)<\/p>\t\t\t\t\t\t<\/div>\n\t\t\t\t<\/div>\n\t\t\t\t\t<\/div>\n\t\t<\/div>\n\t\t\t\t<div class=\"elementor-column elementor-col-50 elementor-top-column elementor-element elementor-element-1d8a0ef\" data-id=\"1d8a0ef\" data-element_type=\"column\">\n\t\t\t<div class=\"elementor-widget-wrap elementor-element-populated\">\n\t\t\t\t\t\t<div class=\"elementor-element elementor-element-aefdf8e elementor-widget elementor-widget-image\" data-id=\"aefdf8e\" data-element_type=\"widget\" data-widget_type=\"image.default\">\n\t\t\t\t<div class=\"elementor-widget-container\">\n\t\t\t\t\t\t\t\t\t\t\t\t\t<img decoding=\"async\" width=\"640\" height=\"480\" src=\"https:\/\/www.galprealpidolomiti.it\/old\/wp-content\/uploads\/2025\/03\/IMG_1789-1024x768.jpg\" class=\"attachment-large size-large wp-image-27460\" alt=\"\" srcset=\"https:\/\/www.galprealpidolomiti.it\/old\/wp-content\/uploads\/2025\/03\/IMG_1789-1024x768.jpg 1024w, https:\/\/www.galprealpidolomiti.it\/old\/wp-content\/uploads\/2025\/03\/IMG_1789-300x225.jpg 300w, https:\/\/www.galprealpidolomiti.it\/old\/wp-content\/uploads\/2025\/03\/IMG_1789-1536x1152.jpg 1536w, https:\/\/www.galprealpidolomiti.it\/old\/wp-content\/uploads\/2025\/03\/IMG_1789-2048x1536.jpg 2048w\" sizes=\"(max-width: 640px) 100vw, 640px\" \/>\t\t\t\t\t\t\t\t\t\t\t\t\t<\/div>\n\t\t\t\t<\/div>\n\t\t\t\t<div class=\"elementor-element elementor-element-fa79a23 elementor-widget elementor-widget-text-editor\" data-id=\"fa79a23\" data-element_type=\"widget\" data-widget_type=\"text-editor.default\">\n\t\t\t\t<div class=\"elementor-widget-container\">\n\t\t\t\t\t\t\t<h4>Im obigen Bild sind die Partner bei ihrem ersten Treffen des Projektkoordinierungsausschusses versammelt.<\/h4><h5>Spert &#8211; Alpago, 21. Februar 2025<\/h5>\t\t\t\t\t\t<\/div>\n\t\t\t\t<\/div>\n\t\t\t\t<div class=\"elementor-element elementor-element-2cb7fc6 elementor-widget elementor-widget-image\" data-id=\"2cb7fc6\" data-element_type=\"widget\" data-widget_type=\"image.default\">\n\t\t\t\t<div class=\"elementor-widget-container\">\n\t\t\t\t\t\t\t\t\t\t\t\t\t<img decoding=\"async\" width=\"1440\" height=\"2560\" src=\"https:\/\/www.galprealpidolomiti.it\/old\/wp-content\/uploads\/2025\/03\/20180128_114636-scaled.jpg\" class=\"attachment-full size-full wp-image-27458\" alt=\"\" srcset=\"https:\/\/www.galprealpidolomiti.it\/old\/wp-content\/uploads\/2025\/03\/20180128_114636-scaled.jpg 1440w, https:\/\/www.galprealpidolomiti.it\/old\/wp-content\/uploads\/2025\/03\/20180128_114636-169x300.jpg 169w, https:\/\/www.galprealpidolomiti.it\/old\/wp-content\/uploads\/2025\/03\/20180128_114636-576x1024.jpg 576w, https:\/\/www.galprealpidolomiti.it\/old\/wp-content\/uploads\/2025\/03\/20180128_114636-864x1536.jpg 864w, https:\/\/www.galprealpidolomiti.it\/old\/wp-content\/uploads\/2025\/03\/20180128_114636-1152x2048.jpg 1152w\" sizes=\"(max-width: 1440px) 100vw, 1440px\" \/>\t\t\t\t\t\t\t\t\t\t\t\t\t<\/div>\n\t\t\t\t<\/div>\n\t\t\t\t\t<\/div>\n\t\t<\/div>\n\t\t\t\t\t<\/div>\n\t\t<\/section>\n\t\t\t\t<\/div>\n\t\t","protected":false},"excerpt":{"rendered":"<p>CONNATURALP: CONnecting NATURe and heALth in the AlPs CONNATURALP ist ein innovatives Projekt, das einen integrierten Ansatz zur F\u00f6rderung des Schutzes und der F\u00f6rderung der Gesundheit von \u00d6kosystemen und Menschen anstrebt, um Strategien zu entwickeln, die zum Schutz beider beitragen k\u00f6nnen. Durch den One Health-Ansatz und eine multidisziplin\u00e4re Partnerschaft beabsichtigt Connaturalp, das Verst\u00e4ndnis der Beziehungen[&#8230;..]<\/p>\n","protected":false},"author":3,"featured_media":0,"parent":0,"menu_order":0,"comment_status":"closed","ping_status":"closed","template":"","meta":{"footnotes":""},"categories":[],"tags":[],"class_list":["post-27454","page","type-page","status-publish","hentry"],"yoast_head":"<!-- This site is optimized with the Yoast SEO plugin v25.7 - https:\/\/yoast.com\/wordpress\/plugins\/seo\/ -->\n<title>INTERREG VI-A ITALIEN-\u00d6STERREICH 2021-2027 - GAL Prealpi e Dolomiti<\/title>\n<meta name=\"robots\" content=\"index, follow, max-snippet:-1, max-image-preview:large, max-video-preview:-1\" \/>\n<link rel=\"canonical\" href=\"https:\/\/galprealpidolomiti.it\/en\/interreg-vi-a-italia-austria-2021-2027\/\" \/>\n<meta property=\"og:locale\" content=\"de_DE\" \/>\n<meta property=\"og:type\" content=\"article\" \/>\n<meta property=\"og:title\" content=\"INTERREG VI-A ITALIEN-\u00d6STERREICH 2021-2027 - GAL Prealpi e Dolomiti\" \/>\n<meta property=\"og:description\" content=\"CONNATURALP: CONnecting NATURe and heALth in the AlPs CONNATURALP ist ein innovatives Projekt, das einen integrierten Ansatz zur F\u00f6rderung des Schutzes und der F\u00f6rderung der Gesundheit von \u00d6kosystemen und Menschen anstrebt, um Strategien zu entwickeln, die zum Schutz beider beitragen k\u00f6nnen. Durch den One Health-Ansatz und eine multidisziplin\u00e4re Partnerschaft beabsichtigt Connaturalp, das Verst\u00e4ndnis der Beziehungen[.....]\" \/>\n<meta property=\"og:url\" content=\"https:\/\/galprealpidolomiti.it\/en\/interreg-vi-a-italia-austria-2021-2027\/\" \/>\n<meta property=\"og:site_name\" content=\"GAL Prealpi e Dolomiti\" \/>\n<meta property=\"article:modified_time\" content=\"2025-06-10T10:48:39+00:00\" \/>\n<meta property=\"og:image\" content=\"https:\/\/www.galprealpidolomiti.it\/old\/wp-content\/uploads\/2025\/03\/Logo_INT_Project_3_Pr2_page-0001-scaled.jpg\" \/>\n\t<meta property=\"og:image:width\" content=\"2560\" \/>\n\t<meta property=\"og:image:height\" content=\"615\" \/>\n\t<meta property=\"og:image:type\" content=\"image\/jpeg\" \/>\n<meta name=\"twitter:card\" content=\"summary_large_image\" \/>\n<meta name=\"twitter:label1\" content=\"Gesch\u00e4tzte Lesezeit\" \/>\n\t<meta name=\"twitter:data1\" content=\"3\u00a0Minuten\" \/>\n<script type=\"application\/ld+json\" class=\"yoast-schema-graph\">{\"@context\":\"https:\/\/schema.org\",\"@graph\":[{\"@type\":\"WebPage\",\"@id\":\"https:\/\/galprealpidolomiti.it\/en\/interreg-vi-a-italia-austria-2021-2027\/\",\"url\":\"https:\/\/galprealpidolomiti.it\/en\/interreg-vi-a-italia-austria-2021-2027\/\",\"name\":\"INTERREG VI-A ITALIEN-\u00d6STERREICH 2021-2027 - GAL Prealpi e Dolomiti\",\"isPartOf\":{\"@id\":\"https:\/\/galprealpidolomiti.it\/#website\"},\"primaryImageOfPage\":{\"@id\":\"https:\/\/galprealpidolomiti.it\/en\/interreg-vi-a-italia-austria-2021-2027\/#primaryimage\"},\"image\":{\"@id\":\"https:\/\/galprealpidolomiti.it\/en\/interreg-vi-a-italia-austria-2021-2027\/#primaryimage\"},\"thumbnailUrl\":\"https:\/\/galprealpidolomiti.it\/wp-content\/uploads\/2025\/03\/Logo_INT_Project_3_Pr2_page-0001-1024x246.jpg\",\"datePublished\":\"2025-02-24T11:04:38+00:00\",\"dateModified\":\"2025-06-10T10:48:39+00:00\",\"breadcrumb\":{\"@id\":\"https:\/\/galprealpidolomiti.it\/en\/interreg-vi-a-italia-austria-2021-2027\/#breadcrumb\"},\"inLanguage\":\"de\",\"potentialAction\":[{\"@type\":\"ReadAction\",\"target\":[\"https:\/\/galprealpidolomiti.it\/en\/interreg-vi-a-italia-austria-2021-2027\/\"]}]},{\"@type\":\"ImageObject\",\"inLanguage\":\"de\",\"@id\":\"https:\/\/galprealpidolomiti.it\/en\/interreg-vi-a-italia-austria-2021-2027\/#primaryimage\",\"url\":\"https:\/\/galprealpidolomiti.it\/wp-content\/uploads\/2025\/03\/Logo_INT_Project_3_Pr2_page-0001-1024x246.jpg\",\"contentUrl\":\"https:\/\/galprealpidolomiti.it\/wp-content\/uploads\/2025\/03\/Logo_INT_Project_3_Pr2_page-0001-1024x246.jpg\"},{\"@type\":\"BreadcrumbList\",\"@id\":\"https:\/\/galprealpidolomiti.it\/en\/interreg-vi-a-italia-austria-2021-2027\/#breadcrumb\",\"itemListElement\":[{\"@type\":\"ListItem\",\"position\":1,\"name\":\"Home\",\"item\":\"https:\/\/galprealpidolomiti.it\/\"},{\"@type\":\"ListItem\",\"position\":2,\"name\":\"INTERREG VI-A ITALIEN-\u00d6STERREICH 2021-2027\"}]},{\"@type\":\"WebSite\",\"@id\":\"https:\/\/galprealpidolomiti.it\/#website\",\"url\":\"https:\/\/galprealpidolomiti.it\/\",\"name\":\"GAL Prealpi e Dolomiti\",\"description\":\"Gruppo di Azione Locale\",\"potentialAction\":[{\"@type\":\"SearchAction\",\"target\":{\"@type\":\"EntryPoint\",\"urlTemplate\":\"https:\/\/galprealpidolomiti.it\/?s={search_term_string}\"},\"query-input\":{\"@type\":\"PropertyValueSpecification\",\"valueRequired\":true,\"valueName\":\"search_term_string\"}}],\"inLanguage\":\"de\"}]}<\/script>\n<!-- \/ Yoast SEO plugin. -->","yoast_head_json":{"title":"INTERREG VI-A ITALIEN-\u00d6STERREICH 2021-2027 - GAL Prealpi e Dolomiti","robots":{"index":"index","follow":"follow","max-snippet":"max-snippet:-1","max-image-preview":"max-image-preview:large","max-video-preview":"max-video-preview:-1"},"canonical":"https:\/\/galprealpidolomiti.it\/en\/interreg-vi-a-italia-austria-2021-2027\/","og_locale":"de_DE","og_type":"article","og_title":"INTERREG VI-A ITALIEN-\u00d6STERREICH 2021-2027 - GAL Prealpi e Dolomiti","og_description":"CONNATURALP: CONnecting NATURe and heALth in the AlPs CONNATURALP ist ein innovatives Projekt, das einen integrierten Ansatz zur F\u00f6rderung des Schutzes und der F\u00f6rderung der Gesundheit von \u00d6kosystemen und Menschen anstrebt, um Strategien zu entwickeln, die zum Schutz beider beitragen k\u00f6nnen. Durch den One Health-Ansatz und eine multidisziplin\u00e4re Partnerschaft beabsichtigt Connaturalp, das Verst\u00e4ndnis der Beziehungen[.....]","og_url":"https:\/\/galprealpidolomiti.it\/en\/interreg-vi-a-italia-austria-2021-2027\/","og_site_name":"GAL Prealpi e Dolomiti","article_modified_time":"2025-06-10T10:48:39+00:00","og_image":[{"width":2560,"height":615,"url":"https:\/\/www.galprealpidolomiti.it\/old\/wp-content\/uploads\/2025\/03\/Logo_INT_Project_3_Pr2_page-0001-scaled.jpg","type":"image\/jpeg"}],"twitter_card":"summary_large_image","twitter_misc":{"Gesch\u00e4tzte Lesezeit":"3\u00a0Minuten"},"schema":{"@context":"https:\/\/schema.org","@graph":[{"@type":"WebPage","@id":"https:\/\/galprealpidolomiti.it\/en\/interreg-vi-a-italia-austria-2021-2027\/","url":"https:\/\/galprealpidolomiti.it\/en\/interreg-vi-a-italia-austria-2021-2027\/","name":"INTERREG VI-A ITALIEN-\u00d6STERREICH 2021-2027 - GAL Prealpi e Dolomiti","isPartOf":{"@id":"https:\/\/galprealpidolomiti.it\/#website"},"primaryImageOfPage":{"@id":"https:\/\/galprealpidolomiti.it\/en\/interreg-vi-a-italia-austria-2021-2027\/#primaryimage"},"image":{"@id":"https:\/\/galprealpidolomiti.it\/en\/interreg-vi-a-italia-austria-2021-2027\/#primaryimage"},"thumbnailUrl":"https:\/\/galprealpidolomiti.it\/wp-content\/uploads\/2025\/03\/Logo_INT_Project_3_Pr2_page-0001-1024x246.jpg","datePublished":"2025-02-24T11:04:38+00:00","dateModified":"2025-06-10T10:48:39+00:00","breadcrumb":{"@id":"https:\/\/galprealpidolomiti.it\/en\/interreg-vi-a-italia-austria-2021-2027\/#breadcrumb"},"inLanguage":"de","potentialAction":[{"@type":"ReadAction","target":["https:\/\/galprealpidolomiti.it\/en\/interreg-vi-a-italia-austria-2021-2027\/"]}]},{"@type":"ImageObject","inLanguage":"de","@id":"https:\/\/galprealpidolomiti.it\/en\/interreg-vi-a-italia-austria-2021-2027\/#primaryimage","url":"https:\/\/galprealpidolomiti.it\/wp-content\/uploads\/2025\/03\/Logo_INT_Project_3_Pr2_page-0001-1024x246.jpg","contentUrl":"https:\/\/galprealpidolomiti.it\/wp-content\/uploads\/2025\/03\/Logo_INT_Project_3_Pr2_page-0001-1024x246.jpg"},{"@type":"BreadcrumbList","@id":"https:\/\/galprealpidolomiti.it\/en\/interreg-vi-a-italia-austria-2021-2027\/#breadcrumb","itemListElement":[{"@type":"ListItem","position":1,"name":"Home","item":"https:\/\/galprealpidolomiti.it\/"},{"@type":"ListItem","position":2,"name":"INTERREG VI-A ITALIEN-\u00d6STERREICH 2021-2027"}]},{"@type":"WebSite","@id":"https:\/\/galprealpidolomiti.it\/#website","url":"https:\/\/galprealpidolomiti.it\/","name":"GAL Prealpi e Dolomiti","description":"Gruppo di Azione Locale","potentialAction":[{"@type":"SearchAction","target":{"@type":"EntryPoint","urlTemplate":"https:\/\/galprealpidolomiti.it\/?s={search_term_string}"},"query-input":{"@type":"PropertyValueSpecification","valueRequired":true,"valueName":"search_term_string"}}],"inLanguage":"de"}]}},"_links":{"self":[{"href":"https:\/\/www.galprealpidolomiti.it\/old\/de\/wp-json\/wp\/v2\/pages\/27454","targetHints":{"allow":["GET"]}}],"collection":[{"href":"https:\/\/www.galprealpidolomiti.it\/old\/de\/wp-json\/wp\/v2\/pages"}],"about":[{"href":"https:\/\/www.galprealpidolomiti.it\/old\/de\/wp-json\/wp\/v2\/types\/page"}],"author":[{"embeddable":true,"href":"https:\/\/www.galprealpidolomiti.it\/old\/de\/wp-json\/wp\/v2\/users\/3"}],"replies":[{"embeddable":true,"href":"https:\/\/www.galprealpidolomiti.it\/old\/de\/wp-json\/wp\/v2\/comments?post=27454"}],"version-history":[{"count":8,"href":"https:\/\/www.galprealpidolomiti.it\/old\/de\/wp-json\/wp\/v2\/pages\/27454\/revisions"}],"predecessor-version":[{"id":28099,"href":"https:\/\/www.galprealpidolomiti.it\/old\/de\/wp-json\/wp\/v2\/pages\/27454\/revisions\/28099"}],"wp:attachment":[{"href":"https:\/\/www.galprealpidolomiti.it\/old\/de\/wp-json\/wp\/v2\/media?parent=27454"}],"wp:term":[{"taxonomy":"category","embeddable":true,"href":"https:\/\/www.galprealpidolomiti.it\/old\/de\/wp-json\/wp\/v2\/categories?post=27454"},{"taxonomy":"post_tag","embeddable":true,"href":"https:\/\/www.galprealpidolomiti.it\/old\/de\/wp-json\/wp\/v2\/tags?post=27454"}],"curies":[{"name":"wp","href":"https:\/\/api.w.org\/{rel}","templated":true}]}}